{"id":12,"date":"2018-10-05T15:03:31","date_gmt":"2018-10-05T18:03:31","guid":{"rendered":"https:\/\/www.unisantos.br\/pos\/?page_id=12"},"modified":"2025-11-11T11:04:56","modified_gmt":"2025-11-11T14:04:56","slug":"stricto-sensu","status":"publish","type":"page","link":"https:\/\/www.unisantos.br\/pos\/stricto-sensu\/","title":{"rendered":"Stricto Sensu"},"content":{"rendered":"<p>No \u00e2mbito dos programas de P\u00f3s-Gradua\u00e7\u00e3o Stricto Sensu e Pesquisa, a Universidade Cat\u00f3lica de Santos possui os seguintes cursos:<\/p>\n<p><strong>DOUTORADO<\/strong><br \/>\n<a href=\"https:\/\/www.unisantos.br\/pos\/stricto-sensu\/doutorado\/doutorado-em-direito\/\">Direito<\/a> <a href=\"https:\/\/www.unisantos.br\/pos\/stricto-sensu\/doutorado\/doutorado-em-educacao\/\">Educa\u00e7\u00e3o<\/a> <a href=\"https:\/\/www.unisantos.br\/pos\/stricto-sensu\/doutorado\/doutorado-em-saude-coletiva\/\">Sa\u00fade Coletiva<\/a><\/p>\n<p><strong>MESTRADO<br \/>\n<\/strong><a href=\"https:\/\/www.unisantos.br\/pos\/stricto-sensu\/mestrado\/mestrado-em-direito\/\">Direito<\/a> <a href=\"https:\/\/www.unisantos.br\/pos\/stricto-sensu\/mestrado\/mestrado-em-educacao\/\">Educa\u00e7\u00e3o<\/a> <a href=\"https:\/\/www.unisantos.br\/pos\/stricto-sensu\/mestrado\/mestrado-profissional-em-psicologia-desenvolvimento-e-politicas-publicas\/\">Psicologia, Desenvolvimento e Pol\u00edticas P\u00fablicas<\/a> <a href=\"https:\/\/www.unisantos.br\/pos\/stricto-sensu\/mestrado\/mestrado-em-saude-coletiva\/\">Sa\u00fade Coletiva<\/a><\/p>\n<p><a class=\"posdoc\" href=\"https:\/\/www.unisantos.br\/pos\/stricto-sensu\/pos-doutorado\/\">Conhe\u00e7a o programa de P\u00f3s-Doutorado<\/a><\/p>\n<p><span style=\"line-height: 1.5em;\">Os programas de P\u00f3s-Gradua\u00e7\u00e3o Stricto Sensu e Pesquisa se caracterizam pelo desenvolvimento e aprofundamento da pesquisa no \u00e2mbito da Universidade e pela forma\u00e7\u00e3o de docentes a fim de atender as demandas dos cursos de Gradua\u00e7\u00e3o e P\u00f3s-Gradua\u00e7\u00e3o.<\/span><\/p>\n<p>Os cursos de Mestrado e Doutorado oferecidos por esses programas t\u00eam como ponto culminante a elabora\u00e7\u00e3o e defesa p\u00fablica da disserta\u00e7\u00e3o &#8211; no \u00e2mbito do Mestrado &#8211; e a elabora\u00e7\u00e3o e defesa p\u00fablica da tese &#8211; no \u00e2mbito do Doutorado -, pois representam a consolida\u00e7\u00e3o das atividades de pesquisa desenvolvidas pelos alunos.<\/p>\n<p><strong>SECRETARIA ACAD\u00caMICA<\/strong><br \/>\n<strong>Endere\u00e7o:<\/strong> Campus Dom Id\u00edlio Jos\u00e9 Soares<br \/>\n<strong>Telefone:<\/strong> 3205-5555 \u2013 ramal 1360<br \/>\n<strong>E-mail:<\/strong> secretariaposgraduacao@unisantos.br<\/p>\n","protected":false},"excerpt":{"rendered":"<p>No \u00e2mbito dos programas de P\u00f3s-Gradua\u00e7\u00e3o Stricto Sensu e Pesquisa, a Universidade Cat\u00f3lica de Santos possui os seguintes cursos: DOUTORADO [&hellip;]<\/p>\n","protected":false},"author":1,"featured_media":7,"parent":0,"menu_order":0,"comment_status":"closed","ping_status":"closed","template":"stricto-sensu.php","meta":{"footnotes":""},"_links":{"self":[{"href":"https:\/\/www.unisantos.br\/pos\/wp-json\/wp\/v2\/pages\/12"}],"collection":[{"href":"https:\/\/www.unisantos.br\/pos\/wp-json\/wp\/v2\/pages"}],"about":[{"href":"https:\/\/www.unisantos.br\/pos\/wp-json\/wp\/v2\/types\/page"}],"author":[{"embeddable":true,"href":"https:\/\/www.unisantos.br\/pos\/wp-json\/wp\/v2\/users\/1"}],"replies":[{"embeddable":true,"href":"https:\/\/www.unisantos.br\/pos\/wp-json\/wp\/v2\/comments?post=12"}],"version-history":[{"count":19,"href":"https:\/\/www.unisantos.br\/pos\/wp-json\/wp\/v2\/pages\/12\/revisions"}],"predecessor-version":[{"id":7087,"href":"https:\/\/www.unisantos.br\/pos\/wp-json\/wp\/v2\/pages\/12\/revisions\/7087"}],"wp:featuredmedia":[{"embeddable":true,"href":"https:\/\/www.unisantos.br\/pos\/wp-json\/wp\/v2\/media\/7"}],"wp:attachment":[{"href":"https:\/\/www.unisantos.br\/pos\/wp-json\/wp\/v2\/media?parent=12"}],"curies":[{"name":"wp","href":"https:\/\/api.w.org\/{rel}","templated":true}]}}