{"id":1177,"date":"2019-02-18T22:34:38","date_gmt":"2019-02-19T01:34:38","guid":{"rendered":"https:\/\/www.unisantos.br\/pos\/?page_id=1177"},"modified":"2023-08-14T14:30:04","modified_gmt":"2023-08-14T17:30:04","slug":"portugues-para-concursos-i","status":"publish","type":"page","link":"https:\/\/www.unisantos.br\/pos\/centro-de-linguas\/portugues-para-concursos-i\/","title":{"rendered":"Portugu\u00eas para Concursos I"},"content":{"rendered":"<p><strong>PROFESSORA RESPONS\u00c1VEL<\/strong><br \/>\nProf\u00aa. Me. Ana Cecilia da Costa<\/p>\n<p><strong>CARGA HOR\u00c1RIA<\/strong><br \/>\n30 h\/a<\/p>\n<p><strong>LOCAL<\/strong><br \/>\nCampus Dom Id\u00edlio Jos\u00e9 Soares<\/p>\n<p><strong>OBJETIVO<\/strong><br \/>\nCapacitar estudantes e profissionais de \u00e1reas diversas, a fim de realizarem provas objetivas e dissertativas de l\u00edngua portuguesa de concursos p\u00fablicos em \u00e2mbitos regional e nacional.<\/p>\n<p><strong>P\u00daBLICO-ALVO<\/strong><br \/>\nEstudantes, graduados e profissionais de \u00e1reas diversas.<\/p>\n<p><strong>CONTE\u00daDO<\/strong><br \/>\nLeitura e interpreta\u00e7\u00e3o de textos I<br \/>\nLeitura e interpreta\u00e7\u00e3o de textos II<br \/>\nA transitividade verbal.<br \/>\nReg\u00eancia verbal e nominal I<br \/>\nReg\u00eancia verbal e nominal II<br \/>\nAnton\u00edmia, sinon\u00edmia e paron\u00edmia<br \/>\nA crase I<br \/>\nA crase II<br \/>\nA pronominaliza\u00e7\u00e3o em l\u00edngua portuguesa:<br \/>\nOs pronomes relativos.<br \/>\nA pronominaliza\u00e7\u00e3o em l\u00edngua portuguesa:<br \/>\nOs pronomes demonstrativos<br \/>\nA pontua\u00e7\u00e3o I<br \/>\nA pontua\u00e7\u00e3o II<\/p>\n<p><strong>OBSERVA\u00c7\u00d5ES<\/strong><br \/>\nA Universidade se reserva o direito de alterar o cronograma e o corpo docente.<br \/>\nDocumenta\u00e7\u00e3o necess\u00e1ria para quem n\u00e3o \u00e9 aluno da Cat\u00f3lica de Santos: c\u00f3pias do RG, CPF, certid\u00e3o de nascimento ou casamento.<br \/>\nA inscri\u00e7\u00e3o presencial s\u00f3 poder\u00e1 ser efetuada pelo interessado no curso, ou por pessoa munida de procura\u00e7\u00e3o autenticada em cart\u00f3rio.<br \/>\nA efetiva\u00e7\u00e3o da matr\u00edcula est\u00e1 condicionada ao pagamento do boleto da 1\u00aa. parcela e entrega da documenta\u00e7\u00e3o exigida.<\/p>\n<p><strong>OUTRAS INFORMA\u00c7\u00d5ES<\/strong><br \/>\nDepartamento de Atendimento Integrado<br \/>\nTelefone: (13) 3205-5555<br \/>\nE-mail: dat@unisantos.br<\/p>\n","protected":false},"excerpt":{"rendered":"<p>PROFESSORA RESPONS\u00c1VEL Prof\u00aa. Me. Ana Cecilia da Costa CARGA HOR\u00c1RIA 30 h\/a LOCAL Campus Dom Id\u00edlio Jos\u00e9 Soares OBJETIVO Capacitar [&hellip;]<\/p>\n","protected":false},"author":1,"featured_media":0,"parent":397,"menu_order":0,"comment_status":"closed","ping_status":"closed","template":"","meta":{"footnotes":""},"_links":{"self":[{"href":"https:\/\/www.unisantos.br\/pos\/wp-json\/wp\/v2\/pages\/1177"}],"collection":[{"href":"https:\/\/www.unisantos.br\/pos\/wp-json\/wp\/v2\/pages"}],"about":[{"href":"https:\/\/www.unisantos.br\/pos\/wp-json\/wp\/v2\/types\/page"}],"author":[{"embeddable":true,"href":"https:\/\/www.unisantos.br\/pos\/wp-json\/wp\/v2\/users\/1"}],"replies":[{"embeddable":true,"href":"https:\/\/www.unisantos.br\/pos\/wp-json\/wp\/v2\/comments?post=1177"}],"version-history":[{"count":7,"href":"https:\/\/www.unisantos.br\/pos\/wp-json\/wp\/v2\/pages\/1177\/revisions"}],"predecessor-version":[{"id":5574,"href":"https:\/\/www.unisantos.br\/pos\/wp-json\/wp\/v2\/pages\/1177\/revisions\/5574"}],"up":[{"embeddable":true,"href":"https:\/\/www.unisantos.br\/pos\/wp-json\/wp\/v2\/pages\/397"}],"wp:attachment":[{"href":"https:\/\/www.unisantos.br\/pos\/wp-json\/wp\/v2\/media?parent=1177"}],"curies":[{"name":"wp","href":"https:\/\/api.w.org\/{rel}","templated":true}]}}