{"id":1174,"date":"2019-02-18T22:13:01","date_gmt":"2019-02-19T01:13:01","guid":{"rendered":"https:\/\/www.unisantos.br\/pos\/?page_id=1174"},"modified":"2023-08-14T14:14:58","modified_gmt":"2023-08-14T17:14:58","slug":"introducao-a-programacao-com-python","status":"publish","type":"page","link":"https:\/\/www.unisantos.br\/pos\/qualificacao\/introducao-a-programacao-com-python\/","title":{"rendered":"Introdu\u00e7\u00e3o a Programa\u00e7\u00e3o com Python"},"content":{"rendered":"<p><strong>PROFESSOR RESPONS\u00c1VEL<\/strong><br \/>\nProf. Me. Thiago Ferauche<\/p>\n<p><strong>CARGA HOR\u00c1RIA <\/strong><br \/>\n8 h\/a<\/p>\n<p><strong>LOCAL<\/strong><br \/>\nCampus Dom Id\u00edlio Jos\u00e9 Soares<\/p>\n<p><strong>OBJETIVO<br \/>\n<\/strong>Introduzir ao aluno a programa\u00e7\u00e3o de computadores utilizando a linguagem de programa\u00e7\u00e3o Python.<\/p>\n<p><strong>P\u00daBLICO-ALVO<\/strong><br \/>\nEstudantes do ensino m\u00e9dio, preferencialmente que tenham afinidade com a \u00e1rea de exatas; e estudantes do ensino m\u00e9dio t\u00e9cnico, gradua\u00e7\u00e3o ou p\u00f3s-gradua\u00e7\u00e3o, todos de cursos da \u00e1rea de exatas. Pr\u00e9-requisitos m\u00ednimos s\u00e3o no\u00e7\u00f5es b\u00e1sicas de microinform\u00e1tica e racioc\u00ednio l\u00f3gico.<\/p>\n<p><strong>CONTE\u00daDO<\/strong><br \/>\nIntrodu\u00e7\u00e3o a Linguagem de Programa\u00e7\u00e3o e ao Python \u2013 Tipos de dados<br \/>\nCondicionais \u2013 if \u2026 else<br \/>\nRepeti\u00e7\u00e3o &#8211; While<br \/>\nFun\u00e7\u00f5es<br \/>\nDebugando o c\u00f3digo<br \/>\nListas<br \/>\nOutras estrutura de dados<br \/>\nUtilizando bibliotecas de terceiros<\/p>\n<p><strong>OBSERVA\u00c7\u00d5ES<\/strong><br \/>\nA Universidade se reserva o direito de alterar o cronograma e o corpo docente.<br \/>\nDocumenta\u00e7\u00e3o necess\u00e1ria para quem n\u00e3o \u00e9 aluno da Cat\u00f3lica de Santos: c\u00f3pias do RG, CPF, certid\u00e3o de nascimento ou casamento.<br \/>\nA inscri\u00e7\u00e3o presencial s\u00f3 poder\u00e1 ser efetuada pelo interessado no curso, ou por pessoa munida de procura\u00e7\u00e3o autenticada em cart\u00f3rio.<br \/>\nA efetiva\u00e7\u00e3o da matr\u00edcula est\u00e1 condicionada ao pagamento do boleto da 1\u00aa. parcela e entrega da documenta\u00e7\u00e3o exigida.<\/p>\n<p><strong>OUTRAS INFORMA\u00c7\u00d5ES<\/strong><br \/>\n<strong>Departamento de Atendimento Integrado<\/strong><br \/>\nTelefone: (13) 3205-5555<br \/>\nE-mail: dat@unisantos.br<\/p>\n","protected":false},"excerpt":{"rendered":"<p>PROFESSOR RESPONS\u00c1VEL Prof. Me. Thiago Ferauche CARGA HOR\u00c1RIA 8 h\/a LOCAL Campus Dom Id\u00edlio Jos\u00e9 Soares OBJETIVO Introduzir ao aluno [&hellip;]<\/p>\n","protected":false},"author":1,"featured_media":0,"parent":399,"menu_order":0,"comment_status":"closed","ping_status":"closed","template":"","meta":{"footnotes":""},"_links":{"self":[{"href":"https:\/\/www.unisantos.br\/pos\/wp-json\/wp\/v2\/pages\/1174"}],"collection":[{"href":"https:\/\/www.unisantos.br\/pos\/wp-json\/wp\/v2\/pages"}],"about":[{"href":"https:\/\/www.unisantos.br\/pos\/wp-json\/wp\/v2\/types\/page"}],"author":[{"embeddable":true,"href":"https:\/\/www.unisantos.br\/pos\/wp-json\/wp\/v2\/users\/1"}],"replies":[{"embeddable":true,"href":"https:\/\/www.unisantos.br\/pos\/wp-json\/wp\/v2\/comments?post=1174"}],"version-history":[{"count":11,"href":"https:\/\/www.unisantos.br\/pos\/wp-json\/wp\/v2\/pages\/1174\/revisions"}],"predecessor-version":[{"id":5540,"href":"https:\/\/www.unisantos.br\/pos\/wp-json\/wp\/v2\/pages\/1174\/revisions\/5540"}],"up":[{"embeddable":true,"href":"https:\/\/www.unisantos.br\/pos\/wp-json\/wp\/v2\/pages\/399"}],"wp:attachment":[{"href":"https:\/\/www.unisantos.br\/pos\/wp-json\/wp\/v2\/media?parent=1174"}],"curies":[{"name":"wp","href":"https:\/\/api.w.org\/{rel}","templated":true}]}}