{"id":1170,"date":"2019-02-18T21:57:59","date_gmt":"2019-02-19T00:57:59","guid":{"rendered":"https:\/\/www.unisantos.br\/pos\/?page_id=1170"},"modified":"2023-08-14T14:05:22","modified_gmt":"2023-08-14T17:05:22","slug":"interpretacao-dos-requisitos-da-nova-iso-140012015-e-implantacao-de-sistemas-de-gestao-ambiental-2","status":"publish","type":"page","link":"https:\/\/www.unisantos.br\/pos\/qualificacao\/interpretacao-dos-requisitos-da-nova-iso-140012015-e-implantacao-de-sistemas-de-gestao-ambiental-2\/","title":{"rendered":"Interpreta\u00e7\u00e3o dos Requisitos da Nova ISO 14001:2015 e implanta\u00e7\u00e3o de Sistemas de Gest\u00e3o Ambiental"},"content":{"rendered":"<p><strong>PROFESSORA RESPONS\u00c1VEL<\/strong><br \/>\nProf\u00aa. Dr\u00aa. Michele Leiko Uemura<\/p>\n<p><strong>CARGA HOR\u00c1RIA<\/strong><br \/>\n32 h\/a<\/p>\n<p><strong>LOCAL<\/strong><br \/>\nCampus Dom Id\u00edlio Jos\u00e9 Soares<\/p>\n<p><strong>OBJETIVOS<\/strong><br \/>\nCapacitar profissionais e interessados no sistema de gest\u00e3o ambiental para a nova vers\u00e3o da norma ISO 14.001:2015 e fornecer subs\u00eddios para implanta\u00e7\u00e3o de Sistema de Gest\u00e3o Ambiental.<\/p>\n<p><strong>P\u00daBLICO-ALVO<\/strong><br \/>\nGestores e profissionais que atuam no Sistema de Gest\u00e3o Ambiental, profissionais de consultoria, especialistas em gest\u00e3o ambiental e demais interessados que buscam aperfei\u00e7oamento profissional.<\/p>\n<p><strong>CONTE\u00daDO<br \/>\n<\/strong>Apesentar os principais conceitos relativos ao meio ambiente, utilizado no Sistema de Gest\u00e3o Ambiental.<br \/>\nIntrodu\u00e7\u00e3o ao sistema de gest\u00e3o ambiental.<br \/>\nVis\u00e3o geral da ISO 14001:2015.<br \/>\nDescri\u00e7\u00e3o dos requisitos da ISO 14001:2015.<br \/>\nCiclo do PDCA (Plan \u2013 Do \u2013 Check \u2013 Act).<br \/>\nLegisla\u00e7\u00e3o ambiental no contexto do SGA.<br \/>\nContexto de uma organiza\u00e7\u00e3o.<br \/>\nRiscos e oportunidades. Lideran\u00e7a.<br \/>\nPlanejamento para o sistema de gest\u00e3o ambiental.<br \/>\nSuporte.<br \/>\nOpera\u00e7\u00e3o.<br \/>\nAvalia\u00e7\u00e3o de Desempenho.<br \/>\nMelhoria Cont\u00ednua.<\/p>\n<p><strong>OBSERVA\u00c7\u00d5ES<\/strong><br \/>\nA Universidade se reserva o direito de alterar o cronograma e o corpo docente.<br \/>\nDocumenta\u00e7\u00e3o necess\u00e1ria para quem n\u00e3o \u00e9 aluno da Cat\u00f3lica de Santos: c\u00f3pias do RG, CPF, certid\u00e3o de nascimento ou casamento.<br \/>\nA inscri\u00e7\u00e3o presencial s\u00f3 poder\u00e1 ser efetuada pelo interessado no curso, ou por pessoa munida de procura\u00e7\u00e3o autenticada em cart\u00f3rio.<br \/>\nA efetiva\u00e7\u00e3o da matr\u00edcula est\u00e1 condicionada ao pagamento do boleto da 1\u00aa. parcela e entrega da documenta\u00e7\u00e3o exigida.<\/p>\n<p><strong>OUTRAS INFORMA\u00c7\u00d5ES<\/strong><br \/>\nDepartamento de Atendimento Integrado<br \/>\nTelefone: (13) 3205-5555<br \/>\nE-mail: dat@unisantos.br<\/p>\n","protected":false},"excerpt":{"rendered":"<p>PROFESSORA RESPONS\u00c1VEL Prof\u00aa. Dr\u00aa. Michele Leiko Uemura CARGA HOR\u00c1RIA 32 h\/a LOCAL Campus Dom Id\u00edlio Jos\u00e9 Soares OBJETIVOS Capacitar profissionais [&hellip;]<\/p>\n","protected":false},"author":1,"featured_media":0,"parent":399,"menu_order":0,"comment_status":"closed","ping_status":"closed","template":"","meta":{"footnotes":""},"_links":{"self":[{"href":"https:\/\/www.unisantos.br\/pos\/wp-json\/wp\/v2\/pages\/1170"}],"collection":[{"href":"https:\/\/www.unisantos.br\/pos\/wp-json\/wp\/v2\/pages"}],"about":[{"href":"https:\/\/www.unisantos.br\/pos\/wp-json\/wp\/v2\/types\/page"}],"author":[{"embeddable":true,"href":"https:\/\/www.unisantos.br\/pos\/wp-json\/wp\/v2\/users\/1"}],"replies":[{"embeddable":true,"href":"https:\/\/www.unisantos.br\/pos\/wp-json\/wp\/v2\/comments?post=1170"}],"version-history":[{"count":5,"href":"https:\/\/www.unisantos.br\/pos\/wp-json\/wp\/v2\/pages\/1170\/revisions"}],"predecessor-version":[{"id":5506,"href":"https:\/\/www.unisantos.br\/pos\/wp-json\/wp\/v2\/pages\/1170\/revisions\/5506"}],"up":[{"embeddable":true,"href":"https:\/\/www.unisantos.br\/pos\/wp-json\/wp\/v2\/pages\/399"}],"wp:attachment":[{"href":"https:\/\/www.unisantos.br\/pos\/wp-json\/wp\/v2\/media?parent=1170"}],"curies":[{"name":"wp","href":"https:\/\/api.w.org\/{rel}","templated":true}]}}