{"id":1165,"date":"2019-02-18T21:46:23","date_gmt":"2019-02-19T00:46:23","guid":{"rendered":"https:\/\/www.unisantos.br\/pos\/?page_id=1165"},"modified":"2023-01-03T11:58:58","modified_gmt":"2023-01-03T14:58:58","slug":"arbitragem","status":"publish","type":"page","link":"https:\/\/www.unisantos.br\/pos\/qualificacao\/arbitragem\/","title":{"rendered":"Arbitragem"},"content":{"rendered":"<p><strong>CARGA HOR\u00c1RIA <\/strong><br \/>\n52 h\/a<\/p>\n<p><strong>LOCAL<\/strong><br \/>\nCampus Dom Id\u00edlio Jos\u00e9 Soares<\/p>\n<p><strong>OBJETIVOS<br \/>\n<\/strong>a) Conhecer a normatiza\u00e7\u00e3o referente ao tema do curso.<br \/>\nb) Compreender a pol\u00edtica p\u00fablica de tratamento aos meios alternativos de solu\u00e7\u00e3o de conflitos.<br \/>\nc) Refletir sobre o conceito de \u201carbitragem\u201d em seus v\u00e1rios aspectos.<br \/>\nd) Conhecer o panorama nacional e internacional dos meios alternativos de solu\u00e7\u00e3o de conflito atrav\u00e9s de arbitragem e principais metodologias.<br \/>\ne) Conhecer o funcionamento do procedimento arbitral.<br \/>\nf) Desenvolver habilidades de \u00e1rbitros.<\/p>\n<p><strong>P\u00daBLICO-ALVO<br \/>\n<\/strong>Bachar\u00e9is em Direito, advogados, administradores, engenheiros, contadores, bachar\u00e9is em Rela\u00e7\u00f5es Internacionais, estudantes e demais interessados.<\/p>\n<p><strong>CONTE\u00daDO<\/strong><br \/>\nApresenta\u00e7\u00e3o do curso. Forma de avalia\u00e7\u00e3o. Arbitragem. Aspectos Gerais, Princ\u00edpios e Esp\u00e9cies. Dos \u00c1rbitros<br \/>\nConven\u00e7\u00e3o Arbitral e Cl\u00e1usula Compromiss\u00f3ria.<br \/>\nDo Procedimento Arbitral \u2013 Parte 1<br \/>\nDo Procedimento Arbitral \u2013 Parte 2<br \/>\nDas tutelas de urg\u00eancia e de evid\u00eancia previstas no CPC na arbitragem.<br \/>\nDa Senten\u00e7a Arbitral. Do Cumprimento e da Invalida\u00e7\u00e3o da Senten\u00e7a Arbitral.<br \/>\nDa Arbitragem Internacional.<br \/>\nArbitragens Tem\u00e1ticas<br \/>\n1.Da arbitragem na Administra\u00e7\u00e3o P\u00fablica.<br \/>\n2. Da arbitragem no direito empresarial.<br \/>\n3. Da arbitragem no direito do trabalho.<br \/>\n4. Da arbitragem no direito mar\u00edtimo.<br \/>\n5. Da arbitragem no direito do petr\u00f3leo e g\u00e1s.<br \/>\nAvalia\u00e7\u00e3o. Prova escrita.<\/p>\n<p><strong>OBSERVA\u00c7\u00d5ES<\/strong><br \/>\nA Universidade se reserva o direito de alterar o cronograma e o corpo docente.<br \/>\nDocumenta\u00e7\u00e3o necess\u00e1ria para quem n\u00e3o \u00e9 aluno da Cat\u00f3lica de Santos: c\u00f3pias do RG, CPF, certid\u00e3o de nascimento ou casamento.<br \/>\nA inscri\u00e7\u00e3o presencial s\u00f3 poder\u00e1 ser efetuada pelo interessado no curso, ou por pessoa munida de procura\u00e7\u00e3o autenticada em cart\u00f3rio.<br \/>\nA efetiva\u00e7\u00e3o da matr\u00edcula est\u00e1 condicionada ao pagamento do boleto da 1\u00aa. parcela e entrega da documenta\u00e7\u00e3o exigida.<\/p>\n<p><strong>OUTRAS INFORMA\u00c7\u00d5ES<\/strong><br \/>\nDepartamento de Atendimento Integrado<br \/>\nTelefone: (13) 3205-5555<br \/>\nE-mail: dat@unisantos.br<\/p>\n","protected":false},"excerpt":{"rendered":"<p>CARGA HOR\u00c1RIA 52 h\/a LOCAL Campus Dom Id\u00edlio Jos\u00e9 Soares OBJETIVOS a) Conhecer a normatiza\u00e7\u00e3o referente ao tema do curso. [&hellip;]<\/p>\n","protected":false},"author":1,"featured_media":0,"parent":399,"menu_order":0,"comment_status":"closed","ping_status":"closed","template":"","meta":{"footnotes":""},"_links":{"self":[{"href":"https:\/\/www.unisantos.br\/pos\/wp-json\/wp\/v2\/pages\/1165"}],"collection":[{"href":"https:\/\/www.unisantos.br\/pos\/wp-json\/wp\/v2\/pages"}],"about":[{"href":"https:\/\/www.unisantos.br\/pos\/wp-json\/wp\/v2\/types\/page"}],"author":[{"embeddable":true,"href":"https:\/\/www.unisantos.br\/pos\/wp-json\/wp\/v2\/users\/1"}],"replies":[{"embeddable":true,"href":"https:\/\/www.unisantos.br\/pos\/wp-json\/wp\/v2\/comments?post=1165"}],"version-history":[{"count":7,"href":"https:\/\/www.unisantos.br\/pos\/wp-json\/wp\/v2\/pages\/1165\/revisions"}],"predecessor-version":[{"id":4671,"href":"https:\/\/www.unisantos.br\/pos\/wp-json\/wp\/v2\/pages\/1165\/revisions\/4671"}],"up":[{"embeddable":true,"href":"https:\/\/www.unisantos.br\/pos\/wp-json\/wp\/v2\/pages\/399"}],"wp:attachment":[{"href":"https:\/\/www.unisantos.br\/pos\/wp-json\/wp\/v2\/media?parent=1165"}],"curies":[{"name":"wp","href":"https:\/\/api.w.org\/{rel}","templated":true}]}}