{"id":110,"date":"2018-10-05T17:27:27","date_gmt":"2018-10-05T20:27:27","guid":{"rendered":"https:\/\/www.unisantos.br\/pos\/?page_id=110"},"modified":"2018-10-11T10:34:37","modified_gmt":"2018-10-11T13:34:37","slug":"mestrado","status":"publish","type":"page","link":"https:\/\/www.unisantos.br\/pos\/stricto-sensu\/mestrado\/","title":{"rendered":"Mestrados"},"content":{"rendered":"<p><a href=\"http:\/\/www.unisantos.br\/wp-content\/uploads\/2014\/12\/banner-mestrado.png\"><img loading=\"lazy\" decoding=\"async\" class=\"alignnone size-full wp-image-39721\" alt=\"banner---mestrado\" src=\"http:\/\/www.unisantos.br\/wp-content\/uploads\/2014\/12\/banner-mestrado.png\" width=\"630\" height=\"211\" \/><\/a><\/p>\n<p>No \u00e2mbito do Mestrado, a Universidade Cat\u00f3lica de Santos possui quatro cursos:<\/p>\n<p><strong>\u2022\u00a0<a href=\"http:\/\/www.unisantos.br\/portal\/pos-graduacao\/mestrado\/mestrado-em-direito\/\">DIREITO<\/a><\/strong><br \/>\n<strong>\u2022\u00a0<a href=\"http:\/\/www.unisantos.br\/portal\/pos-graduacao\/mestrado\/mestrado-em-educacao\/\">EDUCA\u00c7\u00c3O<\/a><\/strong><br \/>\n<strong>\u2022\u00a0<\/strong><a href=\"http:\/\/www.unisantos.br\/portal\/pos-graduacao\/mestrado\/mestrado-em-psicologia-e-politicas-publicas\/\"><strong>PSICOLOGIA E POL\u00cdTICAS P\u00daBLICAS<\/strong><\/a><br \/>\n<strong>\u2022\u00a0<a href=\"http:\/\/www.unisantos.br\/portal\/pos-graduacao\/mestrado\/mestrado-em-saude-coletiva\/\">SA\u00daDE COLETIVA<\/a><\/strong><\/p>\n<p>Os programas de P\u00f3s-Gradua\u00e7\u00e3o <em>Stricto Sensu<\/em> da Universidade Cat\u00f3lica de Santos formam\u00a0um conjunto integrado de atividades de ensino e pesquisa, voltado \u00e0 forma\u00e7\u00e3o de pessoal qualificado para a pesquisa e o ensino superior.<\/p>\n<p>Os cursos de \u00a0Mestrado t\u00eam como objetivo b\u00e1sico aprofundar os conhecimentos cient\u00edficos e\u00a0profissionais do aluno graduado e possibilitar o desenvolvimento de habilidades para a pesquisa\u00a0em \u00e1rea espec\u00edfica, e para a doc\u00eancia no ensino superior.<\/p>\n<p>Os cursos de Direito, Educa\u00e7\u00e3o e Sa\u00fade Coletiva s\u00e3o reconhecidos, avaliados com nota 4,0, e recomendados pela Coordena\u00e7\u00e3o de Aperfei\u00e7oamento de Pessoal de N\u00edvel Superior (Capes), do Minist\u00e9rio da Educa\u00e7\u00e3o.<\/p>\n<p><strong>Secretaria Acad\u00eamica<\/strong><\/p>\n<p><strong>Direito<\/strong>: Campus Boqueir\u00e3o<br \/>\n<strong>Telefone:<\/strong>\u00a03205-5555 \u2013 ramal 813<\/p>\n<p><strong>Educa\u00e7\u00e3o e Sa\u00fade Coletiva<\/strong>: Campus Dom Id\u00edlio Jos\u00e9 Soares<br \/>\n<strong>Telefone:<\/strong>\u00a03205-5555 \u2013 ramal 1312<\/p>\n","protected":false},"excerpt":{"rendered":"<p>No \u00e2mbito do Mestrado, a Universidade Cat\u00f3lica de Santos possui quatro cursos: \u2022\u00a0DIREITO \u2022\u00a0EDUCA\u00c7\u00c3O \u2022\u00a0PSICOLOGIA E POL\u00cdTICAS P\u00daBLICAS \u2022\u00a0SA\u00daDE COLETIVA [&hellip;]<\/p>\n","protected":false},"author":1,"featured_media":7,"parent":12,"menu_order":0,"comment_status":"closed","ping_status":"closed","template":"","meta":{"footnotes":""},"_links":{"self":[{"href":"https:\/\/www.unisantos.br\/pos\/wp-json\/wp\/v2\/pages\/110"}],"collection":[{"href":"https:\/\/www.unisantos.br\/pos\/wp-json\/wp\/v2\/pages"}],"about":[{"href":"https:\/\/www.unisantos.br\/pos\/wp-json\/wp\/v2\/types\/page"}],"author":[{"embeddable":true,"href":"https:\/\/www.unisantos.br\/pos\/wp-json\/wp\/v2\/users\/1"}],"replies":[{"embeddable":true,"href":"https:\/\/www.unisantos.br\/pos\/wp-json\/wp\/v2\/comments?post=110"}],"version-history":[{"count":1,"href":"https:\/\/www.unisantos.br\/pos\/wp-json\/wp\/v2\/pages\/110\/revisions"}],"predecessor-version":[{"id":111,"href":"https:\/\/www.unisantos.br\/pos\/wp-json\/wp\/v2\/pages\/110\/revisions\/111"}],"up":[{"embeddable":true,"href":"https:\/\/www.unisantos.br\/pos\/wp-json\/wp\/v2\/pages\/12"}],"wp:featuredmedia":[{"embeddable":true,"href":"https:\/\/www.unisantos.br\/pos\/wp-json\/wp\/v2\/media\/7"}],"wp:attachment":[{"href":"https:\/\/www.unisantos.br\/pos\/wp-json\/wp\/v2\/media?parent=110"}],"curies":[{"name":"wp","href":"https:\/\/api.w.org\/{rel}","templated":true}]}}