{"id":1051,"date":"2018-12-11T12:53:07","date_gmt":"2018-12-11T14:53:07","guid":{"rendered":"https:\/\/www.unisantos.br\/pos\/?page_id=1051"},"modified":"2025-08-15T17:19:17","modified_gmt":"2025-08-15T20:19:17","slug":"ingles-intermediario-i","status":"publish","type":"page","link":"https:\/\/www.unisantos.br\/pos\/centro-de-linguas\/ingles-intermediario-i\/","title":{"rendered":"Ingl\u00eas Intermedi\u00e1rio I"},"content":{"rendered":"<p><strong>PROFESSOR RESPONS\u00c1VEL<\/strong><br \/>\nProf. Andrew Charles Fox<\/p>\n<p><strong>CARGA HOR\u00c1RIA<br \/>\n<\/strong>24 h\/a<\/p>\n<p><strong>LOCAL<br \/>\n<\/strong>On-line (encontros s\u00edncronos)<\/p>\n<p><strong>OBJETIVO<br \/>\n<\/strong>1) Oferecer um curso de l\u00edngua inglesa n\u00edvel intermedi\u00e1rio ao p\u00fablico interno e externo \u00e0 Institui\u00e7\u00e3o, ampliando o conhecimento e proporcionando novas possibilidades no \u00e2mbito profissional, intelectual e cultural.<br \/>\n2) propiciar ao aluno o dom\u00ednio em n\u00edvel intermedi\u00e1rio das duas habilidades lingu\u00edsticas passivas ou de recep\u00e7\u00e3o (compreens\u00e3o oral e leitura) e das duas ativas ou de produ\u00e7\u00e3o (fala e escrita).<\/p>\n<p><strong>P\u00daBLICO-ALVO<br \/>\n<\/strong>Alunos de gradua\u00e7\u00e3o e p\u00f3s-gradua\u00e7\u00e3o e professores de institui\u00e7\u00f5es de ensino superior.<strong>\u00a0<\/strong><\/p>\n<p><strong>CONTE\u00daDO<br \/>\n<\/strong>Introductory class.<br \/>\nUnit 1 &#8211; simple present and continuous, action and nonaction verbs<br \/>\nUnit 1 &#8211; future forms: present continuous, going to, will\/ won&#8217;t each other<br \/>\nUnit 2 &#8211; present perfect and simple past<br \/>\nUnit 2 &#8211; present perfect+ for I since, present perfect continuous<br \/>\nProgress Check \u2013 Content review<br \/>\nUnit 3 &#8211; comparatives and superlatives<br \/>\nUnit 3 &#8211; articles: a\/ an, the, no article<br \/>\nPractical English \u2013 Speaking Lesson<br \/>\nAssessment 1<br \/>\nUnit 4 &#8211; can, could, be able to, reflexive pronouns<br \/>\nUnit 4 &#8211; modals of obligation: must, have to, should, should have<br \/>\nUnit 5 &#8211; past tenses: simple, continuous, perfect<br \/>\nUnit 5 &#8211; usually and used to<br \/>\nPractical English \u2013 Speaking Lesson<br \/>\nContent Review. Assessment<\/p>\n<p><strong>OBSERVA\u00c7\u00d5ES<br \/>\n<\/strong>A Universidade se reserva o direito de alterar o cronograma e o corpo docente.<br \/>\nDocumenta\u00e7\u00e3o necess\u00e1ria para quem n\u00e3o \u00e9 aluno da Cat\u00f3lica de Santos: c\u00f3pias do RG, CPF, certid\u00e3o de nascimento ou casamento.<br \/>\nA inscri\u00e7\u00e3o presencial s\u00f3 poder\u00e1 ser efetuada pelo interessado no curso, ou por pessoa munida de procura\u00e7\u00e3o autenticada em cart\u00f3rio.<br \/>\nA efetiva\u00e7\u00e3o da matr\u00edcula est\u00e1 condicionada ao pagamento do boleto da 1\u00aa. parcela e entrega da documenta\u00e7\u00e3o exigida.<strong>\u00a0<\/strong><\/p>\n<p><strong>OUTRAS INFORMA\u00c7\u00d5ES<br \/>\n<\/strong>Departamento de Atendimento Integrado<br \/>\nTelefones: (13) 3205-5555<br \/>\nE-mail: dat@unisantos.br<\/p>\n","protected":false},"excerpt":{"rendered":"<p>PROFESSOR RESPONS\u00c1VEL Prof. Andrew Charles Fox CARGA HOR\u00c1RIA 24 h\/a LOCAL On-line (encontros s\u00edncronos) OBJETIVO 1) Oferecer um curso de [&hellip;]<\/p>\n","protected":false},"author":1,"featured_media":0,"parent":397,"menu_order":0,"comment_status":"closed","ping_status":"closed","template":"","meta":{"footnotes":""},"_links":{"self":[{"href":"https:\/\/www.unisantos.br\/pos\/wp-json\/wp\/v2\/pages\/1051"}],"collection":[{"href":"https:\/\/www.unisantos.br\/pos\/wp-json\/wp\/v2\/pages"}],"about":[{"href":"https:\/\/www.unisantos.br\/pos\/wp-json\/wp\/v2\/types\/page"}],"author":[{"embeddable":true,"href":"https:\/\/www.unisantos.br\/pos\/wp-json\/wp\/v2\/users\/1"}],"replies":[{"embeddable":true,"href":"https:\/\/www.unisantos.br\/pos\/wp-json\/wp\/v2\/comments?post=1051"}],"version-history":[{"count":19,"href":"https:\/\/www.unisantos.br\/pos\/wp-json\/wp\/v2\/pages\/1051\/revisions"}],"predecessor-version":[{"id":6969,"href":"https:\/\/www.unisantos.br\/pos\/wp-json\/wp\/v2\/pages\/1051\/revisions\/6969"}],"up":[{"embeddable":true,"href":"https:\/\/www.unisantos.br\/pos\/wp-json\/wp\/v2\/pages\/397"}],"wp:attachment":[{"href":"https:\/\/www.unisantos.br\/pos\/wp-json\/wp\/v2\/media?parent=1051"}],"curies":[{"name":"wp","href":"https:\/\/api.w.org\/{rel}","templated":true}]}}