{"id":1043,"date":"2018-12-11T12:46:17","date_gmt":"2018-12-11T14:46:17","guid":{"rendered":"https:\/\/www.unisantos.br\/pos\/?page_id=1043"},"modified":"2023-08-14T14:28:25","modified_gmt":"2023-08-14T17:28:25","slug":"ingles-avancado-i","status":"publish","type":"page","link":"https:\/\/www.unisantos.br\/pos\/centro-de-linguas\/ingles-avancado-i\/","title":{"rendered":"Ingl\u00eas Avan\u00e7ado I"},"content":{"rendered":"<p><strong>PROFESSORA RESPONS\u00c1VEL<\/strong><br \/>\nProf\u00aa. Dr\u00aa. Graziela Pigatto Bohn<\/p>\n<p><strong>CARGA HOR\u00c1RIA<\/strong><br \/>\n30 h\/a<\/p>\n<p><strong>LOCAL<\/strong><br \/>\nCampus Dom Id\u00edlio Jos\u00e9 Soares<\/p>\n<p><strong>OBJETIVOS<\/strong><br \/>\nOferecer um curso de l\u00edngua inglesa n\u00edvel avan\u00e7ado ao p\u00fablico interno e externo \u00e0 Institui\u00e7\u00e3o, ampliando o conhecimento e proporcionando novas possibilidades no \u00e2mbito profissional, intelectual e cultural.<br \/>\nPropiciar ao aluno o dom\u00ednio em n\u00edvel avan\u00e7ado das duas habilidades lingu\u00edsticas passivas ou de recep\u00e7\u00e3o (compreens\u00e3o oral e leitura) e das duas ativas ou de produ\u00e7\u00e3o (fala e escrita).<\/p>\n<p><strong>P\u00daBLICO-ALVO<\/strong><br \/>\nAlunos de gradua\u00e7\u00e3o e p\u00f3s-gradua\u00e7\u00e3o de institui\u00e7\u00f5es de ensino superior.<\/p>\n<p><strong>CONTE\u00daDO<\/strong><br \/>\nClass 1:<br \/>\nModals in the past.<br \/>\nShould have, could have, would have.<br \/>\nClass 2:<br \/>\nThird conditional .<br \/>\nClass 3:<br \/>\nWishes and regrets.<br \/>\nClass 4:<br \/>\nTest1<br \/>\nClass 5:<br \/>\nPredictions for the future: might, may, will.<br \/>\nClass 6<br \/>\nFuture Perfect Simple.<br \/>\nClass 7:<br \/>\nFuture Perfect Continuous.<br \/>\nClass 8:<br \/>\nTest 2<br \/>\nClass 9:<br \/>\nPassive Voice: simple tenses.<br \/>\nClass 10:<br \/>\nPassive Voice: continuous tenses.<br \/>\nClass 11:<br \/>\nAdjectives and Adverbs.<br \/>\nClass 12:<br \/>\nAbsolute adjectives.<br \/>\nClass 13:<br \/>\nIntensifying adverbs.<br \/>\nClass 14:<br \/>\nReview class.<br \/>\nClass 15:<br \/>\nTest 3<\/p>\n<p><strong>OBSERVA\u00c7\u00d5ES<\/strong><br \/>\nA Universidade se reserva o direito de alterar o cronograma e o corpo docente.<br \/>\nDocumenta\u00e7\u00e3o necess\u00e1ria para quem n\u00e3o \u00e9 aluno da Cat\u00f3lica de Santos: c\u00f3pias do RG, CPF, certid\u00e3o de nascimento ou casamento.<br \/>\nA inscri\u00e7\u00e3o presencial s\u00f3 poder\u00e1 ser efetuada pelo interessado no curso, ou por pessoa munida de procura\u00e7\u00e3o autenticada em cart\u00f3rio.<br \/>\nA efetiva\u00e7\u00e3o da matr\u00edcula est\u00e1 condicionada ao pagamento do boleto da 1\u00aa. parcela e entrega da documenta\u00e7\u00e3o exigida.<\/p>\n<p><strong>OUTRAS INFORMA\u00c7\u00d5ES<\/strong><br \/>\nDepartamento de Atendimento Integrado<br \/>\nTelefones: (13) 3205-5555<br \/>\nE-mail: dat@unisantos.br<\/p>\n","protected":false},"excerpt":{"rendered":"<p>PROFESSORA RESPONS\u00c1VEL Prof\u00aa. Dr\u00aa. Graziela Pigatto Bohn CARGA HOR\u00c1RIA 30 h\/a LOCAL Campus Dom Id\u00edlio Jos\u00e9 Soares OBJETIVOS Oferecer um [&hellip;]<\/p>\n","protected":false},"author":1,"featured_media":0,"parent":397,"menu_order":0,"comment_status":"closed","ping_status":"closed","template":"","meta":{"footnotes":""},"_links":{"self":[{"href":"https:\/\/www.unisantos.br\/pos\/wp-json\/wp\/v2\/pages\/1043"}],"collection":[{"href":"https:\/\/www.unisantos.br\/pos\/wp-json\/wp\/v2\/pages"}],"about":[{"href":"https:\/\/www.unisantos.br\/pos\/wp-json\/wp\/v2\/types\/page"}],"author":[{"embeddable":true,"href":"https:\/\/www.unisantos.br\/pos\/wp-json\/wp\/v2\/users\/1"}],"replies":[{"embeddable":true,"href":"https:\/\/www.unisantos.br\/pos\/wp-json\/wp\/v2\/comments?post=1043"}],"version-history":[{"count":9,"href":"https:\/\/www.unisantos.br\/pos\/wp-json\/wp\/v2\/pages\/1043\/revisions"}],"predecessor-version":[{"id":5563,"href":"https:\/\/www.unisantos.br\/pos\/wp-json\/wp\/v2\/pages\/1043\/revisions\/5563"}],"up":[{"embeddable":true,"href":"https:\/\/www.unisantos.br\/pos\/wp-json\/wp\/v2\/pages\/397"}],"wp:attachment":[{"href":"https:\/\/www.unisantos.br\/pos\/wp-json\/wp\/v2\/media?parent=1043"}],"curies":[{"name":"wp","href":"https:\/\/api.w.org\/{rel}","templated":true}]}}