{"id":1029,"date":"2018-12-11T12:19:23","date_gmt":"2018-12-11T14:19:23","guid":{"rendered":"https:\/\/www.unisantos.br\/pos\/?page_id=1029"},"modified":"2023-08-14T14:27:45","modified_gmt":"2023-08-14T17:27:45","slug":"espanhol-instrumental","status":"publish","type":"page","link":"https:\/\/www.unisantos.br\/pos\/centro-de-linguas\/espanhol-instrumental\/","title":{"rendered":"Espanhol Instrumental"},"content":{"rendered":"<p><strong>PROFESSORA RESPONS\u00c1VEL<\/strong><br \/>\nProf\u00aa. Me. Deise Maria Biazon<\/p>\n<p><strong>CARGA HOR\u00c1RIA<\/strong><br \/>\n36 h\/a (32 presenciais e 4 EAD)<\/p>\n<p><strong>LOCAL<\/strong><br \/>\nCampus Dom Id\u00edlio Jos\u00e9 Soares<\/p>\n<p><strong>OBJETIVOS<\/strong><br \/>\nDesenvolver as habilidades em l\u00edngua espanhola para uso no ambiente acad\u00eamico, com foco na leitura de artigos e textos acad\u00eamicos, reconhecendo tr\u00eas importantes eixos: o do l\u00e9xico, o do conte\u00fado e o da forma textual;<br \/>\nApresentar ao aluno t\u00e9cnicas de leitura (predi\u00e7\u00e3o, infer\u00eancia, <em>skimming<\/em> (barrido de lectura) e <em>scanning<\/em> (escaneo), por exemplo, que podem auxiliar a identificar elementos lingu\u00edsticos chaves para a compreens\u00e3o do texto;<br \/>\nAprofundar o conhecimento de gram\u00e1tica e vocabul\u00e1rio de textos das mais diversas \u00e1reas acad\u00eamicas;<br \/>\nAnalisar a estrutura organizacional de diferentes textos acad\u00eamicos, como resumos, artigos e relatos de pesquisa.<\/p>\n<p><strong>P\u00daBLICO-ALVO<\/strong><br \/>\nAlunos de gradua\u00e7\u00e3o e p\u00f3s-gradua\u00e7\u00e3o de institui\u00e7\u00f5es de ensino superior.<\/p>\n<p><strong>CONTE\u00daDO<\/strong><br \/>\nIntrodu\u00e7\u00e3o \u00e0 leitura acad\u00eamica;<br \/>\nTipos textuais acad\u00eamicos.<br \/>\nEstrat\u00e9gias de leitura e compreens\u00e3o textual.<br \/>\nEstruturas gramaticais essenciais para a coes\u00e3o e coer\u00eancia textual \u2013 Parte .<br \/>\nEstruturas gramaticais essenciais para a coes\u00e3o e coer\u00eancia textual \u2013 Parte 2.<br \/>\nTeste de profici\u00eancia 1 via Moodle.<br \/>\nDevolutiva do teste de profici\u00eancia 1<br \/>\nDificuldades l\u00e9xicas espec\u00edficas do falante de L\u00edngua Portuguesa frente \u00e0 L\u00edngua Espanhola \u2013 Parte 1.<br \/>\nDificuldades l\u00e9xicas espec\u00edficas do falante de L\u00edngua Portuguesa frente \u00e0 L\u00edngua Espanhola \u2013 Parte 2.<br \/>\nDificuldades sint\u00e1ticas espec\u00edficas do falante de L\u00edngua Portuguesa frente \u00e0 L\u00edngua Espanhola \u2013 Parte 1.<br \/>\nDificuldades sint\u00e1ticas espec\u00edficas do falante de L\u00edngua Portuguesa frente a L\u00edngua Espanhola \u2013 Parte 2.<br \/>\nTeste de profici\u00eancia 2 via Moodle.<br \/>\nDevolutiva do teste de profici\u00eancia 2<br \/>\nMarcadores discursivos no texto acad\u00eamico \u2013 parte 1.<br \/>\nMarcadores discursivos no texto acad\u00eamico \u2013 parte 2.<br \/>\nLeitura e interpreta\u00e7\u00e3o em L\u00edngua Espanhola de textos acad\u00eamicos.<br \/>\nTeste de profici\u00eancia.<br \/>\nDevolutiva do teste de profici\u00eancia 3<br \/>\nEntrega do resultado final.<\/p>\n<p><strong>OBSERVA\u00c7\u00d5ES<\/strong><br \/>\nA Universidade se reserva o direito de alterar o cronograma e o corpo docente.<br \/>\nDocumenta\u00e7\u00e3o necess\u00e1ria para quem n\u00e3o \u00e9 aluno da Cat\u00f3lica de Santos: c\u00f3pias do RG, CPF, certid\u00e3o de nascimento ou casamento.<br \/>\nA inscri\u00e7\u00e3o presencial s\u00f3 poder\u00e1 ser efetuada pelo interessado no curso, ou por pessoa munida de procura\u00e7\u00e3o autenticada em cart\u00f3rio.<br \/>\nA efetiva\u00e7\u00e3o da matr\u00edcula est\u00e1 condicionada ao pagamento do boleto da 1\u00aa. parcela e entrega da documenta\u00e7\u00e3o exigida.<\/p>\n<p><strong>OUTRAS INFORMA\u00c7\u00d5ES<\/strong><br \/>\nDepartamento de Atendimento Integrado<br \/>\nTelefones: (13) 3205-5555<br \/>\nE-mail: dat@unisantos.br<\/p>\n","protected":false},"excerpt":{"rendered":"<p>PROFESSORA RESPONS\u00c1VEL Prof\u00aa. Me. Deise Maria Biazon CARGA HOR\u00c1RIA 36 h\/a (32 presenciais e 4 EAD) LOCAL Campus Dom Id\u00edlio [&hellip;]<\/p>\n","protected":false},"author":1,"featured_media":0,"parent":397,"menu_order":0,"comment_status":"closed","ping_status":"closed","template":"","meta":{"footnotes":""},"_links":{"self":[{"href":"https:\/\/www.unisantos.br\/pos\/wp-json\/wp\/v2\/pages\/1029"}],"collection":[{"href":"https:\/\/www.unisantos.br\/pos\/wp-json\/wp\/v2\/pages"}],"about":[{"href":"https:\/\/www.unisantos.br\/pos\/wp-json\/wp\/v2\/types\/page"}],"author":[{"embeddable":true,"href":"https:\/\/www.unisantos.br\/pos\/wp-json\/wp\/v2\/users\/1"}],"replies":[{"embeddable":true,"href":"https:\/\/www.unisantos.br\/pos\/wp-json\/wp\/v2\/comments?post=1029"}],"version-history":[{"count":9,"href":"https:\/\/www.unisantos.br\/pos\/wp-json\/wp\/v2\/pages\/1029\/revisions"}],"predecessor-version":[{"id":5559,"href":"https:\/\/www.unisantos.br\/pos\/wp-json\/wp\/v2\/pages\/1029\/revisions\/5559"}],"up":[{"embeddable":true,"href":"https:\/\/www.unisantos.br\/pos\/wp-json\/wp\/v2\/pages\/397"}],"wp:attachment":[{"href":"https:\/\/www.unisantos.br\/pos\/wp-json\/wp\/v2\/media?parent=1029"}],"curies":[{"name":"wp","href":"https:\/\/api.w.org\/{rel}","templated":true}]}}