{"id":9,"date":"2021-04-08T10:28:38","date_gmt":"2021-04-08T13:28:38","guid":{"rendered":"https:\/\/www.unisantos.br\/observacbhbs\/?page_id=9"},"modified":"2022-06-27T21:42:53","modified_gmt":"2022-06-28T00:42:53","slug":"curso-de-atualizacao","status":"publish","type":"page","link":"https:\/\/www.unisantos.br\/observacbhbs\/curso-de-atualizacao\/","title":{"rendered":"Curso de Atualiza\u00e7\u00e3o"},"content":{"rendered":"<p>O Portal Educacional <strong>Observat\u00f3rio da \u00c1gua<\/strong> disponibiliza o curso de atualiza\u00e7\u00e3o <em>Observat\u00f3rio da \u00c1gua<\/em>\u00a0online com acesso livre. S\u00e3o nove m\u00f3dulos, ou unidades educacionais, voltados \u00e0 atualiza\u00e7\u00e3o de professores do ensino fundamental, m\u00e9dio e t\u00e9cnico das redes municipal, estadual e\/ou particular; gestores p\u00fablicos; profissionais do Sistema \u00danico de Sa\u00fade (SUS) de n\u00edvel t\u00e9cnico, ou superior);\u00a0estudantes do ensino m\u00e9dio e\/ou t\u00e9cnico; e a popula\u00e7\u00e3o em geral.<\/p>\n<p><strong><img loading=\"lazy\" decoding=\"async\" class=\"wp-image-239 alignnone\" src=\"http:\/\/www.unisantos.br\/observacbhbs\/wp-content\/uploads\/sites\/19\/2021\/05\/icones-eventos-observatorio-da-agua_legisla\u00e7\u00e3o-150px.jpg\" alt=\"\" width=\"50\" height=\"50\" \/><br \/>\n<\/strong><strong>LEGISLA\u00c7\u00c3O<\/strong><br \/>\nApresenta\u00e7\u00e3o e discuss\u00e3o da legisla\u00e7\u00e3o\u00a0relacionada \u00e0 \u00e1gua, bem como dos fundamentos\u00a0e instrumentos jur\u00eddicos para o\u00a0direito de acesso \u00e0 \u00e1gua e\u00a0ao saneamento b\u00e1sico.<strong><br \/>\n<\/strong><\/p>\n<p><strong>\u00c1gua e Legisla\u00e7\u00e3o<br \/>\n<a href=\"https:\/\/www.unisantos.br\/observacbhbs\/agua-e-legislacao-parte-1\/\">Parte 1<br \/>\n<\/a><\/strong><a href=\"https:\/\/www.unisantos.br\/observacbhbs\/agua-e-legislacao-parte-2\/\"><strong>Parte 2<\/strong><\/a><br \/>\n<em>Prof\u00aa. Dr\u00aa. Maria Luiza Machado Granziera<\/em><\/p>\n<p><a href=\"https:\/\/www.unisantos.br\/observacbhbs\/minicursos\/o-direito-humano-a-agua\/\"><strong>O Direito Humano \u00e0 \u00c1gua<\/strong><\/a><em><br \/>\n<\/em><em>Prof\u00aa. Dr\u00aa. Andreia Costa Vieira<\/em><\/p>\n<p><img loading=\"lazy\" decoding=\"async\" class=\"wp-image-702 alignnone\" src=\"http:\/\/www.unisantos.br\/observacbhbs\/wp-content\/uploads\/sites\/19\/2022\/06\/icones-pequenos-observatorio_ebook.png\" alt=\"\" width=\"34\" height=\"34\" \/>\u00a0<a href=\"https:\/\/www.unisantos.br\/observacbhbs\/e-books\/\"><strong>Saiba mais<\/strong><\/a><\/p>\n<p><img loading=\"lazy\" decoding=\"async\" class=\"alignnone wp-image-704\" src=\"http:\/\/www.unisantos.br\/observacbhbs\/wp-content\/uploads\/sites\/19\/2022\/06\/icones-pequenos-observatorio_artigo.png\" alt=\"\" width=\"34\" height=\"34\" \/>\u00a0<a href=\"https:\/\/www.unisantos.br\/observacbhbs\/artigos-cientificos\/\"><strong>Material para aprofundamento<\/strong><\/a><\/p>\n<p><strong><img loading=\"lazy\" decoding=\"async\" class=\"alignnone wp-image-708\" src=\"http:\/\/www.unisantos.br\/observacbhbs\/wp-content\/uploads\/sites\/19\/2022\/06\/icones-pequenos-observatorio_duvida-1.png\" alt=\"\" width=\"34\" height=\"34\" \/>\u00a0Tire suas d\u00favidas pelo e-mail ipeci@unisantos.br<\/strong><\/p>\n<p><strong><img loading=\"lazy\" decoding=\"async\" class=\"wp-image-245 alignnone\" src=\"http:\/\/www.unisantos.br\/observacbhbs\/wp-content\/uploads\/sites\/19\/2021\/05\/icones-eventos-observatorio-da-agua_tipos-de-residuos-150px-c\u00f3pia.jpg\" alt=\"\" width=\"51\" height=\"51\" srcset=\"https:\/\/www.unisantos.br\/observacbhbs\/wp-content\/uploads\/sites\/19\/2021\/05\/icones-eventos-observatorio-da-agua_tipos-de-residuos-150px-c\u00f3pia.jpg 151w, https:\/\/www.unisantos.br\/observacbhbs\/wp-content\/uploads\/sites\/19\/2021\/05\/icones-eventos-observatorio-da-agua_tipos-de-residuos-150px-c\u00f3pia-150x150.jpg 150w\" sizes=\"(max-width: 51px) 100vw, 51px\" \/><br \/>\n<\/strong><strong>TIPOS DE RES\u00cdDUOS<\/strong><br \/>\nEstudo dos tipos de res\u00edduos (agr\u00edcolas, dom\u00e9sticos, farmacol\u00f3gicos\u00a0e industriais) e\u00a0 identifica\u00e7\u00e3o das\u00a0boas pr\u00e1ticas no manuseio deles.<strong><br \/>\n<\/strong><\/p>\n<p><a href=\"https:\/\/www.unisantos.br\/observacbhbs\/residuos-solidos\/\"><strong>Res\u00edduos S\u00f3lidos<\/strong><br \/>\n<\/a><em>Prof\u00aa. Me. Am\u00e9lia Cristina Elias da Ponte<\/em><\/p>\n<p><img loading=\"lazy\" decoding=\"async\" class=\"wp-image-702 alignnone\" src=\"http:\/\/www.unisantos.br\/observacbhbs\/wp-content\/uploads\/sites\/19\/2022\/06\/icones-pequenos-observatorio_ebook.png\" alt=\"\" width=\"34\" height=\"34\" \/>\u00a0<a href=\"https:\/\/www.unisantos.br\/observacbhbs\/e-books\/\"><strong>Saiba mais<\/strong><\/a><\/p>\n<p><img loading=\"lazy\" decoding=\"async\" class=\"alignnone wp-image-704\" src=\"http:\/\/www.unisantos.br\/observacbhbs\/wp-content\/uploads\/sites\/19\/2022\/06\/icones-pequenos-observatorio_artigo.png\" alt=\"\" width=\"34\" height=\"34\" \/>\u00a0<a href=\"https:\/\/www.unisantos.br\/observacbhbs\/artigos-cientificos\/\"><strong>Material para aprofundamento<\/strong><\/a><\/p>\n<p><strong><img loading=\"lazy\" decoding=\"async\" class=\"alignnone wp-image-708\" src=\"http:\/\/www.unisantos.br\/observacbhbs\/wp-content\/uploads\/sites\/19\/2022\/06\/icones-pequenos-observatorio_duvida-1.png\" alt=\"\" width=\"34\" height=\"34\" \/>\u00a0Tire suas d\u00favidas pelo e-mail ipeci@unisantos.br<\/strong><\/p>\n<p><strong><img loading=\"lazy\" decoding=\"async\" class=\"wp-image-246 alignnone\" src=\"http:\/\/www.unisantos.br\/observacbhbs\/wp-content\/uploads\/sites\/19\/2021\/05\/icones-eventos-observatorio-da-agua_epidemiologia-150px-c\u00f3pia-2.jpg\" alt=\"\" width=\"51\" height=\"51\" srcset=\"https:\/\/www.unisantos.br\/observacbhbs\/wp-content\/uploads\/sites\/19\/2021\/05\/icones-eventos-observatorio-da-agua_epidemiologia-150px-c\u00f3pia-2.jpg 151w, https:\/\/www.unisantos.br\/observacbhbs\/wp-content\/uploads\/sites\/19\/2021\/05\/icones-eventos-observatorio-da-agua_epidemiologia-150px-c\u00f3pia-2-150x150.jpg 150w\" sizes=\"(max-width: 51px) 100vw, 51px\" \/><\/strong><strong><br \/>\nEPIDEMIOLOGIA AMBIENTAL<\/strong><br \/>\nNo\u00e7\u00f5es de epidemiologia ambiental e dos procedimentos que devem ser adotados diante situa\u00e7\u00f5es de risco.<\/p>\n<p><strong><a href=\"https:\/\/www.unisantos.br\/observacbhbs\/doencas-de-veiculacao-hidrica\/\" rel=\"noopener\">Doen\u00e7as de Veicula\u00e7\u00e3o H\u00eddrica<\/a><\/strong><br \/>\n<em>Prof. Dr. Alf\u00e9sio Lu\u00eds Ferreira Braga<\/em><\/p>\n<p><img loading=\"lazy\" decoding=\"async\" class=\"wp-image-702 alignnone\" src=\"http:\/\/www.unisantos.br\/observacbhbs\/wp-content\/uploads\/sites\/19\/2022\/06\/icones-pequenos-observatorio_ebook.png\" alt=\"\" width=\"34\" height=\"34\" \/>\u00a0<a href=\"https:\/\/www.unisantos.br\/observacbhbs\/e-books\/\"><strong>Saiba mais<\/strong><\/a><\/p>\n<p><img loading=\"lazy\" decoding=\"async\" class=\"alignnone wp-image-704\" src=\"http:\/\/www.unisantos.br\/observacbhbs\/wp-content\/uploads\/sites\/19\/2022\/06\/icones-pequenos-observatorio_artigo.png\" alt=\"\" width=\"34\" height=\"34\" \/>\u00a0<a href=\"https:\/\/www.unisantos.br\/observacbhbs\/artigos-cientificos\/\"><strong>Material para aprofundamento<\/strong><\/a><\/p>\n<p><strong><img loading=\"lazy\" decoding=\"async\" class=\"alignnone wp-image-708\" src=\"http:\/\/www.unisantos.br\/observacbhbs\/wp-content\/uploads\/sites\/19\/2022\/06\/icones-pequenos-observatorio_duvida-1.png\" alt=\"\" width=\"34\" height=\"34\" \/>\u00a0Tire suas d\u00favidas pelo e-mail ipeci@unisantos.br<\/strong><\/p>\n<p><strong><img loading=\"lazy\" decoding=\"async\" class=\"wp-image-247 alignnone\" src=\"http:\/\/www.unisantos.br\/observacbhbs\/wp-content\/uploads\/sites\/19\/2021\/05\/icones-eventos-observatorio-da-agua_conservacao-recursos-humanas-150px-c\u00f3pia-4.jpg\" alt=\"\" width=\"51\" height=\"51\" srcset=\"https:\/\/www.unisantos.br\/observacbhbs\/wp-content\/uploads\/sites\/19\/2021\/05\/icones-eventos-observatorio-da-agua_conservacao-recursos-humanas-150px-c\u00f3pia-4.jpg 151w, https:\/\/www.unisantos.br\/observacbhbs\/wp-content\/uploads\/sites\/19\/2021\/05\/icones-eventos-observatorio-da-agua_conservacao-recursos-humanas-150px-c\u00f3pia-4-150x150.jpg 150w\" sizes=\"(max-width: 51px) 100vw, 51px\" \/><\/strong><strong><br \/>\nCONSERVA\u00c7\u00c3O DE RECURSOS H\u00cdDRICOS &#8211; A\u00c7\u00d5ES HUMANAS<br \/>\n<\/strong>Observa\u00e7\u00e3o do impacto das a\u00e7\u00f5es humanas sobre a conserva\u00e7\u00e3o dos recursos h\u00eddricos.<\/p>\n<p><strong><a href=\"https:\/\/www.unisantos.br\/observacbhbs\/acao-humana-e-recursos-hidricos\/\" rel=\"noopener\">A\u00e7\u00e3o Humana e Recursos H\u00eddricos<\/a><\/strong><br \/>\n<em>Prof\u00aa. Me. Valdilene Carvalho<\/em><\/p>\n<p><a href=\"https:\/\/www.unisantos.br\/observacbhbs\/o-ciclo-da-agua\/\"><strong>O Ciclo da \u00c1gua<\/strong><br \/>\n<\/a><em>Prof\u00aa. Dr\u00aa. Janara de Camargo Matos<\/em><\/p>\n<p><img loading=\"lazy\" decoding=\"async\" class=\"wp-image-702 alignnone\" src=\"http:\/\/www.unisantos.br\/observacbhbs\/wp-content\/uploads\/sites\/19\/2022\/06\/icones-pequenos-observatorio_ebook.png\" alt=\"\" width=\"34\" height=\"34\" \/>\u00a0<a href=\"https:\/\/www.unisantos.br\/observacbhbs\/e-books\/\"><strong>Saiba mais<\/strong><\/a><\/p>\n<p><img loading=\"lazy\" decoding=\"async\" class=\"alignnone wp-image-704\" src=\"http:\/\/www.unisantos.br\/observacbhbs\/wp-content\/uploads\/sites\/19\/2022\/06\/icones-pequenos-observatorio_artigo.png\" alt=\"\" width=\"34\" height=\"34\" \/>\u00a0<a href=\"https:\/\/www.unisantos.br\/observacbhbs\/artigos-cientificos\/\"><strong>Material para aprofundamento<\/strong><\/a><\/p>\n<p><strong><img loading=\"lazy\" decoding=\"async\" class=\"alignnone wp-image-708\" src=\"http:\/\/www.unisantos.br\/observacbhbs\/wp-content\/uploads\/sites\/19\/2022\/06\/icones-pequenos-observatorio_duvida-1.png\" alt=\"\" width=\"34\" height=\"34\" \/>\u00a0Tire suas d\u00favidas pelo e-mail ipeci@unisantos.br<\/strong><\/p>\n<p><strong><img loading=\"lazy\" decoding=\"async\" class=\"wp-image-248 alignnone\" src=\"http:\/\/www.unisantos.br\/observacbhbs\/wp-content\/uploads\/sites\/19\/2021\/05\/icones-eventos-observatorio-da-agua_conservacao-recursos-residuos-150px-c\u00f3pia-3.jpg\" alt=\"\" width=\"51\" height=\"51\" srcset=\"https:\/\/www.unisantos.br\/observacbhbs\/wp-content\/uploads\/sites\/19\/2021\/05\/icones-eventos-observatorio-da-agua_conservacao-recursos-residuos-150px-c\u00f3pia-3.jpg 151w, https:\/\/www.unisantos.br\/observacbhbs\/wp-content\/uploads\/sites\/19\/2021\/05\/icones-eventos-observatorio-da-agua_conservacao-recursos-residuos-150px-c\u00f3pia-3-150x150.jpg 150w\" sizes=\"(max-width: 51px) 100vw, 51px\" \/><\/strong><strong><br \/>\nCONSERVA\u00c7\u00c3O DE RECURSOS\u00a0H\u00cdDRICOS &#8211; RES\u00cdDUOS<br \/>\n<\/strong>Impacto dos\u00a0res\u00edduos no uso respons\u00e1vel\u00a0dos recursos h\u00eddricos.<strong><br \/>\n<\/strong><\/p>\n<p><strong><a href=\"https:\/\/www.unisantos.br\/observacbhbs\/poluicao-hidrica\/\" rel=\"noopener\">Polui\u00e7\u00e3o H\u00eddrica<\/a><\/strong><em><br \/>\nProf\u00aa. Dr\u00aa. Beatriz Bento de Oliveira<\/em><\/p>\n<p><img loading=\"lazy\" decoding=\"async\" class=\"wp-image-702 alignnone\" src=\"http:\/\/www.unisantos.br\/observacbhbs\/wp-content\/uploads\/sites\/19\/2022\/06\/icones-pequenos-observatorio_ebook.png\" alt=\"\" width=\"34\" height=\"34\" \/>\u00a0<a href=\"https:\/\/www.unisantos.br\/observacbhbs\/e-books\/\"><strong>Saiba mais<\/strong><\/a><\/p>\n<p><img loading=\"lazy\" decoding=\"async\" class=\"alignnone wp-image-704\" src=\"http:\/\/www.unisantos.br\/observacbhbs\/wp-content\/uploads\/sites\/19\/2022\/06\/icones-pequenos-observatorio_artigo.png\" alt=\"\" width=\"34\" height=\"34\" \/>\u00a0<a href=\"https:\/\/www.unisantos.br\/observacbhbs\/artigos-cientificos\/\"><strong>Material para aprofundamento<\/strong><\/a><\/p>\n<p><strong><img loading=\"lazy\" decoding=\"async\" class=\"alignnone wp-image-708\" src=\"http:\/\/www.unisantos.br\/observacbhbs\/wp-content\/uploads\/sites\/19\/2022\/06\/icones-pequenos-observatorio_duvida-1.png\" alt=\"\" width=\"34\" height=\"34\" \/>\u00a0Tire suas d\u00favidas pelo e-mail ipeci@unisantos.br<\/strong><\/p>\n<p><strong><img loading=\"lazy\" decoding=\"async\" class=\"wp-image-249 alignnone\" src=\"http:\/\/www.unisantos.br\/observacbhbs\/wp-content\/uploads\/sites\/19\/2021\/05\/arduino-150px.jpg\" alt=\"\" width=\"60\" height=\"60\" \/><\/strong><strong><br \/>\nPLATAFORMA ARDU\u00cdNO<br \/>\n<\/strong>Explorar a potencialidade dos sensores f\u00edsicos e qu\u00edmicos em comunica\u00e7\u00e3o com microcontroladores do tipo Ardu\u00edno para as an\u00e1lises de \u00e1gua em substitui\u00e7\u00e3o \u00e0s an\u00e1lises cl\u00e1ssicas dependentes de reagentes qu\u00edmicos.<\/p>\n<p><a href=\"https:\/\/www.unisantos.br\/observacbhbs\/medicao-do-ph-da-agua-utilizando-a-plataforma-de-hardware\/\"><strong>Medi\u00e7\u00e3o do pH da \u00c1gua Utilizando a Plataforma de Hardware<\/strong><\/a><em><br \/>\nProf. Dr. Luiz Carlos Moreira<\/em><strong><br \/>\n<\/strong><\/p>\n<p><img loading=\"lazy\" decoding=\"async\" class=\"wp-image-702 alignnone\" src=\"http:\/\/www.unisantos.br\/observacbhbs\/wp-content\/uploads\/sites\/19\/2022\/06\/icones-pequenos-observatorio_ebook.png\" alt=\"\" width=\"34\" height=\"34\" \/>\u00a0<a href=\"https:\/\/www.unisantos.br\/observacbhbs\/e-books\/\"><strong>Saiba mais<\/strong><\/a><\/p>\n<p><img loading=\"lazy\" decoding=\"async\" class=\"alignnone wp-image-704\" src=\"http:\/\/www.unisantos.br\/observacbhbs\/wp-content\/uploads\/sites\/19\/2022\/06\/icones-pequenos-observatorio_artigo.png\" alt=\"\" width=\"34\" height=\"34\" \/>\u00a0<a href=\"https:\/\/www.unisantos.br\/observacbhbs\/artigos-cientificos\/\"><strong>Material para aprofundamento<\/strong><\/a><\/p>\n<p><strong><img loading=\"lazy\" decoding=\"async\" class=\"alignnone wp-image-708\" src=\"http:\/\/www.unisantos.br\/observacbhbs\/wp-content\/uploads\/sites\/19\/2022\/06\/icones-pequenos-observatorio_duvida-1.png\" alt=\"\" width=\"34\" height=\"34\" \/>\u00a0Tire suas d\u00favidas pelo e-mail ipeci@unisantos.br<\/strong><\/p>\n<p><strong><img loading=\"lazy\" decoding=\"async\" class=\"alignnone wp-image-251\" src=\"http:\/\/www.unisantos.br\/observacbhbs\/wp-content\/uploads\/sites\/19\/2021\/05\/analise-qualidade-agua-150px-c\u00f3pia-5.jpg\" alt=\"\" width=\"51\" height=\"51\" srcset=\"https:\/\/www.unisantos.br\/observacbhbs\/wp-content\/uploads\/sites\/19\/2021\/05\/analise-qualidade-agua-150px-c\u00f3pia-5.jpg 151w, https:\/\/www.unisantos.br\/observacbhbs\/wp-content\/uploads\/sites\/19\/2021\/05\/analise-qualidade-agua-150px-c\u00f3pia-5-150x150.jpg 150w\" sizes=\"(max-width: 51px) 100vw, 51px\" \/><br \/>\n<\/strong><strong>AN\u00c1LISES F\u00cdSICO-QU\u00cdMICAS PARA\u00a0DETERMINA\u00c7\u00c3O DA QUALIDADE DE \u00c1GUA<br \/>\n<\/strong>Capacita\u00e7\u00e3o de professores de Ci\u00eancias (ensino fundamental) e de Biologia e Qu\u00edmica (ensino m\u00e9dio e\/ou t\u00e9cnico) para\u00a0realiza\u00e7\u00e3o de an\u00e1lises f\u00edsico-qu\u00edmicas empregando equipamentos diversos.<\/p>\n<p><a href=\"https:\/\/youtu.be\/Kkp4hB_Dfew\" target=\"_blank\" rel=\"noopener\"><strong>Compara\u00e7\u00e3o de dados f\u00edsico-qu\u00edmicos entre diferentes fontes de \u00e1gua<br \/>\n<\/strong><\/a>Introdu\u00e7\u00e3o \u00e0s an\u00e1lises f\u00edsico-qu\u00edmicas para determina\u00e7\u00e3o da qualidade de \u00e1gua<em><br \/>\nProf. Dr. Maur\u00edcio Marques Pinto da Silva<br \/>\n<\/em><\/p>\n<p><a href=\"https:\/\/youtu.be\/8b7dw26NEgM\" target=\"_blank\" rel=\"noopener\"><strong>Determina\u00e7\u00e3o de par\u00e2metros f\u00edsico-qu\u00edmicas da \u00e1gua: pH e condutividade<br \/>\n<\/strong><\/a>Oficina para estudantes e professores de Escolas T\u00e9cnicas<br \/>\n<em>Prof. Dr. Maur\u00edcio Marques Pinto da Silva<\/em><\/p>\n<p><a href=\"https:\/\/youtu.be\/Qr2-As2QNCY\" target=\"_blank\" rel=\"noopener\"><strong>Estudo de taxas de corros\u00e3o de metais e ligas met\u00e1licas em meios aquosos<br \/>\n<\/strong><\/a>Oficina para profissionais da Educa\u00e7\u00e3o &#8211;\u00a0ATPC &#8211; Ci\u00eancias da Natureza e Matem\u00e1tica &#8211; Diretoria de Ensino &#8211; Regi\u00e3o Santos<a href=\"https:\/\/youtu.be\/Qr2-As2QNCY\" target=\"_blank\" rel=\"noopener\"><br \/>\n<\/a><em>Prof. Dr. Maur\u00edcio Marques Pinto da Silva<\/em><\/p>\n<p><strong><a href=\"https:\/\/youtu.be\/y4DHpc-vuO0\" target=\"_blank\" rel=\"noopener\">Determina\u00e7\u00e3o de par\u00e2metros f\u00edsico-qu\u00edmicas da \u00e1gua: pH e condutividade<br \/>\n<\/a><\/strong>Oficina para estudantes do ensino m\u00e9dio &#8211; 1\u00ba. sem\/2021<strong><br \/>\n<\/strong><em>Prof. Dr. Maur\u00edcio Marques Pinto da Silva<\/em><\/p>\n<p><strong><a href=\"https:\/\/youtu.be\/0gJ_FMF4c0w\" target=\"_blank\" rel=\"noopener\">Compara\u00e7\u00e3o de dados f\u00edsico-qu\u00edmicos entre diferentes fontes de \u00e1gua<br \/>\n<\/a><\/strong>Oficina para estudantes do ensino m\u00e9dio e t\u00e9cnico &#8211; 2\u00ba. sem\/2021<strong><a href=\"https:\/\/youtu.be\/0gJ_FMF4c0w\" target=\"_blank\" rel=\"noopener\"><br \/>\n<\/a><\/strong><em>Prof. Dr. Maur\u00edcio Marques Pinto da Silva<\/em><\/p>\n<p><img loading=\"lazy\" decoding=\"async\" class=\"wp-image-702 alignnone\" src=\"http:\/\/www.unisantos.br\/observacbhbs\/wp-content\/uploads\/sites\/19\/2022\/06\/icones-pequenos-observatorio_ebook.png\" alt=\"\" width=\"34\" height=\"34\" \/>\u00a0<a href=\"https:\/\/www.unisantos.br\/observacbhbs\/e-books\/\"><strong>Saiba mais<\/strong><\/a><\/p>\n<p><img loading=\"lazy\" decoding=\"async\" class=\"alignnone wp-image-704\" src=\"http:\/\/www.unisantos.br\/observacbhbs\/wp-content\/uploads\/sites\/19\/2022\/06\/icones-pequenos-observatorio_artigo.png\" alt=\"\" width=\"34\" height=\"34\" \/>\u00a0<a href=\"https:\/\/www.unisantos.br\/observacbhbs\/artigos-cientificos\/\"><strong>Material para aprofundamento<\/strong><\/a><\/p>\n<p><strong><img loading=\"lazy\" decoding=\"async\" class=\"alignnone wp-image-708\" src=\"http:\/\/www.unisantos.br\/observacbhbs\/wp-content\/uploads\/sites\/19\/2022\/06\/icones-pequenos-observatorio_duvida-1.png\" alt=\"\" width=\"34\" height=\"34\" \/>\u00a0Tire suas d\u00favidas pelo e-mail ipeci@unisantos.br<\/strong><\/p>\n<p><strong><img loading=\"lazy\" decoding=\"async\" class=\"alignnone wp-image-252\" src=\"http:\/\/www.unisantos.br\/observacbhbs\/wp-content\/uploads\/sites\/19\/2021\/05\/bioindicadores-150px.jpg\" alt=\"\" width=\"51\" height=\"51\" srcset=\"https:\/\/www.unisantos.br\/observacbhbs\/wp-content\/uploads\/sites\/19\/2021\/05\/bioindicadores-150px.jpg 151w, https:\/\/www.unisantos.br\/observacbhbs\/wp-content\/uploads\/sites\/19\/2021\/05\/bioindicadores-150px-150x150.jpg 150w\" sizes=\"(max-width: 51px) 100vw, 51px\" \/><br \/>\n<\/strong><strong>BIOINDICADORES<br \/>\n<\/strong>Capacita\u00e7\u00e3o de professores de Ci\u00eancias (ensino fundamental) e de Biologia e Qu\u00edmica (ensino m\u00e9dio e\/ou t\u00e9cnico): Bioindicadores aplicados em ensaios de estudo de qualidade de \u00e1gua, complementando os par\u00e2metros f\u00edsico-qu\u00edmicos.<\/p>\n<p><strong><a href=\"https:\/\/www.unisantos.br\/observacbhbs\/o-conceito-de-bioindicadores\/\">O Conceito de Bioindicadores<\/a><\/strong><br \/>\n<em>Prof\u00aa. Dr\u00aa. Janara de Camargo Matos<\/em><\/p>\n<p><a href=\"https:\/\/www.unisantos.br\/observacbhbs\/agua-e-bioindicadores\/\"><strong>\u00c1gua e Bioindicadores<\/strong><\/a><br \/>\n<em>Prof\u00aa. Me. Valdilene Carvalho<\/em><\/p>\n<p><a href=\"https:\/\/youtu.be\/KGathnOZFIo\" target=\"_blank\" rel=\"noopener\"><strong>Aplica\u00e7\u00e3o pr\u00e1tica dos Ensaios Ecotoxicol\u00f3gicos &#8211; Um estudo de caso<\/strong><\/a><br \/>\n<em>Prof. Dr.\u00a0Cleber Ferr\u00e3o Corr\u00eaa<\/em><\/p>\n<p><strong><a href=\"https:\/\/youtu.be\/0gJ_FMF4c0w\" target=\"_blank\" rel=\"noopener\">Emprego de Bioindicadores para an\u00e1lise de qualidade da \u00e1gua<br \/>\n<\/a><\/strong>Oficina para estudantes do ensino m\u00e9dio e t\u00e9cnico &#8211; 2\u00ba. sem\/2021<strong><a href=\"https:\/\/youtu.be\/0gJ_FMF4c0w\" target=\"_blank\" rel=\"noopener\"><br \/>\n<\/a><\/strong><em>Prof. Dr.\u00a0Cleber Ferr\u00e3o Corr\u00eaa<\/em><\/p>\n<p><img loading=\"lazy\" decoding=\"async\" class=\"wp-image-702 alignnone\" src=\"http:\/\/www.unisantos.br\/observacbhbs\/wp-content\/uploads\/sites\/19\/2022\/06\/icones-pequenos-observatorio_ebook.png\" alt=\"\" width=\"34\" height=\"34\" \/>\u00a0<a href=\"https:\/\/www.unisantos.br\/observacbhbs\/e-books\/\"><strong>Saiba mais<\/strong><\/a><\/p>\n<p><img loading=\"lazy\" decoding=\"async\" class=\"alignnone wp-image-704\" src=\"http:\/\/www.unisantos.br\/observacbhbs\/wp-content\/uploads\/sites\/19\/2022\/06\/icones-pequenos-observatorio_artigo.png\" alt=\"\" width=\"34\" height=\"34\" \/>\u00a0<a href=\"https:\/\/www.unisantos.br\/observacbhbs\/artigos-cientificos\/\"><strong>Material para aprofundamento<\/strong><\/a><\/p>\n<p><strong><img loading=\"lazy\" decoding=\"async\" class=\"alignnone wp-image-708\" src=\"http:\/\/www.unisantos.br\/observacbhbs\/wp-content\/uploads\/sites\/19\/2022\/06\/icones-pequenos-observatorio_duvida-1.png\" alt=\"\" width=\"34\" height=\"34\" \/>\u00a0Tire suas d\u00favidas pelo e-mail ipeci@unisantos.br<\/strong><\/p>\n<p><strong><img loading=\"lazy\" decoding=\"async\" class=\"alignnone wp-image-253\" src=\"http:\/\/www.unisantos.br\/observacbhbs\/wp-content\/uploads\/sites\/19\/2021\/05\/dna-patogenos-150px.jpg\" alt=\"\" width=\"51\" height=\"51\" srcset=\"https:\/\/www.unisantos.br\/observacbhbs\/wp-content\/uploads\/sites\/19\/2021\/05\/dna-patogenos-150px.jpg 151w, https:\/\/www.unisantos.br\/observacbhbs\/wp-content\/uploads\/sites\/19\/2021\/05\/dna-patogenos-150px-150x150.jpg 150w\" sizes=\"(max-width: 51px) 100vw, 51px\" \/><br \/>\n<\/strong><strong>DNA DE PAT\u00d3GENOS NA \u00c1GUA<br \/>\n<\/strong>Capacita\u00e7\u00e3o de professores de Ci\u00eancias (ensino fundamental) e de Biologia e Qu\u00edmica\u00a0(ensino m\u00e9dio e\/ou t\u00e9cnico): T\u00e9cnica molecular de PCR e suas varia\u00e7\u00f5es, para an\u00e1lise de DNA, de microrganismos pat\u00f3genos em \u00e1gua.<\/p>\n<p><a href=\"https:\/\/youtu.be\/vJnSCOjX5Gw\" target=\"_blank\" rel=\"noopener\"><strong>Introdu\u00e7\u00e3o ao emprego da PCR como t\u00e9cnica molecular para an\u00e1lise de microrganismo patog\u00eanico em \u00e1gua<\/strong><\/a><em><br \/>\nProf\u00aa. Dr\u00aa. Adriana Florentino de Souza<\/em><strong><br \/>\n<\/strong><\/p>\n<p><a href=\"https:\/\/youtu.be\/8b7dw26NEgM\" target=\"_blank\" rel=\"noopener\"><strong>A t\u00e9cnica de PCR e sua potencialidade como ferramenta de an\u00e1lise molecular de DNA<br \/>\n<\/strong><\/a>Oficina para estudantes e professores de Escolas T\u00e9cnicas<br \/>\n<em>Prof\u00aa. Dr\u00aa. Adriana Florentino de Souza<\/em><\/p>\n<p><a href=\"https:\/\/youtu.be\/Qr2-As2QNCY\" target=\"_blank\" rel=\"noopener\"><strong>A PCR cl\u00e1ssica e a eletroforese como t\u00e9cnica de an\u00e1lise de amplicon<br \/>\n<\/strong><\/a>Oficina para profissionais da Educa\u00e7\u00e3o &#8211;\u00a0ATPC &#8211; Ci\u00eancias da Natureza e Matem\u00e1tica &#8211; Diretoria de Ensino &#8211; Regi\u00e3o Santos<a href=\"https:\/\/youtu.be\/Qr2-As2QNCY\" target=\"_blank\" rel=\"noopener\"><strong><br \/>\n<\/strong><\/a><em>Prof\u00aa. Dr\u00aa. Adriana Florentino de Souza<\/em><\/p>\n<p><strong><a href=\"https:\/\/youtu.be\/y4DHpc-vuO0\" target=\"_blank\" rel=\"noopener\">Emprego da PCR na avalia\u00e7\u00e3o da presen\u00e7a microrganismos patog\u00eanicos em \u00e1gua<br \/>\n<\/a><\/strong>Oficina para estudantes do ensino m\u00e9dio &#8211; 1\u00ba. sem\/2021<br \/>\n<em>Prof\u00aa. Dr\u00aa. Adriana Florentino de Souza<\/em><\/p>\n<p><strong><a href=\"https:\/\/youtu.be\/0gJ_FMF4c0w\" target=\"_blank\" rel=\"noopener\">Extra\u00e7\u00e3o de DNA e an\u00e1lise por PCR<br \/>\n<\/a><\/strong>Oficina para estudantes do ensino m\u00e9dio e t\u00e9cnico &#8211; 2\u00ba. sem\/2021<br \/>\n<em>Prof\u00aa. Dr\u00aa. Adriana Florentino de Souza<\/em><\/p>\n<p><img loading=\"lazy\" decoding=\"async\" class=\"wp-image-702 alignnone\" src=\"http:\/\/www.unisantos.br\/observacbhbs\/wp-content\/uploads\/sites\/19\/2022\/06\/icones-pequenos-observatorio_ebook.png\" alt=\"\" width=\"34\" height=\"34\" \/>\u00a0<a href=\"https:\/\/www.unisantos.br\/observacbhbs\/e-books\/\"><strong>Saiba mais<\/strong><\/a><\/p>\n<p><img loading=\"lazy\" decoding=\"async\" class=\"alignnone wp-image-704\" src=\"http:\/\/www.unisantos.br\/observacbhbs\/wp-content\/uploads\/sites\/19\/2022\/06\/icones-pequenos-observatorio_artigo.png\" alt=\"\" width=\"34\" height=\"34\" \/>\u00a0<a href=\"https:\/\/www.unisantos.br\/observacbhbs\/artigos-cientificos\/\"><strong>Material para aprofundamento<\/strong><\/a><\/p>\n<p><strong><img loading=\"lazy\" decoding=\"async\" class=\"alignnone wp-image-708\" src=\"http:\/\/www.unisantos.br\/observacbhbs\/wp-content\/uploads\/sites\/19\/2022\/06\/icones-pequenos-observatorio_duvida-1.png\" alt=\"\" width=\"34\" height=\"34\" \/>\u00a0Tire suas d\u00favidas pelo e-mail ipeci@unisantos.br<\/strong><\/p>\n<p>&nbsp;<\/p>\n","protected":false},"excerpt":{"rendered":"<p>O Portal Educacional Observat\u00f3rio da \u00c1gua disponibiliza o curso de atualiza\u00e7\u00e3o Observat\u00f3rio da \u00c1gua\u00a0online com acesso livre. S\u00e3o nove m\u00f3dulos, [&hellip;]<\/p>\n","protected":false},"author":1,"featured_media":0,"parent":0,"menu_order":0,"comment_status":"closed","ping_status":"closed","template":"","meta":{"footnotes":""},"_links":{"self":[{"href":"https:\/\/www.unisantos.br\/observacbhbs\/wp-json\/wp\/v2\/pages\/9"}],"collection":[{"href":"https:\/\/www.unisantos.br\/observacbhbs\/wp-json\/wp\/v2\/pages"}],"about":[{"href":"https:\/\/www.unisantos.br\/observacbhbs\/wp-json\/wp\/v2\/types\/page"}],"author":[{"embeddable":true,"href":"https:\/\/www.unisantos.br\/observacbhbs\/wp-json\/wp\/v2\/users\/1"}],"replies":[{"embeddable":true,"href":"https:\/\/www.unisantos.br\/observacbhbs\/wp-json\/wp\/v2\/comments?post=9"}],"version-history":[{"count":119,"href":"https:\/\/www.unisantos.br\/observacbhbs\/wp-json\/wp\/v2\/pages\/9\/revisions"}],"predecessor-version":[{"id":737,"href":"https:\/\/www.unisantos.br\/observacbhbs\/wp-json\/wp\/v2\/pages\/9\/revisions\/737"}],"wp:attachment":[{"href":"https:\/\/www.unisantos.br\/observacbhbs\/wp-json\/wp\/v2\/media?parent=9"}],"curies":[{"name":"wp","href":"https:\/\/api.w.org\/{rel}","templated":true}]}}