{"id":7,"date":"2021-04-08T10:28:26","date_gmt":"2021-04-08T13:28:26","guid":{"rendered":"https:\/\/www.unisantos.br\/observacbhbs\/?page_id=7"},"modified":"2021-09-09T00:33:00","modified_gmt":"2021-09-09T03:33:00","slug":"projetos-fehidro-unisantos-svsl","status":"publish","type":"page","link":"https:\/\/www.unisantos.br\/observacbhbs\/projetos-fehidro-unisantos-svsl\/","title":{"rendered":"Projetos Fehidro UniSantos\/SVSL"},"content":{"rendered":"<p>\u2022 <strong>Diagn\u00f3stico da Varia\u00e7\u00e3o do N\u00edvel Relativo do Mar e seu Impacto no Estu\u00e1rio do Rio Itanha\u00e9m (SP)<\/strong><br \/>\n<em>Respons\u00e1vel t\u00e9cnica: Prof\u00aa. Esp. Angela Maria Gon\u00e7alves Frig\u00e9rio<\/em><br \/>\nO estudo proposto surgiu a partir da necessidade de se ampliar o conhecimento t\u00e9cnico-cient\u00edfico sobre o impacto da eleva\u00e7\u00e3o n\u00edvel do mar na \u00e1rea do litoral Centro-Sul do Estado de S\u00e3o Paulo, inserido na \u00e1rea da Regi\u00e3o Metropolitana da Baixada Santista.<br \/>\n<a href=\"https:\/\/www.unisantos.br\/observacbhbs\/diagnostico-da-variacao-do-nivel-relativo-do-mar-e-impacto-no-estuario-do-rio-itanhaem\/\"><strong>Leia mais<\/strong><\/a><\/p>\n<p>\u2022 <strong>Monitoramento de Par\u00e2metros de Qualidade de \u00c1gua em Canais de Santos<\/strong><br \/>\n<em>Respons\u00e1vel t\u00e9cnico: Prof. Dr. Hirochi Yamamura<\/em><br \/>\nEste projeto prop\u00f5e a avalia\u00e7\u00e3o e monitoramento de par\u00e2metros de qualidade de \u00e1gua presente em canais do Munic\u00edpio de Santos durante dezoito meses consecutivos.<br \/>\n<a href=\"https:\/\/www.unisantos.br\/observacbhbs\/monitoramento-de-parametros-de-qualidade-de-agua-em-canais-de-santos\/\"><strong>Leia mais<\/strong><\/a><\/p>\n<p>\u2022 <strong>Curso de Capacita\u00e7\u00e3o Observat\u00f3rio da \u00c1gua<\/strong><br \/>\n<em>Respons\u00e1vel t\u00e9cnica: Prof\u00aa. Dr\u00aa. Lourdes Concei\u00e7\u00e3o Martins<\/em><br \/>\nEste projeto prev\u00ea a cria\u00e7\u00e3o de um observat\u00f3rio da \u00e1gua, por meio do qual ser\u00e3o realizados cursos de capacita\u00e7\u00e3o na modalidade de Ensino a Dist\u00e2ncia (EaD) sobre o tema e sua import\u00e2ncia.<br \/>\n<a href=\"https:\/\/www.unisantos.br\/observacbhbs\/curso-de-capacitacao-observatorio-da-agua-2\/\"><strong>Leia mais<\/strong><\/a><\/p>\n<p>\u2022 <strong>Avalia\u00e7\u00e3o da Presen\u00e7a de Cafe\u00edna e de Hidrocarbonetos Poliarom\u00e1ticos nas \u00c1guas Superficiais do Estu\u00e1rio de Santos: Marcadores de polui\u00e7\u00e3o difusa de origens dom\u00e9stica e industrial<\/strong><br \/>\n<em>Respons\u00e1vel t\u00e9cnico: Prof. Dr. Hirochi Yamamura<\/em><br \/>\nEste projeto prop\u00f5e a avalia\u00e7\u00e3o da presen\u00e7a de cafe\u00edna e de hidrocarbonetos poliarom\u00e1ticos, HPAs, na \u00e1gua superficial do estu\u00e1rio de Santos durante doze meses consecutivos.<br \/>\n<a href=\"https:\/\/www.unisantos.br\/observacbhbs\/avaliacao-da-presenca-de-cafeina-e-hidrocarbonetos-poliaromaticos-nas-aguas-superficiais-do-estuario-de-santos\/\"><strong>Leia mais<\/strong><\/a><\/p>\n<p>\u2022 <strong>Avalia\u00e7\u00e3o e Monitoramento de Disponibilidade H\u00eddrica Subterr\u00e2nea na Baixada Santista Usando M\u00e9todos Geof\u00edsicos<\/strong><br \/>\n<em>Respons\u00e1vel t\u00e9cnico: Prof. Dr. Oleg Bokhonok<\/em><br \/>\nEm fun\u00e7\u00e3o das demandas atuais e futuras de \u00e1gua na Baixada Santista, prop\u00f5e-se delimitar e monitorar as \u00e1reas em que \u00e9 poss\u00edvel realizar capta\u00e7\u00e3o de \u00e1gua, por meio de m\u00e9todos geof\u00edsicos e hidrogeol\u00f3gicos.<br \/>\n<a href=\"https:\/\/www.unisantos.br\/observacbhbs\/avaliacao-e-monitoramento-de-disponibilidade-hidrica-subterranea-na-baixada-santista-usando-metodos-geofisicos\/\"><strong>Leia mais<\/strong><\/a><\/p>\n<p>\u2022 <strong>I F\u00f3rum de Pol\u00edticas P\u00fablicas sobre Recursos H\u00eddricos: Experi\u00eancias internacionais em gest\u00e3o e a implementa\u00e7\u00e3o do plano de bacias h\u00eddricas da Baixada Santista<\/strong><br \/>\n<em>Respons\u00e1vel t\u00e9cnica: Prof\u00aa. Dr\u00aa. Maria Luiza Machado Granziera<\/em><br \/>\nO f\u00f3rum discute as poss\u00edveis formas de articula\u00e7\u00e3o institucional entre os v\u00e1rios \u00f3rg\u00e3os e entidades p\u00fablicas e privadas, no \u00e2mbito da implementa\u00e7\u00e3o do Plano de Bacia Hidrogr\u00e1fica da Baixada Santista 2016-2027.<br \/>\n<a href=\"https:\/\/www.unisantos.br\/observacbhbs\/i-forum-de-politicas-publicas-sobre-recursos-hidricos\/\"><strong>Leia mais<\/strong><\/a><\/p>\n<p>\u2022 <strong>I Congresso de Recursos H\u00eddricos da Baixada Santista<\/strong><br \/>\n<em>Respons\u00e1vel t\u00e9cnica: Prof\u00aa. Dr\u00aa. Lourdes Concei\u00e7\u00e3o Martins<\/em><br \/>\nNo congresso, ser\u00e3o discutidos os planos municipais, estaduais e federais de Saneamento B\u00e1sico e o Plano da Bacia Hidrogr\u00e1fica da Baixada Santista, apresentados projetos financiados pelo Fehidro na Regi\u00e3o Metropolitana da Baixada Santista, al\u00e9m da constru\u00e7\u00e3o de uma rede nacional de recursos h\u00eddricos.<br \/>\n<strong><a href=\"https:\/\/www.unisantos.br\/observacbhbs\/i-congresso-de-recursos-hidricos-da-baixada-santista\/\">Leia mais<\/a><\/strong><\/p>\n<p>\u2022 <strong>Monitoramento da Polui\u00e7\u00e3o Difusa nas Fontes de Corpos de \u00c1gua dos Rios Cubat\u00e3o, Jurubatuba e Ilha Barnab\u00e9<\/strong><br \/>\n<em>Respons\u00e1vel t\u00e9cnico: Prof. Dr. Hirochi Yamamura<\/em><br \/>\nEste projeto tem como finalidade identificar, por meio de an\u00e1lises qu\u00edmicas, os principais agentes poluentes nesses rios e propor, assim, uma forma de monitoramento desses materiais.<br \/>\n<a href=\"https:\/\/www.unisantos.br\/observacbhbs\/monitoramento-da-poluicao-difusa-nas-fontes-de-corpos-de-agua-dos-rios-cubatao-jurubatuba-e-ilha-barnabe\/\"><strong>Leia mais<\/strong><\/a><\/p>\n<p>\u2022 <strong>Prospec\u00e7\u00e3o Geof\u00edsica de Recursos H\u00eddricos Subterr\u00e2neos em Comunidades Isoladas na Regi\u00e3o de Baixada Santista<\/strong><br \/>\n<em>Respons\u00e1vel t\u00e9cnico: Prof. Dr. Oleg Bokhonok<\/em><br \/>\nNeste projeto, a proposta \u00e9 identificar e cadastrar as \u00e1reas em que vivem as comunidades isoladas na Bacia Hidrogr\u00e1fica da Baixada Santista e realizar a prospec\u00e7\u00e3o geof\u00edsica de recursos h\u00eddricos.<br \/>\n<a href=\"https:\/\/www.unisantos.br\/observacbhbs\/prospeccao-geofisica-de-recursos-hidricos-subterraneos-em-comunidades-isoladas-na-regiao-de-baixada-santista\/\"><strong>Leia mais<\/strong><\/a><\/p>\n<p>\u2022 <strong>Workshop Preven\u00e7\u00e3o e Controle do Lixo no Mar: perspectivas no gerenciamento de recursos h\u00eddricos e saneamento na Regi\u00e3o Metropolitana da Baixada Santista<\/strong><br \/>\n<em>Respons\u00e1vel t\u00e9cnico: Prof. Dr. Fl\u00e1vio de Miranda Ribeiro<\/em><br \/>\nO workshop discute as diretrizes especificadas no Plano Nacional de Combate ao Lixo no Mar e no Plano Regional de Gest\u00e3o Integrada dos Res\u00edduos S\u00f3lidos da Baixada Santista.<br \/>\n<a href=\"https:\/\/www.unisantos.br\/observacbhbs\/workshop-prevencao-e-controle-do-lixo-no-mar\/\"><strong>Leia mais<\/strong><\/a><\/p>\n<p>\u2022\u00a0<strong>Curso de Forma\u00e7\u00e3o de Agentes Multiplicadores de Educa\u00e7\u00e3o Ambiental: Webs\u00e9rie Infantil da \u00c1gua<\/strong><br \/>\n<em>Coordenadora cient\u00edfica: Prof\u00aa. Me. Isabela Wippich Jorge Nocetti<\/em><br \/>\nUtilizar uma webs\u00e9rie sobre a \u00e1gua como recurso de comunica\u00e7\u00e3o online voltado a um conte\u00fado espec\u00edfico potencializar\u00e1 as possibilidades de se atingir estudantes de Ensino Fundamental, bem como seus pais.<br \/>\n<a href=\"https:\/\/www.unisantos.br\/observacbhbs\/curso-de-formacao-de-agentes-multiplicadores-de-educacao-ambiental-webserie-infantil-da-agua\/\"><strong>Leia mais<\/strong><\/a><\/p>\n<p>\u2022\u00a0<strong>Ag\u00eancia de Not\u00edcias da \u00c1gua\u00a0<\/strong><br \/>\n<em>Coordenador Cient\u00edfico: Prof. Me Paulo Roberto B\u00f6rnsen Vibiam<\/em><br \/>\nA ag\u00eancia disponibilizar\u00e1 conte\u00fado por meio de um site que abrigar\u00e1 o servi\u00e7o de difus\u00e3o de not\u00edcias e pautas para as m\u00eddias impressa e eletr\u00f4nica sobre os assuntos de interesse na \u00e1rea.<br \/>\n<a href=\"https:\/\/www.unisantos.br\/observacbhbs\/agencia-de-noticias-da-agua\/\"><strong>Leia mais<\/strong><\/a><\/p>\n<p><a href=\"http:\/\/www.cbhbs.com.br\/index.php\/projetos-fehidro\/\" target=\"_blank\" rel=\"noopener\"><em><strong>Confira aqui os demais projetos <\/strong><strong>desenvolvidos por outros tomadores<\/strong><strong> com recurso do Fehidro\u00a0<\/strong><strong>na RMBS<\/strong><\/em><\/a><\/p>\n","protected":false},"excerpt":{"rendered":"<p>\u2022 Diagn\u00f3stico da Varia\u00e7\u00e3o do N\u00edvel Relativo do Mar e seu Impacto no Estu\u00e1rio do Rio Itanha\u00e9m (SP) Respons\u00e1vel t\u00e9cnica: [&hellip;]<\/p>\n","protected":false},"author":1,"featured_media":0,"parent":0,"menu_order":0,"comment_status":"closed","ping_status":"closed","template":"","meta":{"footnotes":""},"_links":{"self":[{"href":"https:\/\/www.unisantos.br\/observacbhbs\/wp-json\/wp\/v2\/pages\/7"}],"collection":[{"href":"https:\/\/www.unisantos.br\/observacbhbs\/wp-json\/wp\/v2\/pages"}],"about":[{"href":"https:\/\/www.unisantos.br\/observacbhbs\/wp-json\/wp\/v2\/types\/page"}],"author":[{"embeddable":true,"href":"https:\/\/www.unisantos.br\/observacbhbs\/wp-json\/wp\/v2\/users\/1"}],"replies":[{"embeddable":true,"href":"https:\/\/www.unisantos.br\/observacbhbs\/wp-json\/wp\/v2\/comments?post=7"}],"version-history":[{"count":36,"href":"https:\/\/www.unisantos.br\/observacbhbs\/wp-json\/wp\/v2\/pages\/7\/revisions"}],"predecessor-version":[{"id":555,"href":"https:\/\/www.unisantos.br\/observacbhbs\/wp-json\/wp\/v2\/pages\/7\/revisions\/555"}],"wp:attachment":[{"href":"https:\/\/www.unisantos.br\/observacbhbs\/wp-json\/wp\/v2\/media?parent=7"}],"curies":[{"name":"wp","href":"https:\/\/api.w.org\/{rel}","templated":true}]}}