{"id":607,"date":"2021-10-15T00:11:04","date_gmt":"2021-10-15T03:11:04","guid":{"rendered":"https:\/\/www.unisantos.br\/observacbhbs\/?page_id=607"},"modified":"2023-09-16T00:18:06","modified_gmt":"2023-09-16T03:18:06","slug":"i-congresso-de-recursos-hidricos","status":"publish","type":"page","link":"https:\/\/www.unisantos.br\/observacbhbs\/eventos-cientificos\/i-congresso-de-recursos-hidricos\/","title":{"rendered":"I Congresso de Recursos H\u00eddricos"},"content":{"rendered":"<p><strong>20\/09\/2021<\/strong><\/p>\n<p><a href=\"https:\/\/youtu.be\/9rqLaWWm9CI\" target=\"_blank\" rel=\"noopener\"><strong>O Plano de Bacia Hidrogr\u00e1fica como instrumento das Pol\u00edticas de Recursos H\u00eddricos e o Fortalecimento da Capacidade de Preven\u00e7\u00e3o e Gest\u00e3o de crises h\u00eddricas por parte do Estado de S\u00e3o Paulo<\/strong><\/a><\/p>\n<p><a href=\"https:\/\/youtu.be\/Gx2xcHVDHrA\" target=\"_blank\" rel=\"noopener\"><strong>A Qualidade das \u00c1guas, Tratamento dos Efluentes, Balneabilidade e Lixo Urbano na Baixada Santista<\/strong><\/a><\/p>\n<p><strong>21\/09\/2021<\/strong><\/p>\n<p><a href=\"https:\/\/www.youtube.com\/watch?v=v-CR6pc3xhg\" target=\"_blank\" rel=\"noopener\"><strong>O Novo Marco Legal do Saneamento e Suas Interfaces com o Plano Estadual de Recursos H\u00eddricos<\/strong><\/a><\/p>\n<p><a href=\"https:\/\/www.youtube.com\/watch?v=Qbh3O-8Icp4\" target=\"_blank\" rel=\"noopener\"><strong>Apresenta\u00e7\u00e3o de P\u00f4ster<\/strong><\/a><\/p>\n<p><a href=\"https:\/\/www.youtube.com\/watch?v=5LlAjZpdIC4\" target=\"_blank\" rel=\"noopener\"><strong>Os Planos Municipais de Saneamento B\u00e1sico Versus o de Bacias Hidrogr\u00e1ficas: O Estado da Arte<\/strong><\/a><\/p>\n<p><a href=\"https:\/\/www.youtube.com\/watch?v=ONK7-SdaUdk\" target=\"_blank\" rel=\"noopener\"><strong>Apresenta\u00e7\u00e3o de Trabalhos<\/strong><\/a><\/p>\n<p><strong>22\/09\/2021<\/strong><\/p>\n<p><strong><a href=\"https:\/\/youtu.be\/_EhyiSpWAEc\" target=\"_blank\" rel=\"noopener\">\u00c1gua \u00e9 Sa\u00fade: Mananciais subterr\u00e2neos e a vigil\u00e2ncia da qualidade da \u00e1gua na Regi\u00e3o da BS<\/a><\/strong><\/p>\n<p><a href=\"https:\/\/youtu.be\/u9wolmB68_U\" target=\"_blank\" rel=\"noopener\"><strong>Apresenta\u00e7\u00e3o de P\u00f4ster<\/strong><\/a><\/p>\n<p><a href=\"https:\/\/youtu.be\/aQk9k85DcuE\" target=\"_blank\" rel=\"noopener\"><strong>Principais Usos das \u00c1guas e o Enquadramento dos Rios<\/strong><\/a><\/p>\n<p><a href=\"https:\/\/youtu.be\/QAdagyoSU34\" target=\"_blank\" rel=\"noopener\"><strong>Apresenta\u00e7\u00e3o de Trabalhos<\/strong><\/a><\/p>\n<div>\n<p><strong>23\/09\/2021<\/strong><\/p>\n<p><a href=\"https:\/\/youtu.be\/vcerj7_liq4\" target=\"_blank\" rel=\"noopener\"><strong>Impacto da Qualidade da \u00c1gua na Sa\u00fade da Popula\u00e7\u00e3o \u2013 Minist\u00e9rio da Sa\u00fade &#8211; Vigiagua<\/strong><\/a><\/p>\n<p><a href=\"https:\/\/youtu.be\/I2J9HUBmqHU\" target=\"_blank\" rel=\"noopener\"><strong>Apresenta\u00e7\u00e3o de P\u00f4ster<\/strong><\/a><\/p>\n<p><a href=\"https:\/\/youtu.be\/l2aahy2kDds\" target=\"_blank\" rel=\"noopener\"><strong>Geotecnologias e An\u00e1lise Espacial no Manejo de Planos de Bacias Hidrogr\u00e1ficas<\/strong><\/a><\/p>\n<p><a href=\"https:\/\/youtu.be\/vt9fPOeloc8\" target=\"_blank\" rel=\"noopener\"><strong>Apresenta\u00e7\u00e3o de Trabalhos<\/strong><\/a><\/p>\n<\/div>\n<div><\/div>\n","protected":false},"excerpt":{"rendered":"<p>20\/09\/2021 O Plano de Bacia Hidrogr\u00e1fica como instrumento das Pol\u00edticas de Recursos H\u00eddricos e o Fortalecimento da Capacidade de Preven\u00e7\u00e3o [&hellip;]<\/p>\n","protected":false},"author":1,"featured_media":0,"parent":604,"menu_order":0,"comment_status":"closed","ping_status":"closed","template":"","meta":{"footnotes":""},"_links":{"self":[{"href":"https:\/\/www.unisantos.br\/observacbhbs\/wp-json\/wp\/v2\/pages\/607"}],"collection":[{"href":"https:\/\/www.unisantos.br\/observacbhbs\/wp-json\/wp\/v2\/pages"}],"about":[{"href":"https:\/\/www.unisantos.br\/observacbhbs\/wp-json\/wp\/v2\/types\/page"}],"author":[{"embeddable":true,"href":"https:\/\/www.unisantos.br\/observacbhbs\/wp-json\/wp\/v2\/users\/1"}],"replies":[{"embeddable":true,"href":"https:\/\/www.unisantos.br\/observacbhbs\/wp-json\/wp\/v2\/comments?post=607"}],"version-history":[{"count":10,"href":"https:\/\/www.unisantos.br\/observacbhbs\/wp-json\/wp\/v2\/pages\/607\/revisions"}],"predecessor-version":[{"id":1197,"href":"https:\/\/www.unisantos.br\/observacbhbs\/wp-json\/wp\/v2\/pages\/607\/revisions\/1197"}],"up":[{"embeddable":true,"href":"https:\/\/www.unisantos.br\/observacbhbs\/wp-json\/wp\/v2\/pages\/604"}],"wp:attachment":[{"href":"https:\/\/www.unisantos.br\/observacbhbs\/wp-json\/wp\/v2\/media?parent=607"}],"curies":[{"name":"wp","href":"https:\/\/api.w.org\/{rel}","templated":true}]}}