{"id":604,"date":"2021-10-15T00:08:13","date_gmt":"2021-10-15T03:08:13","guid":{"rendered":"https:\/\/www.unisantos.br\/observacbhbs\/?page_id=604"},"modified":"2023-09-16T00:32:07","modified_gmt":"2023-09-16T03:32:07","slug":"eventos-cientificos","status":"publish","type":"page","link":"https:\/\/www.unisantos.br\/observacbhbs\/eventos-cientificos\/","title":{"rendered":"Eventos Cient\u00edficos"},"content":{"rendered":"<p><a href=\"https:\/\/www.unisantos.br\/forumrecursoshidricos\/\" rel=\"noopener\">I F\u00f3rum de Pol\u00edticas P\u00fablicas sobre Recursos H\u00eddricos<\/a><\/p>\n","protected":false},"excerpt":{"rendered":"<p>I F\u00f3rum de Pol\u00edticas P\u00fablicas sobre Recursos H\u00eddricos<\/p>\n","protected":false},"author":1,"featured_media":0,"parent":0,"menu_order":0,"comment_status":"closed","ping_status":"closed","template":"","meta":{"footnotes":""},"_links":{"self":[{"href":"https:\/\/www.unisantos.br\/observacbhbs\/wp-json\/wp\/v2\/pages\/604"}],"collection":[{"href":"https:\/\/www.unisantos.br\/observacbhbs\/wp-json\/wp\/v2\/pages"}],"about":[{"href":"https:\/\/www.unisantos.br\/observacbhbs\/wp-json\/wp\/v2\/types\/page"}],"author":[{"embeddable":true,"href":"https:\/\/www.unisantos.br\/observacbhbs\/wp-json\/wp\/v2\/users\/1"}],"replies":[{"embeddable":true,"href":"https:\/\/www.unisantos.br\/observacbhbs\/wp-json\/wp\/v2\/comments?post=604"}],"version-history":[{"count":4,"href":"https:\/\/www.unisantos.br\/observacbhbs\/wp-json\/wp\/v2\/pages\/604\/revisions"}],"predecessor-version":[{"id":1204,"href":"https:\/\/www.unisantos.br\/observacbhbs\/wp-json\/wp\/v2\/pages\/604\/revisions\/1204"}],"wp:attachment":[{"href":"https:\/\/www.unisantos.br\/observacbhbs\/wp-json\/wp\/v2\/media?parent=604"}],"curies":[{"name":"wp","href":"https:\/\/api.w.org\/{rel}","templated":true}]}}