{"id":408,"date":"2021-05-17T07:58:42","date_gmt":"2021-05-17T10:58:42","guid":{"rendered":"https:\/\/www.unisantos.br\/observacbhbs\/?page_id=408"},"modified":"2026-03-23T16:46:08","modified_gmt":"2026-03-23T19:46:08","slug":"e-books","status":"publish","type":"page","link":"https:\/\/www.unisantos.br\/observacbhbs\/e-books\/","title":{"rendered":"E-Books"},"content":{"rendered":"<div class=\"wp-block-image\">\n<figure class=\"alignleft size-full\"><img loading=\"lazy\" decoding=\"async\" width=\"150\" height=\"156\" src=\"https:\/\/www.unisantos.br\/observacbhbs\/wp-content\/uploads\/sites\/19\/2026\/03\/Sem-titulo-2.jpg\" alt=\"\" class=\"wp-image-1758\"\/><\/figure><\/div>\n\n\n<p><strong>\u2022 Preven\u00e7\u00e3o e Controle do Lixo no Mar na Regi\u00e3o Metropolitana da Baixada Santista<\/strong><br>Cleber Ferr\u00e3o Corr\u00eaa, Adriana Florentino de Souza, Mari\u00e2ngela Mendes Lomba Pinho (Orgs)<br>Leopoldianum, 2026<br>A obra, que traz experi\u00eancias e subs\u00eddios para a elabora\u00e7\u00e3o de um plano integrado de gest\u00e3o, nasce de um compromisso acad\u00eamico, institucional e social com um dos desafios ambientais mais complexos da contemporaneidade: o enfrentamento do lixo no mar a partir de uma perspectiva integrada, regionalizada e orientada por evid\u00eancias. <a href=\"https:\/\/www.unisantos.br\/wp-content\/uploads\/2026\/03\/Lixo-no-Mar-livro.pdf\" target=\"_blank\" rel=\"noreferrer noopener\"><strong>Fa\u00e7a o download<\/strong><\/a><\/p>\n\n\n<div class=\"wp-block-image\">\n<figure class=\"alignleft\"><img decoding=\"async\" src=\"https:\/\/www.unisantos.br\/wp-content\/uploads\/2023\/10\/WhatsApp-Image-2023-10-23-at-08.51.41.jpeg\" alt=\"\" class=\"wp-image-73189\"\/><\/figure><\/div>\n\n\n<p><strong>\u2022 Workshop Preven\u00e7\u00e3o e Controle do Lixo no Mar<\/strong><br>\nCleber Ferr\u00e3o Corr\u00eaa, Adriana Florentino de Souza, Flavio de Miranda Ribeiro (Orgs)<br>\nLeopoldianum, 2023<br>\nA publica\u00e7\u00e3o \u00e9 parte dos produtos gerados no projeto do Workshop Preven\u00e7\u00e3o e Controle do Lixo no Mar: perspectivas no gerenciamento dos recursos h\u00eddricos e saneamento&nbsp;na Regi\u00e3o Metropolitana da Baixada Santista. . Seu objetivo \u00e9 consolidar e divulgar as experi\u00eancias&nbsp;sobre o tema do lixo no mar reunidas previamente \u00e0 realiza\u00e7\u00e3o do workshop, com foco na Regi\u00e3o Metropolitana da Baixada&nbsp;Santista, de forma a criar subs\u00eddios \u00e0s discuss\u00f5es e debates a serem realizados. <a href=\"https:\/\/www.unisantos.br\/wp-content\/uploads\/2023\/08\/WORKSHOP-EBOOK-1.pdf\" target=\"_blank\" rel=\"noopener\"><strong>Fa\u00e7a o download<\/strong><\/a><\/p>\n\n\n<div class=\"wp-block-image\">\n<figure class=\"alignleft\"><a href=\"https:\/\/www.unisantos.br\/wp-content\/uploads\/2023\/08\/COLOQUIO-EBOOK-1.pdf\"><img decoding=\"async\" src=\"https:\/\/www.unisantos.br\/wp-content\/uploads\/2023\/08\/WhatsApp-Image-2023-08-14-at-15.49.48.jpeg\" alt=\"\" class=\"wp-image-72335\"\/><\/a><\/figure><\/div>\n\n\n<p><strong>\u2022 Col\u00f3quio Preven\u00e7\u00e3o e Controle do Lixo no Mar<\/strong><br>\nCleber Ferr\u00e3o Corr\u00eaa, Adriana Florentino de Souza, Flavio de Miranda Ribeiro (Orgs)<br>\nLeopoldianum, 2023<br>\nA publica\u00e7\u00e3o \u00e9 mais um&nbsp;fruto da parceria com o Comit\u00ea da Bacia Hidrogr\u00e1fica da Baixada Santista (CBH-BS) e refor\u00e7a a import\u00e2ncia das a\u00e7\u00f5es para o desenvolvimento sustent\u00e1vel, n\u00e3o apenas da&nbsp;Regi\u00e3o Metropolitana, mas de todo e qualquer territ\u00f3rio onde&nbsp;os preceitos, solu\u00e7\u00f5es e melhores pr\u00e1ticas aqui arroladas possam&nbsp;ser replicadas. <a href=\"https:\/\/www.unisantos.br\/wp-content\/uploads\/2023\/08\/COLOQUIO-EBOOK-1.pdf\" target=\"_blank\" rel=\"noopener\"><strong>Fa\u00e7a o download<\/strong><\/a><\/p>\n\n\n<div class=\"wp-block-image\">\n<figure class=\"alignleft\"><a href=\"https:\/\/www.unisantos.br\/wp-content\/uploads\/2022\/06\/ebook_anais_recursosHidricos-compactado.pdf\"><img decoding=\"async\" src=\"https:\/\/www.unisantos.br\/wp-content\/uploads\/2022\/06\/ebook_anais_recursosHidricos-compactado-1-150x150.jpg\" alt=\"\" class=\"wp-image-67014\"\/><\/a><\/figure><\/div>\n\n\n<p><strong>\u2022 Anais do I Congresso de Recursos H\u00eddricos da Regi\u00e3o Metropolitana da Baixada Santista<br>\n<\/strong>Lourdes Concei\u00e7\u00e3o Martins, Lilian Marques (Orgs)<br>\nLeopoldianum, 2022<br>\nO congresso teve como objetivos a&nbsp;apresenta\u00e7\u00e3o dos resultados obtidos pelos projetos financiados pelo CBH-BS,&nbsp;discutindo os planos municipais, estaduais e federais de saneamento b\u00e1sico e da&nbsp;Bacia Hidrogr\u00e1fica da Baixada Santista, UGRHI-7, promovendo a integra\u00e7\u00e3o&nbsp;entre os diferentes \u00f3rg\u00e3os que trabalham com recursos h\u00eddricos.&nbsp;<a href=\"https:\/\/www.unisantos.br\/wp-content\/uploads\/2022\/06\/ebook_anais_recursosHidricos-compactado.pdf\" target=\"_blank\" rel=\"noopener\"><strong>Fa\u00e7a o download<\/strong><\/a><\/p>\n\n\n<div class=\"wp-block-image\">\n<figure class=\"alignleft\"><a href=\"https:\/\/www.unisantos.br\/wp-content\/uploads\/2022\/06\/OBSERVATORIO-DA-AGUA-compactado-compactado.pdf\"><img loading=\"lazy\" decoding=\"async\" width=\"150\" height=\"150\" src=\"http:\/\/www.unisantos.br\/observacbhbs\/wp-content\/uploads\/sites\/19\/2022\/05\/OBSERVATORIO-DA-AGUA-1-150x150.jpg\" alt=\"\" class=\"wp-image-683\"\/><\/a><\/figure><\/div>\n\n\n<p><strong>\u2022 Observat\u00f3rio da \u00c1gua<br>\n<\/strong> Lourdes Concei\u00e7\u00e3o Martins, Adriana Florentino de Souza (Orgs)<br>\nLeopoldianum, 2022<br>\nA publica\u00e7\u00e3o \u00e9 fruto do Curso de Capacita\u00e7\u00e3o&nbsp;Observat\u00f3rio da \u00c1gua, desenvolvido pela UniSantos&nbsp;e financiado pelo Comit\u00ea da Bacia Hidrogr\u00e1fica da Baixada Santista (CBH-BS), com recursos do Fundo Estadual de Recursos H\u00eddricos (FEHIDRO).&nbsp;O curso de capacita\u00e7\u00e3o cumpre seus objetivos ao alcan\u00e7ar&nbsp;professores de toda RMBS, al\u00e9m de gestores p\u00fablicos e todos aqueles que tenham interesse&nbsp;na tem\u00e1tica. <a href=\"https:\/\/www.unisantos.br\/wp-content\/uploads\/2022\/06\/OBSERVATORIO-DA-AGUA-compactado-compactado.pdf\" target=\"_blank\" rel=\"noopener\"><strong>Fa\u00e7a o download<\/strong><\/a><\/p>\n\n\n<div class=\"wp-block-image\">\n<figure class=\"alignleft\"><a href=\"https:\/\/www.unisantos.br\/wp-content\/uploads\/2021\/09\/vf-publicacao-sima-unisantos.pdf\"><img decoding=\"async\" src=\"https:\/\/www.unisantos.br\/wp-content\/uploads\/2021\/09\/vf-publicacao-sima-unisantos-1-150x150.jpg\" alt=\"\" class=\"wp-image-61544\"\/><\/a><\/figure><\/div>\n\n\n<p><strong><\/strong><strong>\u2022 Instrumentos de Pol\u00edticas P\u00fablicas de Res\u00edduos S\u00f3lidos<br>\n<\/strong>Secretaria de Infraestrutura e Meio Ambiente e Universidade Cat\u00f3lica de Santos<br>\nLeopoldianum, 2021<br>\nResultado da parceria entre a UniSantos e a Secretaria de Infraestrutura e Meio Ambiente, a publica\u00e7\u00e3o traz resumos expandidos dos trabalhos elaborados pelos estudantes de P\u00f3s-Gradua\u00e7\u00e3o em Direito, al\u00e9m de cap\u00edtulos sobre os resultados da iniciativa e o contexto dos res\u00edduos s\u00f3lidos no Estado. <strong><b>Fa\u00e7a o <\/b><a href=\"https:\/\/www.unisantos.br\/wp-content\/uploads\/2021\/09\/vf-publicacao-sima-unisantos.pdf\" target=\"_blank\" rel=\"noopener\"><b>download<\/b><\/a><a href=\"https:\/\/www.unisantos.br\/wp-content\/uploads\/2021\/05\/IMUNIZA\u00c7\u00c3O.pdf\" target=\"_blank\" rel=\"noopener\"><b><br>\n<\/b><\/a><\/strong><\/p>\n\n\n<div class=\"wp-block-image\">\n<figure class=\"alignleft\"><a href=\"https:\/\/www.unisantos.br\/wp-content\/uploads\/2021\/03\/governanca-global-2021-e-book.pdf\"><img decoding=\"async\" src=\"https:\/\/www.unisantos.br\/wp-content\/uploads\/2021\/03\/governanca-global-2021-e-book-1-150x150.jpg\" alt=\"\" class=\"wp-image-58064\"\/><\/a><\/figure><\/div>\n\n\n<p><strong>\u2022&nbsp;Governan\u00e7a Global \u2013 Desafios e Complexidades<br>\n<\/strong>Alcindo Gon\u00e7alves, Daniel Freire, Fernando Rei (Orgs.)<br>\nLeopoldianum, 2021<br>\nObra do Grupo de Pesquisa Governan\u00e7a Global e Regimes Internacionais, da P\u00f3s-Gradua\u00e7\u00e3o <em>Stricto Sensu<\/em> em Direito da UniSantos. O livro aborda importantes aspectos do Direito, tratados sob a \u00f3tica da governan\u00e7a e dos regimes internacionais.&nbsp;<b>Fa\u00e7a o <\/b><a href=\"https:\/\/www.unisantos.br\/wp-content\/uploads\/2021\/03\/governanca-global-2021-e-book.pdf\" target=\"_blank\" rel=\"noopener\"><b>download<\/b><\/a><\/p>\n\n\n<div class=\"wp-block-image\">\n<figure class=\"alignleft\"><a href=\"https:\/\/www.unisantos.br\/wp-content\/uploads\/2020\/11\/PARADIPLOMACIA-COMPLETO-VERSAO-EBOOK2.pdf\"><img decoding=\"async\" src=\"https:\/\/www.unisantos.br\/wp-content\/uploads\/2020\/11\/PARADIPLOMACIA-COMPLETO-VERSAO-EBOOK-1-150x150.jpg\" alt=\"\" class=\"wp-image-56917\"\/><\/a><\/figure><\/div>\n\n\n<p><strong>\u2022 Paradiplomacia Ambiental: <em>Environmental Paradiplomacy<\/em> &#8211; Agenda 2030<br>\n<\/strong>Fernando Rei, Maria Luiza Machado Granziera, Alcindo Gon\u00e7alves (Orgs.)<br>\nLeopoldianum, 2020<br>\nEsta obra trilingue foi inspirada pelas caracter\u00edsticas universais e transformadoras dos 17 Objetivos do Desenvolvimento Sustent\u00e1vel (ODS) da Organiza\u00e7\u00e3o das Na\u00e7\u00f5es Unidas, particularmente importantes para pol\u00edticas p\u00fablicas.&nbsp;<b>Fa\u00e7a o <a href=\"https:\/\/www.unisantos.br\/wp-content\/uploads\/2020\/11\/PARADIPLOMACIA-COMPLETO-VERSAO-EBOOK2.pdf\" target=\"_blank\" rel=\"noopener\">download<\/a><\/b><\/p>\n\n\n<div class=\"wp-block-image\">\n<figure class=\"alignleft\"><a href=\"https:\/\/www.unisantos.br\/wp-content\/uploads\/2020\/02\/ANAIS-DO-II-CONGRESSO-MULTIDISCIPLINAR-DE-SA\u00daDE-DA-BAIXADA-SANTISTA.pdf\" target=\"_blank\" rel=\"noopener\"><img decoding=\"async\" src=\"https:\/\/www.unisantos.br\/wp-content\/uploads\/2019\/11\/ANAIS-DO-II-CONGRESSO-MULTIDISCIPLINAR-DE-SA\u00daDE-DA-BAIXADA-SANTISTA-1-150x150.jpg\" alt=\"\" class=\"wp-image-50898\"\/><\/a><\/figure><\/div>\n\n\n<p><strong>\u2022&nbsp;Anais do II Congresso Multidisciplinar de Sa\u00fade da Baixada Santista:&nbsp;Tecnologia e inova\u00e7\u00e3o na Sa\u00fade<\/strong><br>\nLourdes Concei\u00e7\u00e3o Martins (Org)<br>\nLeopoldianum, 2019<br>\nO evento discutiu tecnologia e inova\u00e7\u00e3o nas diferentes \u00e1reas da sa\u00fade, demonstrando que a tecnologia envolve temas d\u00edspares, mas&nbsp;que convergem para um \u00fanico objetivo, que \u00e9 a melhoria da sa\u00fade da popula\u00e7\u00e3o com o uso de novas tecnologias.&nbsp;<strong>Fa\u00e7a o&nbsp;<\/strong><a href=\"https:\/\/www.unisantos.br\/wp-content\/uploads\/2020\/02\/ANAIS-DO-II-CONGRESSO-MULTIDISCIPLINAR-DE-SA\u00daDE-DA-BAIXADA-SANTISTA.pdf\"><strong>download<\/strong><\/a><\/p>\n\n\n<div class=\"wp-block-image\">\n<figure class=\"alignleft\"><a href=\"https:\/\/www.unisantos.br\/wp-content\/uploads\/2019\/10\/paradiplomacia-ambiental_ebook.pdf\" target=\"_blank\" rel=\"noopener\"><img decoding=\"async\" src=\"https:\/\/www.unisantos.br\/wp-content\/uploads\/2019\/10\/paradiplomacia-ambiental_ebook-1-150x150.jpg\" alt=\"\" class=\"wp-image-50396\"\/><\/a><\/figure><\/div>\n\n\n<p>\u2022<strong> Paradiplomacia Ambiental &#8211; <em>Environmental Paradiplomacy<\/em><\/strong><br>\nFernando Rei, Maria Luiza Machado Granziera e Alcindo Gon\u00e7alves (Orgs)<br>\nLeopoldianum, 2019<br>\nA obra destaca&nbsp;as discuss\u00f5es sobre os problemas paradiplom\u00e1ticos que enfraquecem a percep\u00e7\u00e3o da legitimidade e efic\u00e1cia dos esfor\u00e7os ambientais, e explora os pap\u00e9is dos governos locais e subnacionais e suas redes na din\u00e2mica da governan\u00e7a ambiental global.&nbsp;<strong>Fa\u00e7a o&nbsp;<\/strong><a href=\"https:\/\/www.unisantos.br\/wp-content\/uploads\/2019\/10\/paradiplomacia-ambiental_ebook.pdf\" target=\"_blank\" rel=\"noopener\"><strong>download<\/strong><\/a><\/p>\n\n\n<div class=\"wp-block-image\">\n<figure class=\"alignleft\"><a href=\"https:\/\/www.unisantos.br\/wp-content\/uploads\/2018\/10\/ANAIS-2018.pdf\" target=\"_blank\" rel=\"noopener\"><img decoding=\"async\" src=\"https:\/\/www.unisantos.br\/wp-content\/uploads\/2018\/10\/ANAIS-2018-1-150x150.jpg\" alt=\"\" class=\"wp-image-43916\"\/><\/a><\/figure><\/div>\n\n\n<p><strong>\u2022&nbsp;Anais do V Congresso Internacional de Direito Ambiental Internacional<br>\n<\/strong>Maria Luiza Machado Granziera e Fernando Rei (Orgs)<br>\nLeopoldianum, 2018<br>\nO leitor encontrar\u00e1 trabalhos de diversas regi\u00f5es do Pa\u00eds, da Europa e das Am\u00e9ricas, avaliados por pesquisadores&nbsp;de universidades do Brasil e do exterior, que se debru\u00e7am na&nbsp;an\u00e1lise de quest\u00f5es complexas relacionadas a problemas ambientais estrat\u00e9gicos atuais, a partir do estudo de contextos&nbsp;hist\u00f3ricos e geogr\u00e1ficos espec\u00edficos e da din\u00e2mica de regimes&nbsp;internacionais.&nbsp;<strong>Fa\u00e7a o <a href=\"https:\/\/www.unisantos.br\/wp-content\/uploads\/2018\/10\/ANAIS-2018.pdf\" target=\"_blank\" rel=\"noopener\">download<\/a><\/strong><\/p>\n\n\n<div class=\"wp-block-image\">\n<figure class=\"alignleft\"><a href=\"https:\/\/www.unisantos.br\/wp-content\/uploads\/2018\/10\/anais-saude-2018.pdf\" target=\"_blank\" rel=\"noopener\"><img decoding=\"async\" src=\"https:\/\/www.unisantos.br\/wp-content\/uploads\/2018\/10\/anais-saude-2018-1-150x150.jpg\" alt=\"\" class=\"wp-image-43922\"\/><\/a><\/figure><\/div>\n\n\n<p><strong>\u2022&nbsp;Anais do I Simp\u00f3sio de Sa\u00fade Socioambiental da Baixada Santista: Sa\u00fade e<\/strong><br>\n<strong>meio ambiente na Baixada Santista<\/strong><br>\nLourdes Concei\u00e7\u00e3o Martins (Org)<br>\nLeopoldianum, 2018<br>\nNeste evento, foram debatidos os aspectos ligados a renda, migra\u00e7\u00e3o urbana, oferta de infraestrutura e fiscaliza\u00e7\u00e3o do poder publico sobre&nbsp;a qualidade do meio ambiente e seus impactos sobre a sa\u00fade da popula\u00e7\u00e3o&nbsp;residente na Baixada Santista.&nbsp;<strong>Fa\u00e7a o <a href=\"https:\/\/www.unisantos.br\/wp-content\/uploads\/2018\/10\/anais-saude-2018.pdf\" target=\"_blank\" rel=\"noopener\">download<\/a><\/strong><\/p>\n\n\n<div class=\"wp-block-image\">\n<figure class=\"alignleft\"><a href=\"http:\/\/www.unisantos.br\/wp-content\/uploads\/2018\/05\/anais-congresso-saude1.pdf\" target=\"_blank\" rel=\"noopener\"><img decoding=\"async\" src=\"https:\/\/www.unisantos.br\/wp-content\/uploads\/2018\/08\/anais-congresso-saude-1-150x150.jpg\" alt=\"\" class=\"wp-image-41997\"\/><\/a><\/figure><\/div>\n\n\n<p><strong>\u2022&nbsp;Anais do I Congresso Multidisciplinar de Sa\u00fade da Baixada Santista &#8211; Di\u00e1logos Intersetoriais da Sa\u00fade: A universidade sem muros para a sociedade<br>\n<\/strong>Lourdes Concei\u00e7\u00e3o Martins (Org)<br>\nLeopoldianum, 2018<br>\nNo congresso, foram discutidos importantes&nbsp;temas para a Baixada Santista como os acidentes ambientais, biomas e ambiente,&nbsp;mortalidade materna-infantil e doen\u00e7as infecto-contagiosas, dentre outros&nbsp;problemas prevalentes na regi\u00e3o.&nbsp;<strong>Fa\u00e7a o <a href=\"http:\/\/www.unisantos.br\/wp-content\/uploads\/2018\/05\/anais-congresso-saude1.pdf\" target=\"_blank\" rel=\"noopener\">download<\/a><\/strong><\/p>\n\n\n<div class=\"wp-block-image\">\n<figure class=\"alignleft\"><a href=\"https:\/\/www.unisantos.br\/wp-content\/uploads\/2016\/10\/DAI-2016.pdf\" target=\"_blank\" rel=\"noopener\"><img decoding=\"async\" src=\"https:\/\/www.unisantos.br\/wp-content\/uploads\/2018\/08\/DAI-2016-1-150x150.jpg\" alt=\"\" class=\"wp-image-42014\"\/><\/a><\/figure><\/div>\n\n\n<p><strong>\u2022&nbsp;Anais do IV Congresso Internacional de Direito Ambiental Internacional<br>\n<\/strong>Maria Luiza Machado Granziera, Fernando Rei (Orgs.)<br>\nLeopoldianum, 2016<br>\nNestes anais, o leitor encontrar\u00e1 trabalhos de diversas origens, avaliados por pesquisadores de universidades do Brasil e do exterior, que se debru\u00e7am na an\u00e1lise, mesmo que contida, de&nbsp;quest\u00f5es intrincadas e complexas relacionadas com problemas ambientais estrat\u00e9gicos atuais, a partir do estudo de contextos hist\u00f3ricos, geogr\u00e1ficos, sociais e jur\u00eddicos espec\u00edficos.&nbsp;<strong>Fa\u00e7am o <a href=\"http:\/\/www.unisantos.br\/wp-content\/uploads\/2016\/10\/DAI-2016.pdf\" target=\"_blank\" rel=\"noopener\">download<\/a><\/strong><\/p>\n\n\n<div class=\"wp-block-image\">\n<figure class=\"alignleft\"><a href=\"https:\/\/www.unisantos.br\/wp-content\/uploads\/2016\/09\/ENERGIA-E-MEIO-AMBIENTE.pdf\" target=\"_blank\" rel=\"noopener\"><img decoding=\"async\" src=\"https:\/\/www.unisantos.br\/wp-content\/uploads\/2018\/08\/ENERGIA-E-MEIO-AMBIENTE-1-150x150.jpg\" alt=\"\" class=\"wp-image-42023\"\/><\/a><\/figure><\/div>\n\n\n<p>\u2022 <strong>Energia e Meio Ambiente: Contribui\u00e7\u00f5es para o necess\u00e1rio di\u00e1logo<br>\n<\/strong>Maria Luiza Machado Granziera e Fernando Rei (Orgs.)<br>\nLeopoldianum, 2015<br>\nO Grupo de Pesquisa em Energia e Meio Ambiente, do Programa de P\u00f3s-Gradua\u00e7\u00e3o <em>Stricto Sensu<\/em> em Direito consolida e amplia \u00e1reas de interesse e projetos, confirmando a pluralidade e a qualidade da pesquisa e dos trabalhos.&nbsp;Foram selecionados trabalhos relacionados \u00e0s linhas de pesquisa Petr\u00f3leo e G\u00e1s, Energias Renov\u00e1veis e Media\u00e7\u00e3o de Conflitos Ambientais.&nbsp;<strong>Fa\u00e7a o <a href=\"http:\/\/www.unisantos.br\/wp-content\/uploads\/2016\/09\/ENERGIA-E-MEIO-AMBIENTE.pdf\" target=\"_blank\" rel=\"noopener\">download<\/a><\/strong><\/p>\n\n\n<div class=\"wp-block-image\">\n<figure class=\"alignleft\"><a href=\"http:\/\/www.unisantos.br\/wp-content\/uploads\/2018\/05\/ANAIS-DO-III-CONGRESSO-DE-DIREITO-2014.pdf\" target=\"_blank\" rel=\"noopener\"><img decoding=\"async\" src=\"https:\/\/www.unisantos.br\/wp-content\/uploads\/2018\/08\/ANAIS-DO-III-CONGRESSO-DE-DIREITO-2014-1-150x150.jpg\" alt=\"\" class=\"wp-image-42025\"\/><\/a><\/figure><\/div>\n\n\n<p><strong>\u2022&nbsp;Anais do III Congresso Internacional de Direito Ambiental Internacional<\/strong><br>\nMaria Lu\u00edza Machado Granziera e Fernando Rei (Orgs)<br>\nLeopoldianum, 2014<br>\nNestes Anais do Congresso, o leitor encontrar\u00e1 trabalhos de diversas regi\u00f5es do Pa\u00eds, avaliados por pesquisadores de universidades do Brasil e do exterior, que se debru\u00e7am na an\u00e1lise, mesmo que contida, de quest\u00f5es complexas relacionadas a problemas ambientais estrat\u00e9gicos atuais, a partir do estudo de contextos hist\u00f3ricos e geogr\u00e1ficos espec\u00edficos.&nbsp;<strong>Fa\u00e7a o&nbsp;<a href=\"http:\/\/www.unisantos.br\/wp-content\/uploads\/2018\/05\/ANAIS-DO-III-CONGRESSO-DE-DIREITO-2014.pdf\" target=\"_blank\" rel=\"noopener\">download<\/a><\/strong><\/p>\n\n\n<div class=\"wp-block-image\">\n<figure class=\"alignleft\"><a href=\"https:\/\/www.unisantos.br\/wp-content\/uploads\/2018\/08\/direito-ambiental-completo.pdf\" target=\"_blank\" rel=\"noopener\"><img decoding=\"async\" src=\"https:\/\/www.unisantos.br\/wp-content\/uploads\/2018\/08\/direito-ambiental-completo-1-150x150.jpg\" alt=\"\" class=\"wp-image-42047\"\/><\/a><\/figure><\/div>\n\n\n<p>\u2022&nbsp;<strong>Direito Ambiental &#8211;&nbsp;2\u00ba Congresso Internacional de Direito Ambiental Internacional<em><br>\n<\/em><\/strong>Ana Claudia Ribeiro Cardoso da Silva, Gilberto Marcos Ant\u00f4nio Rodrigues, Marcelo Lamy e Vladimir Garcia Magalh\u00e3es(Orgs.)<br>\nLeopoldianum, 2013<br>\nA Universidade Cat\u00f3lica de Santos&nbsp;desenvolve projetos que s\u00e3o refer\u00eancia ambiental no Pa\u00eds,&nbsp;como o \u00fanico programa de doutorado em Direito Ambiental Internacional da&nbsp;Am\u00e9rica Latina, e realizou a Agenda 21 de Cubat\u00e3o e a Agenda Ambiental do&nbsp;Porto de Santos.&nbsp;<strong>Fa\u00e7a o <a href=\"https:\/\/www.unisantos.br\/wp-content\/uploads\/2018\/08\/direito-ambiental-completo.pdf\" target=\"_blank\" rel=\"noopener\">download<\/a><\/strong><\/p>\n\n\n<div class=\"wp-block-image\">\n<figure class=\"alignleft\"><a href=\"http:\/\/www.unisantos.br\/wp-content\/uploads\/2018\/05\/A-EFETIVIDADE-DO-DIREITO-AMBIENTAL-E-A-GEST%C3%83O-DO-MEIO-AMBIENTE-NA-AMERICA-IBERICA-2012.pdf\" target=\"_blank\" rel=\"noopener\"><img decoding=\"async\" src=\"https:\/\/www.unisantos.br\/wp-content\/uploads\/2018\/08\/A-EFETIVIDADE-DO-DIREITO-AMBIENTAL-E-A-GEST\u00c3O-DO-MEIO-AMBIENTE-NA-AMERICA-IBERICA-2012-1-150x150.jpg\" alt=\"\" class=\"wp-image-42032\"\/><\/a><\/figure><\/div>\n\n\n<p><strong>\u2022&nbsp;A Efetividade do Direito Ambiental e a Gest\u00e3o do Meio Ambiente na Am\u00e9rica Ib\u00e9rica<br>\n<\/strong>Fernando Rei e Genaro Uribe (Orgs)<br>\nLeopoldianum, 2012<br>\nA obra \u00e9 resultado das confer\u00eancias do 2\u00ba. Congresso Internacional de Direito Ambiental Internacional da Cat\u00f3lica de Santos e do 3\u00ba. Congresso Internacional sobre Meio Ambiente e Direito Ambiental Atina 2012. Ela cont\u00e9m an\u00e1lises das quest\u00f5es relacionadas aos problemas ambientais contempor\u00e2neos, n\u00e3o s\u00f3 do ponto de vista regional, mas tamb\u00e9m no contexto mundial.&nbsp;<strong>Fa\u00e7a o&nbsp;<a href=\"http:\/\/www.unisantos.br\/wp-content\/uploads\/2018\/05\/A-EFETIVIDADE-DO-DIREITO-AMBIENTAL-E-A-GEST\u00c3O-DO-MEIO-AMBIENTE-NA-AMERICA-IBERICA-2012.pdf\" target=\"_blank\" rel=\"noopener\">download<\/a><\/strong><\/p>\n\n\n<div class=\"wp-block-image\">\n<figure class=\"alignleft\"><a href=\"http:\/\/www.unisantos.br\/wp-content\/uploads\/2018\/05\/ZONA-COSTEIRA-2012.pdf\" target=\"_blank\" rel=\"noopener\"><img decoding=\"async\" src=\"https:\/\/www.unisantos.br\/wp-content\/uploads\/2018\/08\/ZONA-COSTEIRA-2012-1-150x150.jpg\" alt=\"\" class=\"wp-image-42035\"\/><\/a><\/figure><\/div>\n\n\n<p><strong>\u2022&nbsp;Os Problemas da Zona Costeira no Brasil e no Mundo<br>\n<\/strong>Maria Lu\u00edza Machado Granziera e Alcindo Gon\u00e7alves (Orgs)<br>\nLeopoldianum, 2012<br>\nA obra abrange as diversas apresenta\u00e7\u00f5es de trabalhos e os debates que envolvem a prote\u00e7\u00e3o e a gest\u00e3o do meio marinho, realizados no 1\u00ba. Congresso de Direito Ambiental da Cat\u00f3lica de Santos e o 9\u00ba. Congresso do Magist\u00e9rio Superior de Direito Ambiental da Associa\u00e7\u00e3o dos Professores de Direito Ambiental do Brasil, em setembro de 2011.&nbsp;<strong>Fa\u00e7a o&nbsp;<a href=\"http:\/\/www.unisantos.br\/wp-content\/uploads\/2018\/05\/ZONA-COSTEIRA-2012.pdf\" target=\"_blank\" rel=\"noopener\">download<\/a><\/strong><\/p>\n\n\n<div class=\"wp-block-image\">\n<figure class=\"alignleft\"><a href=\"https:\/\/www.unisantos.br\/edul\/ebook\/politicaambiental\/\" target=\"_blank\" rel=\"noopener\"><img decoding=\"async\" src=\"https:\/\/www.unisantos.br\/wp-content\/uploads\/2018\/08\/politica-ambiental-150x138.jpg\" alt=\"\" class=\"wp-image-42042\"\/><\/a><\/figure><\/div>\n\n\n<p>\u2022&nbsp;<strong>Pol\u00edtica Ambiental, Negocia\u00e7\u00e3o de Conflitos e Sustentabilidade<\/strong><br>\n\u00cdcaro Aronovich da Cunha<br>\nLeopoldianum, 2008<br>\nO livro trata da evolu\u00e7\u00e3o da gest\u00e3o ambiental pelo enfoque do entendimento de conflitos ambientais, que contrap\u00f5em perspectivas dos diferentes grupos humanos para a utiliza\u00e7\u00e3o dos recursos ambientais. A&nbsp;hip\u00f3tese geral da pesquisa \u00e9 a de que o&nbsp;conflito ambiental pode ser trabalhado para que as energias a\u00ed presentes auxiliem a economia a girar num sentido mais sustent\u00e1vel.&nbsp;<strong>Fa\u00e7a o <a href=\"http:\/\/www.unisantos.br\/edul\/ebook\/politicaambiental\/\" target=\"_blank\" rel=\"noopener\">download<\/a><\/strong><\/p>\n","protected":false},"excerpt":{"rendered":"<p>\u2022 Preven\u00e7\u00e3o e Controle do Lixo no Mar na Regi\u00e3o Metropolitana da Baixada SantistaCleber Ferr\u00e3o Corr\u00eaa, Adriana Florentino de Souza, [&hellip;]<\/p>\n","protected":false},"author":1,"featured_media":0,"parent":0,"menu_order":0,"comment_status":"closed","ping_status":"closed","template":"","meta":{"footnotes":""},"_links":{"self":[{"href":"https:\/\/www.unisantos.br\/observacbhbs\/wp-json\/wp\/v2\/pages\/408"}],"collection":[{"href":"https:\/\/www.unisantos.br\/observacbhbs\/wp-json\/wp\/v2\/pages"}],"about":[{"href":"https:\/\/www.unisantos.br\/observacbhbs\/wp-json\/wp\/v2\/types\/page"}],"author":[{"embeddable":true,"href":"https:\/\/www.unisantos.br\/observacbhbs\/wp-json\/wp\/v2\/users\/1"}],"replies":[{"embeddable":true,"href":"https:\/\/www.unisantos.br\/observacbhbs\/wp-json\/wp\/v2\/comments?post=408"}],"version-history":[{"count":17,"href":"https:\/\/www.unisantos.br\/observacbhbs\/wp-json\/wp\/v2\/pages\/408\/revisions"}],"predecessor-version":[{"id":1760,"href":"https:\/\/www.unisantos.br\/observacbhbs\/wp-json\/wp\/v2\/pages\/408\/revisions\/1760"}],"wp:attachment":[{"href":"https:\/\/www.unisantos.br\/observacbhbs\/wp-json\/wp\/v2\/media?parent=408"}],"curies":[{"name":"wp","href":"https:\/\/api.w.org\/{rel}","templated":true}]}}