{"id":394,"date":"2021-05-17T00:57:03","date_gmt":"2021-05-17T03:57:03","guid":{"rendered":"https:\/\/www.unisantos.br\/observacbhbs\/?page_id=394"},"modified":"2021-05-17T01:00:12","modified_gmt":"2021-05-17T04:00:12","slug":"agencia-de-noticias-da-agua","status":"publish","type":"page","link":"https:\/\/www.unisantos.br\/observacbhbs\/agencia-de-noticias-da-agua\/","title":{"rendered":"Ag\u00eancia de Not\u00edcias da \u00c1gua"},"content":{"rendered":"<p><strong><img loading=\"lazy\" decoding=\"async\" class=\"alignright wp-image-397 size-large\" src=\"http:\/\/www.unisantos.br\/observacbhbs\/wp-content\/uploads\/sites\/19\/2021\/05\/agencia-1024x675.jpg\" alt=\"\" width=\"640\" height=\"422\" srcset=\"https:\/\/www.unisantos.br\/observacbhbs\/wp-content\/uploads\/sites\/19\/2021\/05\/agencia-1024x675.jpg 1024w, https:\/\/www.unisantos.br\/observacbhbs\/wp-content\/uploads\/sites\/19\/2021\/05\/agencia-300x198.jpg 300w, https:\/\/www.unisantos.br\/observacbhbs\/wp-content\/uploads\/sites\/19\/2021\/05\/agencia-768x506.jpg 768w, https:\/\/www.unisantos.br\/observacbhbs\/wp-content\/uploads\/sites\/19\/2021\/05\/agencia.jpg 1980w\" sizes=\"(max-width: 640px) 100vw, 640px\" \/>2020-BS-394<\/strong><\/p>\n<p><strong>1. RESUMO<\/strong><\/p>\n<p>Neste projeto prop\u00f5e-se a cria\u00e7\u00e3o de uma Ag\u00eancia de Not\u00edcias da \u00c1gua, sediada da Universidade Cat\u00f3lica de Santos, instalada no Laborat\u00f3rio de Reda\u00e7\u00e3o Jornal\u00edstica, e que disponibilizar\u00e1 conte\u00fado via digital, por meio de um site espec\u00edfico que abrigar\u00e1 o servi\u00e7o da ag\u00eancia noticiosa, para difundir not\u00edcias e pautar a m\u00eddia impressa (jornais e revistas) e eletr\u00f4nica (r\u00e1dios, emissoras de TV\u2019s e portais de not\u00edcias) sobre os assuntos de interesse do Comit\u00ea da Bacia Hidrogr\u00e1fica da Baixada Santista (CBH-BS), al\u00e9m de dar suporte t\u00e9cnico, no campo da comunica\u00e7\u00e3o, para apoiar os ve\u00edculos de imprensa a executarem suas coberturas jornal\u00edsticas.<\/p>\n<p>Esta Ag\u00eancia de Not\u00edcias funcionar\u00e1 na Baixada Santista como polo de apoio e not\u00edcias sobre a tem\u00e1tica \u00e1gua para os meios de comunica\u00e7\u00e3o por meio do fornecimento textos, manchetes, fotos, legendas, infogr\u00e1ficos, grava\u00e7\u00f5es em \u00e1udio, podcasts e videocasts entre outros para abastecimento dos meios de comunica\u00e7\u00e3o; servindo assim de ponte entre o Comit\u00ea da Bacia Hidrogr\u00e1fica da Baixada Santista (CBH-BS) e a imprensa. Considerando-se que a popula\u00e7\u00e3o da Bacia do CBH-BS com cerca de 1.840.000 habitantes apresenta uma grande car\u00eancia de informa\u00e7\u00e3o qualificada e por esse motivo prop\u00f5em-se a cria\u00e7\u00e3o dessa ag\u00eancia para minimiza\u00e7\u00e3o desse problema e al\u00e9m disso evitar a veicula\u00e7\u00e3o de fake News cada vez mais comum nesse contexto.<\/p>\n<p><strong>2. JUSTIFICATIVA<\/strong><\/p>\n<p>Com os ve\u00edculos de comunica\u00e7\u00e3o com suas equipes de reportagens cada vez mais diminutas, as ag\u00eancias noticiosas ganham especial destaque, pois s\u00e3o as organiza\u00e7\u00f5es de informa\u00e7\u00e3o intermedi\u00e1rias entre os acontecimentos e os meios de comunica\u00e7\u00e3o social. A fun\u00e7\u00e3o das ag\u00eancias \u00e9 extremamente importante no circuito da informa\u00e7\u00e3o porque permite aos meios de comunica\u00e7\u00e3o obterem informa\u00e7\u00e3o nos locais onde n\u00e3o t\u00eam correspondentes ou condi\u00e7\u00f5es de realizar uma cobertura habitual. \u00c9 um fato que nem todos os \u00f3rg\u00e3os de comunica\u00e7\u00e3o social t\u00eam possibilidade financeira de ter rep\u00f3rteres exclusivos para cobrir a tem\u00e1tica da \u00e1gua, quanto mais em todas as cidades da Baixada Santista, de forma a cobrir todas as \u00e1reas de eventuais acontecimentos noticiosos, por isso, a ag\u00eancia com a sua rede de rep\u00f3rteres e foco na cobertura de um tema espec\u00edfico permite ultrapassar esta dificuldade.<\/p>\n<p>Por alimentarem a m\u00eddia, regional, nacional ou estrangeira, p\u00fablica ou corporativa, as ag\u00eancias de not\u00edcias t\u00eam potencial multiplicador de conte\u00fado, disseminando informa\u00e7\u00f5es e discursos que podem obedecer ao planejamento para o desenvolvimento. Como distribuidoras de informa\u00e7\u00e3o em massa para os meios de comunica\u00e7\u00e3o, tanto em \u00e2mbito interno (nacional) quanto externo (internacional), estas empresas tinham um poder quantitativamente insuper\u00e1vel para disseminar informa\u00e7\u00f5es e opini\u00f5es (incluindo a\u00ed propaganda), elemento de alta import\u00e2ncia estrat\u00e9gica.<\/p>\n<p><strong>3. JUSTIFICATIVA DE ENQUADRAMENTO NO PLANO ESTADUAL DE RECURSOS H\u00cdDRICOS \u2013 PERH<\/strong><\/p>\n<p>PDC 8: Capacita\u00e7\u00e3o e comunica\u00e7\u00e3o social; e<br \/>\nSub PDC 8.3: Comunica\u00e7\u00e3o social e difus\u00e3o de informa\u00e7\u00f5es.<\/p>\n<p><strong>4. OBJETIVOS<\/strong><\/p>\n<p><strong>4.1. Objetivo geral<br \/>\n<\/strong>Organiza\u00e7\u00e3o de uma Ag\u00eancia de Not\u00edcias que funcionar\u00e1 na Baixada Santista como polo de apoio e not\u00edcias sobre a tem\u00e1tica \u00e1gua para os meios de comunica\u00e7\u00e3o por meio do fornecimento textos, manchetes, fotos, legendas, infogr\u00e1ficos, grava\u00e7\u00f5es em \u00e1udio, podcasts e videocasts entre outros para abastecimento dos meios de comunica\u00e7\u00e3o; servindo assim de ponte entre o Comit\u00ea da Bacia Hidrogr\u00e1fica da Baixada Santista (CBH-BS) e a imprensa.<\/p>\n<p><strong>4.2. Objetivos espec\u00edficos<\/strong><br \/>\n\u2022 Ampliar a divulga\u00e7\u00e3o das a\u00e7\u00f5es de preserva\u00e7\u00e3o e boa utiliza\u00e7\u00e3o da \u00e1gua na Regi\u00e3o Metropolitana da Baixada Santista;<br \/>\n\u2022 Reduzir os espa\u00e7os das fake news, com rela\u00e7\u00e3o \u00e0 tem\u00e1tica da \u00e1gua;<br \/>\n\u2022 Qualificar a informa\u00e7\u00e3o acerca dos recursos h\u00eddricos na regi\u00e3o; e<br \/>\n\u2022 Ampliar o conhecimento dos profissionais da imprensa da regi\u00e3o sobre as quest\u00f5es envolvendo a tem\u00e1tica da \u00e1gua (esgotamento, drenagem, cobertura vegetal, reuso, consumo consciente e eventos hidrol\u00f3gicos extremos).<\/p>\n<p><strong>5. METAS<\/strong><\/p>\n<p>I. Mapeamento das fontes de informa\u00e7\u00e3o de interesse para o projeto e efetiva\u00e7\u00e3o de um cadastro de fontes sobre a tem\u00e1tica da \u00e1gua (esgotamento, drenagem, cobertura vegetal, reuso, consumo consciente e eventos hidrol\u00f3gicos extremos);<br \/>\nII. Realiza\u00e7\u00e3o de um banco de pautas jornal\u00edsticas, junto as fontes de informa\u00e7\u00e3o levantadas na Meta 1;<br \/>\nIII. Cria\u00e7\u00e3o da identidade visual e da arquitetura do site da Ag\u00eancia de Not\u00edcias da \u00c1gua;<br \/>\nIV. Constru\u00e7\u00e3o do site;<br \/>\nV. Produ\u00e7\u00e3o dos conte\u00fados iniciais: reportagens, fotografias, gr\u00e1ficos, podcasts e videocasts, a partir do levantamento das pautas da Meta 2;<br \/>\nVI. Comunicar os ve\u00edculos de comunica\u00e7\u00e3o sobre a Ag\u00eancia de Not\u00edcias da \u00c1gua;<br \/>\nVII. Iniciar a distribui\u00e7\u00e3o do material jornal\u00edstico;<br \/>\nVIII. Atualizar permanente o site, com novos conte\u00fados;<br \/>\nIX. Realizar a clipagem do material; e<br \/>\nX. Elaborar relat\u00f3rio final de conte\u00fado produzido e veiculado.<\/p>\n<p><strong>6. ESTRAT\u00c9GIA PARA EXECU\u00c7\u00c3O DO EMPREENDIMENTO<\/strong><\/p>\n<p>A metodologia adotada pela Ag\u00eancia de Not\u00edcias da \u00c1gua envolve conjunto de procedimentos e m\u00e9todos espec\u00edficos da pr\u00e1tica jornal\u00edstica, tais como pautar, apurar, investigar, garantir o ponto e o contraponto, editar e distribuir. Todas essas a\u00e7\u00f5es caracterizam o trabalho de uma equipe de jornalistas, os profissionais relevantes para nos mantermos informados e, a partir disso, formarmos nossas opini\u00f5es.<\/p>\n<p>J\u00e1 o fator operacional pode ser abordado a partir de tr\u00eas dimens\u00f5es. S\u00e3o elas: normativa; t\u00e9cnica, e organizacional.<br \/>\nA primeira refere-se \u00e0s determina\u00e7\u00f5es legais e aos princ\u00edpios \u00e9ticos a serem observados no exerc\u00edcio profissional, que funcionam como um par\u00e2metro de qualidade e de credibilidade. A terceira diz respeito \u00e0 racionaliza\u00e7\u00e3o do trabalho no contexto geral da organiza\u00e7\u00e3o jornal\u00edstica e pode ser traduzida nas rotinas produtivas &#8211; pauta, reportagem, edi\u00e7\u00e3o, veicula\u00e7\u00e3o, prazos, cronogramas, quadro de pessoal envolvido, divis\u00e3o e atribui\u00e7\u00e3o de tarefas.<\/p>\n<p><strong>7. P\u00daBLICO-ALVO<\/strong><\/p>\n<p>O projeto tem como p\u00fablico-alvo toda e qualquer pessoa prioritariamente da Baixada Santista, que consuma produtos jornal\u00edsticos de diversos meios de comunica\u00e7\u00e3o, que comp\u00f5em o parque midi\u00e1tico da regi\u00e3o, envolvendo portais de not\u00edcias, blogs, redes sociais, jornais impressos e programas noticiosos de r\u00e1dio e televis\u00e3o. O universo populacional, a partir do qual se insere a proposta da Ag\u00eancia de Not\u00edcias da \u00c1gua, segundo dados do Instituto Brasileiro de Geografia e Estat\u00edstica, divulgados em agosto de 2019, para Regi\u00e3o Metropolitana da Baixada Santista, composta por nove munic\u00edpios, \u00e9: Munic\u00edpio\/N\u00famero de habitantes: &#8211; Santos: 433.311; S\u00e3o Vicente: 365.798; Praia Grande: 325.073; Guaruj\u00e1: 320.459; Cubat\u00e3o: 130.705; Itanha\u00e9m: 101.816; Peru\u00edbe: 68.284; Bertioga: 63.249; Mongagu\u00e1: 56.702; Totalizando: 1.865.397.<\/p>\n<p><strong>8. EQUIPE T\u00c9CNICA<\/strong><\/p>\n<p><strong>8.1. Membros da UniSantos\/SVSL que ser\u00e3o respons\u00e1veis pelo desenvolvimento da proposta<\/strong><br \/>\n\u2022 Prof. Me Paulo Roberto B\u00f6rnsen Vibiam \u2013 Coordenador Cient\u00edfico<br \/>\n<a href=\"http:\/\/lattes.cnpq.br\/1636214776608292.\" target=\"_blank\" rel=\"noopener\">Curr\u00edculo Lattes<\/a><br \/>\n\u2022 Prof. Me Marcelo Luciano Martins Di Renzo<br \/>\n<a href=\"http:\/\/lattes.cnpq.br\/1330981465925280\" target=\"_blank\" rel=\"noopener\">Curr\u00edculo Lattes<\/a><\/p>\n<p><strong>8.2. Estagi\u00e1rios de n\u00edvel superior<\/strong><br \/>\nOs estagi\u00e1rios ser\u00e3o contratados, selecionados a partir de edital publicado na p\u00e1gina da Universidade Cat\u00f3lica de Santos, no site do Parque Tecnol\u00f3gico de Santos e do CBH-BS; ter\u00e1 como alvo, estudantes matriculados no 3\u00ba e 4\u00ba semestres (preferencialmente) dos cursos de Jornalismo, Rela\u00e7\u00f5es P\u00fablicas e Publicidade e Propaganda.<br \/>\nNove (9) estudantes estagi\u00e1rios, sendo sete (7) do curso de Jornalismo (conte\u00fado noticioso a ser produzido e distribu\u00eddo), um (1) de Rela\u00e7\u00f5es P\u00fablicas e um (1) do curso de Publicidade e Propaganda (constru\u00e7\u00e3o, designer e manuten\u00e7\u00e3o do site e desenvolvimento de a\u00e7\u00f5es de divulga\u00e7\u00e3o do servi\u00e7o da Ag\u00eancia de Not\u00edcias da \u00c1gua).<\/p>\n","protected":false},"excerpt":{"rendered":"<p>2020-BS-394 1. RESUMO Neste projeto prop\u00f5e-se a cria\u00e7\u00e3o de uma Ag\u00eancia de Not\u00edcias da \u00c1gua, sediada da Universidade Cat\u00f3lica de [&hellip;]<\/p>\n","protected":false},"author":1,"featured_media":0,"parent":0,"menu_order":0,"comment_status":"closed","ping_status":"closed","template":"","meta":{"footnotes":""},"_links":{"self":[{"href":"https:\/\/www.unisantos.br\/observacbhbs\/wp-json\/wp\/v2\/pages\/394"}],"collection":[{"href":"https:\/\/www.unisantos.br\/observacbhbs\/wp-json\/wp\/v2\/pages"}],"about":[{"href":"https:\/\/www.unisantos.br\/observacbhbs\/wp-json\/wp\/v2\/types\/page"}],"author":[{"embeddable":true,"href":"https:\/\/www.unisantos.br\/observacbhbs\/wp-json\/wp\/v2\/users\/1"}],"replies":[{"embeddable":true,"href":"https:\/\/www.unisantos.br\/observacbhbs\/wp-json\/wp\/v2\/comments?post=394"}],"version-history":[{"count":3,"href":"https:\/\/www.unisantos.br\/observacbhbs\/wp-json\/wp\/v2\/pages\/394\/revisions"}],"predecessor-version":[{"id":399,"href":"https:\/\/www.unisantos.br\/observacbhbs\/wp-json\/wp\/v2\/pages\/394\/revisions\/399"}],"wp:attachment":[{"href":"https:\/\/www.unisantos.br\/observacbhbs\/wp-json\/wp\/v2\/media?parent=394"}],"curies":[{"name":"wp","href":"https:\/\/api.w.org\/{rel}","templated":true}]}}