{"id":381,"date":"2021-05-16T23:05:43","date_gmt":"2021-05-17T02:05:43","guid":{"rendered":"https:\/\/www.unisantos.br\/observacbhbs\/?page_id=381"},"modified":"2021-09-09T01:08:02","modified_gmt":"2021-09-09T04:08:02","slug":"workshop-prevencao-e-controle-do-lixo-no-mar","status":"publish","type":"page","link":"https:\/\/www.unisantos.br\/observacbhbs\/workshop-prevencao-e-controle-do-lixo-no-mar\/","title":{"rendered":"Workshop Preven\u00e7\u00e3o e Controle do Lixo no Mar"},"content":{"rendered":"<p><strong><img loading=\"lazy\" decoding=\"async\" class=\"alignright wp-image-565 size-large\" src=\"http:\/\/www.unisantos.br\/observacbhbs\/wp-content\/uploads\/sites\/19\/2021\/09\/projeto-workshop-1024x762.jpg\" alt=\"\" width=\"640\" height=\"476\" srcset=\"https:\/\/www.unisantos.br\/observacbhbs\/wp-content\/uploads\/sites\/19\/2021\/09\/projeto-workshop-1024x762.jpg 1024w, https:\/\/www.unisantos.br\/observacbhbs\/wp-content\/uploads\/sites\/19\/2021\/09\/projeto-workshop-300x223.jpg 300w, https:\/\/www.unisantos.br\/observacbhbs\/wp-content\/uploads\/sites\/19\/2021\/09\/projeto-workshop-768x571.jpg 768w, https:\/\/www.unisantos.br\/observacbhbs\/wp-content\/uploads\/sites\/19\/2021\/09\/projeto-workshop.jpg 1980w\" sizes=\"(max-width: 640px) 100vw, 640px\" \/>2019-BS_COB-131<\/strong><\/p>\n<p><strong>1. RESUMO<\/strong><\/p>\n<p>Trata-se da realiza\u00e7\u00e3o de workshop sobre o tema do lixo no mar, composto por: cerim\u00f4nia de abertura; palestra magna com palestrante internacional; cinco mesas de apresenta\u00e7\u00f5es, cada qual com tr\u00eas palestrantes e debates na sequ\u00eancia; reuni\u00e3o de grupos de trabalho, com foco em coligir sugest\u00f5es para o tema; e apresenta\u00e7\u00e3o plen\u00e1ria dos resultados deste trabalho, antes do encerramento. O workshop prev\u00ea a participa\u00e7\u00e3o de t\u00e9cnicos convidados das institui\u00e7\u00f5es que atuam na tem\u00e1tica do lixo no mar na regi\u00e3o, al\u00e9m do p\u00fablico em geral, e prev\u00ea a transmiss\u00e3o on-line das palestras. Ao final do evento ser\u00e3o disponibilizadas as palestras, bem como um e-book com artigos de palestrantes sobre o assunto.<\/p>\n<p><strong>2. JUSTIFICATIVA<\/strong><\/p>\n<p>O problema do lixo no mar tem recebido crescente aten\u00e7\u00e3o da comunidade internacional. Estima-se que algo entre 4,8 e 12,7 milh\u00f5es de toneladas de lixo sejam despejadas anualmente no mar em todo o mundo, das quais praticamente 90% \u00e9 composta de pl\u00e1stico, com diversos impactos \u00e0 sa\u00fade, ao ambiente, \u00e0 economia e ao bem-estar da sociedade. A situa\u00e7\u00e3o no Brasil n\u00e3o \u00e9 diferente, e embora n\u00e3o haja ainda um dado oficial estima-se um aporte di\u00e1rio de 168 kg de lixo por km de praia. Na Baixada Santista, regi\u00e3o objeto da presente proposta, s\u00e3o estimados o lan\u00e7amento irregular de 3.300 kg\/dia de lixo no mar, muito em virtude da ocupa\u00e7\u00e3o irregular de mangues, popula\u00e7\u00e3o flutuante nos munic\u00edpios, dentre outros fatores. Sendo assim, o projeto se justifica principalmente pela constata\u00e7\u00e3o de que pelo menos 80% do lixo no mar ter origem terrestre, em diversas atividades, chegando ao mar por meio dos corpos h\u00eddricos.<\/p>\n<p>Assim, entende-se, que a solu\u00e7\u00e3o do problema passa necessariamente pelas quest\u00f5es afetas ao saneamento na regi\u00e3o- principalmente a melhora na gest\u00e3o dos res\u00edduos e a preven\u00e7\u00e3o e controle da polui\u00e7\u00e3o dos recursos h\u00eddricos e canais de drenagem. Adicionalmente, o Workshop pretende dar atendimento a diretrizes especificadas no Plano Nacional de Combate ao Lixo no Mar, elaborado pelo Minist\u00e9rio do Meio Ambiente e lan\u00e7ado em 2019; e do Plano Regional de Gest\u00e3o Integrada dos Res\u00edduos S\u00f3lidos da Baixada Santista, elaborado pelo Instituto de Pesquisas Tecnol\u00f3gicas com financiamento pelo FJHIDRO e lan\u00e7ado em 2018; bem como no pr\u00f3prio Plano de Res\u00edduos S\u00f3lidos do Estado de S\u00e3o Paulo, lan\u00e7ado em 2014. Em todos estes documentos o tema do lixo no mar \u00e9 discutido, com destaque para a necessidade de sua incorpora\u00e7\u00e3o das discuss\u00f5es e planos de recursos h\u00eddricos. Por fim, o pr\u00f3prio Plano Nacional de Combate ao Lixo no Mar indica a necessidade de que sejam desenvolvidos planos regionalizados para o tema, cuja discuss\u00e3o preliminar a presente proposta de Workshop traz como objetivo.<\/p>\n<p><strong>3. JUSTIFICATIVA DE ENQUADRAMENTO NO PLANO ESTADUAL DE RECURSOS H\u00cdDRICOS \u2013 PERH<\/strong><\/p>\n<p>PDC 8: Capacita\u00e7\u00e3o e comunica\u00e7\u00e3o social;<br \/>\nSub PDC 8.1: Capacita\u00e7\u00e3o t\u00e9cnica relacionada ao Planejamento de Recursos H\u00eddricos; e<br \/>\nA\u00e7\u00e3o 1: Criar programas, cursos de capacita\u00e7\u00e3o, eventos e congressos em recursos h\u00eddricos.<\/p>\n<p><strong>4. OBJETIVOS<\/strong><\/p>\n<p><strong>4.1. Objetivo geral<\/strong><br \/>\nPromover a discuss\u00e3o sobre a problem\u00e1tica do lixo no mar na Regi\u00e3o Metropolitana da Baixada Santista, com foco espec\u00edfico na conex\u00e3o deste tema com a gest\u00e3o dos recursos h\u00eddricos, com vistas a discutir a potencial elabora\u00e7\u00e3o de um Plano Regional de Combate ao Lixo Marinho, em aten\u00e7\u00e3o ao Plano Nacional de Combate ao Lixo Marinho.<\/p>\n<p><strong>4.2. Objetivos espec\u00edficos<\/strong><br \/>\n\u2022 Contextualizar o problema;<br \/>\n\u2022 Discutir os marcos legais e as determina\u00e7\u00f5es administrativas existentes;<br \/>\n\u2022 Disseminar informa\u00e7\u00f5es atualizadas sobre os planos que tenham correla\u00e7\u00e3o com o tema;<br \/>\n\u2022 Apresentar as principais iniciativas em andamento;<br \/>\n\u2022 Promover o debate entre governo, universidades, empresas e a sociedade civil e suas poss\u00edveis solu\u00e7\u00f5es no \u00e2mbito da bacia hidrogr\u00e1fica da baixada santista;<br \/>\n\u2022 Incorporar o tema do lixo no mar na pauta do comit\u00ea da bacia hidrogr\u00e1fica da baixada santista,<br \/>\n\u2022 Assegurando seu protagonismo e participa\u00e7\u00e3o na governan\u00e7a e nas discuss\u00f5es do tema na regi\u00e3o;<br \/>\n\u2022 Capacitar os diversos atores sociais, quanto \u00e0 elabora\u00e7\u00e3o de planos e programas espec\u00edficos;<br \/>\n\u2022 Discutir, a partir das contribui\u00e7\u00f5es do workshop, a proposta de elaborar um plano regional de combate ao lixo no mar para a baixada santista, alinhado e em atendimento ao seu equivalente federal;<br \/>\n\u2022 Avaliar a possibilidade de projetos cooperativos entre os participantes para desenvolvimento de pesquisas e estudos acad\u00eamicos sobre o tema na regi\u00e3o; e<br \/>\n\u2022 Editar e lan\u00e7ar um livro contendo artigos de participantes selecionados no workshop, que consolide e divulgue as experi\u00eancias sobre o tema do lixo no mar na ugrhi-07.<\/p>\n<p><strong>5. METAS<\/strong><\/p>\n<p>I. Realiza\u00e7\u00e3o de um Workshop de dois dias na cidade de Santos;<br \/>\nII. Capacitar ao menos 150 participantes;<br \/>\nIII. Editar e publicar um e-book de distribui\u00e7\u00e3o gratuita; e<br \/>\nIV. Coligir sugest\u00f5es e discutir a pertin\u00eancia da elabora\u00e7\u00e3o de Plano Regional de Lixo no Mar.<\/p>\n<p><strong>6. ESTRAT\u00c9GIA PARA EXECU\u00c7\u00c3O DO EMPREENDIMENTO<\/strong><\/p>\n<p>Constitui\u00e7\u00e3o de uma Comiss\u00e3o Cient\u00edfica, com representante do CBH-BS; Sele\u00e7\u00e3o das entidades a serem convidadas, em fun\u00e7\u00e3o de sua atua\u00e7\u00e3o e relev\u00e2ncia t\u00e9cnica no tema do lixo no mar na Baixada Santista; Convite aos palestrantes; Revis\u00e3o do Programa Preliminar proposto; Convite para indica\u00e7\u00e3o de participantes; Divulga\u00e7\u00e3o do evento para o p\u00fablico em geral; Realiza\u00e7\u00e3o do evento, incluindo: abertura, palestra magna, mesas de apresenta\u00e7\u00f5es e debates, reuni\u00f5es em grupos de trabalho, consolida\u00e7\u00e3o dos resultados dos grupos de trabalho e encerramento; Disponibiliza\u00e7\u00e3o das apresenta\u00e7\u00f5es na Internet; e lan\u00e7amento do e-book com artigos de palestrantes.<\/p>\n<p><strong>7. P\u00daBLICO-ALVO<\/strong><\/p>\n<p>Profissionais de institui\u00e7\u00f5es p\u00fablicas e privadas, envolvidos com a gest\u00e3o de recursos h\u00eddricos, gerenciamento de res\u00edduos s\u00f3lidos, administra\u00e7\u00e3o p\u00fablica (principalmente municipal), saneamento b\u00e1sico e atividades potencialmente geradoras dos res\u00edduos que acabam destinados ao mar, tais como as opera\u00e7\u00f5es portu\u00e1rias e pesqueiras, dentre outras, nos munic\u00edpios da Regi\u00e3o Metropolitana da Baixada Santista. Prop\u00f5e-se que o evento priorize a participa\u00e7\u00e3o de profissionais indicados por entidades p\u00fablicas e privadas, a serem convidadas diretamente pela organiza\u00e7\u00e3o do evento, conforme delibera\u00e7\u00e3o da Comiss\u00e3o Cient\u00edfica. As vagas remanescentes para participa\u00e7\u00e3o presencial dever\u00e3o ser preenchidas, at\u00e9 a capacidade do audit\u00f3rio, com o p\u00fablico em geral, principalmente cidad\u00e3os, estudantes e outros interessados, a serem convidados mediante divulga\u00e7\u00e3o a ser providenciadas pela organiza\u00e7\u00e3o.<\/p>\n<p><strong>8. EQUIPE T\u00c9CNICA<\/strong><\/p>\n<p><strong>8.1. Membros da UniSantos\/SVSL que ser\u00e3o respons\u00e1veis pelo desenvolvimento da proposta:<\/strong><br \/>\n\u2022 Prof. Dr. Fl\u00e1vio de Miranda Ribeiro \u2013 Coordenador Cient\u00edfico<br \/>\n<a href=\"http:\/\/lattes.cnpq.br\/1247594097943174\" target=\"_blank\" rel=\"noopener\">Curr\u00edculo Lattes<\/a><br \/>\n\u2022 Prof\u00aa. Dr\u00aa. Maria Luiza Machado Granziera<br \/>\n<a href=\"http:\/\/lattes.cnpq.br\/8528042411984286\" target=\"_blank\" rel=\"noopener\">Curr\u00edculo Lattes<\/a><br \/>\n\u2022 Prof. Dr. Fernando Cardozo Fernandes Rei<br \/>\n<a href=\"http:\/\/lattes.cnpq.br\/1465711084846988\" target=\"_blank\" rel=\"noopener\">Curr\u00edculo Lattes<\/a><\/p>\n<p><strong>8.2. Equipe T\u00e9cnico-Administrativa<\/strong><br \/>\n\u2022 Prof\u00aa. Dr\u00aa. Adriana Florentino de Souza<br \/>\n<a href=\"http:\/\/lattes.cnpq.br\/9226854791302725\" target=\"_blank\" rel=\"noopener\">Curr\u00edculo Lattes<\/a><br \/>\n\u2022 Me. Adriana Regina Stucchi Guimar\u00e3es<br \/>\n<a href=\"http:\/\/lattes.cnpq.br\/3410463143031746\" target=\"_blank\" rel=\"noopener\">Curr\u00edculo Lattes<\/a><br \/>\n\u2022 Prof\u00aa. Me. Lilian Matheus Marques<br \/>\n<a href=\"http:\/\/lattes.cnpq.br\/6999802181403666\" target=\"_blank\" rel=\"noopener\">Curr\u00edculo Lattes<\/a><br \/>\n\u2022 Carine Aparecida Benjamim Ogeda<br \/>\n<a href=\"http:\/\/lattes.cnpq.br\/5218479968042841\" target=\"_blank\" rel=\"noopener\">Curr\u00edculo Lattes<\/a><\/p>\n<p><strong>8.3. Estagi\u00e1rios de n\u00edvel superior<\/strong><br \/>\nDois estagi\u00e1rios de n\u00edvel superior, estudantes de gradua\u00e7\u00e3o, dos Cursos de Direito, Publicidade e Propaganda, Jornalismo, Rela\u00e7\u00f5es P\u00fablicas, Ci\u00eancia da Computa\u00e7\u00e3o, Engenharias ou outros com ader\u00eancia \u00e0 proposta.<br \/>\n\u2022 Isabelle Longhi Colavite<br \/>\nCurso: Direito<br \/>\nInstitui\u00e7\u00e3o: Universidade Cat\u00f3lica de Santos<br \/>\n<a href=\"http:\/\/lattes.cnpq.br\/7135652669951564\" target=\"_blank\" rel=\"noopener\">Curr\u00edculo Lattes<\/a><br \/>\n\u2022 Laura Dentello Del Papa<br \/>\nCurso: Direito<br \/>\nInstitui\u00e7\u00e3o: Universidade Cat\u00f3lica de Santos<br \/>\n<a href=\"http:\/\/lattes.cnpq.br\/3645524\" target=\"_blank\" rel=\"noopener\">Curr\u00edculo Lattes<\/a><\/p>\n","protected":false},"excerpt":{"rendered":"<p>2019-BS_COB-131 1. RESUMO Trata-se da realiza\u00e7\u00e3o de workshop sobre o tema do lixo no mar, composto por: cerim\u00f4nia de abertura; [&hellip;]<\/p>\n","protected":false},"author":1,"featured_media":0,"parent":0,"menu_order":0,"comment_status":"closed","ping_status":"closed","template":"","meta":{"footnotes":""},"_links":{"self":[{"href":"https:\/\/www.unisantos.br\/observacbhbs\/wp-json\/wp\/v2\/pages\/381"}],"collection":[{"href":"https:\/\/www.unisantos.br\/observacbhbs\/wp-json\/wp\/v2\/pages"}],"about":[{"href":"https:\/\/www.unisantos.br\/observacbhbs\/wp-json\/wp\/v2\/types\/page"}],"author":[{"embeddable":true,"href":"https:\/\/www.unisantos.br\/observacbhbs\/wp-json\/wp\/v2\/users\/1"}],"replies":[{"embeddable":true,"href":"https:\/\/www.unisantos.br\/observacbhbs\/wp-json\/wp\/v2\/comments?post=381"}],"version-history":[{"count":3,"href":"https:\/\/www.unisantos.br\/observacbhbs\/wp-json\/wp\/v2\/pages\/381\/revisions"}],"predecessor-version":[{"id":566,"href":"https:\/\/www.unisantos.br\/observacbhbs\/wp-json\/wp\/v2\/pages\/381\/revisions\/566"}],"wp:attachment":[{"href":"https:\/\/www.unisantos.br\/observacbhbs\/wp-json\/wp\/v2\/media?parent=381"}],"curies":[{"name":"wp","href":"https:\/\/api.w.org\/{rel}","templated":true}]}}