{"id":373,"date":"2021-05-16T13:41:27","date_gmt":"2021-05-16T16:41:27","guid":{"rendered":"https:\/\/www.unisantos.br\/observacbhbs\/?page_id=373"},"modified":"2021-05-16T13:43:07","modified_gmt":"2021-05-16T16:43:07","slug":"prospeccao-geofisica-de-recursos-hidricos-subterraneos-em-comunidades-isoladas-na-regiao-de-baixada-santista","status":"publish","type":"page","link":"https:\/\/www.unisantos.br\/observacbhbs\/prospeccao-geofisica-de-recursos-hidricos-subterraneos-em-comunidades-isoladas-na-regiao-de-baixada-santista\/","title":{"rendered":"Prospec\u00e7\u00e3o Geof\u00edsica de Recursos H\u00eddricos Subterr\u00e2neos em Comunidades Isoladas na Regi\u00e3o de Baixada Santista"},"content":{"rendered":"<p><strong><img loading=\"lazy\" decoding=\"async\" class=\"alignright wp-image-376 size-large\" src=\"http:\/\/www.unisantos.br\/observacbhbs\/wp-content\/uploads\/sites\/19\/2021\/05\/prospeccao-1024x675.jpg\" alt=\"\" width=\"640\" height=\"422\" srcset=\"https:\/\/www.unisantos.br\/observacbhbs\/wp-content\/uploads\/sites\/19\/2021\/05\/prospeccao-1024x675.jpg 1024w, https:\/\/www.unisantos.br\/observacbhbs\/wp-content\/uploads\/sites\/19\/2021\/05\/prospeccao-300x198.jpg 300w, https:\/\/www.unisantos.br\/observacbhbs\/wp-content\/uploads\/sites\/19\/2021\/05\/prospeccao-768x506.jpg 768w, https:\/\/www.unisantos.br\/observacbhbs\/wp-content\/uploads\/sites\/19\/2021\/05\/prospeccao.jpg 1980w\" sizes=\"(max-width: 640px) 100vw, 640px\" \/>2019-BS_COB-118<\/strong><\/p>\n<p><strong>1. RESUMO<\/strong><\/p>\n<p>Neste projeto propomos, identificar e cadastrar as \u00e1reas em que vivem as comunidades isoladas na Bacia Hidrogr\u00e1fica da Baixada Santista e realizar a prospec\u00e7\u00e3o geof\u00edsica de recursos h\u00eddricos, para delimitar os locais onde ser\u00e1 poss\u00edvel realizar a capta\u00e7\u00e3o de \u00e1gua subterr\u00e2nea pr\u00f3pria para consumo.<\/p>\n<p><strong>2. JUSTIFICATIVA<\/strong><\/p>\n<p>De acordo com Plano Estadual de Recursos H\u00eddricos (PERH) e do Plano de Bacia Hidrogr\u00e1fica (PBH), um dos maiores desafios do saneamento b\u00e1sico na Regi\u00e3o Metropolitana da Baixada Santista (RMBS) \u00e9 fornecer \u00e1gua pot\u00e1vel para as comunidades isoladas, onde a falta deste recurso pode resultar em riscos graves para sa\u00fade da popula\u00e7\u00e3o que reside nesses locais, al\u00e9m de resultar em qualidade de vida inferior, de forma geral. A implanta\u00e7\u00e3o de um projeto de perfura\u00e7\u00e3o de po\u00e7os para fornecimento de \u00e1gua pot\u00e1vel na Regi\u00e3o de Baixada Santista pode trazer enormes benef\u00edcios para as comunidades isoladas contribuindo para a universaliza\u00e7\u00e3o do saneamento b\u00e1sico na regi\u00e3o.<\/p>\n<p><strong>3. JUSTIFICATIVA DE ENQUADRAMENTO NO PLANO ESTADUAL DE RECURSOS H\u00cdDRICOS \u2013 PERH<\/strong><\/p>\n<p>PDC 1: Bases T\u00e9cnicas em Recursos H\u00eddricos;<br \/>\nSub PDC 1.2: Apoio ao planejamento e gest\u00e3o de recursos h\u00eddricos; e<br \/>\nA\u00e7\u00e3o 2: Elabora\u00e7\u00e3o\/atualiza\u00e7\u00e3o plano regional de controle de eros\u00e3o e assoreamento.<\/p>\n<p><strong>4. OBJETIVOS<\/strong><\/p>\n<p><strong>4.1. Objetivo geral <\/strong><br \/>\nIdentificar as \u00e1reas onde vivem as comunidades isoladas da Baixada Santista e a realiza\u00e7\u00e3o de prospec\u00e7\u00e3o geof\u00edsica dos recursos h\u00eddricos, visando identificar os locais com maios probabilidade de presen\u00e7a de \u00e1gua subterr\u00e2nea pot\u00e1vel na \u00e1rea da UGRHI, para fins de estudos e subs\u00eddios na gest\u00e3o dos recursos h\u00eddricos, abrangendo os seguintes munic\u00edpios: 1- Bertioga; 2- Cubat\u00e3o; 3- Guaruj\u00e1; 4- Itanha\u00e9m; 5- Mongagu\u00e1; 6- Peru\u00edbe; 7- Praia Grande; 8- Santos; 9- S\u00e3o Vicente.<\/p>\n<p><strong>4.2. Objetivos espec\u00edficos<\/strong><br \/>\n\u2022 Realizar as a\u00e7\u00f5es junto \u00e0s Prefeituras da Regi\u00e3o para identificar as \u00e1reas onde vivem as comunidades isoladas da Regi\u00e3o de Baixada Santista;<br \/>\n\u2022 Realizar as campanhas de campo para a aquisi\u00e7\u00e3o de dados geof\u00edsicos e hidrogeol\u00f3gicos visando a identifica\u00e7\u00e3o de locais com maior probabilidade da presen\u00e7a de \u00e1gua subterr\u00e2nea pot\u00e1vel nas \u00e1reas de comunidades isoladas;<br \/>\n\u2022 Levantamentos geof\u00edsicos de s\u00edsmica de reflex\u00e3o, refra\u00e7\u00e3o multicomponente e MASW;<br \/>\n\u2022 Levantamentos geof\u00edsicos de eletrorresistividade, juntamente com sondagens mec\u00e2nicas (trado manual), para as capta\u00e7\u00f5es de \u00e1gua subterr\u00e2nea no topo n\u00edvel superior (fre\u00e1tico), para defini\u00e7\u00f5es de profundidade de n\u00edvel fre\u00e1tico e realiza\u00e7\u00f5es de an\u00e1lises hidroqu\u00edmicas;<br \/>\n\u2022 Constru\u00e7\u00e3o de modelos hidrogeof\u00edsicos e hidrogroel\u00e9tricos de aqu\u00edferos nas \u00e1reas em que vivem as comunidades isoladas da Baixada Santista; e<br \/>\n\u2022 Realiza\u00e7\u00e3o de dois relat\u00f3rios relativos \u00e0 presen\u00e7a de recursos h\u00eddricos subterr\u00e2neos nas \u00e1reas onde vivem as comunidades isoladas na Bacia Hidrogr\u00e1fica da Baixada Santista. No primeiro relat\u00f3rio constar\u00e3o os recursos parciais ap\u00f3s um ano e no segundo relat\u00f3rio, ap\u00f3s a conclus\u00e3o de segundo ano de projeto, ser\u00e3o apresentados os resultados finais obtidos em todos os locais onde foi realizada a prospec\u00e7\u00e3o geof\u00edsica de recursos h\u00eddricos subterr\u00e2neos, indicando as \u00e1reas onde existe maior probabilidade de presen\u00e7a de \u00e1gua subterr\u00e2nea.<\/p>\n<p><strong>5. METAS<\/strong><\/p>\n<p>I. Campanhas de campo para identifica\u00e7\u00e3o e reconhecimento das \u00e1reas onde vivem as comunidades isoladas na Bacia Hidrogr\u00e1fica da Baixada Santista;<br \/>\nII. Realiza\u00e7\u00e3o de campanhas de campo de aquisi\u00e7\u00e3o de dados geof\u00edsicos e hidrogeol\u00f3gicos nas comunidades isoladas selecionadas;<br \/>\nIII. An\u00e1lise e processamento de dados geof\u00edsicos e hidrogeol\u00f3gicos adquiridos;<br \/>\nIV. Produ\u00e7\u00e3o de modelos geol\u00f3gicos e hidrogeol\u00f3gicos com a indica\u00e7\u00e3o de locais com maior probabilidade presen\u00e7a de \u00e1gua subterr\u00e2nea pr\u00f3pria para consumo humano nas \u00e1reas onde vivem as comunidades isoladas na Bacia Hidrogr\u00e1fica da Baixada Santista; e<br \/>\nV. Divulga\u00e7\u00e3o e disponibiliza\u00e7\u00e3o dos dados produzidos aos \u00f3rg\u00e3os e institui\u00e7\u00f5es interessados.<\/p>\n<p><strong>6. ESTRAT\u00c9GIA PARA EXECU\u00c7\u00c3O DO EMPREENDIMENTO<\/strong><\/p>\n<p>Avalia\u00e7\u00e3o da etapa de execu\u00e7\u00e3o do projeto: O desempenho da etapa de execu\u00e7\u00e3o ser\u00e1 avaliado atrav\u00e9s de indicadores quantitativos da gera\u00e7\u00e3o de dados durante a prospec\u00e7\u00e3o geof\u00edsica de recursos h\u00eddricos subterr\u00e2neos nas \u00e1reas onde vivem as comunidades isoladas na Bacia Hidrogr\u00e1fica da Baixada Santista.<br \/>\nAvalia\u00e7\u00e3o dos resultados do projeto: Os indicadores de desempenho final do projeto est\u00e3o associados \u00e0 gera\u00e7\u00e3o dos dados:<br \/>\n&#8211; Dois relat\u00f3rios relativos aos recursos h\u00eddricos subterr\u00e2neos nas \u00e1reas onde vivem as comunidades isoladas na Bacia Hidrogr\u00e1fica da Baixada Santista ser\u00e3o entregues. Primeiro relat\u00f3rio ap\u00f3s um ano de projeto com resultados preliminares e um segundo ap\u00f3s a conclus\u00e3o do projeto com resultados finais indicando os locais com maior probabilidade de presen\u00e7a de \u00e1gua subterr\u00e2nea pr\u00f3pria para consumo humano. O principal resultado esperado \u00e9 o fornecimento dos subs\u00eddios necess\u00e1rios para um plano de a\u00e7\u00e3o de gerenciamento dos recursos h\u00eddricos utilizando os resultados obtidos na etapa de prospec\u00e7\u00e3o geof\u00edsica e hidrogeol\u00f3gica de \u00e1guas subterr\u00e2neas nas \u00e1reas onde vivem as comunidades isoladas na Bacia Hidrogr\u00e1fica da Baixada Santista.<\/p>\n<p>Com o volume de dados gerados espera-se contribuir para aumento das fontes de \u00e1gua pot\u00e1vel nas comunidades isoladas da regi\u00e3o de Baixada Santista. Todos os resultados conquistados ser\u00e3o divulgados para o p\u00fablico por meio de eventos de divulga\u00e7\u00e3o e publica\u00e7\u00f5es de artigos em eventos e peri\u00f3dicos nacionais e internacionais.<\/p>\n<p><strong>7. P\u00daBLICO-ALVO<\/strong><\/p>\n<p>\u2022 Popula\u00e7\u00e3o das comunidades isoladas da Baixada Santista;<br \/>\n\u2022 Entidades relacionadas \u00e0 sa\u00fade p\u00fablica;<br \/>\n\u2022 \u00d3rg\u00e3os p\u00fablicos envolvidos no planejamento e gest\u00e3o de recursos h\u00eddricos; e<br \/>\n\u2022 \u00d3rg\u00e3os p\u00fablicos envolvidos em controle, fiscaliza\u00e7\u00e3o de saneamento b\u00e1sico.<\/p>\n<p><strong>8. EQUIPE T\u00c9CNICA<\/strong><\/p>\n<p><strong>8.1. Membros da Unisantos\/SVSL que ser\u00e3o respons\u00e1veis pelo desenvolvimento da proposta<\/strong><br \/>\n\u2022 Prof. Dr. Oleg Bokhonok \u2013 Coordenador Cient\u00edfico<br \/>\n<a href=\"http:\/\/lattes.cnpq.br\/9064674206262039\" target=\"_blank\" rel=\"noopener\">Curr\u00edculo Lattes<\/a><br \/>\n\u2022 Prof. Me. Jhonnes Alberto Vaz<br \/>\n<a href=\"http:\/\/lattes.cnpq.br\/7344782149134067\" target=\"_blank\" rel=\"noopener\">Curr\u00edculo Lattes<\/a><br \/>\n\u2022 Prof. Dr. Hirochi Yamamura<br \/>\n<a href=\"http:\/\/lattes.cnpq.br\/2050168098314795\" target=\"_blank\" rel=\"noopener\">Curr\u00edculo Lattes<\/a><\/p>\n<p><strong>8.2. Estagi\u00e1rios de n\u00edvel superior<\/strong><br \/>\nQuatro estudantes de gradua\u00e7\u00e3o dos cursos de Engenharia Ambiental e Engenharia Qu\u00edmica.<br \/>\n\u2022 Beatriz da Cruz Mendon\u00e7a<br \/>\nCurso: Engenharia Ambiental<br \/>\nInstitui\u00e7\u00e3o: Universidade Cat\u00f3lica de Santos<br \/>\n<a href=\"http:\/\/lattes.cnpq.br\/1107499004145340\" target=\"_blank\" rel=\"noopener\">Curr\u00edculo Lattes<\/a><br \/>\n\u2022 Leonardo Foga\u00e7a Santana<br \/>\nCurso: Qu\u00edmica Tecnol\u00f3gica<br \/>\nInstitui\u00e7\u00e3o: Universidade Cat\u00f3lica de Santos<br \/>\n<a href=\"http:\/\/lattes.cnpq.br\/1599014429776602\" target=\"_blank\" rel=\"noopener\">Curr\u00edculo Lattes<\/a><br \/>\n\u2022 Pedro Guedes Pinto de Moraes<br \/>\nCurso: Qu\u00edmica Tecnol\u00f3gica<br \/>\nInstitui\u00e7\u00e3o: Universidade Cat\u00f3lica de Santos<br \/>\n<a href=\"http:\/\/lattes.cnpq.br\/5690501269725793\" target=\"_blank\" rel=\"noopener\">Curr\u00edculo Lattes<\/a><\/p>\n","protected":false},"excerpt":{"rendered":"<p>2019-BS_COB-118 1. RESUMO Neste projeto propomos, identificar e cadastrar as \u00e1reas em que vivem as comunidades isoladas na Bacia Hidrogr\u00e1fica [&hellip;]<\/p>\n","protected":false},"author":1,"featured_media":0,"parent":0,"menu_order":0,"comment_status":"closed","ping_status":"closed","template":"","meta":{"footnotes":""},"_links":{"self":[{"href":"https:\/\/www.unisantos.br\/observacbhbs\/wp-json\/wp\/v2\/pages\/373"}],"collection":[{"href":"https:\/\/www.unisantos.br\/observacbhbs\/wp-json\/wp\/v2\/pages"}],"about":[{"href":"https:\/\/www.unisantos.br\/observacbhbs\/wp-json\/wp\/v2\/types\/page"}],"author":[{"embeddable":true,"href":"https:\/\/www.unisantos.br\/observacbhbs\/wp-json\/wp\/v2\/users\/1"}],"replies":[{"embeddable":true,"href":"https:\/\/www.unisantos.br\/observacbhbs\/wp-json\/wp\/v2\/comments?post=373"}],"version-history":[{"count":3,"href":"https:\/\/www.unisantos.br\/observacbhbs\/wp-json\/wp\/v2\/pages\/373\/revisions"}],"predecessor-version":[{"id":378,"href":"https:\/\/www.unisantos.br\/observacbhbs\/wp-json\/wp\/v2\/pages\/373\/revisions\/378"}],"wp:attachment":[{"href":"https:\/\/www.unisantos.br\/observacbhbs\/wp-json\/wp\/v2\/media?parent=373"}],"curies":[{"name":"wp","href":"https:\/\/api.w.org\/{rel}","templated":true}]}}