{"id":362,"date":"2021-05-16T12:57:44","date_gmt":"2021-05-16T15:57:44","guid":{"rendered":"https:\/\/www.unisantos.br\/observacbhbs\/?page_id=362"},"modified":"2021-05-16T13:06:55","modified_gmt":"2021-05-16T16:06:55","slug":"monitoramento-da-poluicao-difusa-nas-fontes-de-corpos-de-agua-dos-rios-cubatao-jurubatuba-e-ilha-barnabe","status":"publish","type":"page","link":"https:\/\/www.unisantos.br\/observacbhbs\/monitoramento-da-poluicao-difusa-nas-fontes-de-corpos-de-agua-dos-rios-cubatao-jurubatuba-e-ilha-barnabe\/","title":{"rendered":"Monitoramento da Polui\u00e7\u00e3o Difusa nas Fontes de Corpos de \u00c1gua dos Rios Cubat\u00e3o, Jurubatuba e Ilha Barnab\u00e9"},"content":{"rendered":"<p><strong><img loading=\"lazy\" decoding=\"async\" class=\"alignright wp-image-364 size-large\" src=\"http:\/\/www.unisantos.br\/observacbhbs\/wp-content\/uploads\/sites\/19\/2021\/05\/cubatao-1024x675.jpg\" alt=\"\" width=\"640\" height=\"422\" srcset=\"https:\/\/www.unisantos.br\/observacbhbs\/wp-content\/uploads\/sites\/19\/2021\/05\/cubatao-1024x675.jpg 1024w, https:\/\/www.unisantos.br\/observacbhbs\/wp-content\/uploads\/sites\/19\/2021\/05\/cubatao-300x198.jpg 300w, https:\/\/www.unisantos.br\/observacbhbs\/wp-content\/uploads\/sites\/19\/2021\/05\/cubatao-768x506.jpg 768w, https:\/\/www.unisantos.br\/observacbhbs\/wp-content\/uploads\/sites\/19\/2021\/05\/cubatao.jpg 1980w\" sizes=\"(max-width: 640px) 100vw, 640px\" \/>2018-BS_COB-85\u00a0<\/strong><\/p>\n<p><strong>1. RESUMO\u00a0<\/strong><\/p>\n<p>Regi\u00f5es onde existem uma popula\u00e7\u00e3o densamente povoada, pela pr\u00f3pria atividade, geram polui\u00e7\u00e3o ambiental tais como detergentes, detritos, esgotos, atividades agr\u00edcolas, \u00f3leos e gorduras, contaminando os cursos de \u00e1gua. As in\u00fameras ind\u00fastrias da regi\u00e3o, dos mais variados ramos de atividades, tamb\u00e9m geram poluentes constitu\u00eddos, entre outros, por compostos org\u00e2nicos como solventes, hidrocarbonetos arom\u00e1ticos, mat\u00e9ria prima para pl\u00e1sticos, pesticidas, al\u00e9m de contaminantes inorg\u00e2nicos como os elementos fertilizantes, metais e metais pesados (SODR\u00c9, 2012) (NOVOTNY, 2003).<\/p>\n<p>Al\u00e9m dos fatores associados \u00e0 uma comunidade, existem os fatores ligados \u00e0s ind\u00fastrias que geram v\u00e1rias esp\u00e9cies de poluentes adicionados aos efluentes ocasionando as fontes de polui\u00e7\u00e3o difusas, os quais se caracterizam por contaminar uma determinada \u00e1rea. A regi\u00e3o UGRHI 7 \u2013 Unidades Hidrogr\u00e1ficas de Gerenciamento de Recursos H\u00eddricos do Estado de S\u00e3o Paulo \u2013 localiza-se na regi\u00e3o da Baixada Santista (Figura 1) e \u00e9 definida por v\u00e1rias bacias hidrogr\u00e1ficas que desembocam na regi\u00e3o estuarina de Santos ou diretamente no Oceano Atl\u00e2ntico. Nessa regi\u00e3o existem v\u00e1rias atividades industriais com os mais diversos produtos qu\u00edmicos, al\u00e9m da atividade portu\u00e1ria que movimenta desde produtos acabados at\u00e9 mat\u00e9rias primas de base para as ind\u00fastrias. Essa movimenta\u00e7\u00e3o gera uma carga de poluentes desconhecidos, que deve ser monitorado para que se possa minimizar os efeitos danosos gerados aos corpos de \u00e1gua na regi\u00e3o.<\/p>\n<p>O monitoramento ser\u00e1 realizado por meio de an\u00e1lises qu\u00edmicas e microbiol\u00f3gicas recomendado pelo CONAMA \u2013 Conselho Nacional do Meio ambiente do Minist\u00e9rio do Meio Ambiente. Para a coleta e a preserva\u00e7\u00e3o das amostras de \u00e1guas ser\u00e3o utilizados os procedimentos estabelecidos pela Resolu\u00e7\u00e3o n\u00ba 724 de 03 de outubro de 2011 da Ag\u00eancia Nacional de \u00c1gua \u2013 ANA. O projeto ser\u00e1 executado em per\u00edodo de 2 (dois) anos, sendo que a fase anal\u00edtica contempla 1 (uma) amostragem por bimestre em 10 (dez) pontos, desde o Rio Cubat\u00e3o at\u00e9 o Estu\u00e1rio de Santos na conflu\u00eancia do Rio Jurubatuba, pr\u00f3ximo \u00e0 Ilha do Barnab\u00e9 Para as an\u00e1lises de elementos met\u00e1licos Alum\u00ednio, Ars\u00eanio, B\u00e1rio, C\u00e1dmio, Chumbo, Cobre, Cromo, Ferro, Mangan\u00eas, Merc\u00fario, N\u00edquel, Prata, Sel\u00eanio, T\u00e1lio, Ur\u00e2nio e Zinco ser\u00e1 utilizado a t\u00e9cnica de an\u00e1lises por Espectrofotometria de Absor\u00e7\u00e3o At\u00f4mica e Espectrofotometria no UV-Vis\u00edvel.<\/p>\n<p>Para as medidas de campo, como pH, temperatura da \u00e1gua, Oxig\u00eanio dissolvido, condutividade, potencial redox, turbidez e porcentagem de salinidade, ser\u00e1 utilizado uma Sonda Multipar\u00e2metros equipado com esses itens de medi\u00e7\u00e3o. Para as an\u00e1lises de \u00e2nions fluoreto, cloreto, nitrato, nitrito e fosfato ser\u00e1 utilizado o equipamento de Cromatografia de \u00cdons. Para as an\u00e1lises de compostos org\u00e2nicos arom\u00e1ticos ser\u00e1 utilizado a t\u00e9cnica de Cromatografia Gasosa e Cromatografia L\u00edquida de Alta Efici\u00eancia. As an\u00e1lises microbiol\u00f3gicas visando a determina\u00e7\u00e3o de coliformes totais ser\u00e3o realizadas seguindo o m\u00e9todo de N\u00famero Mais Prov\u00e1vel (NMP), em Caldo Lactose-Bile Verde Brilhante ou outro meio seletivo para esta finalidade. O procedimento para identifica\u00e7\u00e3o de E. coli ser\u00e1 o M\u00e9todo de Membrana Filtrante (MF), devido sua maior precis\u00e3o em rela\u00e7\u00e3o a outros m\u00e9todos convencionais. Na sequ\u00eancia ser\u00e3o realizados testes com Caldo m-Endo ou outro meio an\u00e1logo.<\/p>\n<p><strong>2. JUSTIFICATIVA<\/strong><\/p>\n<p>A regi\u00e3o UGRHI 7 \u2013 Unidades Hidrogr\u00e1ficas de Gerenciamento de Recursos H\u00eddricos do Estado de S\u00e3o Paulo \u2013 localiza-se na regi\u00e3o da Baixada Santista e \u00e9 definida por v\u00e1rias bacias hidrogr\u00e1ficas que desembocam na regi\u00e3o estuarina de Santos ou diretamente no Oceano Atl\u00e2ntico. Nessa regi\u00e3o existem v\u00e1rias atividades industriais com os mais diversos produtos qu\u00edmicos, al\u00e9m da atividade portu\u00e1ria que movimenta desde produtos acabados at\u00e9 mat\u00e9rias primas de base para as ind\u00fastrias. Essa movimenta\u00e7\u00e3o gera uma carga de poluentes desconhecidos, que deve ser monitorado para que se possa minimizar os efeitos danosos gerados aos corpos de \u00e1gua na regi\u00e3o.<\/p>\n<p>Segundo dados da Cetesb (2001, 2014) na regi\u00e3o entre os Rios Cubat\u00e3o e Jurubatuba localizam-se um grande n\u00famero de ind\u00fastrias e comunidades fortes candidatos a emitir efluentes e esgoto dom\u00e9stico, entre outras formas de agentes poluidores, incluindo inclusive metais pesados, como o merc\u00fario. Desta forma, este projeto tem como finalidade, por meio das an\u00e1lises qu\u00edmicas realizadas identificar os principais agentes poluentes, propor assim uma forma de monitoramento desses agentes poluentes e dessa forma auxiliar no planejamento e preserva\u00e7\u00e3o da garantia da qualidade da \u00e1gua, minimizando o impacto causado pelos poluentes, possibilitando uma ferramenta de controle para os \u00d3rg\u00e3os respons\u00e1veis. Em adi\u00e7\u00e3o, possibilitar\u00e1 uma redu\u00e7\u00e3o do custo do tratamento para obten\u00e7\u00e3o de \u00e1gua com qualidade satisfat\u00f3ria para o uso que se destina, de forma a se minimizar problemas sociais, de sa\u00fade p\u00fablica e ambiental.<\/p>\n<p><strong>3. JUSTIFICATIVA DE ENQUADRAMENTO NO PLANO ESTADUAL DE RECURSOS H\u00cdDRICOS \u2013 PERH<\/strong><\/p>\n<p>PDC 1: Bases T\u00e9cnicas em Recursos H\u00eddricos;<br \/>\nSub PDC 1.5: Fonte de polui\u00e7\u00e3o das \u00e1guas; e<br \/>\nA\u00e7\u00e3o 1 &#8211; Identifica\u00e7\u00e3o e proposta para o monitoramento das fontes de polui\u00e7\u00e3o difusa.<\/p>\n<p><strong>4. OBJETIVOS<\/strong><\/p>\n<p><strong>4.1. Objetivo geral<\/strong><br \/>\nMonitorar a qualidade da \u00e1gua por meio dos par\u00e2metros estabelecidos na Resolu\u00e7\u00e3o CONAMA n\u00ba 357 de 17\/03\/2005, alterada pela Resolu\u00e7\u00e3o 410\/2009 e pela 430\/2011, e verificar se atendem os limites estabelecidos para a classe dos corpos de \u00e1gua que os rios e ilhas se encontram enquadrados, segundo o Decreto n\u00ba 10.755 de 22 de novembro de 1977.<\/p>\n<p><strong>4.2. Objetivos espec\u00edficos<\/strong><br \/>\n\u2022 Coletar amostras em 10 (dez) pontos, desde o Rio Cubat\u00e3o at\u00e9 o Estu\u00e1rio de Santos na conflu\u00eancia do Rio Jurubatuba, pr\u00f3ximo \u00e0 Ilha do Barnab\u00e9, com frequ\u00eancia bimestral ao longo de 2 anos, contabilizando um total de 9 coletas (a partir do 4\u00ba m\u00eas do projeto);<br \/>\n\u2022 Analisar elementos met\u00e1licos e compostos org\u00e2nicos recomendado pelo CONAMA para controle das \u00e1guas nas amostras coletadas; e<br \/>\n\u2022 Realizar an\u00e1lises microbiol\u00f3gica nas amostras coletadas e organizar os dados obtidos em relat\u00f3rios e disponibilizar os dados obtidos ao CBH-BS, FEHIDRO e \u00f3rg\u00e3os p\u00fablicos envolvidos no planejamento e gest\u00e3o de recursos h\u00eddricos.<\/p>\n<p><strong>5. METAS<\/strong><\/p>\n<p>I. Levantamento e aquisi\u00e7\u00e3o de normas de metodologia anal\u00edtica e de amostragem;<br \/>\nII. Levantamento e aquisi\u00e7\u00e3o de equipamentos, acess\u00f3rios, vidrarias, reagentes, padr\u00f5es anal\u00edticos e adequa\u00e7\u00e3o de infraestrutura;<br \/>\nIII. Otimiza\u00e7\u00e3o e valida\u00e7\u00e3o da metodologia anal\u00edtica e treinamento do pessoal envolvido;<br \/>\nIV. Planejamento do procedimento de coleta de \u00e1gua, na campanha de amostragem no campo;<br \/>\nV. Determina\u00e7\u00e3o de dados de caracteriza\u00e7\u00e3o direta em cada ponto amostral, a ser realizada durante a coleta das amostras nos 10 pontos em campanha de campo;<br \/>\nVI. Coleta e acondicionamento das amostras, e an\u00e1lises dos elementos qu\u00edmicos met\u00e1licos, \u00e2nions e compostos org\u00e2nicos nos laborat\u00f3rios do Ipeci \u2013UniSantos;<br \/>\nVII. Produ\u00e7\u00e3o de planilhas e tratamento estat\u00edstico para caracteriza\u00e7\u00e3o e qualidade da \u00e1gua para os par\u00e2metros considerados; e<br \/>\nVIII. Divulga\u00e7\u00e3o dos dados por meio de relat\u00f3rios semestrais a \u00f3rg\u00e3os e institui\u00e7\u00f5es interessadas.<\/p>\n<p><strong>6. ESTRAT\u00c9GIA PARA EXECU\u00c7\u00c3O DO EMPREENDIMENTO<\/strong><\/p>\n<p>O pesquisador coordenador \u00e9 encarregado do gerenciamento do projeto e da equipe t\u00e9cnica, composta por mais dois pesquisadores e dois alunos de gradua\u00e7\u00e3o. As atividades do projeto envolvem a coleta de dados diretos e amostras em 10 pontos desde o Rio Cubat\u00e3o at\u00e9 o Estu\u00e1rio de Santos na conflu\u00eancia do Rio Jurubatuba, pr\u00f3ximo \u00e0 Ilha do Barnab\u00e9, com posterior an\u00e1lise laboratorial de elementos qu\u00edmicos, \u00edons, compostos org\u00e2nicos arom\u00e1ticos e microbiol\u00f3gicas.<\/p>\n<p>Os 4 (quatro) primeiros meses do projeto s\u00e3o utilizados para aquisi\u00e7\u00e3o, instala\u00e7\u00e3o e estabelecimento de rotina anal\u00edtica dos equipamentos solicitados. Nos 12 (doze) meses seguintes, s\u00e3o realizadas as etapas de campo e de laborat\u00f3rio. Os \u00faltimos 2 (dois) meses ser\u00e3o utilizados para elabora\u00e7\u00e3o de publica\u00e7\u00f5es e do relat\u00f3rio final.<\/p>\n<p><strong>7. P\u00daBLICO-ALVO<\/strong><\/p>\n<p>\u2022 Comunidades;<br \/>\n\u2022 Empresas;<br \/>\n\u2022 Turismo que utilizam as \u00e1guas dos rios;<br \/>\n\u2022 Ilhas e o poder p\u00fablico; e<br \/>\n\u2022 Entidades gestoras da qualidade da \u00e1gua.<\/p>\n<p><strong>8. EQUIPE T\u00c9CNICA<\/strong><\/p>\n<p><strong>8.1. Membros da UniSantos\/SVSL que ser\u00e3o respons\u00e1veis pelo desenvolvimento da proposta<\/strong><br \/>\n\u2022 Prof. Dr. Hirochi Yamamura \u2013 Coordenador Cient\u00edfico<br \/>\n<a href=\"http:\/\/lattes.cnpq.br\/2050168098314795\" target=\"_blank\" rel=\"noopener\">Curr\u00edculo Lattes<\/a><br \/>\n\u2022 Profa. Dra. Adriana Florentino de Souza<br \/>\n<a href=\"http:\/\/lattes.cnpq.br\/9226854791302725\" target=\"_blank\" rel=\"noopener\">Curr\u00edculo Lattes<\/a><br \/>\n\u2022 Prof. Dr. Alf\u00e9sio Lu\u00eds Ferreira Braga<br \/>\n<a href=\"http:\/\/lattes.cnpq.br\/3833285539319613\" target=\"_blank\" rel=\"noopener\">Curr\u00edculo Lattes<\/a><\/p>\n<p><strong>8.2. Estagi\u00e1rios de n\u00edvel superior:<\/strong><br \/>\nDois estudantes de gradua\u00e7\u00e3o dos cursos de Cursos de Ci\u00eancias Biol\u00f3gicas, Engenharia Ambiental, Qu\u00edmica Tecnol\u00f3gica ou estudante de qualquer outro curso, desde que atendam \u00e0s condi\u00e7\u00f5es necess\u00e1rias para o preenchimento da vaga.<br \/>\n\u2022 Gabriela Beck Sales<br \/>\nCurso: Qu\u00edmica Tecnol\u00f3gica<br \/>\nInstitui\u00e7\u00e3o: Universidade Cat\u00f3lica de Santos<br \/>\n<a href=\"http:\/\/lattes.cnpq.br\/9692165823041031\" target=\"_blank\" rel=\"noopener\">Curr\u00edculo Lattes<\/a><br \/>\n\u2022 Gabrielle Buccelli dos Santos<br \/>\nCurso: Ci\u00eancias Biol\u00f3gicas<br \/>\nInstitui\u00e7\u00e3o: Universidade Cat\u00f3lica de Santos<br \/>\n<a href=\"http:\/\/lattes.cnpq.br\/3301906711523999\" target=\"_blank\" rel=\"noopener\">Curr\u00edculo Lattes<\/a><\/p>\n","protected":false},"excerpt":{"rendered":"<p>2018-BS_COB-85\u00a0 1. RESUMO\u00a0 Regi\u00f5es onde existem uma popula\u00e7\u00e3o densamente povoada, pela pr\u00f3pria atividade, geram polui\u00e7\u00e3o ambiental tais como detergentes, detritos, [&hellip;]<\/p>\n","protected":false},"author":1,"featured_media":0,"parent":0,"menu_order":0,"comment_status":"closed","ping_status":"closed","template":"","meta":{"footnotes":""},"_links":{"self":[{"href":"https:\/\/www.unisantos.br\/observacbhbs\/wp-json\/wp\/v2\/pages\/362"}],"collection":[{"href":"https:\/\/www.unisantos.br\/observacbhbs\/wp-json\/wp\/v2\/pages"}],"about":[{"href":"https:\/\/www.unisantos.br\/observacbhbs\/wp-json\/wp\/v2\/types\/page"}],"author":[{"embeddable":true,"href":"https:\/\/www.unisantos.br\/observacbhbs\/wp-json\/wp\/v2\/users\/1"}],"replies":[{"embeddable":true,"href":"https:\/\/www.unisantos.br\/observacbhbs\/wp-json\/wp\/v2\/comments?post=362"}],"version-history":[{"count":4,"href":"https:\/\/www.unisantos.br\/observacbhbs\/wp-json\/wp\/v2\/pages\/362\/revisions"}],"predecessor-version":[{"id":371,"href":"https:\/\/www.unisantos.br\/observacbhbs\/wp-json\/wp\/v2\/pages\/362\/revisions\/371"}],"wp:attachment":[{"href":"https:\/\/www.unisantos.br\/observacbhbs\/wp-json\/wp\/v2\/media?parent=362"}],"curies":[{"name":"wp","href":"https:\/\/api.w.org\/{rel}","templated":true}]}}