{"id":338,"date":"2021-05-15T22:27:50","date_gmt":"2021-05-16T01:27:50","guid":{"rendered":"https:\/\/www.unisantos.br\/observacbhbs\/?page_id=338"},"modified":"2021-05-17T21:25:32","modified_gmt":"2021-05-18T00:25:32","slug":"avaliacao-e-monitoramento-de-disponibilidade-hidrica-subterranea-na-baixada-santista-usando-metodos-geofisicos","status":"publish","type":"page","link":"https:\/\/www.unisantos.br\/observacbhbs\/avaliacao-e-monitoramento-de-disponibilidade-hidrica-subterranea-na-baixada-santista-usando-metodos-geofisicos\/","title":{"rendered":"Avalia\u00e7\u00e3o e Monitoramento de Disponibilidade H\u00eddrica Subterr\u00e2nea na Baixada Santista Usando M\u00e9todos Geof\u00edsicos"},"content":{"rendered":"<p><strong><img loading=\"lazy\" decoding=\"async\" class=\"alignright wp-image-340 size-large\" src=\"http:\/\/www.unisantos.br\/observacbhbs\/wp-content\/uploads\/sites\/19\/2021\/05\/avaliacao-monitora-1024x860.jpg\" alt=\"\" width=\"640\" height=\"538\" srcset=\"https:\/\/www.unisantos.br\/observacbhbs\/wp-content\/uploads\/sites\/19\/2021\/05\/avaliacao-monitora-1024x860.jpg 1024w, https:\/\/www.unisantos.br\/observacbhbs\/wp-content\/uploads\/sites\/19\/2021\/05\/avaliacao-monitora-300x252.jpg 300w, https:\/\/www.unisantos.br\/observacbhbs\/wp-content\/uploads\/sites\/19\/2021\/05\/avaliacao-monitora-768x645.jpg 768w, https:\/\/www.unisantos.br\/observacbhbs\/wp-content\/uploads\/sites\/19\/2021\/05\/avaliacao-monitora.jpg 1980w\" sizes=\"(max-width: 640px) 100vw, 640px\" \/>2017-BS_COB-60<\/strong><\/p>\n<p><strong>1. RESUMO<\/strong><\/p>\n<p>Neste projeto prop\u00f5e-se em fun\u00e7\u00e3o das demandas atuais e eventuais demandas futuras de \u00e1gua para consumo humano na regi\u00e3o da Baixada Santista, usando m\u00e9todos geof\u00edsicos e hidrogeol\u00f3gicos, delimitar e monitorar as \u00e1reas em que \u00e9 poss\u00edvel realizar capta\u00e7\u00e3o de \u00e1gua, de modo que esta seja pr\u00f3pria para consumo nos principais cursos d\u2019\u00e1gua da Bacia Hidrogr\u00e1fica da Baixada Santista.<\/p>\n<p><strong>2. JUSTIFICATIVA<\/strong><\/p>\n<p>O aqu\u00edfero litor\u00e2neo pode ser dividido em dois n\u00edveis: (i) superior (fre\u00e1tico); (ii) inferior (confinado). N\u00edvel superior por ser bastante raso \u00e9 extremamente vulner\u00e1vel a polui\u00e7\u00e3o urbana de diversos tipos, desde esgoto dom\u00e9stico at\u00e9 res\u00edduos provenientes de atividades industriais e hospitalares. J\u00e1 o n\u00edvel inferior de aqu\u00edfero, por causa de bombeamento excessivo dos po\u00e7os que inverte o fluxo da \u00e1gua subterr\u00e2nea, \u00e9 sujeito a avan\u00e7o da cunha de \u00e1gua salgada do mar para dentro do aqu\u00edfero, principalmente no ver\u00e3o com aumento da popula\u00e7\u00e3o devido ao fluxo de veranistas. A consequ\u00eancia de intrus\u00e3o salina j\u00e1 foi registrada na regi\u00e3o de Santos-Cubat\u00e3o, onde o cloreto est\u00e1 acima de 250 mg\/L. Apesar destas evid\u00eancias de salinidade de \u00e1gua em aqu\u00edfero litor\u00e2neo sedimentar, os estudos para mapear a intrus\u00e3o salina ainda n\u00e3o foram efetuados. Entretanto, a contamina\u00e7\u00e3o pela salinidade marinha pode gerar um problema ambiental irrevers\u00edvel.<\/p>\n<p>Este projeto visa em fun\u00e7\u00e3o das demandas atuais e eventuais demandas futuras de \u00e1gua para consumo humano na regi\u00e3o da Baixada Santista, usando m\u00e9todos geof\u00edsicos e hidrogeol\u00f3gicos, delimitar e monitorar as \u00e1reas nas quais \u00e9 poss\u00edvel realizar capta\u00e7\u00e3o de \u00e1gua, de modo que esta seja pr\u00f3pria para consumo nos principais cursos d\u2019\u00e1gua da Bacia Hidrogr\u00e1fica da Baixada Santista. As \u00e1reas costeiras s\u00e3o ambientes fr\u00e1geis, onde os recursos h\u00eddricos subterr\u00e2neos s\u00e3o facilmente contaminados, tanto pela salinidade marinha, como tamb\u00e9m pela polui\u00e7\u00e3o urbana gerando um problema ambiental que pode se tornar irrevers\u00edvel. A detec\u00e7\u00e3o e monitoramento de contamina\u00e7\u00e3o por intrus\u00e3o marinha de sistemas de aqu\u00edferos usando m\u00e9todos geof\u00edsicos e hidrogeol\u00f3gicos tem capacidade comprovada para fornecer os subs\u00eddios necess\u00e1rios para um plano de a\u00e7\u00e3o de gerenciamento dos recursos h\u00eddricos subterr\u00e2neos.<\/p>\n<p><strong>3. JUSTIFICATIVA DE ENQUADRAMENTO NO PLANO ESTADUAL DE RECURSOS H\u00cdDRICOS \u2013 PERH<\/strong><\/p>\n<p>PDC 1: Bases T\u00e9cnicas em Recursos H\u00eddricos;<br \/>\nSub-PDC 1.5: Disponibilidade h\u00eddrica;<br \/>\nA\u00e7\u00e3o 1: Identificar e mapear em escala compat\u00edvel: a) \u00e1reas alag\u00e1veis pela chuva e mar\u00e9s; e b) \u00e1reas e cursos d&#8217;\u00e1gua sujeitos \u00e0 intrus\u00e3o salina (superficial e subterr\u00e2nea).<\/p>\n<p><strong>4. OBJETIVOS<\/strong><\/p>\n<p><strong>4.1. Objetivo geral <\/strong><br \/>\nDetermina\u00e7\u00e3o dos limites da intrus\u00e3o salina e disponibilidade h\u00eddrica subterr\u00e2nea nos principais cursos d\u2019\u00e1gua da UGRHI 07, para fins de estudos e para subs\u00eddios na gest\u00e3o dos recursos h\u00eddricos, sendo os seguintes rios: 1- Rio Perequ\u00ea; 2- Rio Preto Sul. 3- Rio Preto; 4- Rio Aguape\u00fa; 5- Rio Branco; 6- Rio Cubat\u00e3o; 7- Pia\u00e7abu\u00e7u; 8 \u2013 Ilha de S\u00e3o Vicente; 9 &#8211; Ilha de Santo Amaro. Portanto, prop\u00f5e-se a utiliza\u00e7\u00e3o de m\u00e9todos geof\u00edsicos como ferramenta para realizar esses estudos. Os m\u00e9todos geof\u00edsicos propostos a serem utilizados neste estudo s\u00e3o: M\u00e9todos<br \/>\nGeoel\u00e9tricos; M\u00e9todos S\u00edsmicos; M\u00e9todos Eletromagn\u00e9ticos. Al\u00e9m disso, em todas as localidades estudadas, ser\u00e3o realizadas capta\u00e7\u00f5es de \u00e1gua subterr\u00e2nea no topo de n\u00edvel superior (fre\u00e1tico) de aqu\u00edfero litor\u00e2neo para realiza\u00e7\u00e3o de an\u00e1lises hidroqu\u00edmicas.<br \/>\nDe acordo com as publica\u00e7\u00f5es nacionais e internacionais recentes, os m\u00e9todos geof\u00edsicos propostos para esse estudo s\u00e3o comprovadamente eficazes para caracteriza\u00e7\u00e3o de aqu\u00edferos, determina\u00e7\u00e3o dos limites da intrus\u00e3o salina e disponibilidade h\u00eddrica subterr\u00e2nea.<\/p>\n<p><strong>4.2. Objetivos Espec\u00edficos<\/strong><br \/>\n\u2022 Realiza\u00e7\u00e3o de campanhas de campo de aquisi\u00e7\u00e3o de dados geof\u00edsicos e hidrogeol\u00f3gicos para obten\u00e7\u00e3o de modelo de aqu\u00edferos costeiros;<br \/>\n\u2022 Levantamentos geof\u00edsicos de s\u00edsmica de reflex\u00e3o, refra\u00e7\u00e3o multicomponente e MASW;<br \/>\n\u2022 Levantamentos geof\u00edsicos de eletrorresistividade e GPR juntamente com sondagens mec\u00e2nicas (trado manual) para as capta\u00e7\u00f5es de \u00e1gua subterr\u00e2nea no topo de n\u00edvel superior (fre\u00e1tico), para defini\u00e7\u00e3o de profundidade de n\u00edvel fre\u00e1tico e realiza\u00e7\u00e3o de analises hidroqu\u00edmicas, ap\u00f3s per\u00edodo de pluviometria elevada (mar\u00e7o) e em per\u00edodo de estiagem (setembro); Nestas \u00e9pocas, as aquisi\u00e7\u00f5es de campo ser\u00e3o realizadas em situa\u00e7\u00e3o de mar\u00e9 cheia e de mar\u00e9 baixa. A escolha destes meses (mar\u00e7o e setembro), al\u00e9m de serem \u00e9pocas t\u00edpicas de per\u00edodo molhado e seco, s\u00e3o os meses dos equin\u00f3cios de ver\u00e3o e primavera, respectivamente. Nestas \u00e9pocas do ano, os efeitos lunares e solares atuando em conjunto refor\u00e7am uns aos outros, produzindo as maiores mar\u00e9s altas e as menores mar\u00e9s baixas. Portanto, aquisi\u00e7\u00f5es de dados em lua cheia ou lua nova nestes per\u00edodos (quando ocorrem mar\u00e9s altas e baixas de grande magnitude), s\u00e3o os per\u00edodos prop\u00edcios para que sejam observados os maiores e os menores efeitos de infiltra\u00e7\u00e3o da cunha salina sobre o continente;<br \/>\n\u2022 Defini\u00e7\u00e3o de arcabou\u00e7o estrutural e estratigr\u00e1fico visando entender compartimenta\u00e7\u00e3o estrutural e conectividade de partes de sistemas de aqu\u00edferos;<br \/>\n\u2022 Constru\u00e7\u00e3o de modelo hidrogeof\u00edsico e hidrogeol\u00f3gico de aqu\u00edferos com a varia\u00e7\u00e3o temporal de par\u00e2metros estudados; e<br \/>\n\u2022 Realiza\u00e7\u00e3o de dois relat\u00f3rios relativos \u00e0 intrus\u00e3o salina na Bacia Hidrogr\u00e1fica da Baixada Santista. Primeiro relat\u00f3rio ap\u00f3s um ano com modelo preliminar e segundo ap\u00f3s a conclus\u00e3o de segundo ano de projeto com modelo que inclui a varia\u00e7\u00e3o de par\u00e2metros estudados.<\/p>\n<p><strong>5. METAS<\/strong><\/p>\n<p>I. Constru\u00e7\u00e3o e valida\u00e7\u00e3o de modelo geol\u00f3gico e hidrogeol\u00f3gico de aqu\u00edfero litor\u00e2neo a partir dos dados p\u00fablicos dispon\u00edveis. Realiza\u00e7\u00e3o de localiza\u00e7\u00e3o e reconhecimento das \u00e1reas para aquisi\u00e7\u00e3o de dados geof\u00edsicos e hidrogeol\u00f3gicos.<br \/>\nII. Realiza\u00e7\u00e3o de campanhas de campo de aquisi\u00e7\u00e3o de dados geof\u00edsicos e hidrogeol\u00f3gicos.<br \/>\nIII. An\u00e1lise e processamento de dados geof\u00edsicos e hidrogeol\u00f3gicos adquiridos.<br \/>\nIV. Produ\u00e7\u00e3o de modelos geol\u00f3gicos e hidrogeol\u00f3gicos est\u00e1tico e din\u00e2mico de aqu\u00edfero litor\u00e2neo com as informa\u00e7\u00f5es referentes a disponibilidade h\u00eddrica subterr\u00e2nea.<br \/>\nV. Divulga\u00e7\u00e3o e disponibiliza\u00e7\u00e3o dos dados produzidos aos \u00f3rg\u00e3os e institui\u00e7\u00f5es interessados.<\/p>\n<p><strong>6. ESTRAT\u00c9GIA PARA EXECU\u00c7\u00c3O DO EMPREENDIMENTO<\/strong><\/p>\n<p>Avalia\u00e7\u00e3o da etapa de execu\u00e7\u00e3o do projeto: O desempenho da etapa de execu\u00e7\u00e3o ser\u00e1 avaliado atrav\u00e9s de indicadores quantitativos da gera\u00e7\u00e3o de dados sobre contamina\u00e7\u00e3o por intrus\u00e3o salina na Bacia Hidrogr\u00e1fica da Baixada Santista.<br \/>\nAvalia\u00e7\u00e3o dos resultados do projeto: Os indicadores de desempenho final do projeto est\u00e3o associados \u00e0 gera\u00e7\u00e3o dos dados; Dois relat\u00f3rios relativos \u00e0 intrus\u00e3o salina na Bacia Hidrogr\u00e1fica da Baixada Santista ser\u00e3o entregues. Primeiro relat\u00f3rio ap\u00f3s um ano de projeto com modelo preliminar e segundo ap\u00f3s a conclus\u00e3o de projeto com modelo que inclui a varia\u00e7\u00e3o de par\u00e2metros estudados. O principal resultado esperado \u00e9 o fornecimento dos subs\u00eddios necess\u00e1rios para um plano de a\u00e7\u00e3o de gerenciamento dos recursos h\u00eddricos por meio de prospec\u00e7\u00e3o geof\u00edsica de \u00e1guas subterr\u00e2neas e seu monitoramento visando poss\u00edvel contamina\u00e7\u00e3o por intrus\u00e3o marinha e polui\u00e7\u00e3o urbana de aqu\u00edfero litor\u00e2neo sedimentar.<br \/>\nCom o volume de dados gerados espera-se contribuir para aumento das fontes de \u00e1gua pot\u00e1vel na regi\u00e3o de Baixada Santista. Todos os resultados conquistados ser\u00e3o divulgados para o p\u00fablico por meio de eventos de divulga\u00e7\u00e3o e publica\u00e7\u00f5es de artigos em eventos e peri\u00f3dicos nacionais e internacionais.<\/p>\n<p><strong>7. P\u00daBLICO-ALVO<\/strong><\/p>\n<p>\u2022 Popula\u00e7\u00e3o da Baixada Santista;<br \/>\n\u2022 Entidades relacionadas \u00e0 sa\u00fade p\u00fablica;<br \/>\n\u2022 \u00d3rg\u00e3os p\u00fablicos envolvidos no planejamento e gest\u00e3o de recursos h\u00eddricos; e<br \/>\n\u2022 \u00d3rg\u00e3os p\u00fablicos envolvidos em controle, fiscaliza\u00e7\u00e3o e aplica\u00e7\u00e3o da legisla\u00e7\u00e3o ambiental.<\/p>\n<p><strong>8. EQUIPE T\u00c9CNICA<\/strong><\/p>\n<p><strong>8.1. Membros da UniSantos\/SVSL que ser\u00e3o respons\u00e1veis pelo desenvolvimento da proposta<\/strong><br \/>\n\u2022 Prof. Dr. Oleg Bokhonok \u2013 Coordenador Cient\u00edfico<br \/>\n<a href=\"http:\/\/lattes.cnpq.br\/9064674206262039\" target=\"_blank\" rel=\"noopener\">Curr\u00edculo Lattes<\/a><\/p>\n<p>\u2022 Prof. Dr. Ot\u00e1vio Coaracy Brasil Gandolfo<br \/>\n<a href=\"http:\/\/lattes.cnpq.br\/3541736679667635\" target=\"_blank\" rel=\"noopener\">Curr\u00edculo Lattes<\/a><\/p>\n<p>\u2022 Prof. Me. Jhonnes Alberto Vaz<br \/>\n<a href=\"http:\/\/lattes.cnpq.br\/7344782149134067\" target=\"_blank\" rel=\"noopener\">Curr\u00edculo Lattes<\/a><\/p>\n<p>\u2022 Prof. Dr. Hirochi Yamamura<br \/>\n<a href=\"http:\/\/lattes.cnpq.br\/2050168098314795\" target=\"_blank\" rel=\"noopener\">Curr\u00edculo Lattes<\/a><\/p>\n<p><strong>8.2. Estagi\u00e1rios de n\u00edvel superior<\/strong><br \/>\nTr\u00eas estudantes de gradua\u00e7\u00e3o dos cursos de Engenharia Ambiental e Engenharia Qu\u00edmica.<br \/>\n\u2022 Bruno Walter Algaves<br \/>\nCurso: Engenharia de Petr\u00f3leo<br \/>\nInstitui\u00e7\u00e3o: Universidade Cat\u00f3lica de Santos<br \/>\n<a href=\"http:\/\/lattes.cnpq.br\/6144500205411830\" target=\"_blank\" rel=\"noopener\">Curr\u00edculo Lattes<\/a><\/p>\n<p>\u2022 Felipe Satolli Martins<br \/>\nCurso: Engenharia de Petr\u00f3leo<br \/>\nInstitui\u00e7\u00e3o: Universidade Cat\u00f3lica de Santos<br \/>\n<a href=\"http:\/\/lattes.cnpq.br\/5182507312233488\" target=\"_blank\" rel=\"noopener\">Curr\u00edculo Lattes<\/a><\/p>\n<p>\u2022 Matheus Lemos de Oliveira<br \/>\nCurso: Engenharia Ambiental<br \/>\nInstitui\u00e7\u00e3o: Universidade Cat\u00f3lica de Santos<br \/>\n<a href=\"http:\/\/lattes.cnpq.br\/5576055412122928\" target=\"_blank\" rel=\"noopener\">Curr\u00edculo Lattes<\/a><\/p>\n","protected":false},"excerpt":{"rendered":"<p>2017-BS_COB-60 1. RESUMO Neste projeto prop\u00f5e-se em fun\u00e7\u00e3o das demandas atuais e eventuais demandas futuras de \u00e1gua para consumo humano [&hellip;]<\/p>\n","protected":false},"author":1,"featured_media":0,"parent":0,"menu_order":0,"comment_status":"closed","ping_status":"closed","template":"","meta":{"footnotes":""},"_links":{"self":[{"href":"https:\/\/www.unisantos.br\/observacbhbs\/wp-json\/wp\/v2\/pages\/338"}],"collection":[{"href":"https:\/\/www.unisantos.br\/observacbhbs\/wp-json\/wp\/v2\/pages"}],"about":[{"href":"https:\/\/www.unisantos.br\/observacbhbs\/wp-json\/wp\/v2\/types\/page"}],"author":[{"embeddable":true,"href":"https:\/\/www.unisantos.br\/observacbhbs\/wp-json\/wp\/v2\/users\/1"}],"replies":[{"embeddable":true,"href":"https:\/\/www.unisantos.br\/observacbhbs\/wp-json\/wp\/v2\/comments?post=338"}],"version-history":[{"count":3,"href":"https:\/\/www.unisantos.br\/observacbhbs\/wp-json\/wp\/v2\/pages\/338\/revisions"}],"predecessor-version":[{"id":342,"href":"https:\/\/www.unisantos.br\/observacbhbs\/wp-json\/wp\/v2\/pages\/338\/revisions\/342"}],"wp:attachment":[{"href":"https:\/\/www.unisantos.br\/observacbhbs\/wp-json\/wp\/v2\/media?parent=338"}],"curies":[{"name":"wp","href":"https:\/\/api.w.org\/{rel}","templated":true}]}}