{"id":332,"date":"2021-05-15T21:19:06","date_gmt":"2021-05-16T00:19:06","guid":{"rendered":"https:\/\/www.unisantos.br\/observacbhbs\/?page_id=332"},"modified":"2021-05-17T21:17:35","modified_gmt":"2021-05-18T00:17:35","slug":"avaliacao-da-presenca-de-cafeina-e-hidrocarbonetos-poliaromaticos-nas-aguas-superficiais-do-estuario-de-santos","status":"publish","type":"page","link":"https:\/\/www.unisantos.br\/observacbhbs\/avaliacao-da-presenca-de-cafeina-e-hidrocarbonetos-poliaromaticos-nas-aguas-superficiais-do-estuario-de-santos\/","title":{"rendered":"Avalia\u00e7\u00e3o da Presen\u00e7a de Cafe\u00edna e Hidrocarbonetos Poliarom\u00e1ticos nas \u00c1guas Superficiais do Estu\u00e1rio de Santos"},"content":{"rendered":"<p><strong><img loading=\"lazy\" decoding=\"async\" class=\"alignright wp-image-334 size-large\" src=\"http:\/\/www.unisantos.br\/observacbhbs\/wp-content\/uploads\/sites\/19\/2021\/05\/avaliacao-1024x644.jpg\" alt=\"\" width=\"640\" height=\"403\" srcset=\"https:\/\/www.unisantos.br\/observacbhbs\/wp-content\/uploads\/sites\/19\/2021\/05\/avaliacao-1024x644.jpg 1024w, https:\/\/www.unisantos.br\/observacbhbs\/wp-content\/uploads\/sites\/19\/2021\/05\/avaliacao-300x189.jpg 300w, https:\/\/www.unisantos.br\/observacbhbs\/wp-content\/uploads\/sites\/19\/2021\/05\/avaliacao-768x483.jpg 768w, https:\/\/www.unisantos.br\/observacbhbs\/wp-content\/uploads\/sites\/19\/2021\/05\/avaliacao.jpg 2022w\" sizes=\"(max-width: 640px) 100vw, 640px\" \/>2016-BS_COB-39<\/strong><\/p>\n<p><strong>1. RESUMO<\/strong><\/p>\n<p>Este projeto prop\u00f5e a avalia\u00e7\u00e3o da presen\u00e7a de cafe\u00edna e de hidrocarbonetos poliarom\u00e1ticos, HPAs, na \u00e1gua superficial do estu\u00e1rio de Santos durante doze meses consecutivos. As coletas de \u00e1gua ser\u00e3o realizadas em 24 pontos amostrais distribu\u00eddos. Par\u00e2metros de leitura direta por sonda ser\u00e3o obtidos nos pontos amostrais e as an\u00e1lises para cafe\u00edna e HPAs ser\u00e3o realizadas por cromatografia l\u00edquida &#8211; HPLC.<\/p>\n<p><strong>2. JUSTIFICATIVA<\/strong><\/p>\n<p>Cafe\u00edna \u00e9 um eficiente marcador para a presen\u00e7a de esgoto urbano em \u00e1guas superficiais (BUERGE et al, 2003; FERREIRA, 2005; BUERGE et al, 2006; MORET et al, 2012; SAUV\u00c9 et al, 2012). Enquanto fontes de coliformes fecais de origem agr\u00edcola n\u00e3o lan\u00e7am cafe\u00edna no meio, o consumo ub\u00edquo de bebidas baseadas em caf\u00e9, ch\u00e1, chocolate e f\u00e1rmacos adicionados de cafe\u00edna permite que este composto esteja presente em quantidades mensur\u00e1veis nos corpos h\u00eddricos que recebem esgoto humano in natura. Esta condi\u00e7\u00e3o resulta da degrada\u00e7\u00e3o de cafe\u00edna em esta\u00e7\u00f5es de tratamento de esgoto, onde o composto apresenta abatimento da ordem de 99% (BUERGE et al, 2003; BUERGE et al, 2006). Consequentemente, a presen\u00e7a de cafe\u00edna pode ser utilizada como indicador do lan\u00e7amento ambiental de esgoto humano sem tratamento.<\/p>\n<p>Apesar da evolu\u00e7\u00e3o da legisla\u00e7\u00e3o que aborda tanto as situa\u00e7\u00f5es de lan\u00e7amento de efluentes e res\u00edduos em corpos h\u00eddricos, como os eventos de derramamento, ainda testemunhamos in\u00fameros casos de impactos. No cen\u00e1rio do Estu\u00e1rio de Santos, a presen\u00e7a de contaminantes tem sido resultado de epis\u00f3dios como o inc\u00eandio da Ultracargo, em abril de 2015, ou do recente rompimento de uma tubula\u00e7\u00e3o no Terminal Terrestre da Transpetro, em mar\u00e7o de 2016, al\u00e9m de incont\u00e1veis derramamentos, lan\u00e7amentos, vazamentos que se repetem por d\u00e9cadas.<\/p>\n<p>O atendimento emergencial a um evento de libera\u00e7\u00e3o ambiental de petr\u00f3leo ou de combust\u00edveis tem como objetivo principal a remo\u00e7\u00e3o f\u00edsica do produto. Entretanto, os impactos resultantes das dificuldades de atendimento a um derramamento em um corpo h\u00eddrico, seja marinho ou continental, t\u00eam por consequ\u00eancia os efeitos dos compostos disseminados no meio. As fra\u00e7\u00f5es densas que afundam na coluna de \u00e1gua e as adsorvidas nos sedimentos, se somam aos volumes levados por correntes e mar\u00e9s, para longe dos trechos de atua\u00e7\u00e3o de equipes de atendimento.<\/p>\n<p>Diferente da grande maioria dos componentes do petr\u00f3leo, os HPAs s\u00e3o quase todos mais densos que a \u00e1gua, apresentando tamb\u00e9m baixa solubilidade, que diminui ainda mais com o aumento da massa molecular de cada composto. Estas caracter\u00edsticas permitem que volumes liberados de petroderivados como alguns \u00f3leos combust\u00edveis, permane\u00e7am depositados no fundo de trechos dos canais fl\u00favio-marinhos, servindo de fonte ativa de fases dissolvidas de HPAs, mesmo considerando a sua baixa solubilidade.<\/p>\n<p>Uma pessoa pode gerar centenas a milhares de miligramas de cafe\u00edna por dia, como um marcador est\u00e1vel, de alta solubilidade, baixo coeficiente de parti\u00e7\u00e3o octanol-\u00e1gua, volatilidade muito pequena e sem fontes naturais potenciais (FERREIRA, 2005). A avalia\u00e7\u00e3o da presen\u00e7a de cafe\u00edna em \u00e1guas superficiais pode ser utilizada como indicador do lan\u00e7amento ambiental de esgoto humano sem tratamento.<\/p>\n<p>Justifica-se a avalia\u00e7\u00e3o e monitoramento de hidrocarbonetos poliarom\u00e1ticos na \u00e1gua nos canais do Estu\u00e1rio de Santos pelo potencial impacto destes, tanto em situa\u00e7\u00f5es de contato direto com esta matriz pela popula\u00e7\u00e3o ou pela biota, quanto na qualidade da \u00e1gua da Ba\u00eda de Santos, afetando a balneabilidade das praias.<br \/>\nConsiderando-se uma abordagem de sa\u00fade p\u00fablica, a identifica\u00e7\u00e3o de impactos de contamina\u00e7\u00e3o em \u00e1guas superficiais se posiciona como um procedimento inicial para subsidiar tomadas de decis\u00e3o e gest\u00e3o destes recursos h\u00eddricos. Neste sentido, a disponibiliza\u00e7\u00e3o de informa\u00e7\u00f5es apoia o planejamento de a\u00e7\u00f5es pelos atores relacionados ao gerenciamento da UGRHI 7, atrav\u00e9s da caracteriza\u00e7\u00e3o e monitoramento das fontes difusas de polui\u00e7\u00e3o em uma regi\u00e3o densamente ocupada.<\/p>\n<p><strong>3. JUSTIFICATIVA DE ENQUADRAMENTO NO PLANO ESTADUAL DE RECURSOS H\u00cdDRICOS \u2013 PERH<\/strong><\/p>\n<p>PDC 1: Base de dados, cadastros, estudos e levantamentos;<br \/>\nSub PDC 1.5: Identifica\u00e7\u00e3o e Monitoramento das Fontes de Polui\u00e7\u00e3o das \u00c1guas; e<br \/>\nA\u00e7\u00e3o 1.5.2: Monitoramento dos pontos de lan\u00e7amentos de efluentes industriais e regulariza\u00e7\u00e3o das respectivas outorgas<\/p>\n<p><strong>4. OBJETIVOS<\/strong><\/p>\n<p><strong>4.1. Objetivo geral<\/strong><br \/>\nAvalia\u00e7\u00e3o e monitoramento de cafe\u00edna e de HPAs na \u00e1gua presente na regi\u00e3o do Estu\u00e1rio de Santos, por meio da coleta de amostras de \u00e1gua e sua an\u00e1lise para quantifica\u00e7\u00e3o dos referidos par\u00e2metros.<\/p>\n<p><strong>4.2. Objetivos espec\u00edficos<\/strong><br \/>\n\u2022 Gera\u00e7\u00e3o de dados de caracteriza\u00e7\u00e3o da \u00e1gua superficial de 24 esta\u00e7\u00f5es de coleta, durante 12 meses lunares consecutivos;<br \/>\n\u2022 Quantifica\u00e7\u00e3o da presen\u00e7a de cafe\u00edna e de HPAs na \u00e1gua superficial de 24 esta\u00e7\u00f5es de coleta, durante 12 meses lunares consecutivos;<br \/>\n\u2022 Identifica\u00e7\u00e3o e localiza\u00e7\u00e3o de trechos impactados por cafe\u00edna e por HPAs, estes \u00faltimos com avalia\u00e7\u00e3o de assinaturas petrog\u00eanicas e pirog\u00eanicas; e<br \/>\n\u2022 Disponibiliza\u00e7\u00e3o de dados para \u00f3rg\u00e3os p\u00fablicos envolvidos no planejamento e gest\u00e3o de recursos h\u00eddricos.<\/p>\n<p><strong>5. METAS<\/strong><\/p>\n<p>I. Aquisi\u00e7\u00e3o sistem\u00e1tica de dados de caracteriza\u00e7\u00e3o direta de \u00e1gua em 24 pontos do Estu\u00e1rio de Santos, realizada durante as campanhas de campo;<br \/>\nII. Coleta sistem\u00e1tica de amostras de \u00e1gua em 24 pontos do Estu\u00e1rio de Santos, realizada durante as campanhas de campo, e sua an\u00e1lise laboratorial para cafe\u00edna e hidrocarbonetos poliarom\u00e1ticos nos laborat\u00f3rios do Ipeci \u2013 UniSantos;<br \/>\nIII. Produ\u00e7\u00e3o de planilhas e mapas de caracteriza\u00e7\u00e3o e qualidade de \u00e1gua para os par\u00e2metros considerados, realizadas pela equipe t\u00e9cnica da UniSantos; e<br \/>\nIV. Divulga\u00e7\u00e3o e disponibiliza\u00e7\u00e3o dos dados produzidos, atrav\u00e9s de planilhas e mapas bimensais, a serem distribu\u00eddos aos \u00f3rg\u00e3os e institui\u00e7\u00f5es interessados em meio digital.<\/p>\n<p><strong>6. ESTRAT\u00c9GIA PARA EXECU\u00c7\u00c3O DO EMPREENDIMENTO<\/strong><\/p>\n<p>O pesquisador coordenador cient\u00edfico ser\u00e1 encarregado do gerenciamento do projeto e da equipe t\u00e9cnica, composta por mais dois pesquisadores e dois alunos de gradua\u00e7\u00e3o. As atividades do projeto envolvem a coleta de dados diretos e amostras em 24 pontos da regi\u00e3o estuarina, com posterior an\u00e1lise laboratorial para hidrocarbonetos poliarom\u00e1ticos.<\/p>\n<p>Os 4 (quatro) primeiros meses do projeto ser\u00e3o utilizados para aquisi\u00e7\u00e3o, instala\u00e7\u00e3o e estabelecimento de rotina anal\u00edtica dos equipamentos solicitados. Nos 12 (doze) meses seguintes, ser\u00e3o realizadas as etapas de campo e de laborat\u00f3rio. Os \u00faltimos 2 (dois) meses ser\u00e3o utilizados para elabora\u00e7\u00e3o de publica\u00e7\u00f5es e do relat\u00f3rio final.<\/p>\n<p><strong>7. P\u00daBLICO-ALVO<\/strong><\/p>\n<p>\u2022 Popula\u00e7\u00e3o do Munic\u00edpio de Santos;<br \/>\n\u2022 \u00d3rg\u00e3os p\u00fablicos envolvidos no planejamento e gest\u00e3o de recursos h\u00eddricos; e<br \/>\n\u2022 Entidades relacionadas \u00e0 sa\u00fade p\u00fablica.<\/p>\n<p><strong>8. EQUIPE T\u00c9CNICA<\/strong><\/p>\n<p><strong>8.1. Membros da UniSantos\/SVSL respons\u00e1veis pelo desenvolvimento da proposta<\/strong><br \/>\n\u2022 Prof. Dr. Hirochi Yamamura \u2013 Coordenador Cient\u00edfico<br \/>\n<a href=\"http:\/\/lattes.cnpq.br\/2050168098314795\" target=\"_blank\" rel=\"noopener\">Curr\u00edculo Lattes<\/a><\/p>\n<p>\u2022 Prof. Dr. Maur\u00edcio Marques Pinto da Silva<br \/>\n<a href=\"http:\/\/lattes.cnpq.br\/0864953584023685\" target=\"_blank\" rel=\"noopener\">Curr\u00edculo Lattes<\/a><\/p>\n<p>\u2022 Prof. Me. Jhonnes Alberto Vaz<br \/>\n<a href=\"http:\/\/lattes.cnpq.br\/7344782149134067\" target=\"_blank\" rel=\"noopener\">Curr\u00edculo Lattes<\/a><\/p>\n<p><strong>8.2. Estagi\u00e1rios de n\u00edvel superior<\/strong><br \/>\nQuatro estudantes de gradua\u00e7\u00e3o dos cursos de Cursos de Ci\u00eancias Biol\u00f3gicas, Engenharia Ambiental, Qu\u00edmica Tecnol\u00f3gica ou estudante de qualquer outro curso, desde que atendam \u00e0s condi\u00e7\u00f5es necess\u00e1rias para o preenchimento da vaga.<br \/>\n\u2022 Bruno Vieira<br \/>\nCurso: Qu\u00edmica Tecnol\u00f3gica<br \/>\nInstitui\u00e7\u00e3o: Universidade Cat\u00f3lica de Santos<br \/>\n<a href=\"http:\/\/lattes.cnpq.br\/2751807838066045\" target=\"_blank\" rel=\"noopener\">Curr\u00edculo Lattes<\/a><br \/>\nPer\u00edodo de est\u00e1gio: 03\/2019 a 06\/2019<\/p>\n<p>\u2022 Caio Alves Calixto Monteiro<br \/>\nCurso: Engenharia Ambiental<br \/>\nInstitui\u00e7\u00e3o: Universidade Cat\u00f3lica de Santos<br \/>\n<a href=\"http:\/\/lattes.cnpq.br\/7449128362832634\" target=\"_blank\" rel=\"noopener\">Curr\u00edculo Lattes<\/a><br \/>\nPer\u00edodo de est\u00e1gio: 03\/2019 a 06\/2019<\/p>\n<p>\u2022 Gabriela Serra Ferreira<br \/>\nCurso: Qu\u00edmica Tecnol\u00f3gica<br \/>\nInstitui\u00e7\u00e3o: Universidade Cat\u00f3lica de Santos<br \/>\nPer\u00edodo de est\u00e1gio: 03\/2019 a 06\/2019<\/p>\n<p>\u2022 Juliana Camargo Micheletti<br \/>\nCurso: Qu\u00edmica Tecnol\u00f3gica<br \/>\nInstitui\u00e7\u00e3o: Universidade Cat\u00f3lica de Santos<br \/>\n<a href=\"http:\/\/lattes.cnpq.br\/3825864755056826\" target=\"_blank\" rel=\"noopener\">Curr\u00edculo Lattes<\/a><br \/>\nPer\u00edodo de est\u00e1gio: 03\/2019 a 06\/2019<\/p>\n<p>\u2022 Gl\u00f3ria Alexandre Alfredo Rijo<br \/>\nCurso: Qu\u00edmica Tecnol\u00f3gica<br \/>\nInstitui\u00e7\u00e3o: Universidade Cat\u00f3lica de Santos<\/p>\n<p>\u2022 Kamila Ribeiro Daniel<br \/>\nCurso: Qu\u00edmica Tecnol\u00f3gica<br \/>\nInstitui\u00e7\u00e3o: Universidade Cat\u00f3lica de Santos<\/p>\n<p>\u2022 Pedro Henrique Marques da Silva<br \/>\nCurso: Qu\u00edmica Tecnol\u00f3gica<br \/>\nInstitui\u00e7\u00e3o: Universidade Cat\u00f3lica de Santos<br \/>\n<a href=\"http:\/\/lattes.cnpq.br\/3800798123453027\" target=\"_blank\" rel=\"noopener\">Curr\u00edculo Lattes<\/a><\/p>\n<p>\u2022 Raphael de Souza Pedroso<br \/>\nCurso: Engenharia Ambiental<br \/>\nInstitui\u00e7\u00e3o: Universidade Cat\u00f3lica de Santos<br \/>\n<a href=\"http:\/\/lattes.cnpq.br\/8532054749288359\" target=\"_blank\" rel=\"noopener\">Curr\u00edculo Lattes<\/a><\/p>\n","protected":false},"excerpt":{"rendered":"<p>2016-BS_COB-39 1. RESUMO Este projeto prop\u00f5e a avalia\u00e7\u00e3o da presen\u00e7a de cafe\u00edna e de hidrocarbonetos poliarom\u00e1ticos, HPAs, na \u00e1gua superficial [&hellip;]<\/p>\n","protected":false},"author":1,"featured_media":0,"parent":0,"menu_order":0,"comment_status":"closed","ping_status":"closed","template":"","meta":{"footnotes":""},"_links":{"self":[{"href":"https:\/\/www.unisantos.br\/observacbhbs\/wp-json\/wp\/v2\/pages\/332"}],"collection":[{"href":"https:\/\/www.unisantos.br\/observacbhbs\/wp-json\/wp\/v2\/pages"}],"about":[{"href":"https:\/\/www.unisantos.br\/observacbhbs\/wp-json\/wp\/v2\/types\/page"}],"author":[{"embeddable":true,"href":"https:\/\/www.unisantos.br\/observacbhbs\/wp-json\/wp\/v2\/users\/1"}],"replies":[{"embeddable":true,"href":"https:\/\/www.unisantos.br\/observacbhbs\/wp-json\/wp\/v2\/comments?post=332"}],"version-history":[{"count":3,"href":"https:\/\/www.unisantos.br\/observacbhbs\/wp-json\/wp\/v2\/pages\/332\/revisions"}],"predecessor-version":[{"id":336,"href":"https:\/\/www.unisantos.br\/observacbhbs\/wp-json\/wp\/v2\/pages\/332\/revisions\/336"}],"wp:attachment":[{"href":"https:\/\/www.unisantos.br\/observacbhbs\/wp-json\/wp\/v2\/media?parent=332"}],"curies":[{"name":"wp","href":"https:\/\/api.w.org\/{rel}","templated":true}]}}