{"id":325,"date":"2021-05-15T19:52:29","date_gmt":"2021-05-15T22:52:29","guid":{"rendered":"https:\/\/www.unisantos.br\/observacbhbs\/?page_id=325"},"modified":"2021-09-09T08:32:52","modified_gmt":"2021-09-09T11:32:52","slug":"curso-de-capacitacao-observatorio-da-agua-2","status":"publish","type":"page","link":"https:\/\/www.unisantos.br\/observacbhbs\/curso-de-capacitacao-observatorio-da-agua-2\/","title":{"rendered":"Curso de Capacita\u00e7\u00e3o Observat\u00f3rio da \u00c1gua"},"content":{"rendered":"<p><strong><img loading=\"lazy\" decoding=\"async\" class=\"alignright wp-image-560 size-large\" src=\"http:\/\/www.unisantos.br\/observacbhbs\/wp-content\/uploads\/sites\/19\/2021\/09\/projeto-observatorio-agua-1024x694.jpg\" alt=\"\" width=\"640\" height=\"434\" srcset=\"https:\/\/www.unisantos.br\/observacbhbs\/wp-content\/uploads\/sites\/19\/2021\/09\/projeto-observatorio-agua-1024x694.jpg 1024w, https:\/\/www.unisantos.br\/observacbhbs\/wp-content\/uploads\/sites\/19\/2021\/09\/projeto-observatorio-agua-300x203.jpg 300w, https:\/\/www.unisantos.br\/observacbhbs\/wp-content\/uploads\/sites\/19\/2021\/09\/projeto-observatorio-agua-768x521.jpg 768w, https:\/\/www.unisantos.br\/observacbhbs\/wp-content\/uploads\/sites\/19\/2021\/09\/projeto-observatorio-agua.jpg 2022w\" sizes=\"(max-width: 640px) 100vw, 640px\" \/>2016-BS_COB-38<\/strong><\/p>\n<p><strong>1. RESUMO<\/strong><\/p>\n<p>Este projeto pretende realizar a cria\u00e7\u00e3o de um observat\u00f3rio da \u00e1gua onde ocorrer\u00e3o cursos de capacita\u00e7\u00e3o na modalidade de Ensino a Dist\u00e2ncia (EAD) sobre o tema e sua import\u00e2ncia. Os cursos ser\u00e3o voltados para os profissionais da sa\u00fade (n\u00edvel m\u00e9dio e superior), professores da rede p\u00fablica e t\u00e9cnica, estudantes do ensino m\u00e9dio e popula\u00e7\u00e3o em geral. Teremos oficinas com especialistas da \u00e1rea atrav\u00e9s de recursos de videoconfer\u00eancia e webconfer\u00eancia. Todo o material ser\u00e1 disponibilizado na p\u00e1gina do observat\u00f3rio, bem como informa\u00e7\u00f5es sobre os problemas de sa\u00fade mais frequentes ocasionados pela \u00e1gua contaminada.<\/p>\n<p><strong>\u00a02. JUSTIFICATIVA<\/strong><\/p>\n<p>A Regi\u00e3o Metropolitana da Baixada Santista, tem sido palco de repetidas viola\u00e7\u00f5es das legisla\u00e7\u00f5es referentes ao manuseio e dep\u00f3sito de res\u00edduos industriais com potencial de contamina\u00e7\u00e3o do meio ambiente, gerado pela inadequada e indevida destina\u00e7\u00e3o de res\u00edduos t\u00f3xicos industriais na superf\u00edcie ou subterr\u00e2neo. Essa contamina\u00e7\u00e3o do meio ambiente faz com que milhares de pessoas adoe\u00e7am causando custos elevados aos munic\u00edpios bem como faltas ao trabalho ou a escola. O uso da tecnologia da informa\u00e7\u00e3o e comunica\u00e7\u00e3o (TIC) e sua integra\u00e7\u00e3o \u00e0 educa\u00e7\u00e3o j\u00e1 \u00e9 uma realidade, as tecnologias est\u00e3o transformando todas as dimens\u00f5es da vida social, inclusive o campo da educa\u00e7\u00e3o, criando novas vis\u00f5es de mundo e novas formas de aquisi\u00e7\u00e3o de conhecimento. Esse novo modelo de ensino-aprendizagem pode e deve ser explorado para melhoria da presta\u00e7\u00e3o de servi\u00e7os ao p\u00fablico, como os servi\u00e7os de sa\u00fade, que visto o dinamismo das descobertas cient\u00edficas, exige forma\u00e7\u00e3o e atualiza\u00e7\u00e3o cont\u00ednua de seus profissionais.<\/p>\n<p>Existe uma demanda significativa no que se relaciona \u00e0 forma\u00e7\u00e3o continuada de professores de ensino na \u00e1rea de Ci\u00eancias (ensino fundamental) e de Qu\u00edmica (ensino m\u00e9dio e t\u00e9cnico) e ao aprofundamento de temas atuais, principalmente aqueles que s\u00e3o muitas vezes cobrados pelos alunos em fun\u00e7\u00e3o de exposi\u00e7\u00e3o nas m\u00eddias. A necessidade de se conhecer a fundo os problemas de impacto ambiental gerados por contamina\u00e7\u00e3o de mananciais e len\u00e7\u00f3is fre\u00e1ticos se faz presente na capacita\u00e7\u00e3o de profissionais, que muitas vezes, n\u00e3o t\u00eam acesso a programas desse tipo envolvendo temas de tamanha import\u00e2ncia. Ademais, \u00e9 preocupante o grande n\u00famero da popula\u00e7\u00e3o da Baixada Santista que se encontra marginalizada quanto ao acesso \u00e0 \u00e1gua de qualidade e saneamento b\u00e1sico em geral. Paradoxalmente, Santos tem apresentado n\u00fameros satisfat\u00f3rios quanto ao saneamento b\u00e1sico, constando do quinto lugar no ranking nacional.<\/p>\n<p>Por estes motivos o projeto pretende contribuir com a capacita\u00e7\u00e3o de professores, profissionais da sa\u00fade e popula\u00e7\u00e3o em geral utilizando recursos interativos de ensino e aprendizagem. \u00c9 conhecida a necessidade de capacita\u00e7\u00e3o no tema, como tamb\u00e9m as dificuldades de deslocamento dos profissionais para a realiza\u00e7\u00e3o de curso presencial, devido a distancias, falta de tempo entre outros fatores. Por isso, esta proposta visa a proporcionar a capacita\u00e7\u00e3o sem a necessidade do profissional ou da popula\u00e7\u00e3o se deslocar de seus locais de trabalho ou moradia.<\/p>\n<p><strong>3. JUSTIFICATIVA DE ENQUADRAMENTO NO PLANO ESTADUAL DE RECURSOS H\u00cdDRICOS \u2013 PERH<\/strong><\/p>\n<p>PDC 8: Capacita\u00e7\u00e3o t\u00e9cnica, Educa\u00e7\u00e3o Ambiental e Comunica\u00e7\u00e3o Social, Meta: Curso de qualifica\u00e7\u00e3o;<br \/>\nSub-PDC 2: Promover oficinas para gestores p\u00fablicas e\/ou professores das redes de ensino regular e t\u00e9cnico, municipais, estaduais e particulares da RMBS, sobre os impactos dos res\u00edduos no saneamento b\u00e1sico.<br \/>\nA\u00e7\u00e3o 1: Promover oficinas para gestores p\u00fablicas e\/ou professores das redes de ensino regular e t\u00e9cnico, municipais, estaduais e particulares da RMBS, sobre os impactos dos res\u00edduos no saneamento b\u00e1sico.<\/p>\n<p><strong>4. OBJETIVOS<\/strong><\/p>\n<p><strong>4.1. Objetivo geral<\/strong><br \/>\nAmpliar o conhecimento de gestores p\u00fablicos, professores das redes de ensino regular e t\u00e9cnico no \u00e2mbito municipal, estadual, federal ou particular e profissionais do Sistema \u00danico de Sa\u00fade, SUS (n\u00edvel t\u00e9cnico superior) sobre os impactos dos res\u00edduos (agr\u00edcolas, dom\u00e9sticos, farmacol\u00f3gicos e industriais) em saneamento b\u00e1sico, bem como do uso consciente e sustent\u00e1vel dos res\u00edduos dos recursos h\u00eddricos.<\/p>\n<p><strong>4.2. Objetivos Espec\u00edficos<\/strong><br \/>\n\u2022 Apresentar e discutir as legisla\u00e7\u00f5es relacionadas a \u00e1gua, bem como os fundamentos e instrumentos jur\u00eddicos para o direito de acesso \u00e0 \u00e1gua e ao saneamento b\u00e1sico;<br \/>\n\u2022 Estudar os tipos de res\u00edduos (agr\u00edcolas, dom\u00e9sticos, farmacol\u00f3gicos e industriais) e identificar as boas pr\u00e1ticas no manuseio dos mesmos;<br \/>\n\u2022 Fornecer no\u00e7\u00f5es de epidemiologia ambiental e os procedimentos que devem ser adotados diante situa\u00e7\u00f5es de risco.<br \/>\n\u2022 Verificar o impacto das a\u00e7\u00f5es humanas sobre a conserva\u00e7\u00e3o dos recursos h\u00eddricos;<br \/>\n\u2022 Avaliar o impacto dos res\u00edduos no uso respons\u00e1vel dos recursos h\u00eddricos;<br \/>\n\u2022 Projetar e implementar plataformas Ardu\u00edno para an\u00e1lise de \u00e1gua e emprego (NORTON, 1992; HORNE et al, 1988; OHBA; 1992; HORDESKI, 1995);<br \/>\n\u2022 Capacitar professores de Ci\u00eancias (ensino fundamental) e de Biologia e de Qu\u00edmica (ensino m\u00e9dio e t\u00e9cnico) a realizarem an\u00e1lises f\u00edsico-qu\u00edmicas para determina\u00e7\u00e3o da qualidade de \u00e1gua;<br \/>\n\u2022 Apresentar os participantes o emprego de bioindicadores, como a an\u00e1lise da germina\u00e7\u00e3o de sementes, como refer\u00eancia na qualidade de \u00e1gua (ARIAS et al, 2007; FERNANDES et al, 2007; Oliveira et al 2011); e<br \/>\n\u2022 Apresentar aos participantes, em especial aos professores, t\u00e9cnicas de an\u00e1lise molecular do DNA para identifica\u00e7\u00e3o de pat\u00f3genos em \u00e1gua.<\/p>\n<p><strong>5. METAS<\/strong><br \/>\nI. Capacitar profissionais da sa\u00fade (n\u00edvel superior e n\u00edvel m\u00e9dio), professores (municipais, estaduais e t\u00e9cnicos), EAD no total de 500 participantes selecionados atrav\u00e9s de edital;<br \/>\nII. Cria\u00e7\u00e3o do e-book para disponibiliza\u00e7\u00e3o; e<br \/>\nIII. Cria\u00e7\u00e3o da p\u00e1gina do observat\u00f3rio.<\/p>\n<p><strong>6. ESTRAT\u00c9GIA PARA EXECU\u00c7\u00c3O DO EMPREENDIMENTO<\/strong><br \/>\nSer\u00e3o realizados cursos de capacita\u00e7\u00e3o sobre a qualidade da \u00e1gua para consumo humano, a import\u00e2ncia da preserva\u00e7\u00e3o de mananciais, e sobre a preserva\u00e7\u00e3o das bacias hidrogr\u00e1ficas utilizando-se a metodologia de ensino a dist\u00e2ncia (EAD). Utilizaremos tamb\u00e9m outras metodologias como: oficinas atrav\u00e9s da webconfer\u00eancia e videoconfer\u00eancia com os principais estudiosos e trabalhadores da \u00e1rea; e cria\u00e7\u00e3o de v\u00eddeos educativos. Todo o material ficar\u00e1 alocado na p\u00e1gina do observat\u00f3rio, al\u00e9m de informa\u00e7\u00f5es sobre res\u00edduos, recursos h\u00eddricos, preserva\u00e7\u00e3o de bacias hidrogr\u00e1ficas, dados de mortalidade e morbidade de doen\u00e7as relacionadas a \u00e1gua e saneamento b\u00e1sico. Para capacita\u00e7\u00e3o de professores e alunos da \u00e1rea de Ci\u00eancias, pretende-se desenvolver atividades pr\u00e1ticas em laborat\u00f3rio, a fim de se caracterizar as propriedades f\u00edsico-qu\u00edmicas de \u00e1guas coletadas na regi\u00e3o da Baixada Santista. Dessa forma, estabelece-se um v\u00ednculo com as atividades de pesquisa cient\u00edfica e tecnol\u00f3gica desenvolvidas na institui\u00e7\u00e3o, com forma\u00e7\u00e3o continuada de docentes que poder\u00e3o atuar no sentido de difundir o conhecimento e t\u00e9cnicas ap\u00f3s apropria\u00e7\u00e3o em cursos presenciais e por EAD, a partir de projetos de atua\u00e7\u00e3o e aperfei\u00e7oamento no Observat\u00f3rio da \u00c1gua.<\/p>\n<p><strong>7. P\u00daBLICO-ALVO<\/strong><br \/>\n\u2022 Gestores p\u00fablicos;<br \/>\n\u2022 Profissionais da sa\u00fade (n\u00edvel m\u00e9dio e superior);<br \/>\n\u2022 Professores da rede de ensino regular ou t\u00e9cnico municipais, estaduais ou particulares;<br \/>\n\u2022 Popula\u00e7\u00e3o civil;<br \/>\n\u2022 Alunos dos cursos t\u00e9cnicos; e<br \/>\n\u2022 Membros do Minist\u00e9rio P\u00fablico, do Judici\u00e1rio e da Defensoria P\u00fablica.<\/p>\n<p><strong>8. EQUIPE T\u00c9CNICA<\/strong><\/p>\n<p>8.1. Membros da UniSantos\/SVSL que ser\u00e3o respons\u00e1veis pelo desenvolvimento da proposta<\/p>\n<p>Prof\u00aa. Dr\u00aa. Lourdes Concei\u00e7\u00e3o Martins \u2013 Coordenadora Cient\u00edfica<br \/>\n<a href=\"http:\/\/lattes.cnpq.br\/6226806718300375\" target=\"_blank\" rel=\"noopener\">Curr\u00edculo Lattes<\/a><\/p>\n<p>Prof\u00aa. Dr\u00aa. Adriana Florentino de Souza<br \/>\n<a href=\"http:\/\/lattes.cnpq.br\/9226854791302725\" target=\"_blank\" rel=\"noopener\">Curr\u00edculo Lattes<\/a><\/p>\n<p>Prof\u00aa. Me. Am\u00e9lia Cristina Elias da Ponte<br \/>\n<a href=\"http:\/\/lattes.cnpq.br\/6787940540951414\" target=\"_blank\" rel=\"noopener\">Curr\u00edculo Lattes<\/a><\/p>\n<p>Prof\u00aa. Dr\u00aa. Andreia Costa Vieira<br \/>\n<a href=\"http:\/\/lattes.cnpq.br\/8288850729607316\" target=\"_blank\" rel=\"noopener\">Curr\u00edculo Lattes<\/a><\/p>\n<p>Prof. Dr. Cleber Ferr\u00e3o Corr\u00eaa<br \/>\n<a href=\"http:\/\/lattes.cnpq.br\/6083166755941748\" target=\"_blank\" rel=\"noopener\">Curr\u00edculo Lattes<\/a><\/p>\n<p>Prof. Me. Eduardo Rubi Cavalcanti<br \/>\n<a href=\"http:\/\/lattes.cnpq.br\/2252390232870744\" target=\"_blank\" rel=\"noopener\">Curr\u00edculo Lattes<\/a><\/p>\n<p>Prof. Dr. Luiz Carlos Moreira<br \/>\n<a href=\"http:\/\/lattes.cnpq.br\/8042303023440177\" target=\"_blank\" rel=\"noopener\">Curr\u00edculo Lattes<\/a><\/p>\n<p>Prof\u00aa. Dr\u00aa. Maria Luiza Machado Granziera<br \/>\n<a href=\"http:\/\/lattes.cnpq.br\/8528042411984286\" target=\"_blank\" rel=\"noopener\">Curr\u00edculo Lattes<\/a><\/p>\n<p>Prof. Dr. Maur\u00edcio Marques Pinto da Silva<br \/>\n<a href=\"http:\/\/lattes.cnpq.br\/0864953584023685\" target=\"_blank\" rel=\"noopener\">Curr\u00edculo Lattes<\/a><\/p>\n<p>Prof\u00aa. Dr\u00aa. Ros\u00e2ngela Ballego Campanh\u00e3<br \/>\n<a href=\"http:\/\/lattes.cnpq.br\/7099558738073443\" target=\"_blank\" rel=\"noopener\">Curr\u00edculo Lattes<\/a><\/p>\n<p>8.2.\u00a0Pesquisadores colaboradores:<\/p>\n<p>Prof\u00aa. Dr\u00aa. Beatriz Bento de Oliveira<br \/>\n<a href=\"http:\/\/lattes.cnpq.br\/8696351372458959\" target=\"_blank\" rel=\"noopener\">Curr\u00edculo Lattes<\/a><\/p>\n<p>Prof\u00aa. Dr\u00aa. Janara de Camargo Matos<br \/>\n<a href=\"http:\/\/lattes.cnpq.br\/8067158987423792\" target=\"_blank\" rel=\"noopener\">Curr\u00edculo Lattes<\/a><\/p>\n<p>Prof. Me. Jhonnes Alberto Vaz<br \/>\n<a href=\"http:\/\/lattes.cnpq.br\/7344782149134067\" target=\"_blank\" rel=\"noopener\">Curr\u00edculo Lattes<\/a><\/p>\n<p>Prof\u00aa. Me. Valdilene Carvalho<br \/>\n<a href=\"http:\/\/lattes.cnpq.br\/6793920936633026\" target=\"_blank\" rel=\"noopener\">Curr\u00edculo Lattes<\/a><\/p>\n<p>Prof. Me. Marco Antonio Cismeiro Bumba<br \/>\n<a href=\"http:\/\/lattes.cnpq.br\/2761722945058455\" target=\"_blank\" rel=\"noopener\">Curr\u00edculo Lattes<\/a><\/p>\n<p>8.3. Estagi\u00e1rios de n\u00edvel superior:<br \/>\nQuatro estudantes de gradua\u00e7\u00e3o dos Cursos de Ci\u00eancias Biol\u00f3gicas, Comunica\u00e7\u00e3o, Engenharia Ambiental, Qu\u00edmica ou outros com ader\u00eancia \u00e0 proposta.<\/p>\n<p>Esdras Lopes Nani<br \/>\nCurso: Ci\u00eancia da Computa\u00e7\u00e3o.<br \/>\nInstitui\u00e7\u00e3o: Universidade Cat\u00f3lica de Santos<br \/>\nPer\u00edodo de est\u00e1gio: 06\/2019 a 12\/2019<\/p>\n<p>Felipe Satolli Martins<br \/>\nCurso: Engenharia de Petr\u00f3leo<br \/>\nInstitui\u00e7\u00e3o: Universidade Cat\u00f3lica de Santos<br \/>\n<a href=\"http:\/\/lattes.cnpq.br\/5182507312233488\" target=\"_blank\" rel=\"noopener\">Curr\u00edculo Lattes<\/a><br \/>\nPer\u00edodo de est\u00e1gio: 04\/2019 a 12\/2019<\/p>\n<p>Sophia Velardi Malheiro<br \/>\nCurso: Jornalismo<br \/>\nInstitui\u00e7\u00e3o: Universidade Cat\u00f3lica de Santos<br \/>\nPer\u00edodo de est\u00e1gio: 05\/2019 a 12\/2019<\/p>\n<p>Vinicius Matheus Martins<br \/>\nCurso: Ci\u00eancia da Computa\u00e7\u00e3o.<br \/>\nInstitui\u00e7\u00e3o: Universidade Cat\u00f3lica de Santos<br \/>\nPer\u00edodo de est\u00e1gio: 06\/2019 a 12\/2019<\/p>\n","protected":false},"excerpt":{"rendered":"<p>2016-BS_COB-38 1. RESUMO Este projeto pretende realizar a cria\u00e7\u00e3o de um observat\u00f3rio da \u00e1gua onde ocorrer\u00e3o cursos de capacita\u00e7\u00e3o na [&hellip;]<\/p>\n","protected":false},"author":1,"featured_media":0,"parent":0,"menu_order":0,"comment_status":"closed","ping_status":"closed","template":"","meta":{"footnotes":""},"_links":{"self":[{"href":"https:\/\/www.unisantos.br\/observacbhbs\/wp-json\/wp\/v2\/pages\/325"}],"collection":[{"href":"https:\/\/www.unisantos.br\/observacbhbs\/wp-json\/wp\/v2\/pages"}],"about":[{"href":"https:\/\/www.unisantos.br\/observacbhbs\/wp-json\/wp\/v2\/types\/page"}],"author":[{"embeddable":true,"href":"https:\/\/www.unisantos.br\/observacbhbs\/wp-json\/wp\/v2\/users\/1"}],"replies":[{"embeddable":true,"href":"https:\/\/www.unisantos.br\/observacbhbs\/wp-json\/wp\/v2\/comments?post=325"}],"version-history":[{"count":14,"href":"https:\/\/www.unisantos.br\/observacbhbs\/wp-json\/wp\/v2\/pages\/325\/revisions"}],"predecessor-version":[{"id":330,"href":"https:\/\/www.unisantos.br\/observacbhbs\/wp-json\/wp\/v2\/pages\/325\/revisions\/330"}],"wp:attachment":[{"href":"https:\/\/www.unisantos.br\/observacbhbs\/wp-json\/wp\/v2\/media?parent=325"}],"curies":[{"name":"wp","href":"https:\/\/api.w.org\/{rel}","templated":true}]}}