{"id":299,"date":"2021-05-14T09:46:38","date_gmt":"2021-05-14T12:46:38","guid":{"rendered":"https:\/\/www.unisantos.br\/observacbhbs\/?page_id=299"},"modified":"2022-09-05T12:14:38","modified_gmt":"2022-09-05T15:14:38","slug":"monitoramento-de-parametros-de-qualidade-de-agua-em-canais-de-santos","status":"publish","type":"page","link":"https:\/\/www.unisantos.br\/observacbhbs\/monitoramento-de-parametros-de-qualidade-de-agua-em-canais-de-santos\/","title":{"rendered":"Monitoramento de Par\u00e2metros de Qualidade de \u00c1gua em Canais de Santos"},"content":{"rendered":"<p><strong> <img loading=\"lazy\" decoding=\"async\" class=\"alignright wp-image-406 size-large\" src=\"http:\/\/www.unisantos.br\/observacbhbs\/wp-content\/uploads\/sites\/19\/2021\/05\/monitoramento-1-1024x653.jpg\" alt=\"\" width=\"640\" height=\"408\" srcset=\"https:\/\/www.unisantos.br\/observacbhbs\/wp-content\/uploads\/sites\/19\/2021\/05\/monitoramento-1-1024x653.jpg 1024w, https:\/\/www.unisantos.br\/observacbhbs\/wp-content\/uploads\/sites\/19\/2021\/05\/monitoramento-1-300x191.jpg 300w, https:\/\/www.unisantos.br\/observacbhbs\/wp-content\/uploads\/sites\/19\/2021\/05\/monitoramento-1-768x490.jpg 768w, https:\/\/www.unisantos.br\/observacbhbs\/wp-content\/uploads\/sites\/19\/2021\/05\/monitoramento-1.jpg 2022w\" sizes=\"(max-width: 640px) 100vw, 640px\" \/>2014-BS-244<\/strong><\/p>\n<p><strong>1. RESUMO<\/strong><\/p>\n<p>Este projeto prop\u00f5e a avalia\u00e7\u00e3o e monitoramento de par\u00e2metros de qualidade de \u00e1gua -presente em canais do Munic\u00edpio de Santos durante dezoito meses consecutivos. Ser\u00e3o quantificados os seguintes par\u00e2metros: potencial REDOX, pH, oxig\u00eanio dissolvido, condutividade, salinidade, s\u00f3lidos totais dissolvidos, turbidez, metais, \u00e2nions, al\u00e9m ensaios ecotoxicol\u00f3gicos por germina\u00e7\u00e3o de sementes e an\u00e1lise da presen\u00e7a\/aus\u00eancia de bact\u00e9rias patog\u00eanicas.<\/p>\n<p><strong>2. JUSTIFICATIVA<\/strong><\/p>\n<p>Apesar das a\u00e7\u00f5es de melhoria nos sistemas de coleta e tratamento de esgoto sanit\u00e1rio da Baixada Santista, com \u00edndices pr\u00f3ximos a 100% para a coleta no Munic\u00edpio de Santos (CBH-BS, 2010; CBH-BS, 2011), ainda coexistem as liga\u00e7\u00f5es clandestinas de esgoto com a rede de coletora de \u00e1guas pluviais. Este tipo de Impacto \u00e9 extremamente dif\u00edcil de ser solucionado ou mesmo quantificado, sendo um problema usual para gestores de recursos h\u00eddricos, companhias de saneamento e municipalidades.<\/p>\n<p>No cen\u00e1rio de Santos, a presen\u00e7a de contaminantes nas \u00e1guas superficiais se reflete na balneabilidade das praias, no agravamento da criticidade de eventos de alagamento urbano e na sa\u00fade p\u00fablica. Considerando-se uma abordagem de sa\u00fade p\u00fablica, a identifica\u00e7\u00e3o de Impactos de contamina\u00e7\u00e3o em \u00e1guas superficiais se posiciona como um procedimento inicial para subsidiar tomadas de decis\u00e3o e gest\u00e3o destes recursos h\u00eddricos. Neste sentido, a disponibiliza\u00e7\u00e3o de Informa\u00e7\u00f5es como as que se prop\u00f5e obter neste estudo, apoia o planejamento de a\u00e7\u00f5es pelos atores relacionados ao gerenciamento da UGRHI 7, atrav\u00e9s da caracteriza\u00e7\u00e3o e monitoramento das fontes difusas de polui\u00e7\u00e3o urbana em uma \u00e1rea densamente ocupada.<\/p>\n<p><strong>3. JUSTIFICATIVA DE ENQUADRAMENTO NO PLANO ESTADUAL DE RECURSOS H\u00cdDRICOS \u2013 PERH<\/strong><\/p>\n<p>PDC 1: Base de dados, cadastros, estudos e levantamentos;<br \/>\nSub PDC 1.5: Identifica\u00e7\u00e3o e Monitoramento das Fontes de Polui\u00e7\u00e3o das \u00c1guas;<br \/>\nA\u00e7\u00e3o 1.5.3: Monitoramento das fontes difusas de polui\u00e7\u00e3o urbana e por insumos agr\u00edcolas.<\/p>\n<p><strong>4. OBJETIVOS<\/strong><\/p>\n<p><strong>4.1. Objetivo geral<\/strong><br \/>\nAvalia\u00e7\u00e3o e monitoramento de par\u00e2metros de qualidade de \u00e1gua presente em canais do Munic\u00edpio de Santos, atrav\u00e9s da coleta e an\u00e1lise de par\u00e2metros em amostras de \u00e1gua e da medi\u00e7\u00e3o direta de dados na l\u00e2mina de \u00e1gua.<\/p>\n<p><strong>4.2. Objetivos espec\u00edficos<\/strong><br \/>\n\u2022 Gera\u00e7\u00e3o de dados de caracteriza\u00e7\u00e3o e de qualidade de \u00e1gua presente em canais \u2018de Santos durante 12 meses consecutivos;<br \/>\n\u2022 Quantifica\u00e7\u00e3o da presen\u00e7a de contaminantes inorg\u00e2nicos e prospec\u00e7\u00e3o de pat\u00f3genos espec\u00edficos na \u00e1gua presente em canais de Santos durante 12 meses consecutivos;<br \/>\n\u2022 Localiza\u00e7\u00e3o de trechos impactados por lan\u00e7amentos de efluentes em canais de Santos; e<br \/>\n\u2022 Disponibiliza\u00e7\u00e3o de dados de qualidade de \u00e1gua presente em canais de Santos para \u00f3rg\u00e3os p\u00fablicos envolvidos no planejamento e gest\u00e3o de recursos h\u00eddricos.<\/p>\n<p><strong>5. METAS<\/strong><\/p>\n<p>I. Coleta sistem\u00e1tica de dados de caracteriza\u00e7\u00e3o direta de \u00e1gua nos Canais de Santos, realizada durante as campanhas de campo.<br \/>\nII. Coleta sistem\u00e1tica de amostras de \u00e1gua nos Canais de Santos e sua an\u00e1lise laboratorial para metais, \u00e2nions e bact\u00e9rias patog\u00eanicas, realizada durante as campanhas de campo e nos laborat\u00f3rios do Ipeci &#8211; UniSantos.<br \/>\nIII. Produ\u00e7\u00e3o de planilhas e mapas de qualidade de \u00e1gua para os diferentes par\u00e2metros considerados, realizadas pela equipe t\u00e9cnica da UniSantos.<br \/>\nIV. Divulga\u00e7\u00e3o e disponibiliza\u00e7\u00e3o dos dados produzidos, atrav\u00e9s de planilhas e mapas mensais, a serem distribu\u00eddos aos \u00f3rg\u00e3os e institui\u00e7\u00f5es Interessados em meio digital.<\/p>\n<p><strong>6. ESTRAT\u00c9GIA PARA EXECU\u00c7\u00c3O DO EMPREENDIMENTO<\/strong><\/p>\n<p>O pesquisador coordenador ser\u00e1 encarregado do gerenciamento do projeto e da equipe t\u00e9cnica, composta por mais tr\u00eas pesquisadores e seis estagi\u00e1rios. As atividades do projeto envolvem a coleta de dados diretos e amostras nos Canais de Santos, com posterior an\u00e1lise laboratorial para metais, \u00e2nions, ensaios ecotoxicol\u00f3gicos e prospec\u00e7\u00e3o de bact\u00e9rias patog\u00eanicas.<\/p>\n<p>Nos 6 (seis) primeiros meses, ser\u00e1 realizado a aquisi\u00e7\u00e3o, instala\u00e7\u00e3o e estabelecimento de rotinas dos equipamentos solicitados. Nos 12 (doze) seguintes, ser\u00e3o realizados os procedimentos de coleta, an\u00e1lise laboratorial e elabora\u00e7\u00e3o dos produtos.<\/p>\n<p><strong>7. P\u00daBLICO-ALVO<\/strong><\/p>\n<p>\u2022 Popula\u00e7\u00e3o do Munic\u00edpio de Santos;<br \/>\n\u2022 \u00d3rg\u00e3os p\u00fablicos envolvidos no planejamento e gest\u00e3o de recursos h\u00eddricos; e<br \/>\n\u2022 Entidades relacionadas \u00e0 sa\u00fade p\u00fablica.<\/p>\n<p><strong>8. EQUIPE T\u00c9CNICA<\/strong><\/p>\n<p><strong>8.1. Membros da UniSantos\/SVSL respons\u00e1veis pelo desenvolvimento da proposta<\/strong><br \/>\n\u2022 Prof. Dr. Hirochi Yamamura \u2013 Coordenador Cient\u00edfico<br \/>\n<a href=\"http:\/\/lattes.cnpq.br\/2050168098314795\" target=\"_blank\" rel=\"noopener\">Curr\u00edculo Lattes<br \/>\n<\/a><\/p>\n<p>\u2022 Prof\u00aa. Dr\u00aa. Adriana Florentino de Souza<br \/>\n<a href=\"http:\/\/lattes.cnpq.br\/9226854791302725\" target=\"_blank\" rel=\"noopener\">Curr\u00edculo Lattes<\/a><\/p>\n<p>\u2022 Prof\u00aa. Dr\u00aa. Ros\u00e2ngela Ballego Campanh\u00e3<br \/>\n<a href=\"http:\/\/lattes.cnpq.br\/7099558738073443\" target=\"_blank\" rel=\"noopener\">Curr\u00edculo Lattes<\/a><\/p>\n<p>\u2022 Prof. Dr. Cleber Ferr\u00e3o Corr\u00eaa<br \/>\n<a href=\"http:\/\/lattes.cnpq.br\/6083166755941748\" target=\"_blank\" rel=\"noopener\">Curr\u00edculo Lattes<\/a><\/p>\n<p><strong>8.1.1 Pesquisadores Colaboradores<\/strong><br \/>\n\u2022 Prof. Me. Jhonnes Alberto Vaz*<br \/>\n<a href=\"http:\/\/lattes.cnpq.br\/7344782149134067\" target=\"_blank\" rel=\"noopener\">Curr\u00edculo Lattes<\/a><br \/>\n*Pesquisador-colaborador respons\u00e1vel pela elabora\u00e7\u00e3o de todos os mapas de georeferencimento apresentados no relat\u00f3rio final<\/p>\n<p>\u2022 Prof\u00aa. Dr\u00aa. Lourdes Concei\u00e7\u00e3o Martins*<br \/>\n<a href=\"http:\/\/lattes.cnpq.br\/6226806718300375\" target=\"_blank\" rel=\"noopener\">Curr\u00edculo Lattes<\/a><br \/>\n* Pesquisadora-colaboradora respons\u00e1vel por todas as an\u00e1lises estat\u00edsticas apresentadas no relat\u00f3rio final.<\/p>\n<p><strong>8.2. Estagi\u00e1rios de n\u00edvel superior<\/strong><br \/>\nSeis estagi\u00e1rios de gradua\u00e7\u00e3o nas \u00e1reas de Ci\u00eancias Biol\u00f3gicas, Engenharia Ambiental e Qu\u00edmica Tecnol\u00f3gica.<br \/>\n\u2022 Carlos Guilherme Teixeira Curi (<em>in memoriam<\/em>)<br \/>\nCurso: Ci\u00eancias Biol\u00f3gicas.<br \/>\nInstitui\u00e7\u00e3o: Universidade Cat\u00f3lica de Santos<br \/>\n<a href=\"http:\/\/lattes.cnpq.br\/1518206412190914\" target=\"_blank\" rel=\"noopener\">Curr\u00edculo Lattes<\/a><br \/>\nPer\u00edodo de est\u00e1gio: 10\/2017 a 11\/2018<\/p>\n<p>\u2022 Gabriel Duarte dos Santos<br \/>\nCurso: Qu\u00edmica Tecnol\u00f3gica.<br \/>\nInstitui\u00e7\u00e3o: Universidade Cat\u00f3lica de Santos<br \/>\n<a href=\"http:\/\/lattes.cnpq.br\/6861394695232002\" target=\"_blank\" rel=\"noopener\">Curr\u00edculo Lattes<\/a><br \/>\nPer\u00edodo de est\u00e1gio: 10\/2017 a 11\/2018<\/p>\n<p>\u2022 Juliana Oliveira Costa<br \/>\nCurso: Ci\u00eancias Biol\u00f3gicas<br \/>\nInstitui\u00e7\u00e3o: Universidade Cat\u00f3lica de Santos<br \/>\nPer\u00edodo de est\u00e1gio: 10\/2018 a 03\/2019<\/p>\n<p>\u2022 Matheus da Cruz Medeiros<br \/>\nCurso: Qu\u00edmica Tecnol\u00f3gica.<br \/>\nInstitui\u00e7\u00e3o: Universidade Cat\u00f3lica de Santos<br \/>\n<a href=\"http:\/\/lattes.cnpq.br\/7366552563399494\" target=\"_blank\" rel=\"noopener\">Curr\u00edculo Lattes<\/a><br \/>\nPer\u00edodo de est\u00e1gio: 10\/2017 a 11\/2018<\/p>\n<p>\u2022 Nataly Gardona<br \/>\nCurso: Engenharia Ambiental.<br \/>\nInstitui\u00e7\u00e3o: Universidade Cat\u00f3lica de Santos<br \/>\n<a href=\"http:\/\/lattes.cnpq.br\/9280989198000306\" target=\"_blank\" rel=\"noopener\">Curr\u00edculo Lattes<\/a><br \/>\nPer\u00edodo de est\u00e1gio: 06\/2016 a 08\/2016<\/p>\n<p>\u2022 Rafaela Mendes Lomba Pinho<br \/>\nCurso: Engenharia Ambiental.<br \/>\nInstitui\u00e7\u00e3o: Universidade Cat\u00f3lica de Santos<br \/>\n<a href=\"http:\/\/lattes.cnpq.br\/8141379806004492\" target=\"_blank\" rel=\"noopener\">Curr\u00edculo Lattes<\/a><br \/>\nPer\u00edodo de est\u00e1gio: 10\/2017 a 11\/2018<\/p>\n<p>\u2022 Ricardo Werneck Soares<br \/>\nCurso: Qu\u00edmica Tecnol\u00f3gica.<br \/>\nInstitui\u00e7\u00e3o: Universidade Cat\u00f3lica de Santos<br \/>\nPer\u00edodo de est\u00e1gio: 10\/2017 a 11\/2018<\/p>\n<p>\u2022 Yasmin Atique<br \/>\nCurso: Engenharia Ambiental.<br \/>\nInstitui\u00e7\u00e3o: Universidade Cat\u00f3lica de Santos<br \/>\n<a href=\"http:\/\/lattes.cnpq.br\/6381037119003251\" target=\"_blank\" rel=\"noopener\">Curr\u00edculo Lattes<\/a><br \/>\nPer\u00edodo de est\u00e1gio: 06\/2016 a 08\/2016<\/p>\n<p><a href=\"https:\/\/www.unisantos.br\/wp-content\/uploads\/2022\/09\/20201103_RelFinal_Canais-final-vers\u00e3o-AFS_compressed.pdf\" target=\"_blank\" rel=\"noopener\"><strong>RELAT\u00d3RIO FINAL<\/strong><\/a><\/p>\n<p><a href=\"http:\/\/www.unisantos.br\/observacbhbs\/wp-content\/uploads\/sites\/19\/2021\/05\/Anexo_244_IT-002-21-EQAL-SOC.VISC_.S.LEOPOLDO.pdf\" target=\"_blank\" rel=\"noopener\"><strong>Parecer T\u00e9cnico<\/strong><\/a><\/p>\n","protected":false},"excerpt":{"rendered":"<p>2014-BS-244 1. RESUMO Este projeto prop\u00f5e a avalia\u00e7\u00e3o e monitoramento de par\u00e2metros de qualidade de \u00e1gua -presente em canais do [&hellip;]<\/p>\n","protected":false},"author":1,"featured_media":0,"parent":0,"menu_order":0,"comment_status":"closed","ping_status":"closed","template":"","meta":{"footnotes":""},"_links":{"self":[{"href":"https:\/\/www.unisantos.br\/observacbhbs\/wp-json\/wp\/v2\/pages\/299"}],"collection":[{"href":"https:\/\/www.unisantos.br\/observacbhbs\/wp-json\/wp\/v2\/pages"}],"about":[{"href":"https:\/\/www.unisantos.br\/observacbhbs\/wp-json\/wp\/v2\/types\/page"}],"author":[{"embeddable":true,"href":"https:\/\/www.unisantos.br\/observacbhbs\/wp-json\/wp\/v2\/users\/1"}],"replies":[{"embeddable":true,"href":"https:\/\/www.unisantos.br\/observacbhbs\/wp-json\/wp\/v2\/comments?post=299"}],"version-history":[{"count":18,"href":"https:\/\/www.unisantos.br\/observacbhbs\/wp-json\/wp\/v2\/pages\/299\/revisions"}],"predecessor-version":[{"id":779,"href":"https:\/\/www.unisantos.br\/observacbhbs\/wp-json\/wp\/v2\/pages\/299\/revisions\/779"}],"wp:attachment":[{"href":"https:\/\/www.unisantos.br\/observacbhbs\/wp-json\/wp\/v2\/media?parent=299"}],"curies":[{"name":"wp","href":"https:\/\/api.w.org\/{rel}","templated":true}]}}