{"id":290,"date":"2021-05-14T09:02:26","date_gmt":"2021-05-14T12:02:26","guid":{"rendered":"https:\/\/www.unisantos.br\/observacbhbs\/?page_id=290"},"modified":"2022-09-05T12:12:18","modified_gmt":"2022-09-05T15:12:18","slug":"diagnostico-da-variacao-do-nivel-relativo-do-mar-e-impacto-no-estuario-do-rio-itanhaem","status":"publish","type":"page","link":"https:\/\/www.unisantos.br\/observacbhbs\/diagnostico-da-variacao-do-nivel-relativo-do-mar-e-impacto-no-estuario-do-rio-itanhaem\/","title":{"rendered":"Diagn\u00f3stico da Varia\u00e7\u00e3o do N\u00edvel Relativo do Mar e Impacto no Estu\u00e1rio do Rio Itanha\u00e9m"},"content":{"rendered":"<p><strong><img loading=\"lazy\" decoding=\"async\" class=\"alignright wp-image-438 size-large\" src=\"http:\/\/www.unisantos.br\/observacbhbs\/wp-content\/uploads\/sites\/19\/2021\/05\/diagnostico-1024x653.jpg\" alt=\"\" width=\"640\" height=\"408\" srcset=\"https:\/\/www.unisantos.br\/observacbhbs\/wp-content\/uploads\/sites\/19\/2021\/05\/diagnostico-1024x653.jpg 1024w, https:\/\/www.unisantos.br\/observacbhbs\/wp-content\/uploads\/sites\/19\/2021\/05\/diagnostico-300x191.jpg 300w, https:\/\/www.unisantos.br\/observacbhbs\/wp-content\/uploads\/sites\/19\/2021\/05\/diagnostico-768x490.jpg 768w, https:\/\/www.unisantos.br\/observacbhbs\/wp-content\/uploads\/sites\/19\/2021\/05\/diagnostico.jpg 2022w\" sizes=\"(max-width: 640px) 100vw, 640px\" \/>2014-BS-243<\/strong><\/p>\n<p><strong>1. RESUMO<\/strong><\/p>\n<p>O estudo proposto surgiu a partir da necessidade de se ampliar o conhecimento t\u00e9cnico-cient\u00edfico sobre o impacto da eleva\u00e7\u00e3o n\u00edvel do mar na \u00e1rea do litoral Centro-Sul do Estado de S\u00e3o Paulo, inserido na \u00e1rea da Regi\u00e3o Metropolitana da Baixada Santista. Associa-se este fato a possibilidade de contar com registros maregr\u00e1ficos realizados desde a d\u00e9cada de 1980 at\u00e9 os dias atuais no Estu\u00e1rio de Itanha\u00e9m, -para os quais \u00e9 relevante apresentar uma interpreta\u00e7\u00e3o de Engenharia, correlacionado com os estudos j\u00e1 realizados para a \u00e1rea de Santos.<\/p>\n<p><strong>2. JUSTIFICATIVA<\/strong><\/p>\n<p>A Regi\u00e3o Metropolitana da Baixada Santista (SP) &#8211; RMBS, na qual se insere o Munic\u00edpio da Est\u00e2ncia Balnearia de Itanha\u00e9m, \u00e9 identificada conceitualmente como \u00e1rea cr\u00edtica em cen\u00e1rio proposto pela OECD quanto a eventos clim\u00e1ticos extremos, com a inunda\u00e7\u00e3o de terras \u00famidas, impactos para a biota e urbaniza\u00e7\u00f5es em baixa cota, bem como na navega\u00e7\u00e3o. Assim, fornecer os prov\u00e1veis cen\u00e1rios de inunda\u00e7\u00e3o nas \u00e1reas urbanas e nos bosques de mangues do Estu\u00e1rio de Itanha\u00e9m, al\u00e9m dos impactos sobre a biota da regi\u00e3o e o meio f\u00edsico, afetando as condi\u00e7\u00f5es das drenagens continentais; bem como aumentar a conscientiza\u00e7\u00e3o da import\u00e2ncia do conhecimento sobre os impactos dos eventos extremos nas \u00e1reas estuarinas, o que envolve a varia\u00e7\u00e3o do n\u00edvel relativo do mar tem grande relev\u00e2ncia.<\/p>\n<p>A \u00e1rea mais ao sul da RMBS, representada pelo Munic\u00edpio de Itanha\u00e9m, disp\u00f5e de informa\u00e7\u00f5es sobre varia\u00e7\u00f5es dos n\u00edveis do mar, que poderiam consolidar o contexto tamb\u00e9m para os Munic\u00edpios de Mongagu\u00e1 e Peru\u00edbe. Uma vez entendendo-se o n\u00edvel de impacto ser\u00e1 poss\u00edvel a tomada de medidas para a adapta\u00e7\u00e3o a estas novas condi\u00e7\u00f5es.<\/p>\n<p><strong>3. JUSTIFICATIVA DE ENQUADRAMENTO NO PLANO ESTADUAL DE RECURSOS H\u00cdDRICOS \u2013 PERH<\/strong><\/p>\n<p>PDC 7: Preven\u00e7\u00e3o e defesa contra eventos hidrol\u00f3gicos extremos;<br \/>\nSub-PDC 7.1: Apoio \u00e0 implementa\u00e7\u00e3o de a\u00e7\u00f5es n\u00e3o estruturais de defesa contra inunda\u00e7\u00f5es;<br \/>\nA\u00e7\u00e3o 7.1.1: Zoneamento de \u00e1reas inund\u00e1veis e estudos de normas quanto ao uso do solo mais condizente com a conviv\u00eancia com as cheias;<br \/>\nA\u00e7\u00e3o 7.1.2: Desenvolvimento de estudos e projetos para apoio \u00e0 elabora\u00e7\u00e3o dos planos de macrodrenagem urbana;<br \/>\nA\u00e7\u00e3o 7.1.4: Apoio \u00e0s medidas n\u00e3o estruturais contra inunda\u00e7\u00f5es e apoio \u00e0s atividades de Defesa Civil.<\/p>\n<p><strong>4. OBJETIVO<\/strong><\/p>\n<p><strong>4.1. Objetivo Geral<\/strong><br \/>\nSistematizar uma metodologia de diagn\u00f3stico da varia\u00e7\u00e3o do n\u00edvel relativo do mar e seus impactos bi\u00f3ticos e f\u00edsicos no Estu\u00e1rio do Itanha\u00e9m, com possibilidade de ser expandida para todo o litoral do Estado.<\/p>\n<p><strong>4.2. Objetivo Espec\u00edficos<\/strong><br \/>\n\u2022 Coleta de dados limnigr\u00e1ficos e\/ou maregr\u00e1ficos dispon\u00edveis no Estu\u00e1rio do Rio Itanha\u00e9m;<br \/>\n\u2022 Consistir nos dados maregr\u00e1ficos;<br \/>\n\u2022 An\u00e1lise da tend\u00eancia das \u00faltimas tr\u00eas d\u00e9cadas quanto aos n\u00edveis relativos do mar;<br \/>\n\u2022 Diagn\u00f3stico quanto \u00e0 varia\u00e7\u00e3o do n\u00edvel relativo do mar;<br \/>\n\u2022 Coleta de dados cartogr\u00e1ficos;<br \/>\n\u2022 Revis\u00e3o bibliogr\u00e1fica de dados sobre a biota das terras \u00famidas;<br \/>\n\u2022 Consolida\u00e7\u00e3o e sistematiza\u00e7\u00e3o dos dados sobre a biota;<br \/>\n\u2022 Elenco dos impactos f\u00edsicos e bi\u00f3ticos esperados nas pr\u00f3ximas d\u00e9cadas;<br \/>\n\u2022 Sugest\u00e3o para as diretrizes conceituais para o uso e ocupa\u00e7\u00e3o do territ\u00f3rio; e<br \/>\n\u2022 Consolida\u00e7\u00e3o e divulga\u00e7\u00e3o dos produtos elaborados.<\/p>\n<p><strong>5. METAS<\/strong><\/p>\n<p>I. Consolida\u00e7\u00e3o de dados limnim\u00e9tricos e maregr\u00e1ficos;<br \/>\nII. An\u00e1lise comparativa com os dados maregr\u00e1ficos do Porto de Santos;<br \/>\nIII. Ajuste de tend\u00eancias estat\u00edsticas da s\u00e9rie de dados de n\u00edvel relativo do mar para avalia\u00e7\u00e3o dos cen\u00e1rios futuros (2064 e 2100);<br \/>\nIV. Consolida\u00e7\u00e3o de dados cartogr\u00e1ficos;<br \/>\nV. Consolida\u00e7\u00e3o de dados biol\u00f3gicos; e<br \/>\nVI. Estabelecimento das estimativas de impactos f\u00edsicos e bi\u00f3ticos; Sugest\u00f5es para as diretrizes futuras de uso e ocupa\u00e7\u00e3o do territ\u00f3rio; Consolida\u00e7\u00e3o e divulga\u00e7\u00e3o dos produtos elaborados.<\/p>\n<p><strong>6. ESTRAT\u00c9GIA PARA EXECU\u00c7\u00c3O DO EMPREENDIMENTO<\/strong><\/p>\n<p>O Respons\u00e1vel T\u00e9cnico ser\u00e1 o encarregado do gerenciamento do projeto e da equipe t\u00e9cnica e o Coordenador Operacional ser\u00e1 o respons\u00e1vel pelo planejamento e realiza\u00e7\u00e3o do projeto.<\/p>\n<p><strong>7. P\u00daBLICO-ALVO<\/strong><\/p>\n<p>\u2022 Empresas\/\u00f3rg\u00e3os p\u00fablicos e\/ou privadas tomadores de decis\u00e3o quanto ao planejamento estrat\u00e9gico de uso e ocupa\u00e7\u00e3o do territ\u00f3rio, bem como as entidades de pesquisa que atuam na regi\u00e3o da Bacia Hidrogr\u00e1fica da Baixada Santista.<\/p>\n<p><strong>8. EQUIPE T\u00c9CNICA<\/strong><\/p>\n<p><strong>8.1. Membros da UniSantos\/SVSL respons\u00e1veis pelo desenvolvimento da proposta:<\/strong><br \/>\n\u2022 Prof\u00aa. Esp. \u00c2ngela Maria Gon\u00e7alves Frig\u00e9rio \u2013 Coordenadora Cient\u00edfica<br \/>\n<a href=\"http:\/\/lattes.cnpq.br\/0317735697507897\" target=\"_blank\" rel=\"noopener\">Curr\u00edculo Lattes<\/a><\/p>\n<p>\u2022 Prof. Dr. Jo\u00e3o Eduardo Addad<br \/>\n<a href=\"http:\/\/lattes.cnpq.br\/2356106837787562\" target=\"_blank\" rel=\"noopener\">Curr\u00edculo Lattes<\/a><\/p>\n<p><strong>8.2. Estagi\u00e1rios de n\u00edvel superior<br \/>\n<\/strong>\u2022 Leopoldo Gon\u00e7alves Gouveia Gra\u00e7a Figueiredo<br \/>\nCurso: Engenharia Portu\u00e1ria.<br \/>\nInstitui\u00e7\u00e3o: Universidade Cat\u00f3lica de Santos<br \/>\n<a href=\"http:\/\/lattes.cnpq.br\/8448022778770635\" target=\"_blank\" rel=\"noopener\">Curr\u00edculo Lattes<\/a><br \/>\nPer\u00edodo de est\u00e1gio: 06\/2016 a 11\/2017<\/p>\n<p>\u2022 Milena Ralio Corbo<br \/>\nCurso: Engenharia de Petr\u00f3leo.<br \/>\nInstitui\u00e7\u00e3o: Universidade Cat\u00f3lica de Santos<br \/>\n<a href=\"http:\/\/lattes.cnpq.br\/2798387432492798\" target=\"_blank\" rel=\"noopener\">Curr\u00edculo Lattes<\/a><br \/>\nPer\u00edodo de est\u00e1gio: 06\/2016 a 11\/2017<\/p>\n<p><a href=\"https:\/\/www.unisantos.br\/wp-content\/uploads\/2022\/09\/20201215_Relat\u00f3rio-II-Mare-2018-atualizado.pdf\" target=\"_blank\" rel=\"noopener\"><strong>RELAT\u00d3RIO FINAL<\/strong><\/a><\/p>\n<p><strong><a href=\"http:\/\/www.unisantos.br\/observacbhbs\/wp-content\/uploads\/sites\/19\/2021\/05\/20201210_PARECER-BS-243-ULTIMA-PARCELA-ELABORADO-POR-MARIA-CRISTINA-REVISADO-EM-07-DE-DEZEMBRO-POR-JOS65533-LUIZG.pdf\" target=\"_blank\" rel=\"noopener\">Parecer T\u00e9cnico<\/a><\/strong><\/p>\n","protected":false},"excerpt":{"rendered":"<p>2014-BS-243 1. RESUMO O estudo proposto surgiu a partir da necessidade de se ampliar o conhecimento t\u00e9cnico-cient\u00edfico sobre o impacto [&hellip;]<\/p>\n","protected":false},"author":1,"featured_media":0,"parent":0,"menu_order":0,"comment_status":"closed","ping_status":"closed","template":"","meta":{"footnotes":""},"_links":{"self":[{"href":"https:\/\/www.unisantos.br\/observacbhbs\/wp-json\/wp\/v2\/pages\/290"}],"collection":[{"href":"https:\/\/www.unisantos.br\/observacbhbs\/wp-json\/wp\/v2\/pages"}],"about":[{"href":"https:\/\/www.unisantos.br\/observacbhbs\/wp-json\/wp\/v2\/types\/page"}],"author":[{"embeddable":true,"href":"https:\/\/www.unisantos.br\/observacbhbs\/wp-json\/wp\/v2\/users\/1"}],"replies":[{"embeddable":true,"href":"https:\/\/www.unisantos.br\/observacbhbs\/wp-json\/wp\/v2\/comments?post=290"}],"version-history":[{"count":11,"href":"https:\/\/www.unisantos.br\/observacbhbs\/wp-json\/wp\/v2\/pages\/290\/revisions"}],"predecessor-version":[{"id":778,"href":"https:\/\/www.unisantos.br\/observacbhbs\/wp-json\/wp\/v2\/pages\/290\/revisions\/778"}],"wp:attachment":[{"href":"https:\/\/www.unisantos.br\/observacbhbs\/wp-json\/wp\/v2\/media?parent=290"}],"curies":[{"name":"wp","href":"https:\/\/api.w.org\/{rel}","templated":true}]}}