{"id":229,"date":"2021-05-03T15:13:25","date_gmt":"2021-05-03T18:13:25","guid":{"rendered":"https:\/\/www.unisantos.br\/observacbhbs\/?page_id=229"},"modified":"2025-10-21T16:17:22","modified_gmt":"2025-10-21T19:17:22","slug":"quem-somos","status":"publish","type":"page","link":"https:\/\/www.unisantos.br\/observacbhbs\/agencia-de-noticias-da-agua\/quem-somos\/","title":{"rendered":"QUEM SOMOS"},"content":{"rendered":"<p><img loading=\"lazy\" decoding=\"async\" class=\"alignnone wp-image-1300\" src=\"http:\/\/www.unisantos.br\/observacbhbs\/wp-content\/uploads\/sites\/19\/2023\/11\/logo-ANA-Fehidro-300x195.jpg\" alt=\"\" width=\"176\" height=\"114\" srcset=\"https:\/\/www.unisantos.br\/observacbhbs\/wp-content\/uploads\/sites\/19\/2023\/11\/logo-ANA-Fehidro-300x195.jpg 300w, https:\/\/www.unisantos.br\/observacbhbs\/wp-content\/uploads\/sites\/19\/2023\/11\/logo-ANA-Fehidro.jpg 310w\" sizes=\"(max-width: 176px) 100vw, 176px\" \/><\/p>\n<p><span style=\"color: #000000\">O projeto Ag\u00eancia de Not\u00edcias da \u00c1gua, sediado na Universidade Cat\u00f3lica de Santos, disponibiliza conte\u00fados de apoio digitais sobre a tem\u00e1tica da \u00e1gua a ve\u00edculos de comunica\u00e7\u00e3o, tais como: textos, manchetes, fotos, legendas, infogr\u00e1ficos, grava\u00e7\u00f5es em \u00e1udio, <em>podcasts<\/em> e <em>videocasts<\/em> para o suporte da imprensa, visando atuar na conex\u00e3o entre o Comit\u00ea da Bacia Hidrogr\u00e1fica da Baixada Santista (CBH-BS) e a m\u00eddia regional.<\/span><\/p>\n<p><strong><span style=\"color: #000000\">P\u00daBLICO-ALVO<\/span><\/strong><\/p>\n<hr \/>\n<p><span style=\"color: #000000\">O projeto tem como p\u00fablico-alvo toda e qualquer pessoa prioritariamente da Baixada Santista, que consuma produtos jornal\u00edsticos de diversos meios de comunica\u00e7\u00e3o, que comp\u00f5em o parque midi\u00e1tico da regi\u00e3o, envolvendo portais de not\u00edcias, blogs, redes sociais, jornais impressos e programas noticiosos de r\u00e1dio e televis\u00e3o. O universo populacional, a partir do qual se insere a proposta da Ag\u00eancia de Not\u00edcias da \u00c1gua, segundo dados do Instituto Brasileiro de Geografia e Estat\u00edstica, divulgados em agosto de 2019, para Regi\u00e3o Metropolitana da Baixada Santista, composta por nove munic\u00edpios, \u00e9: Munic\u00edpio\/N\u00famero de habitantes: \u2013 Santos: 433.311; S\u00e3o Vicente: 365.798; Praia Grande: 325.073; Guaruj\u00e1: 320.459; Cubat\u00e3o: 130.705; Itanha\u00e9m: 101.816; Peru\u00edbe: 68.284; Bertioga: 63.249; Mongagu\u00e1: 56.702; Totalizando: 1.865.397.<\/span><\/p>\n<p><strong><span style=\"color: #000000\">OBJETIVOS<\/span><\/strong><\/p>\n<hr \/>\n<p><span style=\"color: #000000\">Objetivo geral<\/span><br \/>\n<span style=\"color: #000000\"> Organiza\u00e7\u00e3o de uma Ag\u00eancia de Not\u00edcias que funcionar\u00e1 na Baixada Santista como polo de apoio e not\u00edcias sobre a tem\u00e1tica \u00e1gua para os meios de comunica\u00e7\u00e3o por meio do fornecimento textos, manchetes, fotos, legendas, infogr\u00e1ficos, grava\u00e7\u00f5es em \u00e1udio, podcasts e videocasts entre outros para abastecimento dos meios de comunica\u00e7\u00e3o; servindo assim de ponte entre o Comit\u00ea da Bacia Hidrogr\u00e1fica da Baixada Santista (CBH-BS) e a imprensa.<\/span><\/p>\n<p><span style=\"color: #000000\">Objetivos espec\u00edficos<\/span><br \/>\n<span style=\"color: #000000\"> \u2022 Ampliar a divulga\u00e7\u00e3o das a\u00e7\u00f5es de preserva\u00e7\u00e3o e boa utiliza\u00e7\u00e3o da \u00e1gua na Regi\u00e3o Metropolitana da Baixada Santista;<\/span><br \/>\n<span style=\"color: #000000\"> \u2022 Reduzir os espa\u00e7os das fake news, com rela\u00e7\u00e3o \u00e0 tem\u00e1tica da \u00e1gua;<\/span><br \/>\n<span style=\"color: #000000\"> \u2022 Qualificar a informa\u00e7\u00e3o acerca dos recursos h\u00eddricos na regi\u00e3o; e<\/span><br \/>\n<span style=\"color: #000000\"> \u2022 Ampliar o conhecimento dos profissionais da imprensa da regi\u00e3o sobre as quest\u00f5es envolvendo a tem\u00e1tica da \u00e1gua (esgotamento, drenagem, cobertura vegetal, reuso, consumo consciente e eventos hidrol\u00f3gicos extremos).<\/span><\/p>\n<p><strong><span style=\"color: #000000\">EQUIPE T\u00c9CNICA<\/span><\/strong><\/p>\n<hr \/>\n<p><span style=\"color: #000000\"> \u2022 Prof. Me Paulo Roberto B\u00f6rnsen Vibiam \u2013 Coordenador Cient\u00edfico<\/span><br \/>\n<span style=\"color: #000000\"> MTB 22.201<\/span><br \/>\n<span style=\"color: #000000\"> \u2022 Prof. Me Marcelo Luciano Martins Di Renzo \u2013 Pesquisador<\/span><br \/>\n<span style=\"color: #000000\"> MTB 11.008<\/span><\/p>\n<p><strong><span style=\"color: #000000\">ESTAGI\u00c1RIOS<\/span><\/strong><\/p>\n<hr \/>\n<div><span style=\"color: #000000\">Caroline Araujo Ferreira de Melo<\/span><\/div>\n<div><span style=\"color: #000000\">Daniel Alvares Suarez Rodrigues<\/span><\/div>\n<div><span style=\"color: #000000\">Igor Santana de Paiva<\/span><\/div>\n<div><span style=\"color: #000000\">Kalani Almeida Agostinho Bento<br \/>\n<\/span><\/div>\n<div><span style=\"color: #000000\">Karen da Silva Cunha<\/span><\/div>\n<div><span style=\"color: #000000\">Larissa Passarelli Verde<\/span><\/div>\n<div><span style=\"color: #000000\">Miguel Ferreira Monson<\/span><\/div>\n<div><span style=\"color: #000000\">Luiz Henrique Cividanes Iori<\/span><\/div>\n<div><span style=\"color: #000000\">Luzia de Souza Gama<\/span><\/div>\n<p>&nbsp;<\/p>\n<p><strong><span style=\"color: #000000\">FALE CONOSCO<\/span><\/strong><\/p>\n<hr \/>\n<p><span style=\"color: #000000\">E-mail: agenciaagua@unisantos.br<\/span><\/p>\n<p>&nbsp;<\/p>\n<p><a href=\"http:\/\/www.cbhbs.com.br\/\"><img loading=\"lazy\" decoding=\"async\" class=\"alignnone wp-image-1303\" src=\"http:\/\/www.unisantos.br\/observacbhbs\/wp-content\/uploads\/sites\/19\/2023\/11\/logo-cbh-bs-300x143.png\" alt=\"\" width=\"170\" height=\"81\" srcset=\"https:\/\/www.unisantos.br\/observacbhbs\/wp-content\/uploads\/sites\/19\/2023\/11\/logo-cbh-bs-300x143.png 300w, https:\/\/www.unisantos.br\/observacbhbs\/wp-content\/uploads\/sites\/19\/2023\/11\/logo-cbh-bs.png 768w\" sizes=\"(max-width: 170px) 100vw, 170px\" \/><\/a><\/p>\n<p><img loading=\"lazy\" decoding=\"async\" class=\"alignnone wp-image-1302\" src=\"http:\/\/www.unisantos.br\/observacbhbs\/wp-content\/uploads\/sites\/19\/2023\/11\/Logo-FEHIDRO-242x300.png\" alt=\"\" width=\"97\" height=\"120\" \/><\/p>\n","protected":false},"excerpt":{"rendered":"<p>O projeto Ag\u00eancia de Not\u00edcias da \u00c1gua, sediado na Universidade Cat\u00f3lica de Santos, disponibiliza conte\u00fados de apoio digitais sobre a [&hellip;]<\/p>\n","protected":false},"author":1,"featured_media":0,"parent":394,"menu_order":0,"comment_status":"closed","ping_status":"closed","template":"agencia-noticias\/page-quem-somos.php","meta":{"footnotes":""},"_links":{"self":[{"href":"https:\/\/www.unisantos.br\/observacbhbs\/wp-json\/wp\/v2\/pages\/229"}],"collection":[{"href":"https:\/\/www.unisantos.br\/observacbhbs\/wp-json\/wp\/v2\/pages"}],"about":[{"href":"https:\/\/www.unisantos.br\/observacbhbs\/wp-json\/wp\/v2\/types\/page"}],"author":[{"embeddable":true,"href":"https:\/\/www.unisantos.br\/observacbhbs\/wp-json\/wp\/v2\/users\/1"}],"replies":[{"embeddable":true,"href":"https:\/\/www.unisantos.br\/observacbhbs\/wp-json\/wp\/v2\/comments?post=229"}],"version-history":[{"count":25,"href":"https:\/\/www.unisantos.br\/observacbhbs\/wp-json\/wp\/v2\/pages\/229\/revisions"}],"predecessor-version":[{"id":1632,"href":"https:\/\/www.unisantos.br\/observacbhbs\/wp-json\/wp\/v2\/pages\/229\/revisions\/1632"}],"up":[{"embeddable":true,"href":"https:\/\/www.unisantos.br\/observacbhbs\/wp-json\/wp\/v2\/pages\/394"}],"wp:attachment":[{"href":"https:\/\/www.unisantos.br\/observacbhbs\/wp-json\/wp\/v2\/media?parent=229"}],"curies":[{"name":"wp","href":"https:\/\/api.w.org\/{rel}","templated":true}]}}