{"id":214,"date":"2021-05-03T14:40:50","date_gmt":"2021-05-03T17:40:50","guid":{"rendered":"https:\/\/www.unisantos.br\/observacbhbs\/?page_id=214"},"modified":"2021-05-03T14:40:50","modified_gmt":"2021-05-03T17:40:50","slug":"poluicao-hidrica","status":"publish","type":"page","link":"https:\/\/www.unisantos.br\/observacbhbs\/poluicao-hidrica\/","title":{"rendered":"Polui\u00e7\u00e3o H\u00eddrica"},"content":{"rendered":"<p><iframe loading=\"lazy\" title=\"YouTube video player\" src=\"https:\/\/www.youtube.com\/embed\/sGDdvbWeuMc\" width=\"560\" height=\"315\" frameborder=\"0\" allowfullscreen=\"allowfullscreen\"><\/iframe><\/p>\n<p><a href=\"https:\/\/www.unisantos.br\/observacbhbs\/cursos-de-atualizacao\/\">\u2190 Voltar<\/a><\/p>\n","protected":false},"excerpt":{"rendered":"<p>\u2190 Voltar<\/p>\n","protected":false},"author":1,"featured_media":0,"parent":0,"menu_order":0,"comment_status":"closed","ping_status":"closed","template":"","meta":{"footnotes":""},"_links":{"self":[{"href":"https:\/\/www.unisantos.br\/observacbhbs\/wp-json\/wp\/v2\/pages\/214"}],"collection":[{"href":"https:\/\/www.unisantos.br\/observacbhbs\/wp-json\/wp\/v2\/pages"}],"about":[{"href":"https:\/\/www.unisantos.br\/observacbhbs\/wp-json\/wp\/v2\/types\/page"}],"author":[{"embeddable":true,"href":"https:\/\/www.unisantos.br\/observacbhbs\/wp-json\/wp\/v2\/users\/1"}],"replies":[{"embeddable":true,"href":"https:\/\/www.unisantos.br\/observacbhbs\/wp-json\/wp\/v2\/comments?post=214"}],"version-history":[{"count":1,"href":"https:\/\/www.unisantos.br\/observacbhbs\/wp-json\/wp\/v2\/pages\/214\/revisions"}],"predecessor-version":[{"id":215,"href":"https:\/\/www.unisantos.br\/observacbhbs\/wp-json\/wp\/v2\/pages\/214\/revisions\/215"}],"wp:attachment":[{"href":"https:\/\/www.unisantos.br\/observacbhbs\/wp-json\/wp\/v2\/media?parent=214"}],"curies":[{"name":"wp","href":"https:\/\/api.w.org\/{rel}","templated":true}]}}