{"id":194,"date":"2021-05-03T14:12:27","date_gmt":"2021-05-03T17:12:27","guid":{"rendered":"https:\/\/www.unisantos.br\/observacbhbs\/?page_id=194"},"modified":"2021-05-03T14:36:34","modified_gmt":"2021-05-03T17:36:34","slug":"acao-humana-e-recursos-hidricos","status":"publish","type":"page","link":"https:\/\/www.unisantos.br\/observacbhbs\/acao-humana-e-recursos-hidricos\/","title":{"rendered":"A\u00e7\u00e3o Humana e Recursos H\u00eddricos"},"content":{"rendered":"<p><iframe loading=\"lazy\" title=\"YouTube video player\" src=\"https:\/\/www.youtube.com\/embed\/31CIbzyD3Ig\" width=\"560\" height=\"315\" frameborder=\"0\" allowfullscreen=\"allowfullscreen\"><\/iframe><\/p>\n<p><a href=\"https:\/\/www.unisantos.br\/observacbhbs\/cursos-de-atualizacao\/\">\u2190 Voltar<\/a><\/p>\n","protected":false},"excerpt":{"rendered":"<p>\u2190 Voltar<\/p>\n","protected":false},"author":1,"featured_media":0,"parent":0,"menu_order":0,"comment_status":"closed","ping_status":"closed","template":"","meta":{"footnotes":""},"_links":{"self":[{"href":"https:\/\/www.unisantos.br\/observacbhbs\/wp-json\/wp\/v2\/pages\/194"}],"collection":[{"href":"https:\/\/www.unisantos.br\/observacbhbs\/wp-json\/wp\/v2\/pages"}],"about":[{"href":"https:\/\/www.unisantos.br\/observacbhbs\/wp-json\/wp\/v2\/types\/page"}],"author":[{"embeddable":true,"href":"https:\/\/www.unisantos.br\/observacbhbs\/wp-json\/wp\/v2\/users\/1"}],"replies":[{"embeddable":true,"href":"https:\/\/www.unisantos.br\/observacbhbs\/wp-json\/wp\/v2\/comments?post=194"}],"version-history":[{"count":3,"href":"https:\/\/www.unisantos.br\/observacbhbs\/wp-json\/wp\/v2\/pages\/194\/revisions"}],"predecessor-version":[{"id":209,"href":"https:\/\/www.unisantos.br\/observacbhbs\/wp-json\/wp\/v2\/pages\/194\/revisions\/209"}],"wp:attachment":[{"href":"https:\/\/www.unisantos.br\/observacbhbs\/wp-json\/wp\/v2\/media?parent=194"}],"curies":[{"name":"wp","href":"https:\/\/api.w.org\/{rel}","templated":true}]}}