{"id":191,"date":"2021-05-03T14:04:03","date_gmt":"2021-05-03T17:04:03","guid":{"rendered":"https:\/\/www.unisantos.br\/observacbhbs\/?page_id=191"},"modified":"2021-05-03T14:35:36","modified_gmt":"2021-05-03T17:35:36","slug":"doencas-de-veiculacao-hidrica","status":"publish","type":"page","link":"https:\/\/www.unisantos.br\/observacbhbs\/doencas-de-veiculacao-hidrica\/","title":{"rendered":"Doen\u00e7as de Veicula\u00e7\u00e3o H\u00eddrica"},"content":{"rendered":"<p><iframe loading=\"lazy\" title=\"YouTube video player\" src=\"https:\/\/www.youtube.com\/embed\/NwrVLW6Etbc\" width=\"560\" height=\"315\" frameborder=\"0\" allowfullscreen=\"allowfullscreen\"><\/iframe><\/p>\n<p><a href=\"https:\/\/www.unisantos.br\/observacbhbs\/cursos-de-atualizacao\/\">\u2190 Voltar<\/a><\/p>\n","protected":false},"excerpt":{"rendered":"<p>\u2190 Voltar<\/p>\n","protected":false},"author":1,"featured_media":0,"parent":0,"menu_order":0,"comment_status":"closed","ping_status":"closed","template":"","meta":{"footnotes":""},"_links":{"self":[{"href":"https:\/\/www.unisantos.br\/observacbhbs\/wp-json\/wp\/v2\/pages\/191"}],"collection":[{"href":"https:\/\/www.unisantos.br\/observacbhbs\/wp-json\/wp\/v2\/pages"}],"about":[{"href":"https:\/\/www.unisantos.br\/observacbhbs\/wp-json\/wp\/v2\/types\/page"}],"author":[{"embeddable":true,"href":"https:\/\/www.unisantos.br\/observacbhbs\/wp-json\/wp\/v2\/users\/1"}],"replies":[{"embeddable":true,"href":"https:\/\/www.unisantos.br\/observacbhbs\/wp-json\/wp\/v2\/comments?post=191"}],"version-history":[{"count":2,"href":"https:\/\/www.unisantos.br\/observacbhbs\/wp-json\/wp\/v2\/pages\/191\/revisions"}],"predecessor-version":[{"id":207,"href":"https:\/\/www.unisantos.br\/observacbhbs\/wp-json\/wp\/v2\/pages\/191\/revisions\/207"}],"wp:attachment":[{"href":"https:\/\/www.unisantos.br\/observacbhbs\/wp-json\/wp\/v2\/media?parent=191"}],"curies":[{"name":"wp","href":"https:\/\/api.w.org\/{rel}","templated":true}]}}