{"id":174,"date":"2021-05-03T02:25:56","date_gmt":"2021-05-03T05:25:56","guid":{"rendered":"https:\/\/www.unisantos.br\/observacbhbs\/?page_id=174"},"modified":"2021-05-03T14:32:32","modified_gmt":"2021-05-03T17:32:32","slug":"agua-e-legislacao-parte-2","status":"publish","type":"page","link":"https:\/\/www.unisantos.br\/observacbhbs\/agua-e-legislacao-parte-2\/","title":{"rendered":"\u00c1gua e Legisla\u00e7\u00e3o parte 2"},"content":{"rendered":"<p><iframe loading=\"lazy\" title=\"YouTube video player\" src=\"https:\/\/www.youtube.com\/embed\/-QxMCRwinns\" width=\"560\" height=\"315\" frameborder=\"0\" allowfullscreen=\"allowfullscreen\"><\/iframe><\/p>\n<p><a href=\"https:\/\/www.unisantos.br\/observacbhbs\/cursos-de-atualizacao\/\">\u2190 Voltar<\/a><\/p>\n","protected":false},"excerpt":{"rendered":"<p>\u2190 Voltar<\/p>\n","protected":false},"author":1,"featured_media":0,"parent":0,"menu_order":0,"comment_status":"closed","ping_status":"closed","template":"","meta":{"footnotes":""},"_links":{"self":[{"href":"https:\/\/www.unisantos.br\/observacbhbs\/wp-json\/wp\/v2\/pages\/174"}],"collection":[{"href":"https:\/\/www.unisantos.br\/observacbhbs\/wp-json\/wp\/v2\/pages"}],"about":[{"href":"https:\/\/www.unisantos.br\/observacbhbs\/wp-json\/wp\/v2\/types\/page"}],"author":[{"embeddable":true,"href":"https:\/\/www.unisantos.br\/observacbhbs\/wp-json\/wp\/v2\/users\/1"}],"replies":[{"embeddable":true,"href":"https:\/\/www.unisantos.br\/observacbhbs\/wp-json\/wp\/v2\/comments?post=174"}],"version-history":[{"count":3,"href":"https:\/\/www.unisantos.br\/observacbhbs\/wp-json\/wp\/v2\/pages\/174\/revisions"}],"predecessor-version":[{"id":203,"href":"https:\/\/www.unisantos.br\/observacbhbs\/wp-json\/wp\/v2\/pages\/174\/revisions\/203"}],"wp:attachment":[{"href":"https:\/\/www.unisantos.br\/observacbhbs\/wp-json\/wp\/v2\/media?parent=174"}],"curies":[{"name":"wp","href":"https:\/\/api.w.org\/{rel}","templated":true}]}}