{"id":169,"date":"2021-05-03T02:19:06","date_gmt":"2021-05-03T05:19:06","guid":{"rendered":"https:\/\/www.unisantos.br\/observacbhbs\/?page_id=169"},"modified":"2021-05-03T14:31:20","modified_gmt":"2021-05-03T17:31:20","slug":"agua-e-legislacao-parte-1","status":"publish","type":"page","link":"https:\/\/www.unisantos.br\/observacbhbs\/agua-e-legislacao-parte-1\/","title":{"rendered":"\u00c1gua e Legisla\u00e7\u00e3o parte 1"},"content":{"rendered":"<p><iframe loading=\"lazy\" title=\"YouTube video player\" src=\"https:\/\/www.youtube.com\/embed\/sbFZ0ZmmZE4\" width=\"560\" height=\"315\" frameborder=\"0\" allowfullscreen=\"allowfullscreen\"><\/iframe><\/p>\n<p><a href=\"https:\/\/www.unisantos.br\/observacbhbs\/cursos-de-atualizacao\/\">\u2190 Voltar<\/a><\/p>\n","protected":false},"excerpt":{"rendered":"<p>\u2190 Voltar<\/p>\n","protected":false},"author":1,"featured_media":0,"parent":0,"menu_order":0,"comment_status":"closed","ping_status":"closed","template":"","meta":{"footnotes":""},"_links":{"self":[{"href":"https:\/\/www.unisantos.br\/observacbhbs\/wp-json\/wp\/v2\/pages\/169"}],"collection":[{"href":"https:\/\/www.unisantos.br\/observacbhbs\/wp-json\/wp\/v2\/pages"}],"about":[{"href":"https:\/\/www.unisantos.br\/observacbhbs\/wp-json\/wp\/v2\/types\/page"}],"author":[{"embeddable":true,"href":"https:\/\/www.unisantos.br\/observacbhbs\/wp-json\/wp\/v2\/users\/1"}],"replies":[{"embeddable":true,"href":"https:\/\/www.unisantos.br\/observacbhbs\/wp-json\/wp\/v2\/comments?post=169"}],"version-history":[{"count":5,"href":"https:\/\/www.unisantos.br\/observacbhbs\/wp-json\/wp\/v2\/pages\/169\/revisions"}],"predecessor-version":[{"id":202,"href":"https:\/\/www.unisantos.br\/observacbhbs\/wp-json\/wp\/v2\/pages\/169\/revisions\/202"}],"wp:attachment":[{"href":"https:\/\/www.unisantos.br\/observacbhbs\/wp-json\/wp\/v2\/media?parent=169"}],"curies":[{"name":"wp","href":"https:\/\/api.w.org\/{rel}","templated":true}]}}