{"id":1559,"date":"2025-06-02T17:35:31","date_gmt":"2025-06-02T20:35:31","guid":{"rendered":"https:\/\/www.unisantos.br\/observacbhbs\/?page_id=1559"},"modified":"2025-12-18T17:52:36","modified_gmt":"2025-12-18T20:52:36","slug":"workshop-prevencao-e-controle-do-lixo-no-mar-2","status":"publish","type":"page","link":"https:\/\/www.unisantos.br\/observacbhbs\/workshop-prevencao-e-controle-do-lixo-no-mar-2\/","title":{"rendered":"Workshop Preven\u00e7\u00e3o e Controle do Lixo no Mar"},"content":{"rendered":"\n<p>O workshop discute estrat\u00e9gias para elabora\u00e7\u00e3o do Plano Regional de Preven\u00e7\u00e3o e Controle do Lixo no Mar na Regi\u00e3o Metropolitana da Baixada Santista. O evento \u00e9 uma realiza\u00e7\u00e3o da UNISANTOS com o Fundo Estadual de Recursos H\u00eddricos (Fehidro) e o Comit\u00ea da Bacia Hidrogr\u00e1fica da Baixada Santista.<\/p>\n\n\n\n<p><strong>CONSULTA P\u00daBLICA<\/strong><br><strong>Elabora\u00e7\u00e3o do Termo de Refer\u00eancia para o Plano de Combate ao Lixo no Mar na RMBS<\/strong><br><a href=\"https:\/\/docs.google.com\/forms\/d\/e\/1FAIpQLSevX5v3y_7XC_32bqQ41Cu-X0pNXS15sUqorQQ_iV5S3AbuIQ\/viewform\" target=\"_blank\" rel=\"noreferrer noopener\">Acesse o Google Forms<\/a> <br><a href=\"https:\/\/docs.google.com\/forms\/d\/1p4yHz0J6WpjwHHHq26T8rpUjj7xxUO1csbPcOgKV7Yo\/viewform?edit_requested=true&amp;fbzx=8429088858264599089#responses\" target=\"_blank\" rel=\"noreferrer noopener\">Sum\u00e1rio Executivo<\/a><\/p>\n\n\n\n<p><strong>VIDEOCASTS<\/strong><br><strong>Lixo no Mar<\/strong><br><a href=\"https:\/\/www.youtube.com\/watch?v=vvKLbjCVhMM\" target=\"_blank\" rel=\"noreferrer noopener\">Fernando Poyatos, Vit\u00f3ria Milanez, Gabriela Otero e Maria de C. Lanza<\/a><strong><br><\/strong><a href=\"https:\/\/www.youtube.com\/watch?v=KwYuSANWl0Y\" target=\"_blank\" rel=\"noreferrer noopener\">Oswaldo Lucon<\/a><strong><br><\/strong><a href=\"https:\/\/youtu.be\/nMoAOLKQke0?si=RT5DrkJgwjQ2kQBj\" target=\"_blank\" rel=\"noreferrer noopener\">Fernando Poyatos<\/a><br><a href=\"https:\/\/www.youtube.com\/watch?v=djmMUbWN4MI\" target=\"_blank\" rel=\"noreferrer noopener\">Sidnei Aranha<\/a><br><strong>Workshop do Projeto Lixo no Mar<\/strong><br><a href=\"https:\/\/www.youtube.com\/watch?v=F9Z2mrE3CCo&amp;feature=youtu.be\" target=\"_blank\" rel=\"noreferrer noopener\">Depoimentos<\/a><br><a href=\"https:\/\/www.youtube.com\/watch?v=pVmea-55hBo\" target=\"_blank\" rel=\"noreferrer noopener\">Palestras<\/a><br><strong>Projetos com Recursos Fehidro<\/strong><br><a href=\"https:\/\/www.youtube.com\/watch?v=OXhlEI1SDy0\" data-type=\"link\" data-id=\"https:\/\/www.youtube.com\/watch?v=OXhlEI1SDy0\" target=\"_blank\" rel=\"noreferrer noopener\">Prof. Dr. Oleg Bokhonok<\/a><\/p>\n\n\n\n<p><strong>WORKSHOPS<\/strong><br><a href=\"https:\/\/www.unisantos.br\/wp-content\/uploads\/2025\/12\/WORKSHOP-COMBATE-E-PREVENC\u0327A\u0303O-DO-LIXO-NO-MAR-FASE-2.pdf\" target=\"_blank\" rel=\"noreferrer noopener\">2\u00aa. Fase: Discuss\u00e3o de Estrat\u00e9gias para o Plano Regional de Preven\u00e7\u00e3o e Controle do Lixo no Mar na Regi\u00e3o Metropolitana da Baixada Santista<\/a><\/p>\n\n\n\n<p><strong>OUTRAS INFORMA\u00c7\u00d5ES<\/strong><br>Prof. Dr. Cleber Ferr\u00e3o Corr\u00eaa <br>Diretor do Centro de Ci\u00eancias Exatas, Arquitetura e Engenharia<br>E-mail: dir.cceae@unisantos.br<\/p>\n","protected":false},"excerpt":{"rendered":"<p>O workshop discute estrat\u00e9gias para elabora\u00e7\u00e3o do Plano Regional de Preven\u00e7\u00e3o e Controle do Lixo no Mar na Regi\u00e3o Metropolitana [&hellip;]<\/p>\n","protected":false},"author":1,"featured_media":0,"parent":0,"menu_order":0,"comment_status":"closed","ping_status":"closed","template":"","meta":{"footnotes":""},"_links":{"self":[{"href":"https:\/\/www.unisantos.br\/observacbhbs\/wp-json\/wp\/v2\/pages\/1559"}],"collection":[{"href":"https:\/\/www.unisantos.br\/observacbhbs\/wp-json\/wp\/v2\/pages"}],"about":[{"href":"https:\/\/www.unisantos.br\/observacbhbs\/wp-json\/wp\/v2\/types\/page"}],"author":[{"embeddable":true,"href":"https:\/\/www.unisantos.br\/observacbhbs\/wp-json\/wp\/v2\/users\/1"}],"replies":[{"embeddable":true,"href":"https:\/\/www.unisantos.br\/observacbhbs\/wp-json\/wp\/v2\/comments?post=1559"}],"version-history":[{"count":22,"href":"https:\/\/www.unisantos.br\/observacbhbs\/wp-json\/wp\/v2\/pages\/1559\/revisions"}],"predecessor-version":[{"id":1705,"href":"https:\/\/www.unisantos.br\/observacbhbs\/wp-json\/wp\/v2\/pages\/1559\/revisions\/1705"}],"wp:attachment":[{"href":"https:\/\/www.unisantos.br\/observacbhbs\/wp-json\/wp\/v2\/media?parent=1559"}],"curies":[{"name":"wp","href":"https:\/\/api.w.org\/{rel}","templated":true}]}}