{"id":1395,"date":"2024-09-13T07:33:36","date_gmt":"2024-09-13T10:33:36","guid":{"rendered":"https:\/\/www.unisantos.br\/observacbhbs\/?page_id=1395"},"modified":"2025-03-19T12:24:53","modified_gmt":"2025-03-19T15:24:53","slug":"relatorios-semestrais","status":"publish","type":"page","link":"https:\/\/www.unisantos.br\/observacbhbs\/relatorios-semestrais\/","title":{"rendered":"Relat\u00f3rios"},"content":{"rendered":"\n<p><strong>RELAT\u00d3RIOS<\/strong> <strong>2018_BS_COB-85<\/strong><\/p>\n\n\n\n<p><strong><a href=\"https:\/\/www.unisantos.br\/wp-content\/uploads\/2024\/09\/20240912_Rios_Resumo-para-publicacao.pdf\" data-type=\"link\" data-id=\"https:\/\/www.unisantos.br\/wp-content\/uploads\/2024\/09\/20240912_Rios_Resumo-para-publicacao.pdf\">Relat\u00f3rio 1<\/a><\/strong><\/p>\n\n\n\n<p><strong><a href=\"https:\/\/www.unisantos.br\/wp-content\/uploads\/2024\/09\/20240912_Rios_Resumo-para-publicacao.pdf\" data-type=\"link\" data-id=\"https:\/\/www.unisantos.br\/wp-content\/uploads\/2024\/09\/20240912_Rios_Resumo-para-publicacao.pdf\">Relat\u00f3rio 2<\/a><\/strong><\/p>\n\n\n\n<p><strong><a href=\"https:\/\/www.unisantos.br\/wp-content\/uploads\/2024\/09\/20240912_Rios_Resumo-para-publicacao.pdf\" data-type=\"link\" data-id=\"https:\/\/www.unisantos.br\/wp-content\/uploads\/2024\/09\/20240912_Rios_Resumo-para-publicacao.pdf\">Relat\u00f3rio 3\/Final<\/a><\/strong><\/p>\n\n\n\n<p><\/p>\n\n\n\n<p><strong>RELAT\u00d3RIOS<\/strong> <strong>2016_BS_COB-39<\/strong><\/p>\n\n\n\n<p><strong><a href=\"https:\/\/www.unisantos.br\/wp-content\/uploads\/2025\/03\/Relatorio-1.pdf\">Relat\u00f3rio 1<\/a><\/strong><\/p>\n\n\n\n<p><strong><a href=\"https:\/\/www.unisantos.br\/wp-content\/uploads\/2025\/03\/Relatorio-2.pdf\" data-type=\"link\" data-id=\"https:\/\/www.unisantos.br\/wp-content\/uploads\/2025\/03\/Relatorio-2.pdf\"><strong>Relat\u00f3rio<\/strong> 2<\/a><\/strong><\/p>\n\n\n\n<p><strong><a href=\"https:\/\/www.unisantos.br\/wp-content\/uploads\/2025\/03\/Relatorio-3.pdf\"><strong>Relat\u00f3rio<\/strong> 3<\/a><\/strong><\/p>\n\n\n\n<p><strong><a href=\"https:\/\/www.unisantos.br\/wp-content\/uploads\/2025\/03\/Relatorio-4-1.pdf\"><strong>Relat\u00f3rio<\/strong> 4<\/a><\/strong><\/p>\n\n\n\n<p><strong><a href=\"https:\/\/www.unisantos.br\/wp-content\/uploads\/2025\/03\/Relatorio-5.pdf\"><strong>Relat\u00f3rio<\/strong> 5<\/a><\/strong><\/p>\n\n\n\n<p><strong><a href=\"https:\/\/www.unisantos.br\/wp-content\/uploads\/2025\/03\/Relatorio-6-1.pdf\"><strong>Relat\u00f3rio<\/strong> 6<\/a><\/strong><\/p>\n\n\n\n<p><strong><a href=\"https:\/\/www.unisantos.br\/wp-content\/uploads\/2025\/03\/Relatorio-7.pdf\"><strong>Relat\u00f3rio<\/strong> 7<\/a><\/strong><\/p>\n\n\n<div class=\"wp-block-image\">\n<figure class=\"alignleft size-medium\"><img loading=\"lazy\" decoding=\"async\" width=\"300\" height=\"45\" src=\"https:\/\/www.unisantos.br\/observacbhbs\/wp-content\/uploads\/sites\/19\/2025\/03\/logo-300x45.png\" alt=\"\" class=\"wp-image-1520\" srcset=\"https:\/\/www.unisantos.br\/observacbhbs\/wp-content\/uploads\/sites\/19\/2025\/03\/logo-300x45.png 300w, https:\/\/www.unisantos.br\/observacbhbs\/wp-content\/uploads\/sites\/19\/2025\/03\/logo-1024x155.png 1024w, https:\/\/www.unisantos.br\/observacbhbs\/wp-content\/uploads\/sites\/19\/2025\/03\/logo-768x116.png 768w, https:\/\/www.unisantos.br\/observacbhbs\/wp-content\/uploads\/sites\/19\/2025\/03\/logo-1536x232.png 1536w, https:\/\/www.unisantos.br\/observacbhbs\/wp-content\/uploads\/sites\/19\/2025\/03\/logo-2048x309.png 2048w\" sizes=\"(max-width: 300px) 100vw, 300px\" \/><\/figure><\/div>","protected":false},"excerpt":{"rendered":"<p>RELAT\u00d3RIOS 2018_BS_COB-85 Relat\u00f3rio 1 Relat\u00f3rio 2 Relat\u00f3rio 3\/Final RELAT\u00d3RIOS 2016_BS_COB-39 Relat\u00f3rio 1 Relat\u00f3rio 2 Relat\u00f3rio 3 Relat\u00f3rio 4 Relat\u00f3rio 5 [&hellip;]<\/p>\n","protected":false},"author":1,"featured_media":0,"parent":0,"menu_order":0,"comment_status":"closed","ping_status":"closed","template":"","meta":{"footnotes":""},"_links":{"self":[{"href":"https:\/\/www.unisantos.br\/observacbhbs\/wp-json\/wp\/v2\/pages\/1395"}],"collection":[{"href":"https:\/\/www.unisantos.br\/observacbhbs\/wp-json\/wp\/v2\/pages"}],"about":[{"href":"https:\/\/www.unisantos.br\/observacbhbs\/wp-json\/wp\/v2\/types\/page"}],"author":[{"embeddable":true,"href":"https:\/\/www.unisantos.br\/observacbhbs\/wp-json\/wp\/v2\/users\/1"}],"replies":[{"embeddable":true,"href":"https:\/\/www.unisantos.br\/observacbhbs\/wp-json\/wp\/v2\/comments?post=1395"}],"version-history":[{"count":13,"href":"https:\/\/www.unisantos.br\/observacbhbs\/wp-json\/wp\/v2\/pages\/1395\/revisions"}],"predecessor-version":[{"id":1522,"href":"https:\/\/www.unisantos.br\/observacbhbs\/wp-json\/wp\/v2\/pages\/1395\/revisions\/1522"}],"wp:attachment":[{"href":"https:\/\/www.unisantos.br\/observacbhbs\/wp-json\/wp\/v2\/media?parent=1395"}],"curies":[{"name":"wp","href":"https:\/\/api.w.org\/{rel}","templated":true}]}}