{"id":129,"date":"2021-04-15T14:35:10","date_gmt":"2021-04-15T17:35:10","guid":{"rendered":"https:\/\/www.unisantos.br\/observacbhbs\/?page_id=129"},"modified":"2021-09-08T23:42:28","modified_gmt":"2021-09-09T02:42:28","slug":"comites-de-bacias","status":"publish","type":"page","link":"https:\/\/www.unisantos.br\/observacbhbs\/comites-de-bacias\/","title":{"rendered":"Comit\u00eas de Bacias"},"content":{"rendered":"<p>Os Comit\u00eas de Bacia Hidrogr\u00e1fica, entes do Sistema Nacional de Gest\u00e3o dos Recursos H\u00eddricos, constituem o \u201cParlamento das \u00c1guas\u201d, espa\u00e7o em que representantes da comunidade de uma bacia hidrogr\u00e1fica discutem e deliberam a respeito da gest\u00e3o dos recursos h\u00eddricos compartilhando responsabilidades de gest\u00e3o com o poder p\u00fablico.<\/p>\n<p>Comit\u00ea \u00e9 um termo que indica uma comiss\u00e3o, junta, delega\u00e7\u00e3o ou reuni\u00e3o de pessoas, para debate e execu\u00e7\u00e3o de a\u00e7\u00f5es de interesse comum. Bacia hidrogr\u00e1fica \u00e9 um territ\u00f3rio delimitado por divisores de \u00e1gua cujos cursos d\u2019\u00e1gua em geral convergem para uma \u00fanica foz localizada no ponto mais baixo da regi\u00e3o. Unindo os dois conceitos: Comit\u00ea de Bacia Hidrogr\u00e1fica (CBH) significa o f\u00f3rum em que um grupo de pessoas, com diferentes vis\u00f5es e atua\u00e7\u00f5es, se re\u00fane para discutir sobre um interesse comum \u2013 o uso d\u2019\u00e1gua na bacia.<\/p>\n<p>\u00c9 por meio de discuss\u00f5es e negocia\u00e7\u00f5es democr\u00e1ticas que os comit\u00eas avaliam os reais e diferentes interesses sobre os usos das \u00e1guas das bacias hidrogr\u00e1ficas. Possuem poder de decis\u00e3o e cumprem papel fundamental na elabora\u00e7\u00e3o das pol\u00edticas para gest\u00e3o das \u00e1guas nas bacias, sobretudo em regi\u00f5es sujeitas a eventos cr\u00edticos de escassez h\u00eddrica, inunda\u00e7\u00f5es ou na qualidade da \u00e1gua que possam colocar em risco os usos m\u00faltiplos da \u00e1gua, conforme assegurados em Lei.<\/p>\n<p><a href=\"https:\/\/www.ana.gov.br\/aguas-no-brasil\/sistema-de-gerenciamento-de-recursos-hidricos\/comites-de-bacia-hidrografica\" target=\"_blank\" rel=\"noopener\"><strong><em>Conhe\u00e7a os comit\u00eas por regi\u00e3o<\/em><\/strong><\/a><\/p>\n<p><strong>Comit\u00ea da Bacia Hidrogr\u00e1fica da Baixada Santista (CBHBS)<\/strong><\/p>\n<p>O Comit\u00ea da Bacia Hidrogr\u00e1fica da Baixada Santista foi criado pela Lei 9.034 de 27\/12\/94 \u2013 com fundamento no Artigo 19 e seguintes do Estatuto. Tem sua \u00e1rea de atua\u00e7\u00e3o nos munic\u00edpios de Bertioga, Cubat\u00e3o, Guaruj\u00e1, Itanha\u00e9m, Mongagu\u00e1, Peru\u00edbe, Praia Grande, Santos e S\u00e3o Vicente, os quais formam a Regi\u00e3o Metropolitana da Baixada Santista e possuem, em conjunto, uma \u00e1rea de 2.422,776 Km\u00b2 e uma \u00e1rea de drenagem que atinge 2.887 km\u00b2. A popula\u00e7\u00e3o fixa da regi\u00e3o \u00e9 de 1.678.513 habitantes, segundo o IBGE (2010), por\u00e9m, na temporada de ver\u00e3o, pode alcan\u00e7ar cerca de 3.000.000 de pessoas. Os principais rios da bacia s\u00e3o: Cubat\u00e3o, Mogi e Quilombo na \u00e1rea central; Itapanha\u00fa, Itatinga e Guaratuba ao norte; Itanha\u00e9m, Branco e Preto ao sul. Os munic\u00edpios litor\u00e2neos formam uma faixa de 162 quil\u00f4metros de praias entre Peru\u00edbe e Bertioga e t\u00eam, em seu territ\u00f3rio, cerca de 120 Km2 de manguezais ainda preservados.<\/p>\n<p><a href=\"http:\/\/www.cbhbs.com.br\/index.php\/quem-somos\/\" target=\"_blank\" rel=\"noopener\"><em><strong>Saiba mais sobre o CBHBS<\/strong><\/em><\/a><\/p>\n<p><strong>Sistema Nacional de Informa\u00e7\u00f5es sobre Recursos H\u00eddricos (SNIRH)<\/strong><\/p>\n<p>O SNIRH \u00e9 a base para disponibiliza\u00e7\u00e3o das informa\u00e7\u00f5es sobre \u00e1guas no Brasil, contribuindo para a difus\u00e3o do conhecimento sobre recursos h\u00eddricos. a partir da consulta aos\u00a0mapas interativos, relat\u00f3rios, metadados, pain\u00e9is\u00a0de\u00a0indicadores, geoservi\u00e7os, subsistemas, aplicativos ou dados\u00a0abertos.<\/p>\n<p><a href=\"https:\/\/www.snirh.gov.br\/\" target=\"_blank\" rel=\"noopener\"><strong><em>Confira as informa\u00e7\u00f5es do SNIRH<\/em><\/strong><\/a><\/p>\n<p><strong>Sistema Integrado de Gerenciamento de Recursos H\u00eddricos do Estado de S\u00e3o Paulo<\/strong>\u00a0<strong>(SIGRH)<\/strong><\/p>\n<p>O sistema permite acesso aos Comit\u00eas de Bacias do Estado de S\u00e3o Paulo, e tamb\u00e9m a instrumentos de gest\u00e3o e \u00e0 base documental, entre outros.<\/p>\n<p><a href=\"https:\/\/sigrh.sp.gov.br\/\" target=\"_blank\" rel=\"noopener\"><strong><em>Acesse o SIGRH<\/em><\/strong><\/a><\/p>\n","protected":false},"excerpt":{"rendered":"<p>Os Comit\u00eas de Bacia Hidrogr\u00e1fica, entes do Sistema Nacional de Gest\u00e3o dos Recursos H\u00eddricos, constituem o \u201cParlamento das \u00c1guas\u201d, espa\u00e7o [&hellip;]<\/p>\n","protected":false},"author":1,"featured_media":0,"parent":0,"menu_order":0,"comment_status":"closed","ping_status":"closed","template":"","meta":{"footnotes":""},"_links":{"self":[{"href":"https:\/\/www.unisantos.br\/observacbhbs\/wp-json\/wp\/v2\/pages\/129"}],"collection":[{"href":"https:\/\/www.unisantos.br\/observacbhbs\/wp-json\/wp\/v2\/pages"}],"about":[{"href":"https:\/\/www.unisantos.br\/observacbhbs\/wp-json\/wp\/v2\/types\/page"}],"author":[{"embeddable":true,"href":"https:\/\/www.unisantos.br\/observacbhbs\/wp-json\/wp\/v2\/users\/1"}],"replies":[{"embeddable":true,"href":"https:\/\/www.unisantos.br\/observacbhbs\/wp-json\/wp\/v2\/comments?post=129"}],"version-history":[{"count":16,"href":"https:\/\/www.unisantos.br\/observacbhbs\/wp-json\/wp\/v2\/pages\/129\/revisions"}],"predecessor-version":[{"id":534,"href":"https:\/\/www.unisantos.br\/observacbhbs\/wp-json\/wp\/v2\/pages\/129\/revisions\/534"}],"wp:attachment":[{"href":"https:\/\/www.unisantos.br\/observacbhbs\/wp-json\/wp\/v2\/media?parent=129"}],"curies":[{"name":"wp","href":"https:\/\/api.w.org\/{rel}","templated":true}]}}