{"id":1261,"date":"2023-11-01T17:41:41","date_gmt":"2023-11-01T20:41:41","guid":{"rendered":"https:\/\/www.unisantos.br\/observacbhbs\/?page_id=1261"},"modified":"2025-10-21T16:23:47","modified_gmt":"2025-10-21T19:23:47","slug":"hidrocast","status":"publish","type":"page","link":"https:\/\/www.unisantos.br\/observacbhbs\/agencia-de-noticias-da-agua\/hidrocast\/","title":{"rendered":"Hidrocast"},"content":{"rendered":"<p><img loading=\"lazy\" decoding=\"async\" class=\"alignnone wp-image-1320\" src=\"http:\/\/www.unisantos.br\/observacbhbs\/wp-content\/uploads\/sites\/19\/2023\/10\/hidrocast.jpeg\" alt=\"\" width=\"165\" height=\"115\" \/><img loading=\"lazy\" decoding=\"async\" class=\"alignnone wp-image-1303\" src=\"http:\/\/www.unisantos.br\/observacbhbs\/wp-content\/uploads\/sites\/19\/2023\/11\/logo-cbh-bs-300x143.png\" alt=\"\" width=\"178\" height=\"85\" srcset=\"https:\/\/www.unisantos.br\/observacbhbs\/wp-content\/uploads\/sites\/19\/2023\/11\/logo-cbh-bs-300x143.png 300w, https:\/\/www.unisantos.br\/observacbhbs\/wp-content\/uploads\/sites\/19\/2023\/11\/logo-cbh-bs.png 768w\" sizes=\"(max-width: 178px) 100vw, 178px\" \/><img loading=\"lazy\" decoding=\"async\" class=\"alignnone wp-image-1302\" src=\"http:\/\/www.unisantos.br\/observacbhbs\/wp-content\/uploads\/sites\/19\/2023\/11\/Logo-FEHIDRO-242x300.png\" alt=\"\" width=\"98\" height=\"121\" \/><\/p>\n<p>&nbsp;<\/p>\n<div id=\"title\" class=\"style-scope ytd-watch-metadata\">\n<p class=\"style-scope ytd-watch-metadata\"><a href=\"https:\/\/www.youtube.com\/watch?v=OXhlEI1SDy0\">PROFESSOR OLEG EXPLICA PROJETOS DESENVOLVIDOS COM RECURSOS DA FEHIDRO &#8211; VIDEOCAST<\/a><\/p>\n<\/div>\n<p><a href=\"https:\/\/soundcloud.com\/bornsen-886264995\/desastres-ambientais-estao-relacionados-a-agua?si=aadc1688ffd445e886e99eee960ff566&amp;utm_source=clipboard&amp;utm_medium=text&amp;utm_campaign=social_sharing\">HIDROCAST MINUTO DA \u00c1GUA: DESEQUIL\u00cdBRIO DO CICLO DAS \u00c1GUAS \u00c9 CAUSADO PELAS ATIVIDADES HUMANAS E MUDAN\u00c7AS CLIM\u00c1TICAS<\/a><\/p>\n<p><a href=\"https:\/\/www.unisantos.br\/observacbhbs\/hidrocast-minuto-da-agua-onu-alerta-para-migracoes-ate-2023-por-causa-da-escassez-da-agua\/\" target=\"_blank\" rel=\"noopener\">HIDROCAST MINUTO DA \u00c1GUA: ONU ALERTA PARA MIGRA\u00c7\u00d5ES AT\u00c9 2030 POR CAUSA DA ESCASSEZ DA \u00c1GUA<\/a><\/p>\n<p><a href=\"https:\/\/www.unisantos.br\/observacbhbs\/agencia-da-agua-disponibiliza-spots-de-servico-para-radios\/\">AG\u00caNCIA DA \u00c1GUA DISPONIBILIZA SPOTS DE SERVI\u00c7O PARA EMISSORAS DE R\u00c1DIO DA REGI\u00c3O E DO BRASIL<\/a><\/p>\n<p><a href=\"https:\/\/www.unisantos.br\/observacbhbs\/hidrocast-minuto-da-agua-regioes-mais-pobres-sao-as-mais-afetadas-pela-falta-de-agua-no-mundo\/\">HIDROCAST MINUTO DA \u00c1GUA: REGI\u00d5ES MAIS POBRES S\u00c3O AS MAIS AFETADAS PELA FALTA DE \u00c1GUA NO MUNDO<\/a><\/p>\n<p><a href=\"https:\/\/www.unisantos.br\/observacbhbs\/hicrocast-conheca-o-cbh-bs\/\">HIDROCAST: CONHE\u00c7A O CBH &#8211; BS<\/a><\/p>\n<p><a href=\"https:\/\/www.unisantos.br\/observacbhbs\/984-2\/\">HIDROCAST: LIVRO DIGITAL GRATUITO CONSCIENTIZA SOBRE O USO CORRETO DA \u00c1GUA<\/a><\/p>\n<p>&nbsp;<\/p>\n<p>&nbsp;<\/p>\n<p>&nbsp;<\/p>\n","protected":false},"excerpt":{"rendered":"<p>&nbsp; PROFESSOR OLEG EXPLICA PROJETOS DESENVOLVIDOS COM RECURSOS DA FEHIDRO &#8211; VIDEOCAST HIDROCAST MINUTO DA \u00c1GUA: DESEQUIL\u00cdBRIO DO CICLO DAS [&hellip;]<\/p>\n","protected":false},"author":1,"featured_media":0,"parent":394,"menu_order":0,"comment_status":"closed","ping_status":"closed","template":"","meta":{"footnotes":""},"_links":{"self":[{"href":"https:\/\/www.unisantos.br\/observacbhbs\/wp-json\/wp\/v2\/pages\/1261"}],"collection":[{"href":"https:\/\/www.unisantos.br\/observacbhbs\/wp-json\/wp\/v2\/pages"}],"about":[{"href":"https:\/\/www.unisantos.br\/observacbhbs\/wp-json\/wp\/v2\/types\/page"}],"author":[{"embeddable":true,"href":"https:\/\/www.unisantos.br\/observacbhbs\/wp-json\/wp\/v2\/users\/1"}],"replies":[{"embeddable":true,"href":"https:\/\/www.unisantos.br\/observacbhbs\/wp-json\/wp\/v2\/comments?post=1261"}],"version-history":[{"count":15,"href":"https:\/\/www.unisantos.br\/observacbhbs\/wp-json\/wp\/v2\/pages\/1261\/revisions"}],"predecessor-version":[{"id":1638,"href":"https:\/\/www.unisantos.br\/observacbhbs\/wp-json\/wp\/v2\/pages\/1261\/revisions\/1638"}],"up":[{"embeddable":true,"href":"https:\/\/www.unisantos.br\/observacbhbs\/wp-json\/wp\/v2\/pages\/394"}],"wp:attachment":[{"href":"https:\/\/www.unisantos.br\/observacbhbs\/wp-json\/wp\/v2\/media?parent=1261"}],"curies":[{"name":"wp","href":"https:\/\/api.w.org\/{rel}","templated":true}]}}