{"id":205,"date":"2019-09-02T20:08:20","date_gmt":"2019-09-02T23:08:20","guid":{"rendered":"https:\/\/www.unisantos.br\/mostradepesquisappge\/?page_id=205"},"modified":"2021-11-08T09:05:42","modified_gmt":"2021-11-08T12:05:42","slug":"envio-de-trabalhos","status":"publish","type":"page","link":"https:\/\/www.unisantos.br\/mostradepesquisappge\/envio-de-trabalhos\/","title":{"rendered":"ENVIO DE TRABALHOS"},"content":{"rendered":"<p>Para submeter trabalhos para esta Mostra, \u00e9 necess\u00e1ria a inscri\u00e7\u00e3o do(a) autor(a) e coautores, quando for o caso.<br \/>\nA taxa de inscri\u00e7\u00e3o \u00e9 de R$ 30,00 e d\u00e1 direito a participa\u00e7\u00e3o em todas as atividades da Mostra.<br \/>\nPara inscrever-se e submeter trabalho, <strong><span style=\"color: #0000ff\"><a href=\"https:\/\/eventos.unisantos.br\/xvimostradepesquisaeducacao2021\/\"><span style=\"color: #0000ff\">clique aqui<\/span>.<\/a><\/span><\/strong><\/p>\n<p><strong>ORIENTA\u00c7\u00d5ES GERAIS PARA SUBMISS\u00c3O DE TRABALHOS<\/strong><\/p>\n<ul>\n<li>Todo o processo de submiss\u00e3o, inscri\u00e7\u00e3o, acompanhamento da avalia\u00e7\u00e3o dever\u00e1 ser feito exclusivamente, pelo site do evento.<\/li>\n<li>A submiss\u00e3o de trabalhos (resumo expandido ou artigo completo) poder\u00e1 ser feita apenas por participantes (autores e coautores), ou seja, apenas por inscritos na Mostra. Importante observar que os coautores tamb\u00e9m dever\u00e3o fazer inscri\u00e7\u00e3o na Mostra e pagar a taxa de inscri\u00e7\u00e3o para que o trabalho seja aceito.<\/li>\n<li>Podem submeter trabalhos na condi\u00e7\u00e3o de autor ou coautor professores de qualquer n\u00edvel de ensino, estudantes de gradua\u00e7\u00e3o ou p\u00f3s-gradua\u00e7\u00e3o, pesquisadores.<\/li>\n<li>Somente ser\u00e3o aceitos <strong>trabalhos in\u00e9ditos<\/strong> assinados, no m\u00e1ximo, por 3 (tr\u00eas) pessoas: um autor(a) e at\u00e9 2 (dois) coautores.<\/li>\n<li>S\u00e3o aceitos dois tipos de submiss\u00e3o: resumo expandido ou artigo completo.<\/li>\n<li>Os artigos completos devem ter no m\u00ednimo 35.000 e no m\u00e1ximo 48.000 caracteres. Os resumos expandidos devem ter no m\u00ednimo 10.000, e no m\u00e1ximo, 15.000 caracteres. A contagem de caracteres deve incluir: t\u00edtulo, resumo, palavras-chave, texto, refer\u00eancias e notas de rodap\u00e9.<\/li>\n<li>Independentemente do tipo, cada trabalho submetido deve estar relacionado com um dos eixos tem\u00e1ticos da Mostra.<\/li>\n<li>Para submiss\u00e3o de artigos, ser\u00e1 necess\u00e1rio inserir dois arquivos do tipo docx (arquivos gerados a partir do Microsoft Word): uma vers\u00e3o n\u00e3o identificada, e outro arquivo, com o nome do(a) autor(a) e coautores se houver. O arquivo com a vers\u00e3o n\u00e3o identificada ser\u00e1 encaminhado a pareceristas para avalia\u00e7\u00e3o \u00e0s cegas, e n\u00e3o deve conter nada que permita a identifica\u00e7\u00e3o do autor(a) e, quando houver, dos coautores: refer\u00eancia expl\u00edcita no corpo do texto, em notas de rodap\u00e9, ou cita\u00e7\u00e3o vinculada ao nome do(a) autor(a) ou do(s) coautor(es). O arquivo com identifica\u00e7\u00e3o dos autores que for aprovado pelos pareceristas, ser\u00e1 utilizado para a publica\u00e7\u00e3o nos anais da Mostra.<\/li>\n<li>Para submiss\u00e3o de resumo expandido o autor dever\u00e1 seguir as orienta\u00e7\u00f5es de formata\u00e7\u00e3o do texto e enviar apenas a vers\u00e3o sem identifica\u00e7\u00e3o, no campo disponibilizado na plataforma.<\/li>\n<li>Ao submeter seu trabalho, o(a) autor(a) e coautores declaram que, se aprovados, concordam com a publica\u00e7\u00e3o dele nos anais da Mostra.<\/li>\n<li>\u00c9 de inteira responsabilidade do(a) autor(a) e coautores, no momento da submiss\u00e3o do trabalho, incluir todas as informa\u00e7\u00f5es solicitadas, n\u00e3o sendo permitida a inclus\u00e3o posterior de qualquer dado ou altera\u00e7\u00e3o no texto enviado.<\/li>\n<li>O(a) autor(a) e coautores dever\u00e3o atentar para o atendimento aos padr\u00f5es de \u00e9tica na pesquisa bem como para a corre\u00e7\u00e3o linguagem e normatiza\u00e7\u00e3o t\u00e9cnica da ABNT.<\/li>\n<li>O(a) autor(a) e coautores dever\u00e3o utilizar o modelo dispon\u00edvel para realizar a submiss\u00e3o do trabalho no Sistema do evento. Para obter o modelo, <span style=\"color: #0000ff\"><strong><a style=\"color: #0000ff\" href=\"https:\/\/even3.blob.core.windows.net\/geral\/XVIMOSTRADEPESQUISAEMEDUCAO-orientacoesparasubmissaodetrabalhos.5246e7a9c008424290e0.pdf\">clique aqui.<\/a><\/strong><\/span><\/li>\n<li>Eventuais pl\u00e1gios ser\u00e3o de inteira responsabilidade do(a) autor(a) e coautores do trabalho, conforme lei n\u00b0 10695 de 1\u00ba de julho 2003.<\/li>\n<\/ul>\n<p>&nbsp;<\/p>\n<p><strong>CRIT\u00c9RIOS DE AVALIA\u00c7\u00c3O<\/strong><\/p>\n<p>A avalia\u00e7\u00e3o dos trabalhos submetidos, artigos completos ou resumos expandidos, ser\u00e1 feita segundo os seguintes crit\u00e9rios:<\/p>\n<ul>\n<li>Pertin\u00eancia (articula\u00e7\u00e3o com a tem\u00e1tica geral da Mostra);<\/li>\n<li>fundamenta\u00e7\u00e3o e problematiza\u00e7\u00e3o (enquadramento te\u00f3rico, quest\u00f5es de investiga\u00e7\u00e3o e problem\u00e1tica);<\/li>\n<li>procedimentos e an\u00e1lise (metodologia, dimens\u00e3o \u00e9tica); para os artigos completos: tratamento e an\u00e1lise dos dados); contribui\u00e7\u00e3o para constru\u00e7\u00e3o de novos saberes (resultados, conclus\u00f5es, limita\u00e7\u00f5es e pistas para futuras investiga\u00e7\u00f5es);<\/li>\n<li>Total aten\u00e7\u00e3o \u00e0s normas do evento e \u00e0 formata\u00e7\u00e3o exigida.Para (<strong><span style=\"color: #0000ff\"><a style=\"color: #0000ff\" href=\"https:\/\/even3.blob.core.windows.net\/geral\/XVIMOSTRADEPESQUISAEMEDUCAO-orientacoesparasubmissaodetrabalhos.5246e7a9c008424290e0.pdf\">para obter o modelo, clique aqui<\/a><\/span><\/strong>)<\/li>\n<\/ul>\n<p>&nbsp;<\/p>\n<p><strong>DIREITOS AUTORAIS E DIREITOS DE IMAGEM\u00a0<\/strong><\/p>\n<p>Ao realizar a inscri\u00e7\u00e3o, participar do evento e\/ou submeter trabalho voc\u00ea estar\u00e1 concordando e autorizando que, caso venha a ser filmado(a), voc\u00ea cede o uso de minha imagem, sem qualquer \u00f4nus e em car\u00e1ter definitivo. A presente autoriza\u00e7\u00e3o abrangendo o uso de minha imagem na filmagem mencionada \u00e9 concedida \u00e0 Sociedade Visconde de S\u00e3o Leopoldo ou a sua mantida Universidade Cat\u00f3lica de Santos, a t\u00edtulo gratuito, abrangendo inclusive a licen\u00e7a a terceiros, de forma direta ou indireta, e a inser\u00e7\u00e3o em materiais para toda e qualquer finalidade, seja para uso comercial, de publicidade, jornal\u00edstico, editorial, did\u00e1tico e outros que existam ou venham a existir no futuro, para veicula\u00e7\u00e3o\/distribui\u00e7\u00e3o em territ\u00f3rio nacional e internacional, por prazo indeterminado, no portal da UniSantos ou em redes sociais. Declaro que autorizo o uso acima descrito, sem que nada haja a ser reclamado a t\u00edtulo de direitos conexos \u00e0 imagem ora autorizada ou a qualquer outro.<\/p>\n<p>Ao realizar a inscri\u00e7\u00e3o, submeter e obter aprova\u00e7\u00e3o de trabalho de sua autoria ou de coautoria, voc\u00ea estar\u00e1 autorizando a publica\u00e7\u00e3o eletr\u00f4nica e\/ou f\u00edsica, bem como a distribui\u00e7\u00e3o p\u00fablica do trabalho de sua autoria e\/ou de sua coautoria, cedendo \u00e0 Sociedade Visconde de S\u00e3o Leopoldo e \u00e0 sua mantida Universidade Cat\u00f3lica de Santos, a t\u00edtulo gratuito e em car\u00e1ter definitivo, os direitos autorais patrimoniais dela decorrentes, e declara que a obra cedida \u00e9 de sua autoria e\/ou de sua coautoria, e que assume, portanto, total responsabilidade pelo seu conte\u00fado.<\/p>\n<p style=\"text-indent: -.1pt\"><strong>NORMAS PARA APRESENTA\u00c7\u00c3O DOS TRABALHOS<\/strong><\/p>\n<p>Cada participante ter\u00e1 at\u00e9 15 minutos para apresentar seu trabalho. Ser\u00e1 de exclusiva responsabilidade do participante exibir a apresenta\u00e7\u00e3o, uma vez que o evento n\u00e3o disponibilizar\u00e1 respons\u00e1vel t\u00e9cnico para essa fun\u00e7\u00e3o. Ao final da apresenta\u00e7\u00e3o dos trabalhos, o coordenador da sess\u00e3o mediar\u00e1 um debate com todos os participantes. A\u00a0inscri\u00e7\u00e3o \u00e9 obrigat\u00f3ria, tanto para os participantes quanto para os expositores.<\/p>\n<p>Para obter um modelo para elaborar sua apresenta\u00e7\u00e3o, <a href=\"https:\/\/www.unisantos.br\/mostradepesquisappge\/wp-content\/uploads\/sites\/7\/2021\/11\/Template_Mostra2021.pptx\"><strong>clique aqui<\/strong><\/a>.<\/p>\n","protected":false},"excerpt":{"rendered":"<p>Para submeter trabalhos para esta Mostra, \u00e9 necess\u00e1ria a inscri\u00e7\u00e3o do(a) autor(a) e coautores, quando for o caso. A taxa [&hellip;]<\/p>\n","protected":false},"author":1,"featured_media":0,"parent":0,"menu_order":0,"comment_status":"closed","ping_status":"closed","template":"","meta":{"footnotes":""},"_links":{"self":[{"href":"https:\/\/www.unisantos.br\/mostradepesquisappge\/wp-json\/wp\/v2\/pages\/205"}],"collection":[{"href":"https:\/\/www.unisantos.br\/mostradepesquisappge\/wp-json\/wp\/v2\/pages"}],"about":[{"href":"https:\/\/www.unisantos.br\/mostradepesquisappge\/wp-json\/wp\/v2\/types\/page"}],"author":[{"embeddable":true,"href":"https:\/\/www.unisantos.br\/mostradepesquisappge\/wp-json\/wp\/v2\/users\/1"}],"replies":[{"embeddable":true,"href":"https:\/\/www.unisantos.br\/mostradepesquisappge\/wp-json\/wp\/v2\/comments?post=205"}],"version-history":[{"count":39,"href":"https:\/\/www.unisantos.br\/mostradepesquisappge\/wp-json\/wp\/v2\/pages\/205\/revisions"}],"predecessor-version":[{"id":385,"href":"https:\/\/www.unisantos.br\/mostradepesquisappge\/wp-json\/wp\/v2\/pages\/205\/revisions\/385"}],"wp:attachment":[{"href":"https:\/\/www.unisantos.br\/mostradepesquisappge\/wp-json\/wp\/v2\/media?parent=205"}],"curies":[{"name":"wp","href":"https:\/\/api.w.org\/{rel}","templated":true}]}}