{"id":18,"date":"2018-03-22T11:40:05","date_gmt":"2018-03-22T14:40:05","guid":{"rendered":"http:\/\/www.unisantos.br\/mostradepesquisappge\/?page_id=18"},"modified":"2021-09-10T15:01:23","modified_gmt":"2021-09-10T18:01:23","slug":"pagina-principal","status":"publish","type":"page","link":"https:\/\/www.unisantos.br\/mostradepesquisappge\/","title":{"rendered":"P\u00e1gina Principal"},"content":{"rendered":"<h1 style=\"text-align: center\"><strong>XVI MOSTRA DE PESQUISA: EDUCA\u00c7\u00c3O, DEMOCRACIA E UTOPIA<\/strong><\/h1>\n<p>&nbsp;<\/p>\n<p>A Mostra de Pesquisa em Educa\u00e7\u00e3o, organizada pelo Programa de P\u00f3s-Gradua\u00e7\u00e3o <em>Stricto Sensu<\/em> em Educa\u00e7\u00e3o (PPGE), \u00e9 um evento realizado desde 2006 que congrega a comunidade acad\u00eamica, pesquisadores, p\u00f3s-doutorandos, doutorandos, mestrandos, estudantes e docentes de gradua\u00e7\u00e3o e de escolas da educa\u00e7\u00e3o b\u00e1sica.<\/p>\n<p>Para a edi\u00e7\u00e3o 2021, com o tema <strong>Educa\u00e7\u00e3o, Democracia e Utopia<\/strong>, a Universidade Cat\u00f3lica de Santos, por meio do PPGE, espera receber a comunidade cient\u00edfica e profissional da \u00e1rea da Educa\u00e7\u00e3o.<\/p>\n<p>N\u00e3o deixe de se inscrever na mostra e nas atividades da Mostra de sua prefer\u00eancia, na aba <em>Programa\u00e7\u00e3o<\/em>. Confira, tamb\u00e9m, as regras para o submiss\u00e3o\u00a0 de trabalhos.<\/p>\n<p><a href=\"https:\/\/eventos.unisantos.br\/xvimostradepesquisaeducacao2021\/\"><strong><span style=\"color: #0000ff\">Clique aqui para fazer sua inscri\u00e7\u00e3o na Mostra.<\/span> <\/strong><\/a>A taxa \u00e9 de R$ 30,00 e d\u00e1 direito \u00e0 submiss\u00e3o de trabalhos e participa\u00e7\u00e3o em todas as atividades da mostra.<\/p>\n<h4><strong>Per\u00edodo de realiza\u00e7\u00e3o:<\/strong> de 16 a 18 de novembro de 2021<\/h4>\n<h5>ORGANIZA\u00c7\u00c3O<\/h5>\n<p><img loading=\"lazy\" decoding=\"async\" class=\"alignnone size-full wp-image-123\" src=\"https:\/\/www.unisantos.br\/mostradepesquisappge\/wp-content\/uploads\/sites\/7\/2018\/09\/unisantos.jpg\" alt=\"\" width=\"226\" height=\"64\" \/><\/p>\n","protected":false},"excerpt":{"rendered":"<p>XVI MOSTRA DE PESQUISA: EDUCA\u00c7\u00c3O, DEMOCRACIA E UTOPIA &nbsp; A Mostra de Pesquisa em Educa\u00e7\u00e3o, organizada pelo Programa de P\u00f3s-Gradua\u00e7\u00e3o [&hellip;]<\/p>\n","protected":false},"author":1,"featured_media":0,"parent":0,"menu_order":0,"comment_status":"closed","ping_status":"closed","template":"","meta":{"footnotes":""},"_links":{"self":[{"href":"https:\/\/www.unisantos.br\/mostradepesquisappge\/wp-json\/wp\/v2\/pages\/18"}],"collection":[{"href":"https:\/\/www.unisantos.br\/mostradepesquisappge\/wp-json\/wp\/v2\/pages"}],"about":[{"href":"https:\/\/www.unisantos.br\/mostradepesquisappge\/wp-json\/wp\/v2\/types\/page"}],"author":[{"embeddable":true,"href":"https:\/\/www.unisantos.br\/mostradepesquisappge\/wp-json\/wp\/v2\/users\/1"}],"replies":[{"embeddable":true,"href":"https:\/\/www.unisantos.br\/mostradepesquisappge\/wp-json\/wp\/v2\/comments?post=18"}],"version-history":[{"count":45,"href":"https:\/\/www.unisantos.br\/mostradepesquisappge\/wp-json\/wp\/v2\/pages\/18\/revisions"}],"predecessor-version":[{"id":367,"href":"https:\/\/www.unisantos.br\/mostradepesquisappge\/wp-json\/wp\/v2\/pages\/18\/revisions\/367"}],"wp:attachment":[{"href":"https:\/\/www.unisantos.br\/mostradepesquisappge\/wp-json\/wp\/v2\/media?parent=18"}],"curies":[{"name":"wp","href":"https:\/\/api.w.org\/{rel}","templated":true}]}}