{"id":179,"date":"2019-02-14T20:30:12","date_gmt":"2019-02-14T22:30:12","guid":{"rendered":"https:\/\/www.unisantos.br\/mostradepesquisappge\/?page_id=179"},"modified":"2019-09-06T17:39:12","modified_gmt":"2019-09-06T20:39:12","slug":"resumos","status":"publish","type":"page","link":"https:\/\/www.unisantos.br\/mostradepesquisappge\/resumos\/","title":{"rendered":"RESUMOS"},"content":{"rendered":"<p><a href=\"https:\/\/www.unisantos.br\/wp-content\/uploads\/2019\/02\/CADERNO-RESUMOS-V3.pdf\"><img loading=\"lazy\" decoding=\"async\" class=\"alignleft wp-image-180 size-full\" src=\"https:\/\/www.unisantos.br\/mostradepesquisappge\/wp-content\/uploads\/sites\/7\/2019\/02\/CADERNO-RESUMOS.jpg\" alt=\"\" width=\"150\" height=\"150\" \/><\/a>\u2022\u00a0<strong>XIII Mostra de Pesquisa do Programa de P\u00f3s-Gradua\u00e7\u00e3o Stricto Sensu em Educa\u00e7\u00e3o (PPGE)<br \/>\n<\/strong>Ivanise Monfredini e\u00a0Luiz Henrique Portela Faria (Orgs)<br \/>\nLeopoldianum, 2018<br \/>\nO caderno re\u00fane os resumos da XIII Mostra de Pesquisa em Educa\u00e7\u00e3o \u2013 VI Semin\u00e1rio Parfor \u2013 VI Encontro Pibid \u2013 O Direito \u00e0 Educa\u00e7\u00e3o: pol\u00edticas, pesquisas e pr\u00e1ticas, realizado no per\u00edodo de 2 a 4 de outubro de 2018 na Universidade Cat\u00f3lica de Santos.<\/p>\n<p><a href=\"https:\/\/www.unisantos.br\/wp-content\/uploads\/2019\/02\/CADERNO-RESUMOS-V3.pdf\" target=\"_blank\" rel=\"noopener\"><strong>Fa\u00e7a o download<\/strong><\/a><\/p>\n","protected":false},"excerpt":{"rendered":"<p>\u2022\u00a0XIII Mostra de Pesquisa do Programa de P\u00f3s-Gradua\u00e7\u00e3o Stricto Sensu em Educa\u00e7\u00e3o (PPGE) Ivanise Monfredini e\u00a0Luiz Henrique Portela Faria (Orgs) [&hellip;]<\/p>\n","protected":false},"author":1,"featured_media":0,"parent":0,"menu_order":0,"comment_status":"closed","ping_status":"closed","template":"","meta":{"footnotes":""},"_links":{"self":[{"href":"https:\/\/www.unisantos.br\/mostradepesquisappge\/wp-json\/wp\/v2\/pages\/179"}],"collection":[{"href":"https:\/\/www.unisantos.br\/mostradepesquisappge\/wp-json\/wp\/v2\/pages"}],"about":[{"href":"https:\/\/www.unisantos.br\/mostradepesquisappge\/wp-json\/wp\/v2\/types\/page"}],"author":[{"embeddable":true,"href":"https:\/\/www.unisantos.br\/mostradepesquisappge\/wp-json\/wp\/v2\/users\/1"}],"replies":[{"embeddable":true,"href":"https:\/\/www.unisantos.br\/mostradepesquisappge\/wp-json\/wp\/v2\/comments?post=179"}],"version-history":[{"count":6,"href":"https:\/\/www.unisantos.br\/mostradepesquisappge\/wp-json\/wp\/v2\/pages\/179\/revisions"}],"predecessor-version":[{"id":224,"href":"https:\/\/www.unisantos.br\/mostradepesquisappge\/wp-json\/wp\/v2\/pages\/179\/revisions\/224"}],"wp:attachment":[{"href":"https:\/\/www.unisantos.br\/mostradepesquisappge\/wp-json\/wp\/v2\/media?parent=179"}],"curies":[{"name":"wp","href":"https:\/\/api.w.org\/{rel}","templated":true}]}}