{"id":78,"date":"2024-09-15T12:01:49","date_gmt":"2024-09-15T15:01:49","guid":{"rendered":"https:\/\/www.unisantos.br\/jornadanegociosri2025\/?page_id=78"},"modified":"2025-09-15T18:41:58","modified_gmt":"2025-09-15T21:41:58","slug":"programacao","status":"publish","type":"page","link":"https:\/\/www.unisantos.br\/jornadanegociosri2025\/programacao\/","title":{"rendered":"Programa\u00e7\u00e3o"},"content":{"rendered":"\n<p><strong>15\/09<\/strong> &#8211; <strong>SEGUNDA-FEIRA<\/strong><\/p>\n\n\n\n<p><strong>19h-21h30<\/strong><br>Mesa-Redonda: <strong>Entre Lucros e Ru\u00ednas &#8211; Os impactos dos Processos Produtivos na Crise Socioambiental<\/strong><br>Palestrantes:<br><strong>Prof. Dr. Cleber Ferr\u00e3o Corr\u00eaa <\/strong>(Diretor do Centro de Ci\u00eancias Exatas, Arquitetura e Engenharia e pesquisador do Programa de Mestrado em Direito da UNISANTOS)<br><strong>Prof. Me. Eduardo Rajabally<\/strong> (Documentarista, diretor de s\u00e9ries para TV roteirista e jornalista)<br><strong>Prof\u00aa. Dr\u00aa. Zahra Adnan Kabbara de Queiroz<\/strong> (Docente dos cursos de Gradua\u00e7\u00e3o da UNISANTOS)<br><strong>Caso Mariana &#8211; Minas Gerais, Brasil: Medidas precat\u00f3rias &#8211; um estudo de caso<\/strong><br>Palestrante: <strong>Prof\u00aa. Me. Patricia Patr\u00edcia Ralianko Bianchi<\/strong> (Arquiteta, mestre pela UNISANTOS)<br>Moderadora: <strong>Prof\u00aa. Dr\u00aa. Veronica Maria Teresi<\/strong> (Docente dos cursos de Rela\u00e7\u00f5es Internacionais e Direito)<br>Local: Audit\u00f3rio 201<br><strong><a href=\"https:\/\/ww2.unisantos.br\/Relacionamento\/inscricao\/?id=1667\" target=\"_blank\" rel=\"noreferrer noopener\">Inscri\u00e7\u00e3o<\/a><\/strong><\/p>\n\n\n\n<p><strong>19h-21h<\/strong><br>Palestra: <strong>Sustentabilidade Espacial e o Desafio Cr\u00edtico dos Detritos Espaciais: Riscos e preven\u00e7\u00e3o<\/strong><br>Palestrante: <strong>Prof. Dr. Olavo de Oliveira Bittencourt Neto<\/strong> (Professor da UNISANTOS; Medalha de Honra ao M\u00e9rito Espacial da Ag\u00eancia Espacial Brasileira (2025); professor visitante da Universidade de Leiden, Holanda; membro da diretoria do Instituto Internacional de Direito Espacial (IISL)<br>Mediador: <strong>Prof. Dr. Fabiano Louren\u00e7o de Menezes<\/strong> (Coordenador do Curso de Rela\u00e7\u00f5es Internacionais)<br>Local: Audit\u00f3rio 206<br><strong><a href=\"https:\/\/ww2.unisantos.br\/Relacionamento\/inscricao\/?id=1719\" data-type=\"link\" data-id=\"https:\/\/ww2.unisantos.br\/Relacionamento\/inscricao\/?id=1719\" target=\"_blank\" rel=\"noreferrer noopener\">Inscri\u00e7\u00e3o<\/a><\/strong><\/p>\n\n\n\n<p><strong>19h-21h<\/strong><br>Palestra: <strong>O Impacto da Intelig\u00eancia Artificial na Contabilidade: Avan\u00e7os e dilemas<\/strong><br>Palestrante: <strong>Representante do Conselho Regional de Contabilidade<\/strong><br>Local: Sala de Audi\u00eancia 1<br><strong><a href=\"https:\/\/ww2.unisantos.br\/Relacionamento\/inscricao\/?id=1718\" data-type=\"link\" data-id=\"https:\/\/ww2.unisantos.br\/Relacionamento\/inscricao\/?id=1718\" target=\"_blank\" rel=\"noreferrer noopener\">Inscri\u00e7\u00e3o<\/a><\/strong><\/p>\n\n\n\n<p><strong>16\/09 &#8211; TER\u00c7A-FEIRA<\/strong><\/p>\n\n\n\n<p><strong>19h-21h30<\/strong><br>Palestra: <strong>Multilateralismo, o Governo Trump<\/strong> <strong>e a gest\u00e3o de crises<\/strong><br>Palestrantes: <br><strong>Prof. Dr. Luiz Fernando Mocelin Sperancete<\/strong> (Doutor em Rela\u00e7\u00f5es Internacionais e Desenvolvimento pela Johns Hopkins University\/UNESP)<br><strong>Jos\u00e9 Alberto Cunha Couto<\/strong> (Almirante da reserva da Marinha; formado na Escola de Guerra Naval (RJ);  chefiou o Gabinete de Crises da Presid\u00eancia da Rep\u00fablica de 1999 a 2012; e foi respons\u00e1vel pelas atividades das secretarias executivas do Conselho de Defesa Nacional e da C\u00e2mara de Rela\u00e7\u00f5es Exteriores<br>Local: Audit\u00f3rio 201 <br><strong><a href=\"https:\/\/ww2.unisantos.br\/Relacionamento\/inscricao\/?id=1668\" target=\"_blank\" rel=\"noreferrer noopener\">Inscri\u00e7\u00e3o<\/a><\/strong><\/p>\n\n\n\n<p><strong>17\/09 &#8211; QUARTA-FEIRA <\/strong><\/p>\n\n\n\n<p><strong>18h<\/strong><br><strong><strong>26\u00aa.<\/strong>&nbsp;<strong>FEIRA DE CARREIRAS<\/strong>&nbsp;<strong>E INOVA\u00c7\u00c3O<\/strong><\/strong><br>Local: 2\u00ba. andar do Campus Dom Id\u00edlio Jos\u00e9 Soares<\/p>\n\n\n\n<p><strong>18\/09 &#8211; QUINTA-FEIRA<\/strong><\/p>\n\n\n\n<p><strong>19h-21h30<\/strong><br>Palestra: <strong>Business Intelligence na Pr\u00e1tica &#8211; Como os Dados Guiam Decis\u00f5es<\/strong><br>Palestrante: <strong>Prof\u00aa. Me. Claudia Maria Sodero Salles <\/strong>(Coordenadora do Curso de Ci\u00eancia da Computa\u00e7\u00e3o e Sistemas de Informa\u00e7\u00e3o<br>Local: Audit\u00f3rio 201<br><strong><a href=\"https:\/\/ww2.unisantos.br\/Relacionamento\/inscricao\/?id=1669\" target=\"_blank\" rel=\"noreferrer noopener\">Inscri\u00e7\u00e3o<\/a><\/strong><\/p>\n\n\n\n<p><strong>19h-21h<\/strong><br>Palestra: <strong>A Rivalidade Sino-Americana na \u00c1sia<\/strong><br>Palestrante: <strong>Prof. Dr. Mois\u00e9s de Souza<\/strong> (Mestre e doutor pela Universidade Nacional de Chengchi, em Taiwan; pesquisador do Instituto para o Estudo da \u00c1sia-Pac\u00edfico (ISAP), coeditor-chefe da revista Asia Pacific Viewpoint<br>Local: Audit\u00f3rio 206<br><strong><a href=\"https:\/\/ww2.unisantos.br\/Relacionamento\/inscricao\/?id=1720\" data-type=\"link\" data-id=\"https:\/\/ww2.unisantos.br\/Relacionamento\/inscricao\/?id=1720\" target=\"_blank\" rel=\"noreferrer noopener\">Inscri\u00e7\u00e3o<\/a><\/strong><\/p>\n\n\n\n<p><strong>19\/09 &#8211; SEXTA-FEIRA<\/strong><\/p>\n\n\n\n<p><strong>8h30 e<\/strong> <strong>19h<\/strong><br><strong><strong>2\u00aa. MOSTRA DE TRABALHOS CIENT\u00cdFICOS DE NEG\u00d3CIOS E RI<\/strong><br><\/strong>Apresenta\u00e7\u00f5es de estudantes dos per\u00edodos da manh\u00e3 e da noite<br>Videoconfer\u00eancia<\/p>\n\n\n\n<p><\/p>\n","protected":false},"excerpt":{"rendered":"<p>15\/09 &#8211; SEGUNDA-FEIRA 19h-21h30Mesa-Redonda: Entre Lucros e Ru\u00ednas &#8211; Os impactos dos Processos Produtivos na Crise SocioambientalPalestrantes:Prof. Dr. Cleber Ferr\u00e3o [&hellip;]<\/p>\n","protected":false},"author":1,"featured_media":0,"parent":0,"menu_order":0,"comment_status":"closed","ping_status":"closed","template":"","meta":{"footnotes":""},"_links":{"self":[{"href":"https:\/\/www.unisantos.br\/jornadanegociosri2025\/wp-json\/wp\/v2\/pages\/78"}],"collection":[{"href":"https:\/\/www.unisantos.br\/jornadanegociosri2025\/wp-json\/wp\/v2\/pages"}],"about":[{"href":"https:\/\/www.unisantos.br\/jornadanegociosri2025\/wp-json\/wp\/v2\/types\/page"}],"author":[{"embeddable":true,"href":"https:\/\/www.unisantos.br\/jornadanegociosri2025\/wp-json\/wp\/v2\/users\/1"}],"replies":[{"embeddable":true,"href":"https:\/\/www.unisantos.br\/jornadanegociosri2025\/wp-json\/wp\/v2\/comments?post=78"}],"version-history":[{"count":39,"href":"https:\/\/www.unisantos.br\/jornadanegociosri2025\/wp-json\/wp\/v2\/pages\/78\/revisions"}],"predecessor-version":[{"id":179,"href":"https:\/\/www.unisantos.br\/jornadanegociosri2025\/wp-json\/wp\/v2\/pages\/78\/revisions\/179"}],"wp:attachment":[{"href":"https:\/\/www.unisantos.br\/jornadanegociosri2025\/wp-json\/wp\/v2\/media?parent=78"}],"curies":[{"name":"wp","href":"https:\/\/api.w.org\/{rel}","templated":true}]}}