{"id":16,"date":"2024-08-20T13:55:54","date_gmt":"2024-08-20T16:55:54","guid":{"rendered":"https:\/\/www.unisantos.br\/jornadanegociosri2025\/?page_id=16"},"modified":"2024-08-20T14:39:31","modified_gmt":"2024-08-20T17:39:31","slug":"contato","status":"publish","type":"page","link":"https:\/\/www.unisantos.br\/jornadanegociosri2025\/contato\/","title":{"rendered":"Contato"},"content":{"rendered":"\n<p><img loading=\"lazy\" decoding=\"async\" width=\"21\" height=\"20\" class=\"wp-image-32\" style=\"width: 21px;\" src=\"https:\/\/www.unisantos.br\/jornadanegociosri2025\/wp-content\/uploads\/sites\/108\/2024\/08\/tel.png\" alt=\"\">\u00a013 3205.5555<br><img loading=\"lazy\" decoding=\"async\" width=\"20\" height=\"19\" class=\"wp-image-30\" style=\"width: 20px;\" src=\"https:\/\/www.unisantos.br\/jornadanegociosri2025\/wp-content\/uploads\/sites\/108\/2024\/08\/email.png\" alt=\"\"> eventos@unisantos.br<br>     rp@unisantos.br<\/p>\n\n\n\n<p><img loading=\"lazy\" decoding=\"async\" width=\"14\" height=\"20\" class=\"wp-image-31\" style=\"width: 14px;\" src=\"https:\/\/www.unisantos.br\/jornadanegociosri2025\/wp-content\/uploads\/sites\/108\/2024\/08\/local.png\" alt=\"\"> Campus Dom Id\u00edlio Jos\u00e9 Soares<br>Av. Conselheiro N\u00e9bias, 300 &#8211; Santos\/SP<\/p>\n\n\n\n<iframe loading=\"lazy\" style=\"width:100%;\" width=\"940\" height=\"350\" frameborder=\"0\" scrolling=\"no\" marginheight=\"0\" marginwidth=\"0\" src=\"https:\/\/www.google.com\/maps?f=q&amp;source=s_q&amp;hl=pt-BR&amp;geocode=&amp;q=Av.+Cnso.+N%C3%A9bias,+300,+Santos+-+S%C3%A3o+Paulo,+Rep%C3%BAblica+Federativa+do+Brasil&amp;aq=0&amp;oq=Av.+Conselheiro+N%C3%A9bias,+300,&amp;sll=-23.935741,-46.321793&amp;sspn=0.11077,0.207539&amp;ie=UTF8&amp;hq=&amp;hnear=Av.+Conselheiro+N%C3%A9bias,+300+-+Vila+Matias,+Santos,+11015-002,+Rep%C3%BAblica+Federativa+do+Brasil&amp;t=m&amp;ll=-23.946567,-46.321964&amp;spn=0.027455,0.079823&amp;z=14&amp;iwloc=A&amp;output=embed\"><\/iframe>\n","protected":false},"excerpt":{"rendered":"<p>\u00a013 3205.5555 eventos@unisantos.br rp@unisantos.br Campus Dom Id\u00edlio Jos\u00e9 SoaresAv. Conselheiro N\u00e9bias, 300 &#8211; Santos\/SP<\/p>\n","protected":false},"author":1,"featured_media":0,"parent":0,"menu_order":0,"comment_status":"closed","ping_status":"closed","template":"","meta":{"footnotes":""},"_links":{"self":[{"href":"https:\/\/www.unisantos.br\/jornadanegociosri2025\/wp-json\/wp\/v2\/pages\/16"}],"collection":[{"href":"https:\/\/www.unisantos.br\/jornadanegociosri2025\/wp-json\/wp\/v2\/pages"}],"about":[{"href":"https:\/\/www.unisantos.br\/jornadanegociosri2025\/wp-json\/wp\/v2\/types\/page"}],"author":[{"embeddable":true,"href":"https:\/\/www.unisantos.br\/jornadanegociosri2025\/wp-json\/wp\/v2\/users\/1"}],"replies":[{"embeddable":true,"href":"https:\/\/www.unisantos.br\/jornadanegociosri2025\/wp-json\/wp\/v2\/comments?post=16"}],"version-history":[{"count":4,"href":"https:\/\/www.unisantos.br\/jornadanegociosri2025\/wp-json\/wp\/v2\/pages\/16\/revisions"}],"predecessor-version":[{"id":36,"href":"https:\/\/www.unisantos.br\/jornadanegociosri2025\/wp-json\/wp\/v2\/pages\/16\/revisions\/36"}],"wp:attachment":[{"href":"https:\/\/www.unisantos.br\/jornadanegociosri2025\/wp-json\/wp\/v2\/media?parent=16"}],"curies":[{"name":"wp","href":"https:\/\/api.w.org\/{rel}","templated":true}]}}