{"id":12,"date":"2024-08-20T13:55:34","date_gmt":"2024-08-20T16:55:34","guid":{"rendered":"https:\/\/www.unisantos.br\/jornadanegociosri2025\/?page_id=12"},"modified":"2025-08-07T16:05:45","modified_gmt":"2025-08-07T19:05:45","slug":"comite-cientifico","status":"publish","type":"page","link":"https:\/\/www.unisantos.br\/jornadanegociosri2025\/comite-cientifico\/","title":{"rendered":"Comit\u00ea Cient\u00edfico"},"content":{"rendered":"\n<blockquote class=\"wp-block-quote is-layout-flow wp-block-quote-is-layout-flow\">\n<p>Prof\u00aa. Dr\u00aa. \u00c2ngela Limongi Alvarenga Alves (UNISANTOS)<br>Prof. Dr. Caio Cesar Mussolini (UNISANTOS)<br>Prof. Dr. Caio Vilella (UNISANTOS)<br>Prof. Dr. Daniel Coronato (UFGS)<br>Prof. Dr. Daniel Freire e Almeida (UNISANTOS)<br>Prof\u00aa. Dr\u00aa. Gabriela Soldano Garcez (UNISANTOS)<br>Prof. Dr. Fabiano Menezes (UNISANTOS)<br>Prof. Dr. Jo\u00e3o Alfredo Carvalho Rodrigues Gon\u00e7alves (UNISANTOS)<br>Prof. Dr. Jorge Garc\u00eda Burgos (Universidad Complutense de Madrid &#8211; Espanha)<br>Prof. Dr. Jos\u00e9 Blanes Salas (Bacharelado em Rela\u00e7\u00f5es Internacionais -BRI-UFABC)<br>Prof\u00aa. Dr\u00aa. Luciana Cristina da Concei\u00e7\u00e3o Lima (Universidade de Aveiro &#8211; Portugal)<br>Prof. Dr. Luiz Fernando Mocelin Sperancete (UNISANTOS)<br>Prof. Dr. Paulo Costacurta de S\u00e1 Porto (Unifesp)<br>Prof. Dr. Thiago Babo (UNISANTOS)<br>Prof. Dr. Ricardo Costa Galvanese (UNISANTOS)<br>Prof\u00aa. Dr\u00aa. Zahra Adnan Kabbara de Queiroz (UNISANTOS)<\/p>\n<\/blockquote>\n","protected":false},"excerpt":{"rendered":"<p>Prof\u00aa. Dr\u00aa. \u00c2ngela Limongi Alvarenga Alves (UNISANTOS)Prof. Dr. Caio Cesar Mussolini (UNISANTOS)Prof. Dr. Caio Vilella (UNISANTOS)Prof. Dr. Daniel Coronato (UFGS)Prof. [&hellip;]<\/p>\n","protected":false},"author":1,"featured_media":0,"parent":0,"menu_order":0,"comment_status":"closed","ping_status":"closed","template":"","meta":{"footnotes":""},"_links":{"self":[{"href":"https:\/\/www.unisantos.br\/jornadanegociosri2025\/wp-json\/wp\/v2\/pages\/12"}],"collection":[{"href":"https:\/\/www.unisantos.br\/jornadanegociosri2025\/wp-json\/wp\/v2\/pages"}],"about":[{"href":"https:\/\/www.unisantos.br\/jornadanegociosri2025\/wp-json\/wp\/v2\/types\/page"}],"author":[{"embeddable":true,"href":"https:\/\/www.unisantos.br\/jornadanegociosri2025\/wp-json\/wp\/v2\/users\/1"}],"replies":[{"embeddable":true,"href":"https:\/\/www.unisantos.br\/jornadanegociosri2025\/wp-json\/wp\/v2\/comments?post=12"}],"version-history":[{"count":5,"href":"https:\/\/www.unisantos.br\/jornadanegociosri2025\/wp-json\/wp\/v2\/pages\/12\/revisions"}],"predecessor-version":[{"id":120,"href":"https:\/\/www.unisantos.br\/jornadanegociosri2025\/wp-json\/wp\/v2\/pages\/12\/revisions\/120"}],"wp:attachment":[{"href":"https:\/\/www.unisantos.br\/jornadanegociosri2025\/wp-json\/wp\/v2\/media?parent=12"}],"curies":[{"name":"wp","href":"https:\/\/api.w.org\/{rel}","templated":true}]}}