{"id":10,"date":"2024-08-20T13:55:28","date_gmt":"2024-08-20T16:55:28","guid":{"rendered":"https:\/\/www.unisantos.br\/jornadanegociosri2025\/?page_id=10"},"modified":"2024-09-15T11:21:25","modified_gmt":"2024-09-15T14:21:25","slug":"apresentacao","status":"publish","type":"page","link":"https:\/\/www.unisantos.br\/jornadanegociosri2025\/apresentacao\/","title":{"rendered":"Apresenta\u00e7\u00e3o"},"content":{"rendered":"\n<p>A Jornada de Neg\u00f3cios e a Semana de Rela\u00e7\u00f5es Internacionais t\u00eam como objetivo proporcionar aos estudantes de Neg\u00f3cios e Rela\u00e7\u00f5es Internacionais a oportunidade de desenvolver compet\u00eancias cada vez mais exigidas no mercado de trabalho. Entre essas compet\u00eancias, se destacam o esp\u00edrito cr\u00edtico e o pensamento cient\u00edfico, por meio de uma abordagem interdisciplinar que conduza os estudantes e outros pesquisadores a vivenciar o ambiente acad\u00eamico em torno da pesquisa, despertando e impulsionando a vis\u00e3o de empreendedorismo.<\/p>\n\n\n\n<p><\/p>\n","protected":false},"excerpt":{"rendered":"<p>A Jornada de Neg\u00f3cios e a Semana de Rela\u00e7\u00f5es Internacionais t\u00eam como objetivo proporcionar aos estudantes de Neg\u00f3cios e Rela\u00e7\u00f5es [&hellip;]<\/p>\n","protected":false},"author":1,"featured_media":0,"parent":0,"menu_order":0,"comment_status":"closed","ping_status":"closed","template":"","meta":{"footnotes":""},"_links":{"self":[{"href":"https:\/\/www.unisantos.br\/jornadanegociosri2025\/wp-json\/wp\/v2\/pages\/10"}],"collection":[{"href":"https:\/\/www.unisantos.br\/jornadanegociosri2025\/wp-json\/wp\/v2\/pages"}],"about":[{"href":"https:\/\/www.unisantos.br\/jornadanegociosri2025\/wp-json\/wp\/v2\/types\/page"}],"author":[{"embeddable":true,"href":"https:\/\/www.unisantos.br\/jornadanegociosri2025\/wp-json\/wp\/v2\/users\/1"}],"replies":[{"embeddable":true,"href":"https:\/\/www.unisantos.br\/jornadanegociosri2025\/wp-json\/wp\/v2\/comments?post=10"}],"version-history":[{"count":3,"href":"https:\/\/www.unisantos.br\/jornadanegociosri2025\/wp-json\/wp\/v2\/pages\/10\/revisions"}],"predecessor-version":[{"id":66,"href":"https:\/\/www.unisantos.br\/jornadanegociosri2025\/wp-json\/wp\/v2\/pages\/10\/revisions\/66"}],"wp:attachment":[{"href":"https:\/\/www.unisantos.br\/jornadanegociosri2025\/wp-json\/wp\/v2\/media?parent=10"}],"curies":[{"name":"wp","href":"https:\/\/api.w.org\/{rel}","templated":true}]}}