{"id":78,"date":"2024-09-15T12:01:49","date_gmt":"2024-09-15T15:01:49","guid":{"rendered":"https:\/\/www.unisantos.br\/jornadanegociosri2024\/?page_id=78"},"modified":"2024-09-16T16:14:49","modified_gmt":"2024-09-16T19:14:49","slug":"programacao","status":"publish","type":"page","link":"https:\/\/www.unisantos.br\/jornadanegociosri2024\/programacao\/","title":{"rendered":"Programa\u00e7\u00e3o"},"content":{"rendered":"\n<p><strong>23\/09<\/strong> &#8211; <strong>Segunda-feira<\/strong><\/p>\n\n\n\n<p><strong>18h<\/strong><br><strong>Feira de Carreiras e Inova\u00e7\u00e3o<\/strong><\/p>\n\n\n\n<p><strong>24\/09 &#8211; Ter\u00e7a-feira <\/strong><\/p>\n\n\n\n<p><strong>19h<\/strong><\/p>\n\n\n\n<p>Palestra: <strong>Trump vs. Harris: What is at stake in the US presidential elections<\/strong><br>Ementa<strong>: <\/strong>A palestra refletir\u00e1 sobre o que est\u00e1 em jogo nas elei\u00e7\u00f5es do pa\u00eds mais poderoso no mundo, hoje. Evento presencial e em Ingl\u00eas.<br>Palestrante: <strong>Michael Matos<\/strong><br>Fulbright fellow, historiador e economista formado pela Universidade de Massachusetts Dartmouth (UMASSD)<br>Local: Sala de audi\u00eancia<br><a href=\"https:\/\/eventos.unisantos.br\/mostra-trabalhos-cientificos-negocios-relacoes-internacionais\/\" data-type=\"link\" data-id=\"https:\/\/eventos.unisantos.br\/mostra-trabalhos-cientificos-negocios-relacoes-internacionais\/\"><strong>Inscri\u00e7\u00e3o<\/strong><\/a><\/p>\n\n\n\n<p><strong>19h30 <\/strong><br>Palestra: <strong>OCDE \u2013 Organiza\u00e7\u00e3o para Coopera\u00e7\u00e3o do Desenvolvimento Econ\u00f4mico: o que nos impede de participar?<\/strong><br>Ementa: Abordar\u00e1 as condi\u00e7\u00f5es e restri\u00e7\u00f5es para ingresso de um pa\u00eds na OCDE, com foco no caso brasileiro.<br>Palestrante: <strong>Prof. Dr. Renato Coelho Baumann das Neves<\/strong><br>Economista S\u00eanior do Instituto de Pesquisa Econ\u00f4mica Aplicada e Docente na Universidade de Bras\u00edlia e Oxford. Ex-diretor do Instituto de Pesquisa Econ\u00f4mica Aplicada (IPEA) e Comiss\u00e3o Econ\u00f4mica para a Am\u00e9rica Latina e Caribe (CEPAL\/Brasil) &#8211; Membro do Comit\u00ea Assessor para Conhecimento e Tecnologia da Organiza\u00e7\u00e3o para Coopera\u00e7\u00e3o e Desenvolvimento Econ\u00f4mico (OCDE), membro do Conselho Consultivo do Comit\u00ea Empresarial Brasil-China.<br><a href=\"https:\/\/ww2.unisantos.br\/Relacionamento\/inscricao\/?id=1384\" data-type=\"link\" data-id=\"https:\/\/ww2.unisantos.br\/Relacionamento\/inscricao\/?id=1384\"><strong>Inscri\u00e7\u00e3o<\/strong><\/a> <\/p>\n\n\n\n<p><strong>25\/09 &#8211; Quarta-feira <\/strong><\/p>\n\n\n\n<p><strong>19h30<\/strong><br>Mesa-Redonda: <strong>Conflitos Contempor\u00e2neos: Impactos econ\u00f4micos, pol\u00edticos e sociais<\/strong><br><strong>Ementa<\/strong>: Avaliar os principais conflitos contempor\u00e2neos, os impactos nas \u00e1reas econ\u00f4mica, pol\u00edtica e social.<br>Palestrantes:<br><strong>Prof. Dr. Paulo Costacurta de S\u00e1 Porto<\/strong><br>Docente e Pesquisador no Departamento de Economia da Universidade Federal de S\u00e3o Paulo (UNIFESP), campus de Osasco. \u00c9 especialista em Desenvolvimento Econ\u00f4mico Regional e Planejamento Urbano.<br><strong>Prof. Dr. Thiago Ribeiro Babbo<\/strong><br>Pesquisador no N\u00facleo de Pesquisa em Rela\u00e7\u00f5es Internacionais (NUPRI-USP) e<br>Co-coordenador do Centro de Estudos em Conflito e Paz (CCP-USP).<br>Local: Audit\u00f3rio<br><strong><a href=\"https:\/\/ww2.unisantos.br\/Relacionamento\/inscricao\/?id=1385\" data-type=\"link\" data-id=\"https:\/\/ww2.unisantos.br\/Relacionamento\/inscricao\/?id=1385\">Inscri\u00e7\u00e3o<\/a><\/strong><\/p>\n\n\n\n<p><strong>26\/09 &#8211; Quinta-feira <\/strong><\/p>\n\n\n\n<p><strong>19h<\/strong><\/p>\n\n\n\n<p>Palestra: <strong>Brexit: What changed after the UK pulled out of the EU<\/strong><br>Palestra presencial e em ingl\u00eas<br>Palestrange: <strong>Andrew Bohn <\/strong><br>Cientista pol\u00edtica formado pela Universidade de Liverpool (Reino Unido)<br>Local: Sala de audi\u00eancia<br><a href=\"https:\/\/eventos.unisantos.br\/mostra-trabalhos-cientificos-negocios-relacoes-internacionais\/\" data-type=\"link\" data-id=\"https:\/\/eventos.unisantos.br\/mostra-trabalhos-cientificos-negocios-relacoes-internacionais\/\"><strong>Inscri\u00e7\u00e3o<\/strong><\/a><\/p>\n\n\n\n<p><strong>19h30<\/strong><br><strong>Palestra:<\/strong> Seguran\u00e7a Jur\u00eddica e a Import\u00e2ncia para o Ambiente de Neg\u00f3cios.<br><strong>Ementa<\/strong>: Abordar\u00e1 a import\u00e2ncia da seguran\u00e7a jur\u00eddica como um dos pilares para a estabilidade no ambiente de neg\u00f3cios.<br><strong>Palestrante<\/strong>: Prof. Me. \u00c1lvaro Peres Messas<br>Docente e Coordenador do curso de Lato Sensu Direito Processual Civil na Universidade Cat\u00f3lica de Santos e Procurador Federal da Advocacia Geral da Uni\u00e3o.<br><strong><a href=\"https:\/\/ww2.unisantos.br\/Relacionamento\/inscricao\/?id=1386\" data-type=\"link\" data-id=\"https:\/\/ww2.unisantos.br\/Relacionamento\/inscricao\/?id=1386\">Inscri\u00e7\u00e3o<\/a><\/strong> <\/p>\n\n\n\n<p><strong>27\/09 &#8211; Sexta-feira <\/strong><\/p>\n\n\n\n<p><strong>19h<\/strong><\/p>\n\n\n\n<p><strong>Mostra cient\u00edfica<\/strong><br>Apresenta\u00e7\u00f5es alunos (manh\u00e3 e noite)<br>Online<\/p>\n\n\n\n<p><strong>19h30<\/strong><br>Palestra<strong>:<\/strong> <strong>Auditoria e Compliance na Governan\u00e7a Corporativa<\/strong><br>Ementa: Abordar\u00e1 a import\u00e2ncia da auditoria e do compliance na boa Governan\u00e7a Corporativa.<br>Palestrante: <strong>Leandro Fernandes Pereira<\/strong><br>Gerente Corporativo de Auditoria, Riscos e Compliance na Autoridade Portu\u00e1ria de Santos e Membro da Comiss\u00e3o Tem\u00e1tica de Jur\u00eddico, Auditoria e Riscos na Board Academy.<br><strong><a href=\"https:\/\/ww2.unisantos.br\/Relacionamento\/inscricao\/?id=1387\" data-type=\"link\" data-id=\"https:\/\/ww2.unisantos.br\/Relacionamento\/inscricao\/?id=1387\">Inscri\u00e7\u00e3o<\/a><\/strong><br><\/p>\n","protected":false},"excerpt":{"rendered":"<p>23\/09 &#8211; Segunda-feira 18hFeira de Carreiras e Inova\u00e7\u00e3o 24\/09 &#8211; Ter\u00e7a-feira 19h Palestra: Trump vs. Harris: What is at stake [&hellip;]<\/p>\n","protected":false},"author":1,"featured_media":0,"parent":0,"menu_order":0,"comment_status":"closed","ping_status":"closed","template":"","meta":{"footnotes":""},"_links":{"self":[{"href":"https:\/\/www.unisantos.br\/jornadanegociosri2024\/wp-json\/wp\/v2\/pages\/78"}],"collection":[{"href":"https:\/\/www.unisantos.br\/jornadanegociosri2024\/wp-json\/wp\/v2\/pages"}],"about":[{"href":"https:\/\/www.unisantos.br\/jornadanegociosri2024\/wp-json\/wp\/v2\/types\/page"}],"author":[{"embeddable":true,"href":"https:\/\/www.unisantos.br\/jornadanegociosri2024\/wp-json\/wp\/v2\/users\/1"}],"replies":[{"embeddable":true,"href":"https:\/\/www.unisantos.br\/jornadanegociosri2024\/wp-json\/wp\/v2\/comments?post=78"}],"version-history":[{"count":6,"href":"https:\/\/www.unisantos.br\/jornadanegociosri2024\/wp-json\/wp\/v2\/pages\/78\/revisions"}],"predecessor-version":[{"id":90,"href":"https:\/\/www.unisantos.br\/jornadanegociosri2024\/wp-json\/wp\/v2\/pages\/78\/revisions\/90"}],"wp:attachment":[{"href":"https:\/\/www.unisantos.br\/jornadanegociosri2024\/wp-json\/wp\/v2\/media?parent=78"}],"curies":[{"name":"wp","href":"https:\/\/api.w.org\/{rel}","templated":true}]}}