{"id":42984,"date":"2025-11-22T00:20:37","date_gmt":"2025-11-22T03:20:37","guid":{"rendered":"https:\/\/www.unisantos.br\/graduacao\/?page_id=42984"},"modified":"2026-03-17T16:15:09","modified_gmt":"2026-03-17T19:15:09","slug":"redes-de-computadores-ead","status":"publish","type":"page","link":"https:\/\/www.unisantos.br\/graduacao\/redes-de-computadores-ead\/","title":{"rendered":"Redes de Computadores"},"content":{"rendered":"","protected":false},"excerpt":{"rendered":"","protected":false},"author":1,"featured_media":0,"parent":0,"menu_order":0,"comment_status":"closed","ping_status":"closed","template":"curso.php","meta":{"footnotes":""},"acf":{"repetidor_video":[{"imagem_video":"https:\/\/www.unisantos.br\/graduacao\/wp-content\/uploads\/sites\/4\/2025\/11\/Redes-de-Computadores.jpg","video":"","link":""}],"icone":false,"subtitulo":"","selo":false,"texto_premio":"","premios":false,"titulo_conv":"Aguarde! Em breve, lan\u00e7amento do Edital. Junte-se a n\u00f3s!","convenios":false,"descricao_conv":"Em um mundo totalmente conectado, a \u00e1rea de Redes de Computadores se tornou fundamental para empresas e servi\u00e7os. O curso EAD da UNISANTOS oferece uma forma\u00e7\u00e3o atual e pr\u00e1tica, permitindo que voc\u00ea estude de forma flex\u00edvel enquanto aprende sobre arquitetura de redes, protocolos de comunica\u00e7\u00e3o, seguran\u00e7a da informa\u00e7\u00e3o e administra\u00e7\u00e3o de sistemas.","conteudos":false,"titulo_diferenciais":"","diferenciais":false,"certificados":false,"estrutura_unica":"Ao concluir o curso, voc\u00ea estar\u00e1 preparado para projetar, implementar e gerenciar redes de computadores em organiza\u00e7\u00f5es de diferentes portes, atuando em um mercado em constante expans\u00e3o. Uma forma\u00e7\u00e3o completa, flex\u00edvel e alinhada \u00e0s demandas reais da tecnologia. Flex\u00edvel, completo e conectado ao futuro, o curso EAD de Redes de Computadores da UNISANTOS \u00e9 a escolha ideal para quem quer se destacar na \u00e1rea e construir uma trajet\u00f3ria profissional de sucesso.","onde_trabalhar":"O profissional formado em Redes de Computadores \u00e9 respons\u00e1vel por garantir que toda a infraestrutura de TI funcione de maneira segura, eficiente e integrada. Por isso, \u00e9 muito valorizado em empresas que dependem de sistemas, internet, servidores e comunica\u00e7\u00e3o de dados, ou seja, praticamente todas.","coordenador":"","diretor":"","menu":false,"codigo":"909","endereco":"","rodape":"","percursos_formativos":false,"periodo":[],"duracao":"5 semestres","conceito-mec":{"conceito":"Conceito Enade","valor":""},"conteudo_curricular":"","modalidade":["ead"],"mais_informacoes":[{"icone":false,"titulo":"Curso autorizado pelo MEC","link":""},{"icone":false,"titulo":"Cursos em conformidade com o Decreto n\u00ba 12.456\/2025 ","link":""},{"icone":false,"titulo":"","link":""},{"icone":false,"titulo":"","link":""}],"botao_especial":{"imagem":false,"link":""},"depoimentos":false},"_links":{"self":[{"href":"https:\/\/www.unisantos.br\/graduacao\/wp-json\/wp\/v2\/pages\/42984"}],"collection":[{"href":"https:\/\/www.unisantos.br\/graduacao\/wp-json\/wp\/v2\/pages"}],"about":[{"href":"https:\/\/www.unisantos.br\/graduacao\/wp-json\/wp\/v2\/types\/page"}],"author":[{"embeddable":true,"href":"https:\/\/www.unisantos.br\/graduacao\/wp-json\/wp\/v2\/users\/1"}],"replies":[{"embeddable":true,"href":"https:\/\/www.unisantos.br\/graduacao\/wp-json\/wp\/v2\/comments?post=42984"}],"version-history":[{"count":13,"href":"https:\/\/www.unisantos.br\/graduacao\/wp-json\/wp\/v2\/pages\/42984\/revisions"}],"predecessor-version":[{"id":43259,"href":"https:\/\/www.unisantos.br\/graduacao\/wp-json\/wp\/v2\/pages\/42984\/revisions\/43259"}],"wp:attachment":[{"href":"https:\/\/www.unisantos.br\/graduacao\/wp-json\/wp\/v2\/media?parent=42984"}],"curies":[{"name":"wp","href":"https:\/\/api.w.org\/{rel}","templated":true}]}}