{"id":42976,"date":"2025-11-21T23:52:13","date_gmt":"2025-11-22T02:52:13","guid":{"rendered":"https:\/\/www.unisantos.br\/graduacao\/?page_id=42976"},"modified":"2026-03-17T16:14:43","modified_gmt":"2026-03-17T19:14:43","slug":"processos-gerenciais-ead","status":"publish","type":"page","link":"https:\/\/www.unisantos.br\/graduacao\/processos-gerenciais-ead\/","title":{"rendered":"Processos Gerenciais"},"content":{"rendered":"","protected":false},"excerpt":{"rendered":"","protected":false},"author":1,"featured_media":0,"parent":0,"menu_order":0,"comment_status":"closed","ping_status":"closed","template":"curso.php","meta":{"footnotes":""},"acf":{"repetidor_video":[{"imagem_video":"https:\/\/www.unisantos.br\/graduacao\/wp-content\/uploads\/sites\/4\/2025\/11\/Processos-Gerenciais-scaled.jpg","video":"","link":""}],"icone":false,"subtitulo":"","selo":false,"texto_premio":"","premios":false,"titulo_conv":"Aguarde! Em breve, lan\u00e7amento do Edital. Junte-se a n\u00f3s!","convenios":false,"descricao_conv":"O profissional de Processos Gerenciais \u00e9 essencial para melhorar a efici\u00eancia das empresas, analisando, planejando e otimizando processos para aumentar produtividade e resultados. Em um mercado que busca cada vez mais profissionais capazes de solucionar problemas, organizar equipes e implementar melhorias, essa \u00e9 uma \u00e1rea que oferece crescimento r\u00e1pido e oportunidades em diversos setores.","conteudos":false,"titulo_diferenciais":"","diferenciais":false,"certificados":false,"estrutura_unica":"No curso de Processos Gerenciais EaD da UNISANTOS, voc\u00ea estuda com flexibilidade e desenvolve compet\u00eancias pr\u00e1ticas em gest\u00e3o de pessoas, qualidade, finan\u00e7as e empreendedorismo. \u00c9 uma forma\u00e7\u00e3o moderna e completa, ideal para quem precisa conciliar estudo e trabalho e quer se preparar para atuar com vis\u00e3o estrat\u00e9gica em empresas de pequeno, m\u00e9dio ou grande porte, sempre com o suporte de uma universidade reconhecida.","onde_trabalhar":"O profissional formado em Processos Gerenciais \u00e9 extremamente vers\u00e1til e preparado para atuar em diferentes \u00e1reas de gest\u00e3o dentro das organiza\u00e7\u00f5es. Seu foco est\u00e1 na administra\u00e7\u00e3o pr\u00e1tica do dia a dia empresarial, na melhoria de processos e na tomada de decis\u00f5es eficientes. Por isso, encontra oportunidades em praticamente todos os setores.","coordenador":"","diretor":"","menu":false,"codigo":"919","endereco":"","rodape":"","percursos_formativos":false,"periodo":[],"duracao":"4 semestres","conceito-mec":{"conceito":"Conceito MEC","valor":"MUITO BOM"},"conteudo_curricular":"","modalidade":["ead"],"mais_informacoes":[{"icone":false,"titulo":"Curso reconhecido pelo MEC","link":""},{"icone":false,"titulo":"Cursos em conformidade com o Decreto n\u00ba 12.456\/2025 ","link":""},{"icone":false,"titulo":"","link":""},{"icone":false,"titulo":"","link":""}],"botao_especial":{"imagem":false,"link":""},"depoimentos":false},"_links":{"self":[{"href":"https:\/\/www.unisantos.br\/graduacao\/wp-json\/wp\/v2\/pages\/42976"}],"collection":[{"href":"https:\/\/www.unisantos.br\/graduacao\/wp-json\/wp\/v2\/pages"}],"about":[{"href":"https:\/\/www.unisantos.br\/graduacao\/wp-json\/wp\/v2\/types\/page"}],"author":[{"embeddable":true,"href":"https:\/\/www.unisantos.br\/graduacao\/wp-json\/wp\/v2\/users\/1"}],"replies":[{"embeddable":true,"href":"https:\/\/www.unisantos.br\/graduacao\/wp-json\/wp\/v2\/comments?post=42976"}],"version-history":[{"count":11,"href":"https:\/\/www.unisantos.br\/graduacao\/wp-json\/wp\/v2\/pages\/42976\/revisions"}],"predecessor-version":[{"id":43258,"href":"https:\/\/www.unisantos.br\/graduacao\/wp-json\/wp\/v2\/pages\/42976\/revisions\/43258"}],"wp:attachment":[{"href":"https:\/\/www.unisantos.br\/graduacao\/wp-json\/wp\/v2\/media?parent=42976"}],"curies":[{"name":"wp","href":"https:\/\/api.w.org\/{rel}","templated":true}]}}