{"id":42968,"date":"2025-11-21T22:25:56","date_gmt":"2025-11-22T01:25:56","guid":{"rendered":"https:\/\/www.unisantos.br\/graduacao\/?page_id=42968"},"modified":"2026-03-17T16:14:18","modified_gmt":"2026-03-17T19:14:18","slug":"marketing-ead","status":"publish","type":"page","link":"https:\/\/www.unisantos.br\/graduacao\/marketing-ead\/","title":{"rendered":"Marketing"},"content":{"rendered":"","protected":false},"excerpt":{"rendered":"","protected":false},"author":1,"featured_media":0,"parent":0,"menu_order":0,"comment_status":"closed","ping_status":"closed","template":"curso.php","meta":{"footnotes":""},"acf":{"repetidor_video":[{"imagem_video":"https:\/\/www.unisantos.br\/graduacao\/wp-content\/uploads\/sites\/4\/2025\/11\/marketing.png","video":"","link":""}],"icone":false,"subtitulo":"","selo":false,"texto_premio":"","premios":false,"titulo_conv":"Aguarde! Em breve, lan\u00e7amento do Edital. Junte-se a n\u00f3s!","convenios":false,"descricao_conv":"O profissional de Marketing \u00e9 essencial para conectar marcas \u00e0s pessoas, entendendo necessidades do p\u00fablico e criando estrat\u00e9gias que geram valor, engajamento e resultados reais para os neg\u00f3cios. Em um mercado cada vez mais competitivo e digital, quem domina marketing se destaca rapidamente, seja para crescer na carreira, empreender ou conquistar novas oportunidades.","conteudos":false,"titulo_diferenciais":"","diferenciais":false,"certificados":false,"estrutura_unica":"No curso de Marketing EaD da UNISANTOS, voc\u00ea estuda no seu tempo e aprende o que realmente importa para o mercado atual: pesquisa de mercado, comportamento do consumidor, gest\u00e3o de marcas, marketing digital, comunica\u00e7\u00e3o integrada e an\u00e1lise de dados. \u00c9 uma forma\u00e7\u00e3o pr\u00e1tica e atual, ideal para quem precisa conciliar trabalho e estudo, e quer desenvolver habilidades para criar campanhas eficientes, gerir canais de venda e usar ferramentas digitais para alcan\u00e7ar o p\u00fablico-alvo com estrat\u00e9gia e criatividade.","onde_trabalhar":"O profissional de Marketing tem um dos perfis mais vers\u00e1teis do mercado, podendo atuar em praticamente qualquer empresa que busque conquistar clientes, fortalecer sua marca e aumentar resultados. As oportunidades s\u00e3o amplas e v\u00e3o desde \u00e1reas estrat\u00e9gicas at\u00e9 fun\u00e7\u00f5es criativas e anal\u00edticas.","coordenador":"","diretor":"","menu":false,"codigo":"917","endereco":"","rodape":"","percursos_formativos":false,"periodo":[],"duracao":"4 semestres","conceito-mec":{"conceito":"Conceito MEC","valor":"MUITO BOM"},"conteudo_curricular":"","modalidade":["ead"],"mais_informacoes":[{"icone":false,"titulo":"Curso reconhecido pelo MEC","link":""},{"icone":false,"titulo":"Cursos em conformidade com o Decreto n\u00ba 12.456\/2025 ","link":""},{"icone":false,"titulo":"","link":""},{"icone":false,"titulo":"","link":""}],"botao_especial":{"imagem":false,"link":""},"depoimentos":false},"_links":{"self":[{"href":"https:\/\/www.unisantos.br\/graduacao\/wp-json\/wp\/v2\/pages\/42968"}],"collection":[{"href":"https:\/\/www.unisantos.br\/graduacao\/wp-json\/wp\/v2\/pages"}],"about":[{"href":"https:\/\/www.unisantos.br\/graduacao\/wp-json\/wp\/v2\/types\/page"}],"author":[{"embeddable":true,"href":"https:\/\/www.unisantos.br\/graduacao\/wp-json\/wp\/v2\/users\/1"}],"replies":[{"embeddable":true,"href":"https:\/\/www.unisantos.br\/graduacao\/wp-json\/wp\/v2\/comments?post=42968"}],"version-history":[{"count":12,"href":"https:\/\/www.unisantos.br\/graduacao\/wp-json\/wp\/v2\/pages\/42968\/revisions"}],"predecessor-version":[{"id":43257,"href":"https:\/\/www.unisantos.br\/graduacao\/wp-json\/wp\/v2\/pages\/42968\/revisions\/43257"}],"wp:attachment":[{"href":"https:\/\/www.unisantos.br\/graduacao\/wp-json\/wp\/v2\/media?parent=42968"}],"curies":[{"name":"wp","href":"https:\/\/api.w.org\/{rel}","templated":true}]}}