{"id":42959,"date":"2025-11-21T21:36:32","date_gmt":"2025-11-22T00:36:32","guid":{"rendered":"https:\/\/www.unisantos.br\/graduacao\/?page_id=42959"},"modified":"2026-03-17T16:13:53","modified_gmt":"2026-03-17T19:13:53","slug":"logistica-ead","status":"publish","type":"page","link":"https:\/\/www.unisantos.br\/graduacao\/logistica-ead\/","title":{"rendered":"Log\u00edstica"},"content":{"rendered":"","protected":false},"excerpt":{"rendered":"","protected":false},"author":1,"featured_media":0,"parent":0,"menu_order":0,"comment_status":"closed","ping_status":"closed","template":"curso.php","meta":{"footnotes":""},"acf":{"repetidor_video":[{"imagem_video":"https:\/\/www.unisantos.br\/graduacao\/wp-content\/uploads\/sites\/4\/2025\/11\/Logistica.jpg","video":"","link":""}],"icone":false,"subtitulo":"","selo":false,"texto_premio":"","premios":false,"titulo_conv":"Aguarde! Em breve, lan\u00e7amento do Edital. Junte-se a n\u00f3s!","convenios":false,"descricao_conv":"O profissional de Log\u00edstica \u00e9 essencial para que empresas funcionem com efici\u00eancia, cuidando do planejamento, controle e otimiza\u00e7\u00e3o de etapas como transporte, armazenagem e distribui\u00e7\u00e3o. Em um setor que cresce rapidamente e precisa de pessoas capazes de resolver problemas, reduzir custos e manter opera\u00e7\u00f5es \u00e1geis, quem domina log\u00edstica conquista oportunidades reais de crescimento e estabilidade.","conteudos":false,"titulo_diferenciais":"","diferenciais":false,"certificados":false,"estrutura_unica":"No curso de Log\u00edstica EaD da UNISANTOS, voc\u00ea estuda com flexibilidade e aprende tudo o que o mercado exige: gest\u00e3o de estoques, cadeia de suprimentos, transporte, log\u00edstica reversa e uso de tecnologias que otimizam processos. \u00c9 uma forma\u00e7\u00e3o pr\u00e1tica e completa, ideal para quem precisa conciliar trabalho e estudo e quer desenvolver habilidades de gest\u00e3o, an\u00e1lise de demanda e negocia\u00e7\u00e3o com o suporte de uma universidade reconhecida.","onde_trabalhar":"O profissional de Log\u00edstica \u00e9 fundamental para garantir que produtos, informa\u00e7\u00f5es e servi\u00e7os cheguem ao destino certo, no tempo certo e pelo menor custo poss\u00edvel. Por isso, encontra oportunidades em praticamente todos os setores da economia.","coordenador":"","diretor":"","menu":false,"codigo":"908","endereco":"","rodape":"","percursos_formativos":false,"periodo":[],"duracao":"4 semestres","conceito-mec":{"conceito":"Conceito MEC","valor":"MUITO BOM"},"conteudo_curricular":"","modalidade":["ead"],"mais_informacoes":[{"icone":false,"titulo":"Curso reconhecido pelo MEC","link":""},{"icone":false,"titulo":"Cursos em conformidade com o Decreto n\u00ba 12.456\/2025 ","link":""},{"icone":false,"titulo":"","link":""},{"icone":false,"titulo":"","link":""}],"botao_especial":{"imagem":false,"link":""},"depoimentos":false},"_links":{"self":[{"href":"https:\/\/www.unisantos.br\/graduacao\/wp-json\/wp\/v2\/pages\/42959"}],"collection":[{"href":"https:\/\/www.unisantos.br\/graduacao\/wp-json\/wp\/v2\/pages"}],"about":[{"href":"https:\/\/www.unisantos.br\/graduacao\/wp-json\/wp\/v2\/types\/page"}],"author":[{"embeddable":true,"href":"https:\/\/www.unisantos.br\/graduacao\/wp-json\/wp\/v2\/users\/1"}],"replies":[{"embeddable":true,"href":"https:\/\/www.unisantos.br\/graduacao\/wp-json\/wp\/v2\/comments?post=42959"}],"version-history":[{"count":13,"href":"https:\/\/www.unisantos.br\/graduacao\/wp-json\/wp\/v2\/pages\/42959\/revisions"}],"predecessor-version":[{"id":43256,"href":"https:\/\/www.unisantos.br\/graduacao\/wp-json\/wp\/v2\/pages\/42959\/revisions\/43256"}],"wp:attachment":[{"href":"https:\/\/www.unisantos.br\/graduacao\/wp-json\/wp\/v2\/media?parent=42959"}],"curies":[{"name":"wp","href":"https:\/\/api.w.org\/{rel}","templated":true}]}}