{"id":42947,"date":"2025-11-21T21:25:45","date_gmt":"2025-11-22T00:25:45","guid":{"rendered":"https:\/\/www.unisantos.br\/graduacao\/?page_id=42947"},"modified":"2026-03-17T16:04:42","modified_gmt":"2026-03-17T19:04:42","slug":"gestao-financeira-ead","status":"publish","type":"page","link":"https:\/\/www.unisantos.br\/graduacao\/gestao-financeira-ead\/","title":{"rendered":"Gest\u00e3o Financeira"},"content":{"rendered":"","protected":false},"excerpt":{"rendered":"","protected":false},"author":1,"featured_media":0,"parent":0,"menu_order":0,"comment_status":"closed","ping_status":"closed","template":"curso.php","meta":{"footnotes":""},"acf":{"repetidor_video":[{"imagem_video":"https:\/\/www.unisantos.br\/graduacao\/wp-content\/uploads\/sites\/4\/2025\/11\/gestao-financeira-scaled.jpg","video":"","link":""}],"icone":false,"subtitulo":"","selo":false,"texto_premio":"","premios":false,"titulo_conv":"Aguarde! Em breve, lan\u00e7amento do Edital. Junte-se a n\u00f3s!","convenios":false,"descricao_conv":"O profissional de Gest\u00e3o Financeira \u00e9 indispens\u00e1vel para o sucesso das empresas, atuando diretamente no planejamento, an\u00e1lise e controle dos recursos que garantem resultados, seguran\u00e7a e crescimento sustent\u00e1vel. Em um mercado cada vez mais competitivo, dominar finan\u00e7as significa ter um diferencial claro para conquistar novas oportunidades, promo\u00e7\u00f5es e estabilidade profissional.","conteudos":false,"titulo_diferenciais":"","diferenciais":false,"certificados":false,"estrutura_unica":"No curso de Gest\u00e3o Financeira EaD da UNISANTOS, voc\u00ea estuda com flexibilidade e aprende exatamente o que o mercado exige: contabilidade, an\u00e1lise de investimentos, gest\u00e3o de custos, mercado financeiro, gest\u00e3o de riscos e tomada de decis\u00e3o baseada em dados. \u00c9 uma forma\u00e7\u00e3o pr\u00e1tica e moderna, ideal para quem precisa conciliar trabalho e estudo e quer se preparar para atuar com vis\u00e3o estrat\u00e9gica na \u00e1rea financeira, com o suporte de uma universidade reconhecida.","onde_trabalhar":"O profissional de Gest\u00e3o Financeira \u00e9 essencial para garantir a sa\u00fade econ\u00f4mica das organiza\u00e7\u00f5es, atuando no planejamento, controle e an\u00e1lise das finan\u00e7as. Por lidar diretamente com decis\u00f5es que impactam o crescimento e a sustentabilidade das empresas, esse profissional encontra um mercado amplo e diversificado.","coordenador":"","diretor":"","menu":false,"codigo":"907","endereco":"","rodape":"","percursos_formativos":false,"periodo":[],"duracao":"4 semestres","conceito-mec":{"conceito":"Conceito MEC","valor":"EXCELENTE"},"conteudo_curricular":"","modalidade":["ead"],"mais_informacoes":[{"icone":false,"titulo":"Curso reconhecido pelo MEC","link":""},{"icone":false,"titulo":"Cursos em conformidade com o Decreto n\u00ba 12.456\/2025 ","link":""},{"icone":false,"titulo":"","link":""},{"icone":false,"titulo":"","link":""}],"botao_especial":{"imagem":false,"link":""},"depoimentos":false},"_links":{"self":[{"href":"https:\/\/www.unisantos.br\/graduacao\/wp-json\/wp\/v2\/pages\/42947"}],"collection":[{"href":"https:\/\/www.unisantos.br\/graduacao\/wp-json\/wp\/v2\/pages"}],"about":[{"href":"https:\/\/www.unisantos.br\/graduacao\/wp-json\/wp\/v2\/types\/page"}],"author":[{"embeddable":true,"href":"https:\/\/www.unisantos.br\/graduacao\/wp-json\/wp\/v2\/users\/1"}],"replies":[{"embeddable":true,"href":"https:\/\/www.unisantos.br\/graduacao\/wp-json\/wp\/v2\/comments?post=42947"}],"version-history":[{"count":13,"href":"https:\/\/www.unisantos.br\/graduacao\/wp-json\/wp\/v2\/pages\/42947\/revisions"}],"predecessor-version":[{"id":43255,"href":"https:\/\/www.unisantos.br\/graduacao\/wp-json\/wp\/v2\/pages\/42947\/revisions\/43255"}],"wp:attachment":[{"href":"https:\/\/www.unisantos.br\/graduacao\/wp-json\/wp\/v2\/media?parent=42947"}],"curies":[{"name":"wp","href":"https:\/\/api.w.org\/{rel}","templated":true}]}}