{"id":42939,"date":"2025-11-21T20:24:22","date_gmt":"2025-11-21T23:24:22","guid":{"rendered":"https:\/\/www.unisantos.br\/graduacao\/?page_id=42939"},"modified":"2026-03-17T16:04:18","modified_gmt":"2026-03-17T19:04:18","slug":"gestao-de-recursos-humanos-ead","status":"publish","type":"page","link":"https:\/\/www.unisantos.br\/graduacao\/gestao-de-recursos-humanos-ead\/","title":{"rendered":"Gest\u00e3o de Recursos Humanos"},"content":{"rendered":"","protected":false},"excerpt":{"rendered":"","protected":false},"author":1,"featured_media":0,"parent":0,"menu_order":0,"comment_status":"closed","ping_status":"closed","template":"curso.php","meta":{"footnotes":""},"acf":{"repetidor_video":[{"imagem_video":"https:\/\/www.unisantos.br\/graduacao\/wp-content\/uploads\/sites\/4\/2025\/11\/Gestao-de-Recursos-Humanos.jpg","video":"","link":""}],"icone":false,"subtitulo":"","selo":false,"texto_premio":"","premios":false,"titulo_conv":"Aguarde! Em breve, lan\u00e7amento do Edital. Junte-se a n\u00f3s!","convenios":false,"descricao_conv":"O profissional de Gest\u00e3o de Recursos Humanos \u00e9 essencial para criar ambientes de trabalho produtivos, acolhedores e alinhados aos objetivos das empresas. Em um cen\u00e1rio onde a valoriza\u00e7\u00e3o das pessoas \u00e9 cada vez mais estrat\u00e9gica, quem domina pr\u00e1ticas de recrutamento, desenvolvimento e gest\u00e3o de equipes conquista espa\u00e7o rapidamente e tem grandes chances de crescer na carreira.","conteudos":false,"titulo_diferenciais":"","diferenciais":false,"certificados":false,"estrutura_unica":"No curso de Gest\u00e3o de Recursos Humanos EaD da UNISANTOS, voc\u00ea estuda com flexibilidade e aprende exatamente o que o mercado exige: sele\u00e7\u00e3o de talentos, treinamento, avalia\u00e7\u00e3o de desempenho, legisla\u00e7\u00e3o trabalhista e t\u00e9cnicas de lideran\u00e7a. \u00c9 uma forma\u00e7\u00e3o pr\u00e1tica e atual, ideal para quem precisa conciliar rotina e estudo e quer atuar com seguran\u00e7a, empatia e estrat\u00e9gia, com todo suporte de uma universidade reconhecida.","onde_trabalhar":"O profissional de Gest\u00e3o de Recursos Humanos (RH) \u00e9 indispens\u00e1vel para o desenvolvimento das pessoas dentro das organiza\u00e7\u00f5es. Ele atua diretamente no recrutamento, na forma\u00e7\u00e3o, na motiva\u00e7\u00e3o e no desempenho dos colaboradores, o que abre um amplo leque de oportunidades no mercado de trabalho.","coordenador":"","diretor":"","menu":false,"codigo":"906","endereco":"","rodape":"","percursos_formativos":false,"periodo":[],"duracao":"4 semestres","conceito-mec":{"conceito":"Conceito MEC","valor":"MUITO BOM"},"conteudo_curricular":"","modalidade":["ead"],"mais_informacoes":[{"icone":false,"titulo":"Reconhecido pelo MEC","link":""},{"icone":false,"titulo":"Cursos em conformidade com o Decreto n\u00ba 12.456\/2025 ","link":""},{"icone":false,"titulo":"","link":""},{"icone":false,"titulo":"","link":""}],"botao_especial":{"imagem":false,"link":""},"depoimentos":false},"_links":{"self":[{"href":"https:\/\/www.unisantos.br\/graduacao\/wp-json\/wp\/v2\/pages\/42939"}],"collection":[{"href":"https:\/\/www.unisantos.br\/graduacao\/wp-json\/wp\/v2\/pages"}],"about":[{"href":"https:\/\/www.unisantos.br\/graduacao\/wp-json\/wp\/v2\/types\/page"}],"author":[{"embeddable":true,"href":"https:\/\/www.unisantos.br\/graduacao\/wp-json\/wp\/v2\/users\/1"}],"replies":[{"embeddable":true,"href":"https:\/\/www.unisantos.br\/graduacao\/wp-json\/wp\/v2\/comments?post=42939"}],"version-history":[{"count":12,"href":"https:\/\/www.unisantos.br\/graduacao\/wp-json\/wp\/v2\/pages\/42939\/revisions"}],"predecessor-version":[{"id":43254,"href":"https:\/\/www.unisantos.br\/graduacao\/wp-json\/wp\/v2\/pages\/42939\/revisions\/43254"}],"wp:attachment":[{"href":"https:\/\/www.unisantos.br\/graduacao\/wp-json\/wp\/v2\/media?parent=42939"}],"curies":[{"name":"wp","href":"https:\/\/api.w.org\/{rel}","templated":true}]}}