{"id":42930,"date":"2025-11-21T19:55:21","date_gmt":"2025-11-21T22:55:21","guid":{"rendered":"https:\/\/www.unisantos.br\/graduacao\/?page_id=42930"},"modified":"2026-05-04T16:38:46","modified_gmt":"2026-05-04T19:38:46","slug":"gestao-da-tecnologia-da-informacao-ead","status":"publish","type":"page","link":"https:\/\/www.unisantos.br\/graduacao\/gestao-da-tecnologia-da-informacao-ead\/","title":{"rendered":"Gest\u00e3o da Tecnologia da Informa\u00e7\u00e3o"},"content":{"rendered":"","protected":false},"excerpt":{"rendered":"","protected":false},"author":1,"featured_media":0,"parent":0,"menu_order":0,"comment_status":"closed","ping_status":"closed","template":"curso.php","meta":{"footnotes":""},"acf":{"repetidor_video":[{"imagem_video":"https:\/\/www.unisantos.br\/graduacao\/wp-content\/uploads\/sites\/4\/2025\/11\/Gestao-da-Tecnologia-da-Informacao.jpg","video":"","link":""}],"icone":false,"subtitulo":"","selo":false,"texto_premio":"","premios":false,"titulo_conv":"Aguarde! Em breve, lan\u00e7amento do Edital. Junte-se a n\u00f3s!","convenios":false,"descricao_conv":"O Curso de Gest\u00e3o da Tecnologia da Informa\u00e7\u00e3o EaD prepara voc\u00ea para atuar de forma estrat\u00e9gica no setor de tecnologia. Voc\u00ea aprende a liderar projetos, processos e servi\u00e7os digitais nas organiza\u00e7\u00f5es. A forma\u00e7\u00e3o integra TI, comunica\u00e7\u00e3o e objetivos de neg\u00f3cio. Desde o in\u00edcio, h\u00e1 foco em situa\u00e7\u00f5es reais do mercado. O curso \u00e9 ideal para quem gosta de tecnologia e gest\u00e3o. Voc\u00ea desenvolve vis\u00e3o estrat\u00e9gica e capacidade de lideran\u00e7a. A \u00e1rea de TI cresce continuamente e oferece alta demanda profissional. O curso amplia oportunidades de ascens\u00e3o na carreira. Com a qualidade da UNISANTOS, voc\u00ea constr\u00f3i uma base s\u00f3lida. Invista em uma carreira inovadora, din\u00e2mica e cheia de possibilidades.","conteudos":false,"titulo_diferenciais":"","diferenciais":false,"certificados":false,"estrutura_unica":"Ao longo da gradua\u00e7\u00e3o, voc\u00ea desenvolve compet\u00eancias amplas e atuais, aprendendo sobre Cloud Computing, Intelig\u00eancia Artificial, an\u00e1lise de processos, BPM e gest\u00e3o organizacional. \u00c9 uma forma\u00e7\u00e3o pr\u00e1tica e flex\u00edvel, pensada para quem precisa conciliar estudo e trabalho, e quer se capacitar para atuar com vis\u00e3o estrat\u00e9gica, inova\u00e7\u00e3o e dom\u00ednio das tecnologias que est\u00e3o moldando o futuro das organiza\u00e7\u00f5es.","onde_trabalhar":"O profissional de Gest\u00e3o da Tecnologia da Informa\u00e7\u00e3o (GTI) \u00e9 essencial para garantir que os recursos de TI funcionem de forma estrat\u00e9gica, segura e alinhada aos objetivos da organiza\u00e7\u00e3o. Por isso, encontra oportunidades em praticamente todos os setores.","coordenador":"","diretor":"","menu":false,"codigo":"914","endereco":"","rodape":"","percursos_formativos":false,"periodo":[],"duracao":"2,5 anos","conceito-mec":{"conceito":"Conceito MEC","valor":"EXCELENTE"},"conteudo_curricular":"https:\/\/www.unisantos.br\/wp-content\/uploads\/2026\/05\/GTI_curriculo.pdf","modalidade":["ead"],"mais_informacoes":[{"icone":false,"titulo":"Reconhecido pelo MEC","link":""},{"icone":false,"titulo":"Curso em conformidade com o Decreto n\u00ba 12.456\/2025 ","link":""},{"icone":false,"titulo":"","link":""},{"icone":false,"titulo":"","link":""}],"botao_especial":{"imagem":false,"link":""},"depoimentos":false},"_links":{"self":[{"href":"https:\/\/www.unisantos.br\/graduacao\/wp-json\/wp\/v2\/pages\/42930"}],"collection":[{"href":"https:\/\/www.unisantos.br\/graduacao\/wp-json\/wp\/v2\/pages"}],"about":[{"href":"https:\/\/www.unisantos.br\/graduacao\/wp-json\/wp\/v2\/types\/page"}],"author":[{"embeddable":true,"href":"https:\/\/www.unisantos.br\/graduacao\/wp-json\/wp\/v2\/users\/1"}],"replies":[{"embeddable":true,"href":"https:\/\/www.unisantos.br\/graduacao\/wp-json\/wp\/v2\/comments?post=42930"}],"version-history":[{"count":14,"href":"https:\/\/www.unisantos.br\/graduacao\/wp-json\/wp\/v2\/pages\/42930\/revisions"}],"predecessor-version":[{"id":43297,"href":"https:\/\/www.unisantos.br\/graduacao\/wp-json\/wp\/v2\/pages\/42930\/revisions\/43297"}],"wp:attachment":[{"href":"https:\/\/www.unisantos.br\/graduacao\/wp-json\/wp\/v2\/media?parent=42930"}],"curies":[{"name":"wp","href":"https:\/\/api.w.org\/{rel}","templated":true}]}}