{"id":42920,"date":"2025-11-21T19:37:00","date_gmt":"2025-11-21T22:37:00","guid":{"rendered":"https:\/\/www.unisantos.br\/graduacao\/?page_id=42920"},"modified":"2026-03-17T16:00:30","modified_gmt":"2026-03-17T19:00:30","slug":"gestao-comercial-ead","status":"publish","type":"page","link":"https:\/\/www.unisantos.br\/graduacao\/gestao-comercial-ead\/","title":{"rendered":"Gest\u00e3o Comercial"},"content":{"rendered":"","protected":false},"excerpt":{"rendered":"","protected":false},"author":1,"featured_media":0,"parent":0,"menu_order":0,"comment_status":"closed","ping_status":"closed","template":"curso.php","meta":{"footnotes":""},"acf":{"repetidor_video":[{"imagem_video":"https:\/\/www.unisantos.br\/graduacao\/wp-content\/uploads\/sites\/4\/2025\/11\/gestao-comercial.jpg","video":"","link":""}],"icone":false,"subtitulo":"","selo":false,"texto_premio":"","premios":false,"titulo_conv":"Aguarde! Em breve, lan\u00e7amento do Edital. Junte-se a n\u00f3s!","convenios":false,"descricao_conv":"O profissional de Gest\u00e3o Comercial \u00e9 pe\u00e7a-chave para o crescimento das empresas, atuando diretamente em vendas, negocia\u00e7\u00f5es e estrat\u00e9gias que ampliam resultados. Em um mercado cada vez mais competitivo, quem domina planejamento comercial, relacionamento com clientes e leitura de oportunidades se destaca rapidamente, seja para conquistar promo\u00e7\u00e3o, mudar de \u00e1rea ou iniciar uma nova carreira.","conteudos":false,"titulo_diferenciais":"","diferenciais":false,"certificados":false,"estrutura_unica":"No curso de Gest\u00e3o Comercial EaD da UNISANTOS, voc\u00ea estuda no seu tempo e aprende o que realmente impulsiona resultados: marketing, gest\u00e3o de equipes, t\u00e9cnicas de vendas, an\u00e1lise de mercado e ferramentas digitais. \u00c9 uma forma\u00e7\u00e3o pr\u00e1tica e din\u00e2mica, ideal para quem precisa conciliar trabalho e estudo, e quer desenvolver habilidades de lideran\u00e7a, negocia\u00e7\u00e3o e uso de tecnologias com o suporte de uma universidade reconhecida.","onde_trabalhar":"O profissional de Gest\u00e3o Comercial \u00e9 fundamental para impulsionar vendas, fortalecer relacionamento com clientes e garantir resultados financeiros. Por isso, encontra oportunidades em praticamente todos os setores que dependem de estrat\u00e9gias comerciais bem estruturadas.","coordenador":"","diretor":"","menu":false,"codigo":"913","endereco":"","rodape":"","percursos_formativos":false,"periodo":[],"duracao":"4 semestres","conceito-mec":{"conceito":"Conceito MEC","valor":"MUITO BOM"},"conteudo_curricular":"","modalidade":["ead"],"mais_informacoes":[{"icone":false,"titulo":"Reconhecido pelo MEC","link":""},{"icone":false,"titulo":"Cursos em conformidade com o Decreto n\u00ba 12.456\/2025 ","link":""},{"icone":false,"titulo":"","link":""},{"icone":false,"titulo":"","link":""}],"botao_especial":{"imagem":false,"link":""},"depoimentos":false},"_links":{"self":[{"href":"https:\/\/www.unisantos.br\/graduacao\/wp-json\/wp\/v2\/pages\/42920"}],"collection":[{"href":"https:\/\/www.unisantos.br\/graduacao\/wp-json\/wp\/v2\/pages"}],"about":[{"href":"https:\/\/www.unisantos.br\/graduacao\/wp-json\/wp\/v2\/types\/page"}],"author":[{"embeddable":true,"href":"https:\/\/www.unisantos.br\/graduacao\/wp-json\/wp\/v2\/users\/1"}],"replies":[{"embeddable":true,"href":"https:\/\/www.unisantos.br\/graduacao\/wp-json\/wp\/v2\/comments?post=42920"}],"version-history":[{"count":15,"href":"https:\/\/www.unisantos.br\/graduacao\/wp-json\/wp\/v2\/pages\/42920\/revisions"}],"predecessor-version":[{"id":43252,"href":"https:\/\/www.unisantos.br\/graduacao\/wp-json\/wp\/v2\/pages\/42920\/revisions\/43252"}],"wp:attachment":[{"href":"https:\/\/www.unisantos.br\/graduacao\/wp-json\/wp\/v2\/media?parent=42920"}],"curies":[{"name":"wp","href":"https:\/\/api.w.org\/{rel}","templated":true}]}}