{"id":42913,"date":"2025-11-21T18:41:43","date_gmt":"2025-11-21T21:41:43","guid":{"rendered":"https:\/\/www.unisantos.br\/graduacao\/?page_id=42913"},"modified":"2026-05-04T16:37:06","modified_gmt":"2026-05-04T19:37:06","slug":"comercio-exterior-ead","status":"publish","type":"page","link":"https:\/\/www.unisantos.br\/graduacao\/comercio-exterior-ead\/","title":{"rendered":"Com\u00e9rcio Exterior"},"content":{"rendered":"","protected":false},"excerpt":{"rendered":"","protected":false},"author":1,"featured_media":0,"parent":0,"menu_order":0,"comment_status":"closed","ping_status":"closed","template":"curso.php","meta":{"footnotes":""},"acf":{"repetidor_video":[{"imagem_video":"https:\/\/www.unisantos.br\/graduacao\/wp-content\/uploads\/sites\/4\/2025\/11\/comercio-exterior.png","video":"","link":""}],"icone":false,"subtitulo":"","selo":false,"texto_premio":"","premios":false,"titulo_conv":"Aguarde! Em breve, lan\u00e7amento do Edital. Junte-se a n\u00f3s!","convenios":false,"descricao_conv":"O Curso de Com\u00e9rcio Exterior prepara voc\u00ea para atuar em uma \u00e1rea que conecta mercados globais. Voc\u00ea aprende a lidar com importa\u00e7\u00e3o, exporta\u00e7\u00e3o e negocia\u00e7\u00f5es internacionais. A forma\u00e7\u00e3o desenvolve compet\u00eancias em normas legais, fiscais e log\u00edsticas. Desde o in\u00edcio, h\u00e1 foco em situa\u00e7\u00f5es reais do com\u00e9rcio global. Voc\u00ea aprende a identificar oportunidades e impulsionar neg\u00f3cios. \u00c9 uma carreira din\u00e2mica, com atua\u00e7\u00e3o em diferentes setores e pa\u00edses. O profissional \u00e9 cada vez mais valorizado no cen\u00e1rio econ\u00f4mico. O curso abre portas para crescimento e atua\u00e7\u00e3o internacional. Com suporte acad\u00eamico de qualidade, voc\u00ea constr\u00f3i uma base s\u00f3lida. Invista em uma carreira estrat\u00e9gica, global e cheia de oportunidades.","conteudos":false,"titulo_diferenciais":"","diferenciais":false,"certificados":false,"estrutura_unica":"No curso de Com\u00e9rcio Exterior EaD da UNISANTOS, voc\u00ea estuda com flexibilidade e desenvolve os conhecimentos essenciais para atuar com seguran\u00e7a e estrat\u00e9gia: log\u00edstica internacional, opera\u00e7\u00f5es aduaneiras, negocia\u00e7\u00f5es globais e planejamento de processos. \u00c9 uma forma\u00e7\u00e3o pr\u00e1tica e atual, ideal para quem precisa conciliar rotina e estudo, e quer conquistar uma carreira competitiva com o suporte de uma universidade reconhecida.","onde_trabalhar":"O profissional de Com\u00e9rcio Exterior tem um campo de atua\u00e7\u00e3o amplo e estrat\u00e9gico, j\u00e1 que \u00e9 ele quem conecta empresas aos mercados internacionais. Por lidar com importa\u00e7\u00e3o, exporta\u00e7\u00e3o e negocia\u00e7\u00f5es globais, pode trabalhar em diversos setores da economia.","coordenador":"","diretor":"","menu":false,"codigo":"904","endereco":"","rodape":"","percursos_formativos":false,"periodo":[],"duracao":"2 anos","conceito-mec":{"conceito":"Conceito MEC","valor":"EXCELENTE"},"conteudo_curricular":"https:\/\/www.unisantos.br\/wp-content\/uploads\/2026\/05\/COMEX_curriculo.pdf","modalidade":["ead"],"mais_informacoes":[{"icone":false,"titulo":"Reconhecido pelo MEC","link":""},{"icone":false,"titulo":"Curso em conformidade com o Decreto n\u00ba 12.456\/2025 ","link":""},{"icone":false,"titulo":"","link":""},{"icone":false,"titulo":"","link":""}],"botao_especial":{"imagem":false,"link":""},"depoimentos":false},"_links":{"self":[{"href":"https:\/\/www.unisantos.br\/graduacao\/wp-json\/wp\/v2\/pages\/42913"}],"collection":[{"href":"https:\/\/www.unisantos.br\/graduacao\/wp-json\/wp\/v2\/pages"}],"about":[{"href":"https:\/\/www.unisantos.br\/graduacao\/wp-json\/wp\/v2\/types\/page"}],"author":[{"embeddable":true,"href":"https:\/\/www.unisantos.br\/graduacao\/wp-json\/wp\/v2\/users\/1"}],"replies":[{"embeddable":true,"href":"https:\/\/www.unisantos.br\/graduacao\/wp-json\/wp\/v2\/comments?post=42913"}],"version-history":[{"count":14,"href":"https:\/\/www.unisantos.br\/graduacao\/wp-json\/wp\/v2\/pages\/42913\/revisions"}],"predecessor-version":[{"id":43294,"href":"https:\/\/www.unisantos.br\/graduacao\/wp-json\/wp\/v2\/pages\/42913\/revisions\/43294"}],"wp:attachment":[{"href":"https:\/\/www.unisantos.br\/graduacao\/wp-json\/wp\/v2\/media?parent=42913"}],"curies":[{"name":"wp","href":"https:\/\/api.w.org\/{rel}","templated":true}]}}